{"id":8614,"date":"2020-01-10T23:42:02","date_gmt":"2020-01-10T23:42:02","guid":{"rendered":"http:\/\/tecnourquiza.com.ar\/?post_type=product&#038;p=8614"},"modified":"2021-03-11T16:13:58","modified_gmt":"2021-03-11T16:13:58","slug":"protex-rep-mortero-cementicio-bolsa-25-kg","status":"publish","type":"product","link":"https:\/\/tecnourquiza.com.ar\/?product=protex-rep-mortero-cementicio-bolsa-25-kg","title":{"rendered":"PROTEX REP MORTERO CEMENTICIO Bolsa 25 Kg"},"content":{"rendered":"<h3>Ventajas<\/h3>\n<hr \/>\n<ul>\n<li>Es f\u00e1cil de instalar. Se entrega listo para usar solamente con el agregado de agua.<\/li>\n<li>Desarrolla altas resistencias en tiempos cortos.<\/li>\n<li>Puede ser revestido en 6 a 20 horas.<\/li>\n<li>Alta adhesividad. No requiere de aditivos ni promotores de adherencia.<\/li>\n<li>Estabilidad dimensional.<\/li>\n<li>Resiste cambios bruscos de temperatura.<\/li>\n<li>Consistencias variables de acuerdo con necesidad.<\/li>\n<li>Producto de baja permeabilidad con excelente resistencia a agentes qu\u00edmicos moderados y sales.<\/li>\n<\/ul>\n<h3>Usos<\/h3>\n<hr \/>\n<ul>\n<li>Reparaciones del hormig\u00f3n de columnas, vigas y paredes<\/li>\n<li>Reparaci\u00f3n de losas y superficies horizontales de hormigones con desgaste<\/li>\n<li>Reparaci\u00f3n de fundaciones de hormig\u00f3n<\/li>\n<li>Reparaci\u00f3n de autopistas y pista a\u00e9reas<\/li>\n<li>Anclaje y fijaciones de rieles<\/li>\n<li>Nivelaci\u00f3n de pisos<\/li>\n<li>Reparaci\u00f3n de juntas de construcci\u00f3n<\/li>\n<li>Reparaci\u00f3n de estructuras hidr\u00e1ulicas y marinas<\/li>\n<li>Para cualquier reparaci\u00f3n de estructuras de hormig\u00f3n que requiera una r\u00e1pida puesta en servicio<\/li>\n<\/ul>\n<p><strong>Presentaci\u00f3n:<\/strong> Bolsa 25 Kg.<\/p>\n<p>[vc_row][vc_column][vc_btn title=&#8221;Ficha T\u00e9cnica&#8221; color=&#8221;warning&#8221; link=&#8221;url:http%3A%2F%2Ftecnourquiza.com.ar%2Fwp-content%2Fuploads%2F2020%2F01%2FHoja-t%C3%A9cnica-de-producto-Protex-Rep.pdf|title:Ficha%20T%C3%A9cnica|target:%20_blank|&#8221;][\/vc_column][\/vc_row]<\/p>\n","protected":false},"excerpt":{"rendered":"<p>Mortero cementicio r\u00e1pido para reparaci\u00f3n estructural.<\/p>\n<p>Premezclado cementicio monocomponente de \u00faltima generaci\u00f3n utilizado para la reparaci\u00f3n permanente de hormigones estables. Protex Rep pasa a formar parte del hormig\u00f3n existente regenerando su estructura, alcanzando alta resistencia mec\u00e1nica\u00a0en tiempos reducidos, lo que permite una r\u00e1pida habilitaci\u00f3n y efectividad.<\/p>\n","protected":false},"featured_media":8615,"comment_status":"open","ping_status":"closed","template":"","meta":[],"product_brand":[],"product_cat":[192,178,199],"product_tag":[136],"class_list":{"0":"post-8614","1":"product","2":"type-product","3":"status-publish","4":"has-post-thumbnail","6":"product_cat-productos-cementicios-protex","7":"product_cat-protex","8":"product_cat-reparacion-y-proteccion-protex","9":"product_tag-mortero-cementicio","11":"first","12":"instock","13":"shipping-taxable","14":"product-type-simple"},"yoast_head":"<!-- This site is optimized with the Yoast SEO plugin v27.2 - https:\/\/yoast.com\/product\/yoast-seo-wordpress\/ -->\n<title>PROTEX REP MORTERO CEMENTICIO Bolsa 25 Kg - Tecnourquiza, productos SIKA Argentina<\/title>\n<meta name=\"robots\" content=\"index, follow, max-snippet:-1, max-image-preview:large, max-video-preview:-1\" \/>\n<link rel=\"canonical\" href=\"https:\/\/tecnourquiza.com.ar\/?product=protex-rep-mortero-cementicio-bolsa-25-kg\" \/>\n<meta property=\"og:locale\" content=\"es_ES\" \/>\n<meta property=\"og:type\" content=\"article\" \/>\n<meta property=\"og:title\" content=\"PROTEX REP MORTERO CEMENTICIO Bolsa 25 Kg - Tecnourquiza, productos SIKA Argentina\" \/>\n<meta property=\"og:description\" content=\"Mortero cementicio r\u00e1pido para reparaci\u00f3n estructural.  Premezclado cementicio monocomponente de \u00faltima generaci\u00f3n utilizado para la reparaci\u00f3n permanente de hormigones estables. Protex Rep pasa a formar parte del hormig\u00f3n existente regenerando su estructura, alcanzando alta resistencia mec\u00e1nica\u00a0en tiempos reducidos, lo que permite una r\u00e1pida habilitaci\u00f3n y efectividad.\" \/>\n<meta property=\"og:url\" content=\"https:\/\/tecnourquiza.com.ar\/?product=protex-rep-mortero-cementicio-bolsa-25-kg\" \/>\n<meta property=\"og:site_name\" content=\"Tecnourquiza, productos SIKA Argentina\" \/>\n<meta property=\"article:modified_time\" content=\"2021-03-11T16:13:58+00:00\" \/>\n<meta property=\"og:image\" content=\"https:\/\/tecnourquiza.com.ar\/wp-content\/uploads\/2020\/01\/PROTEX-REP-MORTERO-CEMENTICIO-.jpg\" \/>\n\t<meta property=\"og:image:width\" content=\"450\" \/>\n\t<meta property=\"og:image:height\" content=\"550\" \/>\n\t<meta property=\"og:image:type\" content=\"image\/jpeg\" \/>\n<meta name=\"twitter:card\" content=\"summary_large_image\" \/>\n<meta name=\"twitter:label1\" content=\"Tiempo de lectura\" \/>\n\t<meta name=\"twitter:data1\" content=\"1 minuto\" \/>\n<script type=\"application\/ld+json\" class=\"yoast-schema-graph\">{\"@context\":\"https:\/\/schema.org\",\"@graph\":[{\"@type\":\"WebPage\",\"@id\":\"https:\/\/tecnourquiza.com.ar\/?product=protex-rep-mortero-cementicio-bolsa-25-kg\",\"url\":\"https:\/\/tecnourquiza.com.ar\/?product=protex-rep-mortero-cementicio-bolsa-25-kg\",\"name\":\"PROTEX REP MORTERO CEMENTICIO Bolsa 25 Kg - Tecnourquiza, productos SIKA Argentina\",\"isPartOf\":{\"@id\":\"https:\/\/tecnourquiza.com.ar\/#website\"},\"primaryImageOfPage\":{\"@id\":\"https:\/\/tecnourquiza.com.ar\/?product=protex-rep-mortero-cementicio-bolsa-25-kg#primaryimage\"},\"image\":{\"@id\":\"https:\/\/tecnourquiza.com.ar\/?product=protex-rep-mortero-cementicio-bolsa-25-kg#primaryimage\"},\"thumbnailUrl\":\"https:\/\/tecnourquiza.com.ar\/wp-content\/uploads\/2020\/01\/PROTEX-REP-MORTERO-CEMENTICIO-.jpg\",\"datePublished\":\"2020-01-10T23:42:02+00:00\",\"dateModified\":\"2021-03-11T16:13:58+00:00\",\"breadcrumb\":{\"@id\":\"https:\/\/tecnourquiza.com.ar\/?product=protex-rep-mortero-cementicio-bolsa-25-kg#breadcrumb\"},\"inLanguage\":\"es\",\"potentialAction\":[{\"@type\":\"ReadAction\",\"target\":[\"https:\/\/tecnourquiza.com.ar\/?product=protex-rep-mortero-cementicio-bolsa-25-kg\"]}]},{\"@type\":\"ImageObject\",\"inLanguage\":\"es\",\"@id\":\"https:\/\/tecnourquiza.com.ar\/?product=protex-rep-mortero-cementicio-bolsa-25-kg#primaryimage\",\"url\":\"https:\/\/tecnourquiza.com.ar\/wp-content\/uploads\/2020\/01\/PROTEX-REP-MORTERO-CEMENTICIO-.jpg\",\"contentUrl\":\"https:\/\/tecnourquiza.com.ar\/wp-content\/uploads\/2020\/01\/PROTEX-REP-MORTERO-CEMENTICIO-.jpg\",\"width\":450,\"height\":550},{\"@type\":\"BreadcrumbList\",\"@id\":\"https:\/\/tecnourquiza.com.ar\/?product=protex-rep-mortero-cementicio-bolsa-25-kg#breadcrumb\",\"itemListElement\":[{\"@type\":\"ListItem\",\"position\":1,\"name\":\"Portada\",\"item\":\"https:\/\/tecnourquiza.com.ar\/\"},{\"@type\":\"ListItem\",\"position\":2,\"name\":\"Productos\",\"item\":\"https:\/\/tecnourquiza.com.ar\/?post_type=product\"},{\"@type\":\"ListItem\",\"position\":3,\"name\":\"PROTEX REP MORTERO CEMENTICIO Bolsa 25 Kg\"}]},{\"@type\":\"WebSite\",\"@id\":\"https:\/\/tecnourquiza.com.ar\/#website\",\"url\":\"https:\/\/tecnourquiza.com.ar\/\",\"name\":\"Tecnourquiza, productos SIKA Argentina\",\"description\":\"Comercializamos productos de la marca Sika Argentina\",\"publisher\":{\"@id\":\"https:\/\/tecnourquiza.com.ar\/#organization\"},\"potentialAction\":[{\"@type\":\"SearchAction\",\"target\":{\"@type\":\"EntryPoint\",\"urlTemplate\":\"https:\/\/tecnourquiza.com.ar\/?s={search_term_string}\"},\"query-input\":{\"@type\":\"PropertyValueSpecification\",\"valueRequired\":true,\"valueName\":\"search_term_string\"}}],\"inLanguage\":\"es\"},{\"@type\":\"Organization\",\"@id\":\"https:\/\/tecnourquiza.com.ar\/#organization\",\"name\":\"Tecnourquiza, productos SIKA Argentina\",\"url\":\"https:\/\/tecnourquiza.com.ar\/\",\"logo\":{\"@type\":\"ImageObject\",\"inLanguage\":\"es\",\"@id\":\"https:\/\/tecnourquiza.com.ar\/#\/schema\/logo\/image\/\",\"url\":\"https:\/\/tecnourquiza.com.ar\/wp-content\/uploads\/2025\/05\/logo-tecnourquiza-transparente.png\",\"contentUrl\":\"https:\/\/tecnourquiza.com.ar\/wp-content\/uploads\/2025\/05\/logo-tecnourquiza-transparente.png\",\"width\":360,\"height\":74,\"caption\":\"Tecnourquiza, productos SIKA Argentina\"},\"image\":{\"@id\":\"https:\/\/tecnourquiza.com.ar\/#\/schema\/logo\/image\/\"}}]}<\/script>\n<!-- \/ Yoast SEO plugin. -->","yoast_head_json":{"title":"PROTEX REP MORTERO CEMENTICIO Bolsa 25 Kg - Tecnourquiza, productos SIKA Argentina","robots":{"index":"index","follow":"follow","max-snippet":"max-snippet:-1","max-image-preview":"max-image-preview:large","max-video-preview":"max-video-preview:-1"},"canonical":"https:\/\/tecnourquiza.com.ar\/?product=protex-rep-mortero-cementicio-bolsa-25-kg","og_locale":"es_ES","og_type":"article","og_title":"PROTEX REP MORTERO CEMENTICIO Bolsa 25 Kg - Tecnourquiza, productos SIKA Argentina","og_description":"Mortero cementicio r\u00e1pido para reparaci\u00f3n estructural.  Premezclado cementicio monocomponente de \u00faltima generaci\u00f3n utilizado para la reparaci\u00f3n permanente de hormigones estables. Protex Rep pasa a formar parte del hormig\u00f3n existente regenerando su estructura, alcanzando alta resistencia mec\u00e1nica\u00a0en tiempos reducidos, lo que permite una r\u00e1pida habilitaci\u00f3n y efectividad.","og_url":"https:\/\/tecnourquiza.com.ar\/?product=protex-rep-mortero-cementicio-bolsa-25-kg","og_site_name":"Tecnourquiza, productos SIKA Argentina","article_modified_time":"2021-03-11T16:13:58+00:00","og_image":[{"width":450,"height":550,"url":"https:\/\/tecnourquiza.com.ar\/wp-content\/uploads\/2020\/01\/PROTEX-REP-MORTERO-CEMENTICIO-.jpg","type":"image\/jpeg"}],"twitter_card":"summary_large_image","twitter_misc":{"Tiempo de lectura":"1 minuto"},"schema":{"@context":"https:\/\/schema.org","@graph":[{"@type":"WebPage","@id":"https:\/\/tecnourquiza.com.ar\/?product=protex-rep-mortero-cementicio-bolsa-25-kg","url":"https:\/\/tecnourquiza.com.ar\/?product=protex-rep-mortero-cementicio-bolsa-25-kg","name":"PROTEX REP MORTERO CEMENTICIO Bolsa 25 Kg - Tecnourquiza, productos SIKA Argentina","isPartOf":{"@id":"https:\/\/tecnourquiza.com.ar\/#website"},"primaryImageOfPage":{"@id":"https:\/\/tecnourquiza.com.ar\/?product=protex-rep-mortero-cementicio-bolsa-25-kg#primaryimage"},"image":{"@id":"https:\/\/tecnourquiza.com.ar\/?product=protex-rep-mortero-cementicio-bolsa-25-kg#primaryimage"},"thumbnailUrl":"https:\/\/tecnourquiza.com.ar\/wp-content\/uploads\/2020\/01\/PROTEX-REP-MORTERO-CEMENTICIO-.jpg","datePublished":"2020-01-10T23:42:02+00:00","dateModified":"2021-03-11T16:13:58+00:00","breadcrumb":{"@id":"https:\/\/tecnourquiza.com.ar\/?product=protex-rep-mortero-cementicio-bolsa-25-kg#breadcrumb"},"inLanguage":"es","potentialAction":[{"@type":"ReadAction","target":["https:\/\/tecnourquiza.com.ar\/?product=protex-rep-mortero-cementicio-bolsa-25-kg"]}]},{"@type":"ImageObject","inLanguage":"es","@id":"https:\/\/tecnourquiza.com.ar\/?product=protex-rep-mortero-cementicio-bolsa-25-kg#primaryimage","url":"https:\/\/tecnourquiza.com.ar\/wp-content\/uploads\/2020\/01\/PROTEX-REP-MORTERO-CEMENTICIO-.jpg","contentUrl":"https:\/\/tecnourquiza.com.ar\/wp-content\/uploads\/2020\/01\/PROTEX-REP-MORTERO-CEMENTICIO-.jpg","width":450,"height":550},{"@type":"BreadcrumbList","@id":"https:\/\/tecnourquiza.com.ar\/?product=protex-rep-mortero-cementicio-bolsa-25-kg#breadcrumb","itemListElement":[{"@type":"ListItem","position":1,"name":"Portada","item":"https:\/\/tecnourquiza.com.ar\/"},{"@type":"ListItem","position":2,"name":"Productos","item":"https:\/\/tecnourquiza.com.ar\/?post_type=product"},{"@type":"ListItem","position":3,"name":"PROTEX REP MORTERO CEMENTICIO Bolsa 25 Kg"}]},{"@type":"WebSite","@id":"https:\/\/tecnourquiza.com.ar\/#website","url":"https:\/\/tecnourquiza.com.ar\/","name":"Tecnourquiza, productos SIKA Argentina","description":"Comercializamos productos de la marca Sika Argentina","publisher":{"@id":"https:\/\/tecnourquiza.com.ar\/#organization"},"potentialAction":[{"@type":"SearchAction","target":{"@type":"EntryPoint","urlTemplate":"https:\/\/tecnourquiza.com.ar\/?s={search_term_string}"},"query-input":{"@type":"PropertyValueSpecification","valueRequired":true,"valueName":"search_term_string"}}],"inLanguage":"es"},{"@type":"Organization","@id":"https:\/\/tecnourquiza.com.ar\/#organization","name":"Tecnourquiza, productos SIKA Argentina","url":"https:\/\/tecnourquiza.com.ar\/","logo":{"@type":"ImageObject","inLanguage":"es","@id":"https:\/\/tecnourquiza.com.ar\/#\/schema\/logo\/image\/","url":"https:\/\/tecnourquiza.com.ar\/wp-content\/uploads\/2025\/05\/logo-tecnourquiza-transparente.png","contentUrl":"https:\/\/tecnourquiza.com.ar\/wp-content\/uploads\/2025\/05\/logo-tecnourquiza-transparente.png","width":360,"height":74,"caption":"Tecnourquiza, productos SIKA Argentina"},"image":{"@id":"https:\/\/tecnourquiza.com.ar\/#\/schema\/logo\/image\/"}}]}},"_links":{"self":[{"href":"https:\/\/tecnourquiza.com.ar\/index.php?rest_route=\/wp\/v2\/product\/8614","targetHints":{"allow":["GET"]}}],"collection":[{"href":"https:\/\/tecnourquiza.com.ar\/index.php?rest_route=\/wp\/v2\/product"}],"about":[{"href":"https:\/\/tecnourquiza.com.ar\/index.php?rest_route=\/wp\/v2\/types\/product"}],"replies":[{"embeddable":true,"href":"https:\/\/tecnourquiza.com.ar\/index.php?rest_route=%2Fwp%2Fv2%2Fcomments&post=8614"}],"wp:featuredmedia":[{"embeddable":true,"href":"https:\/\/tecnourquiza.com.ar\/index.php?rest_route=\/wp\/v2\/media\/8615"}],"wp:attachment":[{"href":"https:\/\/tecnourquiza.com.ar\/index.php?rest_route=%2Fwp%2Fv2%2Fmedia&parent=8614"}],"wp:term":[{"taxonomy":"product_brand","embeddable":true,"href":"https:\/\/tecnourquiza.com.ar\/index.php?rest_route=%2Fwp%2Fv2%2Fproduct_brand&post=8614"},{"taxonomy":"product_cat","embeddable":true,"href":"https:\/\/tecnourquiza.com.ar\/index.php?rest_route=%2Fwp%2Fv2%2Fproduct_cat&post=8614"},{"taxonomy":"product_tag","embeddable":true,"href":"https:\/\/tecnourquiza.com.ar\/index.php?rest_route=%2Fwp%2Fv2%2Fproduct_tag&post=8614"}],"curies":[{"name":"wp","href":"https:\/\/api.w.org\/{rel}","templated":true}]}}