{"id":8599,"date":"2020-01-10T15:43:08","date_gmt":"2020-01-10T15:43:08","guid":{"rendered":"http:\/\/tecnourquiza.com.ar\/?post_type=product&#038;p=8599"},"modified":"2021-03-11T16:43:12","modified_gmt":"2021-03-11T16:43:12","slug":"concretex-bolsa-25-kg","status":"publish","type":"product","link":"https:\/\/tecnourquiza.com.ar\/?product=concretex-bolsa-25-kg","title":{"rendered":"CONCRETEX Bolsa 25 kg (PROTEX)"},"content":{"rendered":"<h3>Usos y ventajas<\/h3>\n<hr \/>\n<p>\u2022 Permite reparar desconchados y coqueras en hormig\u00f3n, incluso donde los hierros\u00a0se encuentran a la intemperie y corro\u00eddos.<br \/>\n\u2022 Permite reparar pisos de hormig\u00f3n y habilitar al transito entre las 6 y 8 hs de\u00a0colocado el material (a 20 grados C).<br \/>\n\u2022 Permite ejecutar reparaciones en alf\u00e9izares, dinteles, tubos, puentes, t\u00faneles,\u00a0presas, tanques de depuraci\u00f3n, piezas de hormig\u00f3n pretensado, etc.<br \/>\n\u2022 Restaurar enfoscados estropeados o agrietados.<br \/>\n\u2022 Reparar superficies y grietas en hormig\u00f3n envejecido y mamposter\u00eda, tuber\u00edas,\u00a0vigas y otros prefabricados de hormig\u00f3n.<br \/>\n\u2022 Permite ahorrar encofrados, andamiajes y mano de obra.<br \/>\n\u2022 Al consolidarse adquiere una alta resistencia estructural.<br \/>\n\u2022 Adhiere perfectamente en los bordes de la superficie a reparar.<\/p>\n<p><strong>Presentaci\u00f3n:<\/strong><strong>\u00a0<\/strong>Bolsa 25 kg.<\/p>\n<p>[vc_row][vc_column][vc_btn title=&#8221;Ficha T\u00e9cnica&#8221; color=&#8221;warning&#8221; link=&#8221;url:http%3A%2F%2Ftecnourquiza.com.ar%2Fwp-content%2Fuploads%2F2020%2F01%2FHoja-t%C3%A9cnica-de-producto-Concretex.pdf|title:Ficha%20T%C3%A9cnica|target:%20_blank|&#8221;][\/vc_column][\/vc_row]<\/p>\n","protected":false},"excerpt":{"rendered":"<p>Cemento hidr\u00e1ulico de frag\u00fce r\u00e1pido.<\/p>\n<p>Concretex es una premezcla de cementos hidr\u00e1ulicos especiales, arenas clasificadas y aditivos qu\u00edmicos ideal para parches y rellenos de hormig\u00f3n; permite restaurar su<br \/>\napariencia sin emplear encofrados. No contiene ceras, asfalto, emulsiones o adiciones met\u00e1licas por lo cual no se oxida. No contiene cloruros, cloratos, nitritos ni nitratos.<\/p>\n","protected":false},"featured_media":8601,"comment_status":"open","ping_status":"closed","template":"","meta":[],"product_brand":[],"product_cat":[192,178,199],"product_tag":[200],"class_list":{"0":"post-8599","1":"product","2":"type-product","3":"status-publish","4":"has-post-thumbnail","6":"product_cat-productos-cementicios-protex","7":"product_cat-protex","8":"product_cat-reparacion-y-proteccion-protex","9":"product_tag-cemento-hidraulico","11":"first","12":"instock","13":"shipping-taxable","14":"product-type-simple"},"yoast_head":"<!-- This site is optimized with the Yoast SEO plugin v27.2 - https:\/\/yoast.com\/product\/yoast-seo-wordpress\/ -->\n<title>CONCRETEX Bolsa 25 kg (PROTEX) - Tecnourquiza, productos SIKA Argentina<\/title>\n<meta name=\"robots\" content=\"index, follow, max-snippet:-1, max-image-preview:large, max-video-preview:-1\" \/>\n<link rel=\"canonical\" href=\"https:\/\/tecnourquiza.com.ar\/?product=concretex-bolsa-25-kg\" \/>\n<meta property=\"og:locale\" content=\"es_ES\" \/>\n<meta property=\"og:type\" content=\"article\" \/>\n<meta property=\"og:title\" content=\"CONCRETEX Bolsa 25 kg (PROTEX) - Tecnourquiza, productos SIKA Argentina\" \/>\n<meta property=\"og:description\" content=\"Cemento hidr\u00e1ulico de frag\u00fce r\u00e1pido.  Concretex es una premezcla de cementos hidr\u00e1ulicos especiales, arenas clasificadas y aditivos qu\u00edmicos ideal para parches y rellenos de hormig\u00f3n; permite restaurar su apariencia sin emplear encofrados. No contiene ceras, asfalto, emulsiones o adiciones met\u00e1licas por lo cual no se oxida. No contiene cloruros, cloratos, nitritos ni nitratos.\" \/>\n<meta property=\"og:url\" content=\"https:\/\/tecnourquiza.com.ar\/?product=concretex-bolsa-25-kg\" \/>\n<meta property=\"og:site_name\" content=\"Tecnourquiza, productos SIKA Argentina\" \/>\n<meta property=\"article:modified_time\" content=\"2021-03-11T16:43:12+00:00\" \/>\n<meta property=\"og:image\" content=\"https:\/\/tecnourquiza.com.ar\/wp-content\/uploads\/2020\/01\/CONCRETEX-Bolsa.jpg\" \/>\n\t<meta property=\"og:image:width\" content=\"450\" \/>\n\t<meta property=\"og:image:height\" content=\"550\" \/>\n\t<meta property=\"og:image:type\" content=\"image\/jpeg\" \/>\n<meta name=\"twitter:card\" content=\"summary_large_image\" \/>\n<meta name=\"twitter:label1\" content=\"Tiempo de lectura\" \/>\n\t<meta name=\"twitter:data1\" content=\"1 minuto\" \/>\n<script type=\"application\/ld+json\" class=\"yoast-schema-graph\">{\"@context\":\"https:\/\/schema.org\",\"@graph\":[{\"@type\":\"WebPage\",\"@id\":\"https:\/\/tecnourquiza.com.ar\/?product=concretex-bolsa-25-kg\",\"url\":\"https:\/\/tecnourquiza.com.ar\/?product=concretex-bolsa-25-kg\",\"name\":\"CONCRETEX Bolsa 25 kg (PROTEX) - Tecnourquiza, productos SIKA Argentina\",\"isPartOf\":{\"@id\":\"https:\/\/tecnourquiza.com.ar\/#website\"},\"primaryImageOfPage\":{\"@id\":\"https:\/\/tecnourquiza.com.ar\/?product=concretex-bolsa-25-kg#primaryimage\"},\"image\":{\"@id\":\"https:\/\/tecnourquiza.com.ar\/?product=concretex-bolsa-25-kg#primaryimage\"},\"thumbnailUrl\":\"https:\/\/tecnourquiza.com.ar\/wp-content\/uploads\/2020\/01\/CONCRETEX-Bolsa.jpg\",\"datePublished\":\"2020-01-10T15:43:08+00:00\",\"dateModified\":\"2021-03-11T16:43:12+00:00\",\"breadcrumb\":{\"@id\":\"https:\/\/tecnourquiza.com.ar\/?product=concretex-bolsa-25-kg#breadcrumb\"},\"inLanguage\":\"es\",\"potentialAction\":[{\"@type\":\"ReadAction\",\"target\":[\"https:\/\/tecnourquiza.com.ar\/?product=concretex-bolsa-25-kg\"]}]},{\"@type\":\"ImageObject\",\"inLanguage\":\"es\",\"@id\":\"https:\/\/tecnourquiza.com.ar\/?product=concretex-bolsa-25-kg#primaryimage\",\"url\":\"https:\/\/tecnourquiza.com.ar\/wp-content\/uploads\/2020\/01\/CONCRETEX-Bolsa.jpg\",\"contentUrl\":\"https:\/\/tecnourquiza.com.ar\/wp-content\/uploads\/2020\/01\/CONCRETEX-Bolsa.jpg\",\"width\":450,\"height\":550},{\"@type\":\"BreadcrumbList\",\"@id\":\"https:\/\/tecnourquiza.com.ar\/?product=concretex-bolsa-25-kg#breadcrumb\",\"itemListElement\":[{\"@type\":\"ListItem\",\"position\":1,\"name\":\"Portada\",\"item\":\"https:\/\/tecnourquiza.com.ar\/\"},{\"@type\":\"ListItem\",\"position\":2,\"name\":\"Productos\",\"item\":\"https:\/\/tecnourquiza.com.ar\/?post_type=product\"},{\"@type\":\"ListItem\",\"position\":3,\"name\":\"CONCRETEX Bolsa 25 kg (PROTEX)\"}]},{\"@type\":\"WebSite\",\"@id\":\"https:\/\/tecnourquiza.com.ar\/#website\",\"url\":\"https:\/\/tecnourquiza.com.ar\/\",\"name\":\"Tecnourquiza, productos SIKA Argentina\",\"description\":\"Comercializamos productos de la marca Sika Argentina\",\"publisher\":{\"@id\":\"https:\/\/tecnourquiza.com.ar\/#organization\"},\"potentialAction\":[{\"@type\":\"SearchAction\",\"target\":{\"@type\":\"EntryPoint\",\"urlTemplate\":\"https:\/\/tecnourquiza.com.ar\/?s={search_term_string}\"},\"query-input\":{\"@type\":\"PropertyValueSpecification\",\"valueRequired\":true,\"valueName\":\"search_term_string\"}}],\"inLanguage\":\"es\"},{\"@type\":\"Organization\",\"@id\":\"https:\/\/tecnourquiza.com.ar\/#organization\",\"name\":\"Tecnourquiza, productos SIKA Argentina\",\"url\":\"https:\/\/tecnourquiza.com.ar\/\",\"logo\":{\"@type\":\"ImageObject\",\"inLanguage\":\"es\",\"@id\":\"https:\/\/tecnourquiza.com.ar\/#\/schema\/logo\/image\/\",\"url\":\"https:\/\/tecnourquiza.com.ar\/wp-content\/uploads\/2025\/05\/logo-tecnourquiza-transparente.png\",\"contentUrl\":\"https:\/\/tecnourquiza.com.ar\/wp-content\/uploads\/2025\/05\/logo-tecnourquiza-transparente.png\",\"width\":360,\"height\":74,\"caption\":\"Tecnourquiza, productos SIKA Argentina\"},\"image\":{\"@id\":\"https:\/\/tecnourquiza.com.ar\/#\/schema\/logo\/image\/\"}}]}<\/script>\n<!-- \/ Yoast SEO plugin. -->","yoast_head_json":{"title":"CONCRETEX Bolsa 25 kg (PROTEX) - Tecnourquiza, productos SIKA Argentina","robots":{"index":"index","follow":"follow","max-snippet":"max-snippet:-1","max-image-preview":"max-image-preview:large","max-video-preview":"max-video-preview:-1"},"canonical":"https:\/\/tecnourquiza.com.ar\/?product=concretex-bolsa-25-kg","og_locale":"es_ES","og_type":"article","og_title":"CONCRETEX Bolsa 25 kg (PROTEX) - Tecnourquiza, productos SIKA Argentina","og_description":"Cemento hidr\u00e1ulico de frag\u00fce r\u00e1pido.  Concretex es una premezcla de cementos hidr\u00e1ulicos especiales, arenas clasificadas y aditivos qu\u00edmicos ideal para parches y rellenos de hormig\u00f3n; permite restaurar su apariencia sin emplear encofrados. No contiene ceras, asfalto, emulsiones o adiciones met\u00e1licas por lo cual no se oxida. No contiene cloruros, cloratos, nitritos ni nitratos.","og_url":"https:\/\/tecnourquiza.com.ar\/?product=concretex-bolsa-25-kg","og_site_name":"Tecnourquiza, productos SIKA Argentina","article_modified_time":"2021-03-11T16:43:12+00:00","og_image":[{"width":450,"height":550,"url":"https:\/\/tecnourquiza.com.ar\/wp-content\/uploads\/2020\/01\/CONCRETEX-Bolsa.jpg","type":"image\/jpeg"}],"twitter_card":"summary_large_image","twitter_misc":{"Tiempo de lectura":"1 minuto"},"schema":{"@context":"https:\/\/schema.org","@graph":[{"@type":"WebPage","@id":"https:\/\/tecnourquiza.com.ar\/?product=concretex-bolsa-25-kg","url":"https:\/\/tecnourquiza.com.ar\/?product=concretex-bolsa-25-kg","name":"CONCRETEX Bolsa 25 kg (PROTEX) - Tecnourquiza, productos SIKA Argentina","isPartOf":{"@id":"https:\/\/tecnourquiza.com.ar\/#website"},"primaryImageOfPage":{"@id":"https:\/\/tecnourquiza.com.ar\/?product=concretex-bolsa-25-kg#primaryimage"},"image":{"@id":"https:\/\/tecnourquiza.com.ar\/?product=concretex-bolsa-25-kg#primaryimage"},"thumbnailUrl":"https:\/\/tecnourquiza.com.ar\/wp-content\/uploads\/2020\/01\/CONCRETEX-Bolsa.jpg","datePublished":"2020-01-10T15:43:08+00:00","dateModified":"2021-03-11T16:43:12+00:00","breadcrumb":{"@id":"https:\/\/tecnourquiza.com.ar\/?product=concretex-bolsa-25-kg#breadcrumb"},"inLanguage":"es","potentialAction":[{"@type":"ReadAction","target":["https:\/\/tecnourquiza.com.ar\/?product=concretex-bolsa-25-kg"]}]},{"@type":"ImageObject","inLanguage":"es","@id":"https:\/\/tecnourquiza.com.ar\/?product=concretex-bolsa-25-kg#primaryimage","url":"https:\/\/tecnourquiza.com.ar\/wp-content\/uploads\/2020\/01\/CONCRETEX-Bolsa.jpg","contentUrl":"https:\/\/tecnourquiza.com.ar\/wp-content\/uploads\/2020\/01\/CONCRETEX-Bolsa.jpg","width":450,"height":550},{"@type":"BreadcrumbList","@id":"https:\/\/tecnourquiza.com.ar\/?product=concretex-bolsa-25-kg#breadcrumb","itemListElement":[{"@type":"ListItem","position":1,"name":"Portada","item":"https:\/\/tecnourquiza.com.ar\/"},{"@type":"ListItem","position":2,"name":"Productos","item":"https:\/\/tecnourquiza.com.ar\/?post_type=product"},{"@type":"ListItem","position":3,"name":"CONCRETEX Bolsa 25 kg (PROTEX)"}]},{"@type":"WebSite","@id":"https:\/\/tecnourquiza.com.ar\/#website","url":"https:\/\/tecnourquiza.com.ar\/","name":"Tecnourquiza, productos SIKA Argentina","description":"Comercializamos productos de la marca Sika Argentina","publisher":{"@id":"https:\/\/tecnourquiza.com.ar\/#organization"},"potentialAction":[{"@type":"SearchAction","target":{"@type":"EntryPoint","urlTemplate":"https:\/\/tecnourquiza.com.ar\/?s={search_term_string}"},"query-input":{"@type":"PropertyValueSpecification","valueRequired":true,"valueName":"search_term_string"}}],"inLanguage":"es"},{"@type":"Organization","@id":"https:\/\/tecnourquiza.com.ar\/#organization","name":"Tecnourquiza, productos SIKA Argentina","url":"https:\/\/tecnourquiza.com.ar\/","logo":{"@type":"ImageObject","inLanguage":"es","@id":"https:\/\/tecnourquiza.com.ar\/#\/schema\/logo\/image\/","url":"https:\/\/tecnourquiza.com.ar\/wp-content\/uploads\/2025\/05\/logo-tecnourquiza-transparente.png","contentUrl":"https:\/\/tecnourquiza.com.ar\/wp-content\/uploads\/2025\/05\/logo-tecnourquiza-transparente.png","width":360,"height":74,"caption":"Tecnourquiza, productos SIKA Argentina"},"image":{"@id":"https:\/\/tecnourquiza.com.ar\/#\/schema\/logo\/image\/"}}]}},"_links":{"self":[{"href":"https:\/\/tecnourquiza.com.ar\/index.php?rest_route=\/wp\/v2\/product\/8599","targetHints":{"allow":["GET"]}}],"collection":[{"href":"https:\/\/tecnourquiza.com.ar\/index.php?rest_route=\/wp\/v2\/product"}],"about":[{"href":"https:\/\/tecnourquiza.com.ar\/index.php?rest_route=\/wp\/v2\/types\/product"}],"replies":[{"embeddable":true,"href":"https:\/\/tecnourquiza.com.ar\/index.php?rest_route=%2Fwp%2Fv2%2Fcomments&post=8599"}],"wp:featuredmedia":[{"embeddable":true,"href":"https:\/\/tecnourquiza.com.ar\/index.php?rest_route=\/wp\/v2\/media\/8601"}],"wp:attachment":[{"href":"https:\/\/tecnourquiza.com.ar\/index.php?rest_route=%2Fwp%2Fv2%2Fmedia&parent=8599"}],"wp:term":[{"taxonomy":"product_brand","embeddable":true,"href":"https:\/\/tecnourquiza.com.ar\/index.php?rest_route=%2Fwp%2Fv2%2Fproduct_brand&post=8599"},{"taxonomy":"product_cat","embeddable":true,"href":"https:\/\/tecnourquiza.com.ar\/index.php?rest_route=%2Fwp%2Fv2%2Fproduct_cat&post=8599"},{"taxonomy":"product_tag","embeddable":true,"href":"https:\/\/tecnourquiza.com.ar\/index.php?rest_route=%2Fwp%2Fv2%2Fproduct_tag&post=8599"}],"curies":[{"name":"wp","href":"https:\/\/api.w.org\/{rel}","templated":true}]}}