{"id":8595,"date":"2020-01-10T15:25:19","date_gmt":"2020-01-10T15:25:19","guid":{"rendered":"http:\/\/tecnourquiza.com.ar\/?post_type=product&#038;p=8595"},"modified":"2021-03-11T16:43:18","modified_gmt":"2021-03-11T16:43:18","slug":"protex-silicon-transparente-300-ml","status":"publish","type":"product","link":"https:\/\/tecnourquiza.com.ar\/?product=protex-silicon-transparente-300-ml","title":{"rendered":"PROTEX SILICON Transparente 300 ml"},"content":{"rendered":"<h3>Usos<\/h3>\n<hr \/>\n<p>Es indicado como sellador para gran variedad de sustratos no porosos verticales u horizontales, vidrio, superficies acristaladas, la mayor\u00eda de los metales, pl\u00e1sticos, azulejos, madera, etc.<\/p>\n<h3>Ventajas<\/h3>\n<hr \/>\n<ul>\n<li>Protex Silicon viene listo para usar y destinado a m\u00faltiples prop\u00f3sitos.<\/li>\n<li>Forma un sello de caucho con un excelente poder de adherencia a gran variedad de sustratos.<\/li>\n<li>Bajo m\u00f3dulo. Es el\u00e1stico y resistente.<\/li>\n<li>Gran resistencia qu\u00edmica.<\/li>\n<li>Excelentes propiedades f\u00edsicas que proporcionan durabilidad, resistente a UV y a la intemperie.<\/li>\n<li>Su acci\u00f3n fungicida protege las superficies contra la formaci\u00f3n de hongos por largos per\u00edodos de tiempo.<\/li>\n<\/ul>\n<p><strong>Color:<\/strong> Blanco \/ Transparente.<\/p>\n<p><strong>Presentaci\u00f3n:<\/strong> Cartucho 300 ml.<\/p>\n<p>[vc_row][vc_column][vc_btn title=&#8221;Ficha T\u00e9cnica&#8221; color=&#8221;warning&#8221; link=&#8221;url:http%3A%2F%2Ftecnourquiza.com.ar%2Fwp-content%2Fuploads%2F2020%2F01%2FHoja-t%C3%A9cnica-de-producto-Protex-Silicon-1.pdf|title:Ficha%20T%C3%A9cnica|target:%20_blank|&#8221;][\/vc_column][\/vc_row]<\/p>\n","protected":false},"excerpt":{"rendered":"<p>Sellador de silicona elastico monocomponente base ac\u00e9tica.<\/p>\n<p>Sellador de siliconas monocomponente de bajo modulo de elasticidad, con fungicida que lo hace adecuado para ba\u00f1os cocinas y aplicaciones en interior y exterior. Muy buena adherencia sobre soportes no porosos. Excelente resistencia a los rayos UV y al envejecimiento. Resistencia a los hongos. Muy buena resistencia qu\u00edmica, bajo m\u00f3dulo de elasticidad. No contiene solventes, alta elasticidad y flexibilidad.<\/p>\n","protected":false},"featured_media":8597,"comment_status":"open","ping_status":"closed","template":"","meta":[],"product_brand":[],"product_cat":[178,194],"product_tag":[127,113],"class_list":{"0":"post-8595","1":"product","2":"type-product","3":"status-publish","4":"has-post-thumbnail","6":"product_cat-protex","7":"product_cat-sellado-de-juntas-protex","8":"product_tag-sellador-de-juntas","9":"product_tag-sellador-elastico","11":"first","12":"instock","13":"shipping-taxable","14":"product-type-simple"},"yoast_head":"<!-- This site is optimized with the Yoast SEO plugin v27.2 - https:\/\/yoast.com\/product\/yoast-seo-wordpress\/ -->\n<title>PROTEX SILICON Transparente 300 ml - Tecnourquiza, productos SIKA Argentina<\/title>\n<meta name=\"robots\" content=\"index, follow, max-snippet:-1, max-image-preview:large, max-video-preview:-1\" \/>\n<link rel=\"canonical\" href=\"https:\/\/tecnourquiza.com.ar\/?product=protex-silicon-transparente-300-ml\" \/>\n<meta property=\"og:locale\" content=\"es_ES\" \/>\n<meta property=\"og:type\" content=\"article\" \/>\n<meta property=\"og:title\" content=\"PROTEX SILICON Transparente 300 ml - Tecnourquiza, productos SIKA Argentina\" \/>\n<meta property=\"og:description\" content=\"Sellador de silicona elastico monocomponente base ac\u00e9tica.  Sellador de siliconas monocomponente de bajo modulo de elasticidad, con fungicida que lo hace adecuado para ba\u00f1os cocinas y aplicaciones en interior y exterior. Muy buena adherencia sobre soportes no porosos. Excelente resistencia a los rayos UV y al envejecimiento. Resistencia a los hongos. Muy buena resistencia qu\u00edmica, bajo m\u00f3dulo de elasticidad. No contiene solventes, alta elasticidad y flexibilidad.\" \/>\n<meta property=\"og:url\" content=\"https:\/\/tecnourquiza.com.ar\/?product=protex-silicon-transparente-300-ml\" \/>\n<meta property=\"og:site_name\" content=\"Tecnourquiza, productos SIKA Argentina\" \/>\n<meta property=\"article:modified_time\" content=\"2021-03-11T16:43:18+00:00\" \/>\n<meta property=\"og:image\" content=\"https:\/\/tecnourquiza.com.ar\/wp-content\/uploads\/2020\/01\/Protex-Silicon.jpg\" \/>\n\t<meta property=\"og:image:width\" content=\"480\" \/>\n\t<meta property=\"og:image:height\" content=\"640\" \/>\n\t<meta property=\"og:image:type\" content=\"image\/jpeg\" \/>\n<meta name=\"twitter:card\" content=\"summary_large_image\" \/>\n<meta name=\"twitter:label1\" content=\"Tiempo de lectura\" \/>\n\t<meta name=\"twitter:data1\" content=\"1 minuto\" \/>\n<script type=\"application\/ld+json\" class=\"yoast-schema-graph\">{\"@context\":\"https:\/\/schema.org\",\"@graph\":[{\"@type\":\"WebPage\",\"@id\":\"https:\/\/tecnourquiza.com.ar\/?product=protex-silicon-transparente-300-ml\",\"url\":\"https:\/\/tecnourquiza.com.ar\/?product=protex-silicon-transparente-300-ml\",\"name\":\"PROTEX SILICON Transparente 300 ml - Tecnourquiza, productos SIKA Argentina\",\"isPartOf\":{\"@id\":\"https:\/\/tecnourquiza.com.ar\/#website\"},\"primaryImageOfPage\":{\"@id\":\"https:\/\/tecnourquiza.com.ar\/?product=protex-silicon-transparente-300-ml#primaryimage\"},\"image\":{\"@id\":\"https:\/\/tecnourquiza.com.ar\/?product=protex-silicon-transparente-300-ml#primaryimage\"},\"thumbnailUrl\":\"https:\/\/tecnourquiza.com.ar\/wp-content\/uploads\/2020\/01\/Protex-Silicon.jpg\",\"datePublished\":\"2020-01-10T15:25:19+00:00\",\"dateModified\":\"2021-03-11T16:43:18+00:00\",\"breadcrumb\":{\"@id\":\"https:\/\/tecnourquiza.com.ar\/?product=protex-silicon-transparente-300-ml#breadcrumb\"},\"inLanguage\":\"es\",\"potentialAction\":[{\"@type\":\"ReadAction\",\"target\":[\"https:\/\/tecnourquiza.com.ar\/?product=protex-silicon-transparente-300-ml\"]}]},{\"@type\":\"ImageObject\",\"inLanguage\":\"es\",\"@id\":\"https:\/\/tecnourquiza.com.ar\/?product=protex-silicon-transparente-300-ml#primaryimage\",\"url\":\"https:\/\/tecnourquiza.com.ar\/wp-content\/uploads\/2020\/01\/Protex-Silicon.jpg\",\"contentUrl\":\"https:\/\/tecnourquiza.com.ar\/wp-content\/uploads\/2020\/01\/Protex-Silicon.jpg\",\"width\":480,\"height\":640},{\"@type\":\"BreadcrumbList\",\"@id\":\"https:\/\/tecnourquiza.com.ar\/?product=protex-silicon-transparente-300-ml#breadcrumb\",\"itemListElement\":[{\"@type\":\"ListItem\",\"position\":1,\"name\":\"Portada\",\"item\":\"https:\/\/tecnourquiza.com.ar\/\"},{\"@type\":\"ListItem\",\"position\":2,\"name\":\"Productos\",\"item\":\"https:\/\/tecnourquiza.com.ar\/?post_type=product\"},{\"@type\":\"ListItem\",\"position\":3,\"name\":\"PROTEX SILICON Transparente 300 ml\"}]},{\"@type\":\"WebSite\",\"@id\":\"https:\/\/tecnourquiza.com.ar\/#website\",\"url\":\"https:\/\/tecnourquiza.com.ar\/\",\"name\":\"Tecnourquiza, productos SIKA Argentina\",\"description\":\"Comercializamos productos de la marca Sika Argentina\",\"publisher\":{\"@id\":\"https:\/\/tecnourquiza.com.ar\/#organization\"},\"potentialAction\":[{\"@type\":\"SearchAction\",\"target\":{\"@type\":\"EntryPoint\",\"urlTemplate\":\"https:\/\/tecnourquiza.com.ar\/?s={search_term_string}\"},\"query-input\":{\"@type\":\"PropertyValueSpecification\",\"valueRequired\":true,\"valueName\":\"search_term_string\"}}],\"inLanguage\":\"es\"},{\"@type\":\"Organization\",\"@id\":\"https:\/\/tecnourquiza.com.ar\/#organization\",\"name\":\"Tecnourquiza, productos SIKA Argentina\",\"url\":\"https:\/\/tecnourquiza.com.ar\/\",\"logo\":{\"@type\":\"ImageObject\",\"inLanguage\":\"es\",\"@id\":\"https:\/\/tecnourquiza.com.ar\/#\/schema\/logo\/image\/\",\"url\":\"https:\/\/tecnourquiza.com.ar\/wp-content\/uploads\/2025\/05\/logo-tecnourquiza-transparente.png\",\"contentUrl\":\"https:\/\/tecnourquiza.com.ar\/wp-content\/uploads\/2025\/05\/logo-tecnourquiza-transparente.png\",\"width\":360,\"height\":74,\"caption\":\"Tecnourquiza, productos SIKA Argentina\"},\"image\":{\"@id\":\"https:\/\/tecnourquiza.com.ar\/#\/schema\/logo\/image\/\"}}]}<\/script>\n<!-- \/ Yoast SEO plugin. -->","yoast_head_json":{"title":"PROTEX SILICON Transparente 300 ml - Tecnourquiza, productos SIKA Argentina","robots":{"index":"index","follow":"follow","max-snippet":"max-snippet:-1","max-image-preview":"max-image-preview:large","max-video-preview":"max-video-preview:-1"},"canonical":"https:\/\/tecnourquiza.com.ar\/?product=protex-silicon-transparente-300-ml","og_locale":"es_ES","og_type":"article","og_title":"PROTEX SILICON Transparente 300 ml - Tecnourquiza, productos SIKA Argentina","og_description":"Sellador de silicona elastico monocomponente base ac\u00e9tica.  Sellador de siliconas monocomponente de bajo modulo de elasticidad, con fungicida que lo hace adecuado para ba\u00f1os cocinas y aplicaciones en interior y exterior. Muy buena adherencia sobre soportes no porosos. Excelente resistencia a los rayos UV y al envejecimiento. Resistencia a los hongos. Muy buena resistencia qu\u00edmica, bajo m\u00f3dulo de elasticidad. No contiene solventes, alta elasticidad y flexibilidad.","og_url":"https:\/\/tecnourquiza.com.ar\/?product=protex-silicon-transparente-300-ml","og_site_name":"Tecnourquiza, productos SIKA Argentina","article_modified_time":"2021-03-11T16:43:18+00:00","og_image":[{"width":480,"height":640,"url":"https:\/\/tecnourquiza.com.ar\/wp-content\/uploads\/2020\/01\/Protex-Silicon.jpg","type":"image\/jpeg"}],"twitter_card":"summary_large_image","twitter_misc":{"Tiempo de lectura":"1 minuto"},"schema":{"@context":"https:\/\/schema.org","@graph":[{"@type":"WebPage","@id":"https:\/\/tecnourquiza.com.ar\/?product=protex-silicon-transparente-300-ml","url":"https:\/\/tecnourquiza.com.ar\/?product=protex-silicon-transparente-300-ml","name":"PROTEX SILICON Transparente 300 ml - Tecnourquiza, productos SIKA Argentina","isPartOf":{"@id":"https:\/\/tecnourquiza.com.ar\/#website"},"primaryImageOfPage":{"@id":"https:\/\/tecnourquiza.com.ar\/?product=protex-silicon-transparente-300-ml#primaryimage"},"image":{"@id":"https:\/\/tecnourquiza.com.ar\/?product=protex-silicon-transparente-300-ml#primaryimage"},"thumbnailUrl":"https:\/\/tecnourquiza.com.ar\/wp-content\/uploads\/2020\/01\/Protex-Silicon.jpg","datePublished":"2020-01-10T15:25:19+00:00","dateModified":"2021-03-11T16:43:18+00:00","breadcrumb":{"@id":"https:\/\/tecnourquiza.com.ar\/?product=protex-silicon-transparente-300-ml#breadcrumb"},"inLanguage":"es","potentialAction":[{"@type":"ReadAction","target":["https:\/\/tecnourquiza.com.ar\/?product=protex-silicon-transparente-300-ml"]}]},{"@type":"ImageObject","inLanguage":"es","@id":"https:\/\/tecnourquiza.com.ar\/?product=protex-silicon-transparente-300-ml#primaryimage","url":"https:\/\/tecnourquiza.com.ar\/wp-content\/uploads\/2020\/01\/Protex-Silicon.jpg","contentUrl":"https:\/\/tecnourquiza.com.ar\/wp-content\/uploads\/2020\/01\/Protex-Silicon.jpg","width":480,"height":640},{"@type":"BreadcrumbList","@id":"https:\/\/tecnourquiza.com.ar\/?product=protex-silicon-transparente-300-ml#breadcrumb","itemListElement":[{"@type":"ListItem","position":1,"name":"Portada","item":"https:\/\/tecnourquiza.com.ar\/"},{"@type":"ListItem","position":2,"name":"Productos","item":"https:\/\/tecnourquiza.com.ar\/?post_type=product"},{"@type":"ListItem","position":3,"name":"PROTEX SILICON Transparente 300 ml"}]},{"@type":"WebSite","@id":"https:\/\/tecnourquiza.com.ar\/#website","url":"https:\/\/tecnourquiza.com.ar\/","name":"Tecnourquiza, productos SIKA Argentina","description":"Comercializamos productos de la marca Sika Argentina","publisher":{"@id":"https:\/\/tecnourquiza.com.ar\/#organization"},"potentialAction":[{"@type":"SearchAction","target":{"@type":"EntryPoint","urlTemplate":"https:\/\/tecnourquiza.com.ar\/?s={search_term_string}"},"query-input":{"@type":"PropertyValueSpecification","valueRequired":true,"valueName":"search_term_string"}}],"inLanguage":"es"},{"@type":"Organization","@id":"https:\/\/tecnourquiza.com.ar\/#organization","name":"Tecnourquiza, productos SIKA Argentina","url":"https:\/\/tecnourquiza.com.ar\/","logo":{"@type":"ImageObject","inLanguage":"es","@id":"https:\/\/tecnourquiza.com.ar\/#\/schema\/logo\/image\/","url":"https:\/\/tecnourquiza.com.ar\/wp-content\/uploads\/2025\/05\/logo-tecnourquiza-transparente.png","contentUrl":"https:\/\/tecnourquiza.com.ar\/wp-content\/uploads\/2025\/05\/logo-tecnourquiza-transparente.png","width":360,"height":74,"caption":"Tecnourquiza, productos SIKA Argentina"},"image":{"@id":"https:\/\/tecnourquiza.com.ar\/#\/schema\/logo\/image\/"}}]}},"_links":{"self":[{"href":"https:\/\/tecnourquiza.com.ar\/index.php?rest_route=\/wp\/v2\/product\/8595","targetHints":{"allow":["GET"]}}],"collection":[{"href":"https:\/\/tecnourquiza.com.ar\/index.php?rest_route=\/wp\/v2\/product"}],"about":[{"href":"https:\/\/tecnourquiza.com.ar\/index.php?rest_route=\/wp\/v2\/types\/product"}],"replies":[{"embeddable":true,"href":"https:\/\/tecnourquiza.com.ar\/index.php?rest_route=%2Fwp%2Fv2%2Fcomments&post=8595"}],"wp:featuredmedia":[{"embeddable":true,"href":"https:\/\/tecnourquiza.com.ar\/index.php?rest_route=\/wp\/v2\/media\/8597"}],"wp:attachment":[{"href":"https:\/\/tecnourquiza.com.ar\/index.php?rest_route=%2Fwp%2Fv2%2Fmedia&parent=8595"}],"wp:term":[{"taxonomy":"product_brand","embeddable":true,"href":"https:\/\/tecnourquiza.com.ar\/index.php?rest_route=%2Fwp%2Fv2%2Fproduct_brand&post=8595"},{"taxonomy":"product_cat","embeddable":true,"href":"https:\/\/tecnourquiza.com.ar\/index.php?rest_route=%2Fwp%2Fv2%2Fproduct_cat&post=8595"},{"taxonomy":"product_tag","embeddable":true,"href":"https:\/\/tecnourquiza.com.ar\/index.php?rest_route=%2Fwp%2Fv2%2Fproduct_tag&post=8595"}],"curies":[{"name":"wp","href":"https:\/\/api.w.org\/{rel}","templated":true}]}}