{"id":8593,"date":"2020-01-10T15:19:42","date_gmt":"2020-01-10T15:19:42","guid":{"rendered":"http:\/\/tecnourquiza.com.ar\/?post_type=product&#038;p=8593"},"modified":"2021-03-11T16:43:24","modified_gmt":"2021-03-11T16:43:24","slug":"protex-pu-40-c-poliuretano-gris-cartucho-310-ml","status":"publish","type":"product","link":"https:\/\/tecnourquiza.com.ar\/?product=protex-pu-40-c-poliuretano-gris-cartucho-310-ml","title":{"rendered":"PROTEX PU 40 C Poliuretano GRIS Cartucho 310 ml"},"content":{"rendered":"<h3 class=\"titulo-box-ficha\">Caracter\u00edsticas<\/h3>\n<hr \/>\n<ul>\n<li>Aplicable sobre superficies horizontales, verticales e invertidas hasta una profundidad\u00a0de 2,5 cm.<\/li>\n<li>Gran adherencia sobre superficies cementicias, met\u00e1licas, cer\u00e1micas, azulejos y gran\u00a0variedad de sustratos.<\/li>\n<li>Alta resistencia al envejecimiento y al ataque de todo tipo de aguas, detergentes,\u00a0\u00e1cidos diluidos, grasas y aceites vegetales, animales y minerales.<\/li>\n<li>No resiste solventes org\u00e1nicos, \u00e1cidos org\u00e1nicos, ni \u00e1lcalis concentrados.<\/li>\n<li>Resistente a derrames temporarios de hidrocarburos.<\/li>\n<li>Puede recubrirse con pintura, previo ensayo.<\/li>\n<li>Buena resistencia a UV y luz solar.<\/li>\n<\/ul>\n<h3 class=\"titulo-box-ficha\">Usos<\/h3>\n<hr \/>\n<ul>\n<li class=\"titulo-box-ficha\">Todo tipo de juntas de hormig\u00f3n y mamposter\u00eda, pavimentos, muros, premoldeados, fibrocemento, tanques de agua, piscinas, carpinter\u00eda, mesadas, etc.<\/li>\n<li class=\"titulo-box-ficha\">En los hormigones de obras hidr\u00e1ulicas, sanitarias, conductos pluviocloacales, piletas\u00a0de decantaci\u00f3n, plantas de tratamiento, centrales de energ\u00eda.<\/li>\n<li class=\"titulo-box-ficha\">En viviendas, fachadas, techos, terrazas, pisos.<\/li>\n<li class=\"titulo-box-ficha\">En la industria: terminaciones sobre todos los metales, maderas, uso naval.<\/li>\n<li class=\"titulo-box-ficha\">En carrocer\u00edas, c\u00e1maras frigor\u00edficas, contenedores, ca\u00f1er\u00edas, botiquines, espejos, etc.<\/li>\n<\/ul>\n<p><strong>Presentaci\u00f3n:\u00a0<\/strong>Cartucho 310 ml\u00a0 \/ Sachet 600 ml.<\/p>\n<p>[vc_row][vc_column][vc_btn title=&#8221;Ficha T\u00e9cnica&#8221; color=&#8221;warning&#8221; link=&#8221;url:http%3A%2F%2Ftecnourquiza.com.ar%2Fwp-content%2Fuploads%2F2020%2F01%2FHoja-t%C3%A9cnica-de-producto-Protex-PU-40-C.pdf|title:Ficha%20T%C3%A9cnica|target:%20_blank|&#8221;][\/vc_column][\/vc_row]<\/p>\n","protected":false},"excerpt":{"rendered":"<p>Sellador poliuret\u00e1nico el\u00e1stico para juntas.<\/p>\n<p>Es un sellador adhesivo monocomponente, a base de poliuretano, de elasticidad permanente y gran adhesividad, tixotr\u00f3pico, de f\u00e1cil aplicaci\u00f3n.<\/p>\n","protected":false},"featured_media":8594,"comment_status":"open","ping_status":"closed","template":"","meta":[],"product_brand":[],"product_cat":[178,194],"product_tag":[173,198],"class_list":{"0":"post-8593","1":"product","2":"type-product","3":"status-publish","4":"has-post-thumbnail","6":"product_cat-protex","7":"product_cat-sellado-de-juntas-protex","8":"product_tag-adhesivo","9":"product_tag-sellador-poliuretanico","11":"first","12":"instock","13":"shipping-taxable","14":"product-type-simple"},"yoast_head":"<!-- This site is optimized with the Yoast SEO plugin v27.2 - https:\/\/yoast.com\/product\/yoast-seo-wordpress\/ -->\n<title>PROTEX PU 40 C Poliuretano GRIS Cartucho 310 ml - Tecnourquiza, productos SIKA Argentina<\/title>\n<meta name=\"robots\" content=\"index, follow, max-snippet:-1, max-image-preview:large, max-video-preview:-1\" \/>\n<link rel=\"canonical\" href=\"https:\/\/tecnourquiza.com.ar\/?product=protex-pu-40-c-poliuretano-gris-cartucho-310-ml\" \/>\n<meta property=\"og:locale\" content=\"es_ES\" \/>\n<meta property=\"og:type\" content=\"article\" \/>\n<meta property=\"og:title\" content=\"PROTEX PU 40 C Poliuretano GRIS Cartucho 310 ml - Tecnourquiza, productos SIKA Argentina\" \/>\n<meta property=\"og:description\" content=\"Sellador poliuret\u00e1nico el\u00e1stico para juntas.  Es un sellador adhesivo monocomponente, a base de poliuretano, de elasticidad permanente y gran adhesividad, tixotr\u00f3pico, de f\u00e1cil aplicaci\u00f3n.\" \/>\n<meta property=\"og:url\" content=\"https:\/\/tecnourquiza.com.ar\/?product=protex-pu-40-c-poliuretano-gris-cartucho-310-ml\" \/>\n<meta property=\"og:site_name\" content=\"Tecnourquiza, productos SIKA Argentina\" \/>\n<meta property=\"article:modified_time\" content=\"2021-03-11T16:43:24+00:00\" \/>\n<meta property=\"og:image\" content=\"https:\/\/tecnourquiza.com.ar\/wp-content\/uploads\/2020\/01\/PROTEX-PU-40-C_sellador.jpg\" \/>\n\t<meta property=\"og:image:width\" content=\"480\" \/>\n\t<meta property=\"og:image:height\" content=\"640\" \/>\n\t<meta property=\"og:image:type\" content=\"image\/jpeg\" \/>\n<meta name=\"twitter:card\" content=\"summary_large_image\" \/>\n<meta name=\"twitter:label1\" content=\"Tiempo de lectura\" \/>\n\t<meta name=\"twitter:data1\" content=\"1 minuto\" \/>\n<script type=\"application\/ld+json\" class=\"yoast-schema-graph\">{\"@context\":\"https:\/\/schema.org\",\"@graph\":[{\"@type\":\"WebPage\",\"@id\":\"https:\/\/tecnourquiza.com.ar\/?product=protex-pu-40-c-poliuretano-gris-cartucho-310-ml\",\"url\":\"https:\/\/tecnourquiza.com.ar\/?product=protex-pu-40-c-poliuretano-gris-cartucho-310-ml\",\"name\":\"PROTEX PU 40 C Poliuretano GRIS Cartucho 310 ml - Tecnourquiza, productos SIKA Argentina\",\"isPartOf\":{\"@id\":\"https:\/\/tecnourquiza.com.ar\/#website\"},\"primaryImageOfPage\":{\"@id\":\"https:\/\/tecnourquiza.com.ar\/?product=protex-pu-40-c-poliuretano-gris-cartucho-310-ml#primaryimage\"},\"image\":{\"@id\":\"https:\/\/tecnourquiza.com.ar\/?product=protex-pu-40-c-poliuretano-gris-cartucho-310-ml#primaryimage\"},\"thumbnailUrl\":\"https:\/\/tecnourquiza.com.ar\/wp-content\/uploads\/2020\/01\/PROTEX-PU-40-C_sellador.jpg\",\"datePublished\":\"2020-01-10T15:19:42+00:00\",\"dateModified\":\"2021-03-11T16:43:24+00:00\",\"breadcrumb\":{\"@id\":\"https:\/\/tecnourquiza.com.ar\/?product=protex-pu-40-c-poliuretano-gris-cartucho-310-ml#breadcrumb\"},\"inLanguage\":\"es\",\"potentialAction\":[{\"@type\":\"ReadAction\",\"target\":[\"https:\/\/tecnourquiza.com.ar\/?product=protex-pu-40-c-poliuretano-gris-cartucho-310-ml\"]}]},{\"@type\":\"ImageObject\",\"inLanguage\":\"es\",\"@id\":\"https:\/\/tecnourquiza.com.ar\/?product=protex-pu-40-c-poliuretano-gris-cartucho-310-ml#primaryimage\",\"url\":\"https:\/\/tecnourquiza.com.ar\/wp-content\/uploads\/2020\/01\/PROTEX-PU-40-C_sellador.jpg\",\"contentUrl\":\"https:\/\/tecnourquiza.com.ar\/wp-content\/uploads\/2020\/01\/PROTEX-PU-40-C_sellador.jpg\",\"width\":480,\"height\":640},{\"@type\":\"BreadcrumbList\",\"@id\":\"https:\/\/tecnourquiza.com.ar\/?product=protex-pu-40-c-poliuretano-gris-cartucho-310-ml#breadcrumb\",\"itemListElement\":[{\"@type\":\"ListItem\",\"position\":1,\"name\":\"Portada\",\"item\":\"https:\/\/tecnourquiza.com.ar\/\"},{\"@type\":\"ListItem\",\"position\":2,\"name\":\"Productos\",\"item\":\"https:\/\/tecnourquiza.com.ar\/?post_type=product\"},{\"@type\":\"ListItem\",\"position\":3,\"name\":\"PROTEX PU 40 C Poliuretano GRIS Cartucho 310 ml\"}]},{\"@type\":\"WebSite\",\"@id\":\"https:\/\/tecnourquiza.com.ar\/#website\",\"url\":\"https:\/\/tecnourquiza.com.ar\/\",\"name\":\"Tecnourquiza, productos SIKA Argentina\",\"description\":\"Comercializamos productos de la marca Sika Argentina\",\"publisher\":{\"@id\":\"https:\/\/tecnourquiza.com.ar\/#organization\"},\"potentialAction\":[{\"@type\":\"SearchAction\",\"target\":{\"@type\":\"EntryPoint\",\"urlTemplate\":\"https:\/\/tecnourquiza.com.ar\/?s={search_term_string}\"},\"query-input\":{\"@type\":\"PropertyValueSpecification\",\"valueRequired\":true,\"valueName\":\"search_term_string\"}}],\"inLanguage\":\"es\"},{\"@type\":\"Organization\",\"@id\":\"https:\/\/tecnourquiza.com.ar\/#organization\",\"name\":\"Tecnourquiza, productos SIKA Argentina\",\"url\":\"https:\/\/tecnourquiza.com.ar\/\",\"logo\":{\"@type\":\"ImageObject\",\"inLanguage\":\"es\",\"@id\":\"https:\/\/tecnourquiza.com.ar\/#\/schema\/logo\/image\/\",\"url\":\"https:\/\/tecnourquiza.com.ar\/wp-content\/uploads\/2025\/05\/logo-tecnourquiza-transparente.png\",\"contentUrl\":\"https:\/\/tecnourquiza.com.ar\/wp-content\/uploads\/2025\/05\/logo-tecnourquiza-transparente.png\",\"width\":360,\"height\":74,\"caption\":\"Tecnourquiza, productos SIKA Argentina\"},\"image\":{\"@id\":\"https:\/\/tecnourquiza.com.ar\/#\/schema\/logo\/image\/\"}}]}<\/script>\n<!-- \/ Yoast SEO plugin. -->","yoast_head_json":{"title":"PROTEX PU 40 C Poliuretano GRIS Cartucho 310 ml - Tecnourquiza, productos SIKA Argentina","robots":{"index":"index","follow":"follow","max-snippet":"max-snippet:-1","max-image-preview":"max-image-preview:large","max-video-preview":"max-video-preview:-1"},"canonical":"https:\/\/tecnourquiza.com.ar\/?product=protex-pu-40-c-poliuretano-gris-cartucho-310-ml","og_locale":"es_ES","og_type":"article","og_title":"PROTEX PU 40 C Poliuretano GRIS Cartucho 310 ml - Tecnourquiza, productos SIKA Argentina","og_description":"Sellador poliuret\u00e1nico el\u00e1stico para juntas.  Es un sellador adhesivo monocomponente, a base de poliuretano, de elasticidad permanente y gran adhesividad, tixotr\u00f3pico, de f\u00e1cil aplicaci\u00f3n.","og_url":"https:\/\/tecnourquiza.com.ar\/?product=protex-pu-40-c-poliuretano-gris-cartucho-310-ml","og_site_name":"Tecnourquiza, productos SIKA Argentina","article_modified_time":"2021-03-11T16:43:24+00:00","og_image":[{"width":480,"height":640,"url":"https:\/\/tecnourquiza.com.ar\/wp-content\/uploads\/2020\/01\/PROTEX-PU-40-C_sellador.jpg","type":"image\/jpeg"}],"twitter_card":"summary_large_image","twitter_misc":{"Tiempo de lectura":"1 minuto"},"schema":{"@context":"https:\/\/schema.org","@graph":[{"@type":"WebPage","@id":"https:\/\/tecnourquiza.com.ar\/?product=protex-pu-40-c-poliuretano-gris-cartucho-310-ml","url":"https:\/\/tecnourquiza.com.ar\/?product=protex-pu-40-c-poliuretano-gris-cartucho-310-ml","name":"PROTEX PU 40 C Poliuretano GRIS Cartucho 310 ml - Tecnourquiza, productos SIKA Argentina","isPartOf":{"@id":"https:\/\/tecnourquiza.com.ar\/#website"},"primaryImageOfPage":{"@id":"https:\/\/tecnourquiza.com.ar\/?product=protex-pu-40-c-poliuretano-gris-cartucho-310-ml#primaryimage"},"image":{"@id":"https:\/\/tecnourquiza.com.ar\/?product=protex-pu-40-c-poliuretano-gris-cartucho-310-ml#primaryimage"},"thumbnailUrl":"https:\/\/tecnourquiza.com.ar\/wp-content\/uploads\/2020\/01\/PROTEX-PU-40-C_sellador.jpg","datePublished":"2020-01-10T15:19:42+00:00","dateModified":"2021-03-11T16:43:24+00:00","breadcrumb":{"@id":"https:\/\/tecnourquiza.com.ar\/?product=protex-pu-40-c-poliuretano-gris-cartucho-310-ml#breadcrumb"},"inLanguage":"es","potentialAction":[{"@type":"ReadAction","target":["https:\/\/tecnourquiza.com.ar\/?product=protex-pu-40-c-poliuretano-gris-cartucho-310-ml"]}]},{"@type":"ImageObject","inLanguage":"es","@id":"https:\/\/tecnourquiza.com.ar\/?product=protex-pu-40-c-poliuretano-gris-cartucho-310-ml#primaryimage","url":"https:\/\/tecnourquiza.com.ar\/wp-content\/uploads\/2020\/01\/PROTEX-PU-40-C_sellador.jpg","contentUrl":"https:\/\/tecnourquiza.com.ar\/wp-content\/uploads\/2020\/01\/PROTEX-PU-40-C_sellador.jpg","width":480,"height":640},{"@type":"BreadcrumbList","@id":"https:\/\/tecnourquiza.com.ar\/?product=protex-pu-40-c-poliuretano-gris-cartucho-310-ml#breadcrumb","itemListElement":[{"@type":"ListItem","position":1,"name":"Portada","item":"https:\/\/tecnourquiza.com.ar\/"},{"@type":"ListItem","position":2,"name":"Productos","item":"https:\/\/tecnourquiza.com.ar\/?post_type=product"},{"@type":"ListItem","position":3,"name":"PROTEX PU 40 C Poliuretano GRIS Cartucho 310 ml"}]},{"@type":"WebSite","@id":"https:\/\/tecnourquiza.com.ar\/#website","url":"https:\/\/tecnourquiza.com.ar\/","name":"Tecnourquiza, productos SIKA Argentina","description":"Comercializamos productos de la marca Sika Argentina","publisher":{"@id":"https:\/\/tecnourquiza.com.ar\/#organization"},"potentialAction":[{"@type":"SearchAction","target":{"@type":"EntryPoint","urlTemplate":"https:\/\/tecnourquiza.com.ar\/?s={search_term_string}"},"query-input":{"@type":"PropertyValueSpecification","valueRequired":true,"valueName":"search_term_string"}}],"inLanguage":"es"},{"@type":"Organization","@id":"https:\/\/tecnourquiza.com.ar\/#organization","name":"Tecnourquiza, productos SIKA Argentina","url":"https:\/\/tecnourquiza.com.ar\/","logo":{"@type":"ImageObject","inLanguage":"es","@id":"https:\/\/tecnourquiza.com.ar\/#\/schema\/logo\/image\/","url":"https:\/\/tecnourquiza.com.ar\/wp-content\/uploads\/2025\/05\/logo-tecnourquiza-transparente.png","contentUrl":"https:\/\/tecnourquiza.com.ar\/wp-content\/uploads\/2025\/05\/logo-tecnourquiza-transparente.png","width":360,"height":74,"caption":"Tecnourquiza, productos SIKA Argentina"},"image":{"@id":"https:\/\/tecnourquiza.com.ar\/#\/schema\/logo\/image\/"}}]}},"_links":{"self":[{"href":"https:\/\/tecnourquiza.com.ar\/index.php?rest_route=\/wp\/v2\/product\/8593","targetHints":{"allow":["GET"]}}],"collection":[{"href":"https:\/\/tecnourquiza.com.ar\/index.php?rest_route=\/wp\/v2\/product"}],"about":[{"href":"https:\/\/tecnourquiza.com.ar\/index.php?rest_route=\/wp\/v2\/types\/product"}],"replies":[{"embeddable":true,"href":"https:\/\/tecnourquiza.com.ar\/index.php?rest_route=%2Fwp%2Fv2%2Fcomments&post=8593"}],"wp:featuredmedia":[{"embeddable":true,"href":"https:\/\/tecnourquiza.com.ar\/index.php?rest_route=\/wp\/v2\/media\/8594"}],"wp:attachment":[{"href":"https:\/\/tecnourquiza.com.ar\/index.php?rest_route=%2Fwp%2Fv2%2Fmedia&parent=8593"}],"wp:term":[{"taxonomy":"product_brand","embeddable":true,"href":"https:\/\/tecnourquiza.com.ar\/index.php?rest_route=%2Fwp%2Fv2%2Fproduct_brand&post=8593"},{"taxonomy":"product_cat","embeddable":true,"href":"https:\/\/tecnourquiza.com.ar\/index.php?rest_route=%2Fwp%2Fv2%2Fproduct_cat&post=8593"},{"taxonomy":"product_tag","embeddable":true,"href":"https:\/\/tecnourquiza.com.ar\/index.php?rest_route=%2Fwp%2Fv2%2Fproduct_tag&post=8593"}],"curies":[{"name":"wp","href":"https:\/\/api.w.org\/{rel}","templated":true}]}}