{"id":8583,"date":"2020-01-10T15:02:59","date_gmt":"2020-01-10T15:02:59","guid":{"rendered":"http:\/\/tecnourquiza.com.ar\/?post_type=product&#038;p=8583"},"modified":"2021-03-11T16:43:42","modified_gmt":"2021-03-11T16:43:42","slug":"protex-junta-pvc-bandas-flexibles-o-15-rollo-20-ml","status":"publish","type":"product","link":"https:\/\/tecnourquiza.com.ar\/?product=protex-junta-pvc-bandas-flexibles-o-15-rollo-20-ml","title":{"rendered":"PROTEX JUNTA PVC BANDAS FLEXIBLES O-15 Rollo 20 ml"},"content":{"rendered":"<div class=\"box-ficha-producto\">\n<div class=\"info-box-ficha\">\n<h3>Usos<\/h3>\n<\/div>\n<hr \/>\n<\/div>\n<div class=\"panel-group\">\n<div class=\"panel box-ficha-producto\">\n<div id=\"desc-0\" class=\"info-box-ficha panel-collapse collapsed \">\n<ul>\n<li>Su utilizaci\u00f3n esta recomendada para el sellado estanco y permanente de las juntas de trabajo y de las juntas de dilataci\u00f3n en toda clase de construcciones de hormig\u00f3n, sujetas o no a presiones de agua, incluso muy elevadas, a\u00fan bajo condiciones exigidas en cuanto a los movimientos de la junta en servicio.<\/li>\n<li>Por ello, su uso es especialmente indicado en diques y represas, canales de riego, tanques, piletas, plantas de tratamiento t\u00faneles, subsuelos y fundaciones.<\/li>\n<\/ul>\n<h3>Ventajas<\/h3>\n<hr \/>\n<\/div>\n<\/div>\n<div class=\"panel box-ficha-producto\">\n<div id=\"desc-1\" class=\"info-box-ficha panel-collapse collapsed \">\n<ul>\n<li>Se trata de un material sumamente flexible, con alta resistencia a la tracci\u00f3n, elasticidad y gran deformabilidad.<\/li>\n<li>Es perfectamente adecuado para ser sometido al agua a presi\u00f3n y gran variedad de soluciones salinas con excelentes resistencias a los agentes agresivos normales \u00a0y es indefinidamente estable en el medio alcalino propio del hormig\u00f3n.<\/li>\n<li>No decaen sus propiedades por envejecimiento y es imputrescible.<\/li>\n<li>Protex Juntas de PVC se une de manera f\u00e1cil y efectiva por soldadura mediante ablandamiento y fusion del material por calor logr\u00e1ndose as\u00ed prolongar su longitud, formar \u00e1ngulos diversos, empalmes de tramos y uniones con manta de PVC y cualquier material compatible.<\/li>\n<\/ul>\n<p><strong>Presentaci\u00f3n: <\/strong>PVC O-15 y O-22 \/ Rollo por 20 ml.<\/p>\n<p>[vc_row][vc_column][vc_btn title=&#8221;Ficha T\u00e9cnica&#8221; color=&#8221;warning&#8221; link=&#8221;url:http%3A%2F%2Ftecnourquiza.com.ar%2Fwp-content%2Fuploads%2F2020%2F01%2FHoja-t%C3%A9cnica-de-producto-Protex-Junta-PVC-1.pdf|title:Ficha%20T%C3%A9cnica|target:%20_blank|&#8221;][\/vc_column][\/vc_row]<\/p>\n<\/div>\n<\/div>\n<\/div>\n","protected":false},"excerpt":{"rendered":"<p class=\"descripcion-producto\">Bandas flexibles preformadas para impermeabilizar juntas de hormig\u00f3n.<\/p>\n<p>Material el\u00e1stico y flexible elaborado en base a extrusi\u00f3n de policloruro de vinilo (PVC) plastificado dise\u00f1ado especialmente para distintos usos y necesidades en juntas de construcci\u00f3n. Se instala previamente en las zonas proyectadas antes de la colada del hormig\u00f3n quedando atrapada entre el mismo luego de la etapa de endurecimiento impidiendo as\u00ed el paso del agua.<\/p>\n","protected":false},"featured_media":8585,"comment_status":"open","ping_status":"closed","template":"","meta":[],"product_brand":[],"product_cat":[178,194],"product_tag":[196,114],"class_list":{"0":"post-8583","1":"product","2":"type-product","3":"status-publish","4":"has-post-thumbnail","6":"product_cat-protex","7":"product_cat-sellado-de-juntas-protex","8":"product_tag-bandas-flexibles","9":"product_tag-sello-de-juntas","11":"first","12":"instock","13":"shipping-taxable","14":"product-type-simple"},"yoast_head":"<!-- This site is optimized with the Yoast SEO plugin v27.2 - https:\/\/yoast.com\/product\/yoast-seo-wordpress\/ -->\n<title>PROTEX JUNTA PVC BANDAS FLEXIBLES O-15 Rollo 20 ml - Tecnourquiza, productos SIKA Argentina<\/title>\n<meta name=\"robots\" content=\"index, follow, max-snippet:-1, max-image-preview:large, max-video-preview:-1\" \/>\n<link rel=\"canonical\" href=\"https:\/\/tecnourquiza.com.ar\/?product=protex-junta-pvc-bandas-flexibles-o-15-rollo-20-ml\" \/>\n<meta property=\"og:locale\" content=\"es_ES\" \/>\n<meta property=\"og:type\" content=\"article\" \/>\n<meta property=\"og:title\" content=\"PROTEX JUNTA PVC BANDAS FLEXIBLES O-15 Rollo 20 ml - Tecnourquiza, productos SIKA Argentina\" \/>\n<meta property=\"og:description\" content=\"Bandas flexibles preformadas para impermeabilizar juntas de hormig\u00f3n. Material el\u00e1stico y flexible elaborado en base a extrusi\u00f3n de policloruro de vinilo (PVC) plastificado dise\u00f1ado especialmente para distintos usos y necesidades en juntas de construcci\u00f3n. Se instala previamente en las zonas proyectadas antes de la colada del hormig\u00f3n quedando atrapada entre el mismo luego de la etapa de endurecimiento impidiendo as\u00ed el paso del agua.\" \/>\n<meta property=\"og:url\" content=\"https:\/\/tecnourquiza.com.ar\/?product=protex-junta-pvc-bandas-flexibles-o-15-rollo-20-ml\" \/>\n<meta property=\"og:site_name\" content=\"Tecnourquiza, productos SIKA Argentina\" \/>\n<meta property=\"article:modified_time\" content=\"2021-03-11T16:43:42+00:00\" \/>\n<meta property=\"og:image\" content=\"https:\/\/tecnourquiza.com.ar\/wp-content\/uploads\/2020\/01\/PROTEX-JUNTA-PVC-BANDAS-FLEXIBLES-1-1.jpg\" \/>\n\t<meta property=\"og:image:width\" content=\"252\" \/>\n\t<meta property=\"og:image:height\" content=\"200\" \/>\n\t<meta property=\"og:image:type\" content=\"image\/jpeg\" \/>\n<meta name=\"twitter:card\" content=\"summary_large_image\" \/>\n<meta name=\"twitter:label1\" content=\"Tiempo de lectura\" \/>\n\t<meta name=\"twitter:data1\" content=\"1 minuto\" \/>\n<script type=\"application\/ld+json\" class=\"yoast-schema-graph\">{\"@context\":\"https:\/\/schema.org\",\"@graph\":[{\"@type\":\"WebPage\",\"@id\":\"https:\/\/tecnourquiza.com.ar\/?product=protex-junta-pvc-bandas-flexibles-o-15-rollo-20-ml\",\"url\":\"https:\/\/tecnourquiza.com.ar\/?product=protex-junta-pvc-bandas-flexibles-o-15-rollo-20-ml\",\"name\":\"PROTEX JUNTA PVC BANDAS FLEXIBLES O-15 Rollo 20 ml - Tecnourquiza, productos SIKA Argentina\",\"isPartOf\":{\"@id\":\"https:\/\/tecnourquiza.com.ar\/#website\"},\"primaryImageOfPage\":{\"@id\":\"https:\/\/tecnourquiza.com.ar\/?product=protex-junta-pvc-bandas-flexibles-o-15-rollo-20-ml#primaryimage\"},\"image\":{\"@id\":\"https:\/\/tecnourquiza.com.ar\/?product=protex-junta-pvc-bandas-flexibles-o-15-rollo-20-ml#primaryimage\"},\"thumbnailUrl\":\"https:\/\/tecnourquiza.com.ar\/wp-content\/uploads\/2020\/01\/PROTEX-JUNTA-PVC-BANDAS-FLEXIBLES-1-1.jpg\",\"datePublished\":\"2020-01-10T15:02:59+00:00\",\"dateModified\":\"2021-03-11T16:43:42+00:00\",\"breadcrumb\":{\"@id\":\"https:\/\/tecnourquiza.com.ar\/?product=protex-junta-pvc-bandas-flexibles-o-15-rollo-20-ml#breadcrumb\"},\"inLanguage\":\"es\",\"potentialAction\":[{\"@type\":\"ReadAction\",\"target\":[\"https:\/\/tecnourquiza.com.ar\/?product=protex-junta-pvc-bandas-flexibles-o-15-rollo-20-ml\"]}]},{\"@type\":\"ImageObject\",\"inLanguage\":\"es\",\"@id\":\"https:\/\/tecnourquiza.com.ar\/?product=protex-junta-pvc-bandas-flexibles-o-15-rollo-20-ml#primaryimage\",\"url\":\"https:\/\/tecnourquiza.com.ar\/wp-content\/uploads\/2020\/01\/PROTEX-JUNTA-PVC-BANDAS-FLEXIBLES-1-1.jpg\",\"contentUrl\":\"https:\/\/tecnourquiza.com.ar\/wp-content\/uploads\/2020\/01\/PROTEX-JUNTA-PVC-BANDAS-FLEXIBLES-1-1.jpg\",\"width\":252,\"height\":200},{\"@type\":\"BreadcrumbList\",\"@id\":\"https:\/\/tecnourquiza.com.ar\/?product=protex-junta-pvc-bandas-flexibles-o-15-rollo-20-ml#breadcrumb\",\"itemListElement\":[{\"@type\":\"ListItem\",\"position\":1,\"name\":\"Portada\",\"item\":\"https:\/\/tecnourquiza.com.ar\/\"},{\"@type\":\"ListItem\",\"position\":2,\"name\":\"Productos\",\"item\":\"https:\/\/tecnourquiza.com.ar\/?post_type=product\"},{\"@type\":\"ListItem\",\"position\":3,\"name\":\"PROTEX JUNTA PVC BANDAS FLEXIBLES O-15 Rollo 20 ml\"}]},{\"@type\":\"WebSite\",\"@id\":\"https:\/\/tecnourquiza.com.ar\/#website\",\"url\":\"https:\/\/tecnourquiza.com.ar\/\",\"name\":\"Tecnourquiza, productos SIKA Argentina\",\"description\":\"Comercializamos productos de la marca Sika Argentina\",\"publisher\":{\"@id\":\"https:\/\/tecnourquiza.com.ar\/#organization\"},\"potentialAction\":[{\"@type\":\"SearchAction\",\"target\":{\"@type\":\"EntryPoint\",\"urlTemplate\":\"https:\/\/tecnourquiza.com.ar\/?s={search_term_string}\"},\"query-input\":{\"@type\":\"PropertyValueSpecification\",\"valueRequired\":true,\"valueName\":\"search_term_string\"}}],\"inLanguage\":\"es\"},{\"@type\":\"Organization\",\"@id\":\"https:\/\/tecnourquiza.com.ar\/#organization\",\"name\":\"Tecnourquiza, productos SIKA Argentina\",\"url\":\"https:\/\/tecnourquiza.com.ar\/\",\"logo\":{\"@type\":\"ImageObject\",\"inLanguage\":\"es\",\"@id\":\"https:\/\/tecnourquiza.com.ar\/#\/schema\/logo\/image\/\",\"url\":\"https:\/\/tecnourquiza.com.ar\/wp-content\/uploads\/2025\/05\/logo-tecnourquiza-transparente.png\",\"contentUrl\":\"https:\/\/tecnourquiza.com.ar\/wp-content\/uploads\/2025\/05\/logo-tecnourquiza-transparente.png\",\"width\":360,\"height\":74,\"caption\":\"Tecnourquiza, productos SIKA Argentina\"},\"image\":{\"@id\":\"https:\/\/tecnourquiza.com.ar\/#\/schema\/logo\/image\/\"}}]}<\/script>\n<!-- \/ Yoast SEO plugin. -->","yoast_head_json":{"title":"PROTEX JUNTA PVC BANDAS FLEXIBLES O-15 Rollo 20 ml - Tecnourquiza, productos SIKA Argentina","robots":{"index":"index","follow":"follow","max-snippet":"max-snippet:-1","max-image-preview":"max-image-preview:large","max-video-preview":"max-video-preview:-1"},"canonical":"https:\/\/tecnourquiza.com.ar\/?product=protex-junta-pvc-bandas-flexibles-o-15-rollo-20-ml","og_locale":"es_ES","og_type":"article","og_title":"PROTEX JUNTA PVC BANDAS FLEXIBLES O-15 Rollo 20 ml - Tecnourquiza, productos SIKA Argentina","og_description":"Bandas flexibles preformadas para impermeabilizar juntas de hormig\u00f3n. Material el\u00e1stico y flexible elaborado en base a extrusi\u00f3n de policloruro de vinilo (PVC) plastificado dise\u00f1ado especialmente para distintos usos y necesidades en juntas de construcci\u00f3n. Se instala previamente en las zonas proyectadas antes de la colada del hormig\u00f3n quedando atrapada entre el mismo luego de la etapa de endurecimiento impidiendo as\u00ed el paso del agua.","og_url":"https:\/\/tecnourquiza.com.ar\/?product=protex-junta-pvc-bandas-flexibles-o-15-rollo-20-ml","og_site_name":"Tecnourquiza, productos SIKA Argentina","article_modified_time":"2021-03-11T16:43:42+00:00","og_image":[{"width":252,"height":200,"url":"https:\/\/tecnourquiza.com.ar\/wp-content\/uploads\/2020\/01\/PROTEX-JUNTA-PVC-BANDAS-FLEXIBLES-1-1.jpg","type":"image\/jpeg"}],"twitter_card":"summary_large_image","twitter_misc":{"Tiempo de lectura":"1 minuto"},"schema":{"@context":"https:\/\/schema.org","@graph":[{"@type":"WebPage","@id":"https:\/\/tecnourquiza.com.ar\/?product=protex-junta-pvc-bandas-flexibles-o-15-rollo-20-ml","url":"https:\/\/tecnourquiza.com.ar\/?product=protex-junta-pvc-bandas-flexibles-o-15-rollo-20-ml","name":"PROTEX JUNTA PVC BANDAS FLEXIBLES O-15 Rollo 20 ml - Tecnourquiza, productos SIKA Argentina","isPartOf":{"@id":"https:\/\/tecnourquiza.com.ar\/#website"},"primaryImageOfPage":{"@id":"https:\/\/tecnourquiza.com.ar\/?product=protex-junta-pvc-bandas-flexibles-o-15-rollo-20-ml#primaryimage"},"image":{"@id":"https:\/\/tecnourquiza.com.ar\/?product=protex-junta-pvc-bandas-flexibles-o-15-rollo-20-ml#primaryimage"},"thumbnailUrl":"https:\/\/tecnourquiza.com.ar\/wp-content\/uploads\/2020\/01\/PROTEX-JUNTA-PVC-BANDAS-FLEXIBLES-1-1.jpg","datePublished":"2020-01-10T15:02:59+00:00","dateModified":"2021-03-11T16:43:42+00:00","breadcrumb":{"@id":"https:\/\/tecnourquiza.com.ar\/?product=protex-junta-pvc-bandas-flexibles-o-15-rollo-20-ml#breadcrumb"},"inLanguage":"es","potentialAction":[{"@type":"ReadAction","target":["https:\/\/tecnourquiza.com.ar\/?product=protex-junta-pvc-bandas-flexibles-o-15-rollo-20-ml"]}]},{"@type":"ImageObject","inLanguage":"es","@id":"https:\/\/tecnourquiza.com.ar\/?product=protex-junta-pvc-bandas-flexibles-o-15-rollo-20-ml#primaryimage","url":"https:\/\/tecnourquiza.com.ar\/wp-content\/uploads\/2020\/01\/PROTEX-JUNTA-PVC-BANDAS-FLEXIBLES-1-1.jpg","contentUrl":"https:\/\/tecnourquiza.com.ar\/wp-content\/uploads\/2020\/01\/PROTEX-JUNTA-PVC-BANDAS-FLEXIBLES-1-1.jpg","width":252,"height":200},{"@type":"BreadcrumbList","@id":"https:\/\/tecnourquiza.com.ar\/?product=protex-junta-pvc-bandas-flexibles-o-15-rollo-20-ml#breadcrumb","itemListElement":[{"@type":"ListItem","position":1,"name":"Portada","item":"https:\/\/tecnourquiza.com.ar\/"},{"@type":"ListItem","position":2,"name":"Productos","item":"https:\/\/tecnourquiza.com.ar\/?post_type=product"},{"@type":"ListItem","position":3,"name":"PROTEX JUNTA PVC BANDAS FLEXIBLES O-15 Rollo 20 ml"}]},{"@type":"WebSite","@id":"https:\/\/tecnourquiza.com.ar\/#website","url":"https:\/\/tecnourquiza.com.ar\/","name":"Tecnourquiza, productos SIKA Argentina","description":"Comercializamos productos de la marca Sika Argentina","publisher":{"@id":"https:\/\/tecnourquiza.com.ar\/#organization"},"potentialAction":[{"@type":"SearchAction","target":{"@type":"EntryPoint","urlTemplate":"https:\/\/tecnourquiza.com.ar\/?s={search_term_string}"},"query-input":{"@type":"PropertyValueSpecification","valueRequired":true,"valueName":"search_term_string"}}],"inLanguage":"es"},{"@type":"Organization","@id":"https:\/\/tecnourquiza.com.ar\/#organization","name":"Tecnourquiza, productos SIKA Argentina","url":"https:\/\/tecnourquiza.com.ar\/","logo":{"@type":"ImageObject","inLanguage":"es","@id":"https:\/\/tecnourquiza.com.ar\/#\/schema\/logo\/image\/","url":"https:\/\/tecnourquiza.com.ar\/wp-content\/uploads\/2025\/05\/logo-tecnourquiza-transparente.png","contentUrl":"https:\/\/tecnourquiza.com.ar\/wp-content\/uploads\/2025\/05\/logo-tecnourquiza-transparente.png","width":360,"height":74,"caption":"Tecnourquiza, productos SIKA Argentina"},"image":{"@id":"https:\/\/tecnourquiza.com.ar\/#\/schema\/logo\/image\/"}}]}},"_links":{"self":[{"href":"https:\/\/tecnourquiza.com.ar\/index.php?rest_route=\/wp\/v2\/product\/8583","targetHints":{"allow":["GET"]}}],"collection":[{"href":"https:\/\/tecnourquiza.com.ar\/index.php?rest_route=\/wp\/v2\/product"}],"about":[{"href":"https:\/\/tecnourquiza.com.ar\/index.php?rest_route=\/wp\/v2\/types\/product"}],"replies":[{"embeddable":true,"href":"https:\/\/tecnourquiza.com.ar\/index.php?rest_route=%2Fwp%2Fv2%2Fcomments&post=8583"}],"wp:featuredmedia":[{"embeddable":true,"href":"https:\/\/tecnourquiza.com.ar\/index.php?rest_route=\/wp\/v2\/media\/8585"}],"wp:attachment":[{"href":"https:\/\/tecnourquiza.com.ar\/index.php?rest_route=%2Fwp%2Fv2%2Fmedia&parent=8583"}],"wp:term":[{"taxonomy":"product_brand","embeddable":true,"href":"https:\/\/tecnourquiza.com.ar\/index.php?rest_route=%2Fwp%2Fv2%2Fproduct_brand&post=8583"},{"taxonomy":"product_cat","embeddable":true,"href":"https:\/\/tecnourquiza.com.ar\/index.php?rest_route=%2Fwp%2Fv2%2Fproduct_cat&post=8583"},{"taxonomy":"product_tag","embeddable":true,"href":"https:\/\/tecnourquiza.com.ar\/index.php?rest_route=%2Fwp%2Fv2%2Fproduct_tag&post=8583"}],"curies":[{"name":"wp","href":"https:\/\/api.w.org\/{rel}","templated":true}]}}