{"id":8543,"date":"2020-01-09T21:08:29","date_gmt":"2020-01-09T21:08:29","guid":{"rendered":"http:\/\/tecnourquiza.com.ar\/?post_type=product&#038;p=8543"},"modified":"2021-03-11T16:44:39","modified_gmt":"2021-03-11T16:44:39","slug":"poxikrete-265-sembrado-epoxi-bolsa-20-kg","status":"publish","type":"product","link":"https:\/\/tecnourquiza.com.ar\/?product=poxikrete-265-sembrado-epoxi-bolsa-20-kg","title":{"rendered":"POXIKRETE 265 SEMBRADO EPOXI Bolsa 20 kg (PROTEX)"},"content":{"rendered":"<div class=\"box-ficha-producto\">\n<div class=\"info-box-ficha\">\n<h3>Usos<\/h3>\n<hr \/>\n<\/div>\n<\/div>\n<div class=\"panel-group\" role=\"tablist\" aria-multiselectable=\"false\">\n<div class=\"panel box-ficha-producto\">\n<div id=\"desc-0\" class=\"info-box-ficha panel-collapse collapsed \" role=\"tabpanel\" aria-labelledby=\"headingOne\">\n<ul>\n<li>Apto para gran variedad de superficies.<\/li>\n<li>Recomendado para hormigones recientemente ejecutados que necesiten ser revestidos.<\/li>\n<li>Pisos industriales en zonas de producci\u00f3n, procesamiento, bodegas, estacionamientos, laboratorios, hospitales, oficinas y en zonas sometidas al desgaste y al lavado intenso.<\/li>\n<li>Como capa aislante al vapor de agua emergente en superficies sin tratamiento.1. Revestimiento liso en alto espesor 1 mm<\/li>\n<li>Revestimiento autonivelante en 3 mm<\/li>\n<li>Revestimiento antideslizante en 3 mm<\/li>\n<li>Mortero alta resistencia en 5 mm<\/li>\n<\/ul>\n<h3>Ventajas<\/h3>\n<hr \/>\n<\/div>\n<\/div>\n<div class=\"panel box-ficha-producto\">\n<div id=\"desc-1\" class=\"info-box-ficha panel-collapse collapsed \" role=\"tabpanel\" aria-labelledby=\"headingOne\">\n<ul>\n<li>Es autoimprimante y compatible con superficies h\u00famedas.<\/li>\n<li>Sus propiedades f\u00edsicas permiten su utilizaci\u00f3n como barrera de vapor.<\/li>\n<li>Gran compatibilidad con sustratos h\u00famedos (no mojados).<\/li>\n<li>Brinda una excelente terminaci\u00f3n con diferentes texturas seg\u00fan sea la necesidad.<\/li>\n<li>Excelentes resistencias al impacto, la abrasi\u00f3n y al ataque qu\u00edmico.<\/li>\n<li>Funcionamiento excelente bajo tensiones t\u00e9rmicas inducidas tales como limpieza a vapor.<\/li>\n<li>Resiste m\u00e1s variedad de \u00e1cidos, \u00e1lcalis, sales y solventes que cualquier sistema comparable.<\/li>\n<li>No es t\u00f3xico, es inodoro y no da\u00f1a la piel.<\/li>\n<li>Presenta una terminaci\u00f3n est\u00e9tica durable.<\/li>\n<\/ul>\n<p><strong>Presentaci\u00f3n:<\/strong><\/p>\n<p>. A+B = Kit Pre-Dosificado 13 kg.<\/p>\n<p>. Carga M = Bolsa 39 kg.<\/p>\n<p>. Carga SL = Bolsa 13 kg.<\/p>\n<p>. Carga T = Bolsa 13 kg.<\/p>\n<p>. Sembrado\u00a0 = Bolsa 20 kg.<\/p>\n<p>[vc_row][vc_column][vc_btn title=&#8221;Ficha T\u00e9cnica&#8221; color=&#8221;warning&#8221; link=&#8221;url:http%3A%2F%2Ftecnourquiza.com.ar%2Fwp-content%2Fuploads%2F2020%2F01%2FHoja-t%C3%A9cnica-de-producto-Poxikrete-265.pdf|title:Ficha%20T%C3%A9cnica|target:%20_blank|&#8221;][\/vc_column][\/vc_row]<\/p>\n<\/div>\n<\/div>\n<\/div>\n","protected":false},"excerpt":{"rendered":"<p>Carga para sembrado antiderrapante del sistema epoxi 265.<\/p>\n<p>Es un sistema epoxi con color en dos componentes, sin solventes, constitu\u00eddo por resinas epoxi, endurecedores, aditivos y pigmentos dise\u00f1ado exclusivamente para obtener variadas terminaciones alto espesor, autonivelante, antideslizante y mortero seg\u00fan sea su conformaci\u00f3n de carga.<\/p>\n","protected":false},"featured_media":8562,"comment_status":"open","ping_status":"closed","template":"","meta":[],"product_brand":[],"product_cat":[186,178],"product_tag":[188],"class_list":{"0":"post-8543","1":"product","2":"type-product","3":"status-publish","4":"has-post-thumbnail","6":"product_cat-pisos-y-revestimientos-industriales-protex","7":"product_cat-protex","8":"product_tag-carga-para-sembrado","10":"first","11":"instock","12":"shipping-taxable","13":"product-type-simple"},"yoast_head":"<!-- This site is optimized with the Yoast SEO plugin v27.2 - https:\/\/yoast.com\/product\/yoast-seo-wordpress\/ -->\n<title>POXIKRETE 265 SEMBRADO EPOXI Bolsa 20 kg (PROTEX) - Tecnourquiza, productos SIKA Argentina<\/title>\n<meta name=\"robots\" content=\"index, follow, max-snippet:-1, max-image-preview:large, max-video-preview:-1\" \/>\n<link rel=\"canonical\" href=\"https:\/\/tecnourquiza.com.ar\/?product=poxikrete-265-sembrado-epoxi-bolsa-20-kg\" \/>\n<meta property=\"og:locale\" content=\"es_ES\" \/>\n<meta property=\"og:type\" content=\"article\" \/>\n<meta property=\"og:title\" content=\"POXIKRETE 265 SEMBRADO EPOXI Bolsa 20 kg (PROTEX) - Tecnourquiza, productos SIKA Argentina\" \/>\n<meta property=\"og:description\" content=\"Carga para sembrado antiderrapante del sistema epoxi 265.  Es un sistema epoxi con color en dos componentes, sin solventes, constitu\u00eddo por resinas epoxi, endurecedores, aditivos y pigmentos dise\u00f1ado exclusivamente para obtener variadas terminaciones alto espesor, autonivelante, antideslizante y mortero seg\u00fan sea su conformaci\u00f3n de carga.\" \/>\n<meta property=\"og:url\" content=\"https:\/\/tecnourquiza.com.ar\/?product=poxikrete-265-sembrado-epoxi-bolsa-20-kg\" \/>\n<meta property=\"og:site_name\" content=\"Tecnourquiza, productos SIKA Argentina\" \/>\n<meta property=\"article:modified_time\" content=\"2021-03-11T16:44:39+00:00\" \/>\n<meta property=\"og:image\" content=\"https:\/\/tecnourquiza.com.ar\/wp-content\/uploads\/2020\/01\/POXIKRETE-265-SEMBRADO-EPOXI2.jpg\" \/>\n\t<meta property=\"og:image:width\" content=\"450\" \/>\n\t<meta property=\"og:image:height\" content=\"550\" \/>\n\t<meta property=\"og:image:type\" content=\"image\/jpeg\" \/>\n<meta name=\"twitter:card\" content=\"summary_large_image\" \/>\n<meta name=\"twitter:label1\" content=\"Tiempo de lectura\" \/>\n\t<meta name=\"twitter:data1\" content=\"1 minuto\" \/>\n<script type=\"application\/ld+json\" class=\"yoast-schema-graph\">{\"@context\":\"https:\/\/schema.org\",\"@graph\":[{\"@type\":\"WebPage\",\"@id\":\"https:\/\/tecnourquiza.com.ar\/?product=poxikrete-265-sembrado-epoxi-bolsa-20-kg\",\"url\":\"https:\/\/tecnourquiza.com.ar\/?product=poxikrete-265-sembrado-epoxi-bolsa-20-kg\",\"name\":\"POXIKRETE 265 SEMBRADO EPOXI Bolsa 20 kg (PROTEX) - Tecnourquiza, productos SIKA Argentina\",\"isPartOf\":{\"@id\":\"https:\/\/tecnourquiza.com.ar\/#website\"},\"primaryImageOfPage\":{\"@id\":\"https:\/\/tecnourquiza.com.ar\/?product=poxikrete-265-sembrado-epoxi-bolsa-20-kg#primaryimage\"},\"image\":{\"@id\":\"https:\/\/tecnourquiza.com.ar\/?product=poxikrete-265-sembrado-epoxi-bolsa-20-kg#primaryimage\"},\"thumbnailUrl\":\"https:\/\/tecnourquiza.com.ar\/wp-content\/uploads\/2020\/01\/POXIKRETE-265-SEMBRADO-EPOXI2.jpg\",\"datePublished\":\"2020-01-09T21:08:29+00:00\",\"dateModified\":\"2021-03-11T16:44:39+00:00\",\"breadcrumb\":{\"@id\":\"https:\/\/tecnourquiza.com.ar\/?product=poxikrete-265-sembrado-epoxi-bolsa-20-kg#breadcrumb\"},\"inLanguage\":\"es\",\"potentialAction\":[{\"@type\":\"ReadAction\",\"target\":[\"https:\/\/tecnourquiza.com.ar\/?product=poxikrete-265-sembrado-epoxi-bolsa-20-kg\"]}]},{\"@type\":\"ImageObject\",\"inLanguage\":\"es\",\"@id\":\"https:\/\/tecnourquiza.com.ar\/?product=poxikrete-265-sembrado-epoxi-bolsa-20-kg#primaryimage\",\"url\":\"https:\/\/tecnourquiza.com.ar\/wp-content\/uploads\/2020\/01\/POXIKRETE-265-SEMBRADO-EPOXI2.jpg\",\"contentUrl\":\"https:\/\/tecnourquiza.com.ar\/wp-content\/uploads\/2020\/01\/POXIKRETE-265-SEMBRADO-EPOXI2.jpg\",\"width\":450,\"height\":550},{\"@type\":\"BreadcrumbList\",\"@id\":\"https:\/\/tecnourquiza.com.ar\/?product=poxikrete-265-sembrado-epoxi-bolsa-20-kg#breadcrumb\",\"itemListElement\":[{\"@type\":\"ListItem\",\"position\":1,\"name\":\"Portada\",\"item\":\"https:\/\/tecnourquiza.com.ar\/\"},{\"@type\":\"ListItem\",\"position\":2,\"name\":\"Productos\",\"item\":\"https:\/\/tecnourquiza.com.ar\/?post_type=product\"},{\"@type\":\"ListItem\",\"position\":3,\"name\":\"POXIKRETE 265 SEMBRADO EPOXI Bolsa 20 kg (PROTEX)\"}]},{\"@type\":\"WebSite\",\"@id\":\"https:\/\/tecnourquiza.com.ar\/#website\",\"url\":\"https:\/\/tecnourquiza.com.ar\/\",\"name\":\"Tecnourquiza, productos SIKA Argentina\",\"description\":\"Comercializamos productos de la marca Sika Argentina\",\"publisher\":{\"@id\":\"https:\/\/tecnourquiza.com.ar\/#organization\"},\"potentialAction\":[{\"@type\":\"SearchAction\",\"target\":{\"@type\":\"EntryPoint\",\"urlTemplate\":\"https:\/\/tecnourquiza.com.ar\/?s={search_term_string}\"},\"query-input\":{\"@type\":\"PropertyValueSpecification\",\"valueRequired\":true,\"valueName\":\"search_term_string\"}}],\"inLanguage\":\"es\"},{\"@type\":\"Organization\",\"@id\":\"https:\/\/tecnourquiza.com.ar\/#organization\",\"name\":\"Tecnourquiza, productos SIKA Argentina\",\"url\":\"https:\/\/tecnourquiza.com.ar\/\",\"logo\":{\"@type\":\"ImageObject\",\"inLanguage\":\"es\",\"@id\":\"https:\/\/tecnourquiza.com.ar\/#\/schema\/logo\/image\/\",\"url\":\"https:\/\/tecnourquiza.com.ar\/wp-content\/uploads\/2025\/05\/logo-tecnourquiza-transparente.png\",\"contentUrl\":\"https:\/\/tecnourquiza.com.ar\/wp-content\/uploads\/2025\/05\/logo-tecnourquiza-transparente.png\",\"width\":360,\"height\":74,\"caption\":\"Tecnourquiza, productos SIKA Argentina\"},\"image\":{\"@id\":\"https:\/\/tecnourquiza.com.ar\/#\/schema\/logo\/image\/\"}}]}<\/script>\n<!-- \/ Yoast SEO plugin. -->","yoast_head_json":{"title":"POXIKRETE 265 SEMBRADO EPOXI Bolsa 20 kg (PROTEX) - Tecnourquiza, productos SIKA Argentina","robots":{"index":"index","follow":"follow","max-snippet":"max-snippet:-1","max-image-preview":"max-image-preview:large","max-video-preview":"max-video-preview:-1"},"canonical":"https:\/\/tecnourquiza.com.ar\/?product=poxikrete-265-sembrado-epoxi-bolsa-20-kg","og_locale":"es_ES","og_type":"article","og_title":"POXIKRETE 265 SEMBRADO EPOXI Bolsa 20 kg (PROTEX) - Tecnourquiza, productos SIKA Argentina","og_description":"Carga para sembrado antiderrapante del sistema epoxi 265.  Es un sistema epoxi con color en dos componentes, sin solventes, constitu\u00eddo por resinas epoxi, endurecedores, aditivos y pigmentos dise\u00f1ado exclusivamente para obtener variadas terminaciones alto espesor, autonivelante, antideslizante y mortero seg\u00fan sea su conformaci\u00f3n de carga.","og_url":"https:\/\/tecnourquiza.com.ar\/?product=poxikrete-265-sembrado-epoxi-bolsa-20-kg","og_site_name":"Tecnourquiza, productos SIKA Argentina","article_modified_time":"2021-03-11T16:44:39+00:00","og_image":[{"width":450,"height":550,"url":"https:\/\/tecnourquiza.com.ar\/wp-content\/uploads\/2020\/01\/POXIKRETE-265-SEMBRADO-EPOXI2.jpg","type":"image\/jpeg"}],"twitter_card":"summary_large_image","twitter_misc":{"Tiempo de lectura":"1 minuto"},"schema":{"@context":"https:\/\/schema.org","@graph":[{"@type":"WebPage","@id":"https:\/\/tecnourquiza.com.ar\/?product=poxikrete-265-sembrado-epoxi-bolsa-20-kg","url":"https:\/\/tecnourquiza.com.ar\/?product=poxikrete-265-sembrado-epoxi-bolsa-20-kg","name":"POXIKRETE 265 SEMBRADO EPOXI Bolsa 20 kg (PROTEX) - Tecnourquiza, productos SIKA Argentina","isPartOf":{"@id":"https:\/\/tecnourquiza.com.ar\/#website"},"primaryImageOfPage":{"@id":"https:\/\/tecnourquiza.com.ar\/?product=poxikrete-265-sembrado-epoxi-bolsa-20-kg#primaryimage"},"image":{"@id":"https:\/\/tecnourquiza.com.ar\/?product=poxikrete-265-sembrado-epoxi-bolsa-20-kg#primaryimage"},"thumbnailUrl":"https:\/\/tecnourquiza.com.ar\/wp-content\/uploads\/2020\/01\/POXIKRETE-265-SEMBRADO-EPOXI2.jpg","datePublished":"2020-01-09T21:08:29+00:00","dateModified":"2021-03-11T16:44:39+00:00","breadcrumb":{"@id":"https:\/\/tecnourquiza.com.ar\/?product=poxikrete-265-sembrado-epoxi-bolsa-20-kg#breadcrumb"},"inLanguage":"es","potentialAction":[{"@type":"ReadAction","target":["https:\/\/tecnourquiza.com.ar\/?product=poxikrete-265-sembrado-epoxi-bolsa-20-kg"]}]},{"@type":"ImageObject","inLanguage":"es","@id":"https:\/\/tecnourquiza.com.ar\/?product=poxikrete-265-sembrado-epoxi-bolsa-20-kg#primaryimage","url":"https:\/\/tecnourquiza.com.ar\/wp-content\/uploads\/2020\/01\/POXIKRETE-265-SEMBRADO-EPOXI2.jpg","contentUrl":"https:\/\/tecnourquiza.com.ar\/wp-content\/uploads\/2020\/01\/POXIKRETE-265-SEMBRADO-EPOXI2.jpg","width":450,"height":550},{"@type":"BreadcrumbList","@id":"https:\/\/tecnourquiza.com.ar\/?product=poxikrete-265-sembrado-epoxi-bolsa-20-kg#breadcrumb","itemListElement":[{"@type":"ListItem","position":1,"name":"Portada","item":"https:\/\/tecnourquiza.com.ar\/"},{"@type":"ListItem","position":2,"name":"Productos","item":"https:\/\/tecnourquiza.com.ar\/?post_type=product"},{"@type":"ListItem","position":3,"name":"POXIKRETE 265 SEMBRADO EPOXI Bolsa 20 kg (PROTEX)"}]},{"@type":"WebSite","@id":"https:\/\/tecnourquiza.com.ar\/#website","url":"https:\/\/tecnourquiza.com.ar\/","name":"Tecnourquiza, productos SIKA Argentina","description":"Comercializamos productos de la marca Sika Argentina","publisher":{"@id":"https:\/\/tecnourquiza.com.ar\/#organization"},"potentialAction":[{"@type":"SearchAction","target":{"@type":"EntryPoint","urlTemplate":"https:\/\/tecnourquiza.com.ar\/?s={search_term_string}"},"query-input":{"@type":"PropertyValueSpecification","valueRequired":true,"valueName":"search_term_string"}}],"inLanguage":"es"},{"@type":"Organization","@id":"https:\/\/tecnourquiza.com.ar\/#organization","name":"Tecnourquiza, productos SIKA Argentina","url":"https:\/\/tecnourquiza.com.ar\/","logo":{"@type":"ImageObject","inLanguage":"es","@id":"https:\/\/tecnourquiza.com.ar\/#\/schema\/logo\/image\/","url":"https:\/\/tecnourquiza.com.ar\/wp-content\/uploads\/2025\/05\/logo-tecnourquiza-transparente.png","contentUrl":"https:\/\/tecnourquiza.com.ar\/wp-content\/uploads\/2025\/05\/logo-tecnourquiza-transparente.png","width":360,"height":74,"caption":"Tecnourquiza, productos SIKA Argentina"},"image":{"@id":"https:\/\/tecnourquiza.com.ar\/#\/schema\/logo\/image\/"}}]}},"_links":{"self":[{"href":"https:\/\/tecnourquiza.com.ar\/index.php?rest_route=\/wp\/v2\/product\/8543","targetHints":{"allow":["GET"]}}],"collection":[{"href":"https:\/\/tecnourquiza.com.ar\/index.php?rest_route=\/wp\/v2\/product"}],"about":[{"href":"https:\/\/tecnourquiza.com.ar\/index.php?rest_route=\/wp\/v2\/types\/product"}],"replies":[{"embeddable":true,"href":"https:\/\/tecnourquiza.com.ar\/index.php?rest_route=%2Fwp%2Fv2%2Fcomments&post=8543"}],"wp:featuredmedia":[{"embeddable":true,"href":"https:\/\/tecnourquiza.com.ar\/index.php?rest_route=\/wp\/v2\/media\/8562"}],"wp:attachment":[{"href":"https:\/\/tecnourquiza.com.ar\/index.php?rest_route=%2Fwp%2Fv2%2Fmedia&parent=8543"}],"wp:term":[{"taxonomy":"product_brand","embeddable":true,"href":"https:\/\/tecnourquiza.com.ar\/index.php?rest_route=%2Fwp%2Fv2%2Fproduct_brand&post=8543"},{"taxonomy":"product_cat","embeddable":true,"href":"https:\/\/tecnourquiza.com.ar\/index.php?rest_route=%2Fwp%2Fv2%2Fproduct_cat&post=8543"},{"taxonomy":"product_tag","embeddable":true,"href":"https:\/\/tecnourquiza.com.ar\/index.php?rest_route=%2Fwp%2Fv2%2Fproduct_tag&post=8543"}],"curies":[{"name":"wp","href":"https:\/\/api.w.org\/{rel}","templated":true}]}}