{"id":8537,"date":"2020-01-09T20:55:41","date_gmt":"2020-01-09T20:55:41","guid":{"rendered":"http:\/\/tecnourquiza.com.ar\/?post_type=product&#038;p=8537"},"modified":"2021-03-11T16:44:49","modified_gmt":"2021-03-11T16:44:49","slug":"pisos-kit-pre-dosificado-20-kg-blanco-y-claros","status":"publish","type":"product","link":"https:\/\/tecnourquiza.com.ar\/?product=pisos-kit-pre-dosificado-20-kg-blanco-y-claros","title":{"rendered":"PISOS Kit Pre-dosificado 20 kg Blanco y claros (PROTEX)"},"content":{"rendered":"<h3>Caracter\u00edsticas<\/h3>\n<hr \/>\n<ul>\n<li>Es de doble funci\u00f3n. Imprimaci\u00f3n y acabado en un solo producto por lo que es\u00a0econ\u00f3mico y reduce los tiempos de colocaci\u00f3n y habilitaci\u00f3n.<\/li>\n<li>Por sus caracter\u00edsticas permite aplicar altos espesores por mano.<\/li>\n<li>Adem\u00e1s de su excepcional resistencia qu\u00edmica, presenta buena resistencia a la\u00a0abrasi\u00f3n, al impacto y a la corrosi\u00f3n en general.<\/li>\n<li>Resiste reiterados e intensos fregados, no siendo afectada por el shock mec\u00e1nico de los\u00a0lavados diarios con manguera de alta presi\u00f3n.<\/li>\n<li>Por su flexibilidad resiste cambios bruscos de temperatura.<\/li>\n<li>Su caracter\u00edstica superficial retarda el crecimiento de hongos, mohos, verd\u00edn, etc.\u00a0durante largos per\u00edodos de tiempo.<\/li>\n<li>La superficie cubierta con Poxikrete 210 SP luce siempre brillante y prolija con muy\u00a0 bajo mantenimiento.<\/li>\n<li>Posee elevadas resistencias mec\u00e1nicas. La pel\u00edcula es dura y flexible.<\/li>\n<li>Tiene una resistencia moderada a vapores de media corrosi\u00f3n, y a la mayor\u00eda de los\u00a0\u00e1cidos, \u00e1lcalis, solventes y aceites comunes.<\/li>\n<li>Adhiere firmemente sobre hormig\u00f3n, morteros, fibrocemento, acero, aluminio, madera, mortero epoxi, aun sobre superficies con \u00f3xido firmemente adherido y adecuadamente tratados.<\/li>\n<\/ul>\n<h3>Usos<\/h3>\n<hr \/>\n<ul>\n<li>Revestimiento decorativo para: pisos interiores, paredes, mesadas, sanitarios,\u00a0vestuarios, edificios p\u00fablicos, laboratorios, etc.<\/li>\n<li>Protege hormigones, hierros en tanques, dep\u00f3sitos, cisternas, silos, etc.<\/li>\n<li>Protege m\u00e1quinas, ca\u00f1er\u00edas, instalaciones y construcciones met\u00e1licas en industrias.<\/li>\n<\/ul>\n<p><strong>Presentaciones:<\/strong> Kit Pre-Dosificado 5 kg- 20 Kg.<\/p>\n<p><strong>Colores:<\/strong> Blanco y Claros, \u00a0Colores Medios, \u00a0Colores Intensos<\/p>\n<p>[vc_row][vc_column][vc_btn title=&#8221;Ficha T\u00e9cnica&#8221; color=&#8221;warning&#8221; link=&#8221;url:http%3A%2F%2Ftecnourquiza.com.ar%2Fwp-content%2Fuploads%2F2020%2F01%2FHoja-t%C3%A9cnica-de-producto-Poxikrete-210-SP.pdf|title:Ficha%20T%C3%A9cnica|target:%20_blank|&#8221;][\/vc_column][\/vc_row]<\/p>\n","protected":false},"excerpt":{"rendered":"<p>Pintura\u00a0epoxi autoimprimante de alta performance para usos\u00a0generales.<\/p>\n<p>Poxikrete 210 SP es un revestimiento autoimprimante en dos componentes de alto contenido de s\u00f3lidos, basado en un sistema de resinas epoxi combinadas con endurecedores de alta prestaci\u00f3n que otorgan al sistema variada resistencia qu\u00edmica, a\u00a0la abrasi\u00f3n y mec\u00e1nica adem\u00e1s de una excelente terminaci\u00f3n lisa y brillante.<\/p>\n","protected":false},"featured_media":8560,"comment_status":"open","ping_status":"closed","template":"","meta":[],"product_brand":[],"product_cat":[186,178],"product_tag":[172,187],"class_list":{"0":"post-8537","1":"product","2":"type-product","3":"status-publish","4":"has-post-thumbnail","6":"product_cat-pisos-y-revestimientos-industriales-protex","7":"product_cat-protex","8":"product_tag-autoimprimante","9":"product_tag-pintura-epoxi","11":"first","12":"instock","13":"shipping-taxable","14":"product-type-simple"},"yoast_head":"<!-- This site is optimized with the Yoast SEO plugin v27.2 - https:\/\/yoast.com\/product\/yoast-seo-wordpress\/ -->\n<title>PISOS Kit Pre-dosificado 20 kg Blanco y claros (PROTEX) - Tecnourquiza, productos SIKA Argentina<\/title>\n<meta name=\"robots\" content=\"index, follow, max-snippet:-1, max-image-preview:large, max-video-preview:-1\" \/>\n<link rel=\"canonical\" href=\"https:\/\/tecnourquiza.com.ar\/?product=pisos-kit-pre-dosificado-20-kg-blanco-y-claros\" \/>\n<meta property=\"og:locale\" content=\"es_ES\" \/>\n<meta property=\"og:type\" content=\"article\" \/>\n<meta property=\"og:title\" content=\"PISOS Kit Pre-dosificado 20 kg Blanco y claros (PROTEX) - Tecnourquiza, productos SIKA Argentina\" \/>\n<meta property=\"og:description\" content=\"Pintura\u00a0epoxi autoimprimante de alta performance para usos\u00a0generales.  Poxikrete 210 SP es un revestimiento autoimprimante en dos componentes de alto contenido de s\u00f3lidos, basado en un sistema de resinas epoxi combinadas con endurecedores de alta prestaci\u00f3n que otorgan al sistema variada resistencia qu\u00edmica, a\u00a0la abrasi\u00f3n y mec\u00e1nica adem\u00e1s de una excelente terminaci\u00f3n lisa y brillante.\" \/>\n<meta property=\"og:url\" content=\"https:\/\/tecnourquiza.com.ar\/?product=pisos-kit-pre-dosificado-20-kg-blanco-y-claros\" \/>\n<meta property=\"og:site_name\" content=\"Tecnourquiza, productos SIKA Argentina\" \/>\n<meta property=\"article:modified_time\" content=\"2021-03-11T16:44:49+00:00\" \/>\n<meta property=\"og:image\" content=\"https:\/\/tecnourquiza.com.ar\/wp-content\/uploads\/2020\/01\/POXIKRETE-210-SP-PINTURA-EPOXI2.jpg\" \/>\n\t<meta property=\"og:image:width\" content=\"450\" \/>\n\t<meta property=\"og:image:height\" content=\"550\" \/>\n\t<meta property=\"og:image:type\" content=\"image\/jpeg\" \/>\n<meta name=\"twitter:card\" content=\"summary_large_image\" \/>\n<meta name=\"twitter:label1\" content=\"Tiempo de lectura\" \/>\n\t<meta name=\"twitter:data1\" content=\"1 minuto\" \/>\n<script type=\"application\/ld+json\" class=\"yoast-schema-graph\">{\"@context\":\"https:\/\/schema.org\",\"@graph\":[{\"@type\":\"WebPage\",\"@id\":\"https:\/\/tecnourquiza.com.ar\/?product=pisos-kit-pre-dosificado-20-kg-blanco-y-claros\",\"url\":\"https:\/\/tecnourquiza.com.ar\/?product=pisos-kit-pre-dosificado-20-kg-blanco-y-claros\",\"name\":\"PISOS Kit Pre-dosificado 20 kg Blanco y claros (PROTEX) - Tecnourquiza, productos SIKA Argentina\",\"isPartOf\":{\"@id\":\"https:\/\/tecnourquiza.com.ar\/#website\"},\"primaryImageOfPage\":{\"@id\":\"https:\/\/tecnourquiza.com.ar\/?product=pisos-kit-pre-dosificado-20-kg-blanco-y-claros#primaryimage\"},\"image\":{\"@id\":\"https:\/\/tecnourquiza.com.ar\/?product=pisos-kit-pre-dosificado-20-kg-blanco-y-claros#primaryimage\"},\"thumbnailUrl\":\"https:\/\/tecnourquiza.com.ar\/wp-content\/uploads\/2020\/01\/POXIKRETE-210-SP-PINTURA-EPOXI2.jpg\",\"datePublished\":\"2020-01-09T20:55:41+00:00\",\"dateModified\":\"2021-03-11T16:44:49+00:00\",\"breadcrumb\":{\"@id\":\"https:\/\/tecnourquiza.com.ar\/?product=pisos-kit-pre-dosificado-20-kg-blanco-y-claros#breadcrumb\"},\"inLanguage\":\"es\",\"potentialAction\":[{\"@type\":\"ReadAction\",\"target\":[\"https:\/\/tecnourquiza.com.ar\/?product=pisos-kit-pre-dosificado-20-kg-blanco-y-claros\"]}]},{\"@type\":\"ImageObject\",\"inLanguage\":\"es\",\"@id\":\"https:\/\/tecnourquiza.com.ar\/?product=pisos-kit-pre-dosificado-20-kg-blanco-y-claros#primaryimage\",\"url\":\"https:\/\/tecnourquiza.com.ar\/wp-content\/uploads\/2020\/01\/POXIKRETE-210-SP-PINTURA-EPOXI2.jpg\",\"contentUrl\":\"https:\/\/tecnourquiza.com.ar\/wp-content\/uploads\/2020\/01\/POXIKRETE-210-SP-PINTURA-EPOXI2.jpg\",\"width\":450,\"height\":550},{\"@type\":\"BreadcrumbList\",\"@id\":\"https:\/\/tecnourquiza.com.ar\/?product=pisos-kit-pre-dosificado-20-kg-blanco-y-claros#breadcrumb\",\"itemListElement\":[{\"@type\":\"ListItem\",\"position\":1,\"name\":\"Portada\",\"item\":\"https:\/\/tecnourquiza.com.ar\/\"},{\"@type\":\"ListItem\",\"position\":2,\"name\":\"Productos\",\"item\":\"https:\/\/tecnourquiza.com.ar\/?post_type=product\"},{\"@type\":\"ListItem\",\"position\":3,\"name\":\"PISOS Kit Pre-dosificado 20 kg Blanco y claros (PROTEX)\"}]},{\"@type\":\"WebSite\",\"@id\":\"https:\/\/tecnourquiza.com.ar\/#website\",\"url\":\"https:\/\/tecnourquiza.com.ar\/\",\"name\":\"Tecnourquiza, productos SIKA Argentina\",\"description\":\"Comercializamos productos de la marca Sika Argentina\",\"publisher\":{\"@id\":\"https:\/\/tecnourquiza.com.ar\/#organization\"},\"potentialAction\":[{\"@type\":\"SearchAction\",\"target\":{\"@type\":\"EntryPoint\",\"urlTemplate\":\"https:\/\/tecnourquiza.com.ar\/?s={search_term_string}\"},\"query-input\":{\"@type\":\"PropertyValueSpecification\",\"valueRequired\":true,\"valueName\":\"search_term_string\"}}],\"inLanguage\":\"es\"},{\"@type\":\"Organization\",\"@id\":\"https:\/\/tecnourquiza.com.ar\/#organization\",\"name\":\"Tecnourquiza, productos SIKA Argentina\",\"url\":\"https:\/\/tecnourquiza.com.ar\/\",\"logo\":{\"@type\":\"ImageObject\",\"inLanguage\":\"es\",\"@id\":\"https:\/\/tecnourquiza.com.ar\/#\/schema\/logo\/image\/\",\"url\":\"https:\/\/tecnourquiza.com.ar\/wp-content\/uploads\/2025\/05\/logo-tecnourquiza-transparente.png\",\"contentUrl\":\"https:\/\/tecnourquiza.com.ar\/wp-content\/uploads\/2025\/05\/logo-tecnourquiza-transparente.png\",\"width\":360,\"height\":74,\"caption\":\"Tecnourquiza, productos SIKA Argentina\"},\"image\":{\"@id\":\"https:\/\/tecnourquiza.com.ar\/#\/schema\/logo\/image\/\"}}]}<\/script>\n<!-- \/ Yoast SEO plugin. -->","yoast_head_json":{"title":"PISOS Kit Pre-dosificado 20 kg Blanco y claros (PROTEX) - Tecnourquiza, productos SIKA Argentina","robots":{"index":"index","follow":"follow","max-snippet":"max-snippet:-1","max-image-preview":"max-image-preview:large","max-video-preview":"max-video-preview:-1"},"canonical":"https:\/\/tecnourquiza.com.ar\/?product=pisos-kit-pre-dosificado-20-kg-blanco-y-claros","og_locale":"es_ES","og_type":"article","og_title":"PISOS Kit Pre-dosificado 20 kg Blanco y claros (PROTEX) - Tecnourquiza, productos SIKA Argentina","og_description":"Pintura\u00a0epoxi autoimprimante de alta performance para usos\u00a0generales.  Poxikrete 210 SP es un revestimiento autoimprimante en dos componentes de alto contenido de s\u00f3lidos, basado en un sistema de resinas epoxi combinadas con endurecedores de alta prestaci\u00f3n que otorgan al sistema variada resistencia qu\u00edmica, a\u00a0la abrasi\u00f3n y mec\u00e1nica adem\u00e1s de una excelente terminaci\u00f3n lisa y brillante.","og_url":"https:\/\/tecnourquiza.com.ar\/?product=pisos-kit-pre-dosificado-20-kg-blanco-y-claros","og_site_name":"Tecnourquiza, productos SIKA Argentina","article_modified_time":"2021-03-11T16:44:49+00:00","og_image":[{"width":450,"height":550,"url":"https:\/\/tecnourquiza.com.ar\/wp-content\/uploads\/2020\/01\/POXIKRETE-210-SP-PINTURA-EPOXI2.jpg","type":"image\/jpeg"}],"twitter_card":"summary_large_image","twitter_misc":{"Tiempo de lectura":"1 minuto"},"schema":{"@context":"https:\/\/schema.org","@graph":[{"@type":"WebPage","@id":"https:\/\/tecnourquiza.com.ar\/?product=pisos-kit-pre-dosificado-20-kg-blanco-y-claros","url":"https:\/\/tecnourquiza.com.ar\/?product=pisos-kit-pre-dosificado-20-kg-blanco-y-claros","name":"PISOS Kit Pre-dosificado 20 kg Blanco y claros (PROTEX) - Tecnourquiza, productos SIKA Argentina","isPartOf":{"@id":"https:\/\/tecnourquiza.com.ar\/#website"},"primaryImageOfPage":{"@id":"https:\/\/tecnourquiza.com.ar\/?product=pisos-kit-pre-dosificado-20-kg-blanco-y-claros#primaryimage"},"image":{"@id":"https:\/\/tecnourquiza.com.ar\/?product=pisos-kit-pre-dosificado-20-kg-blanco-y-claros#primaryimage"},"thumbnailUrl":"https:\/\/tecnourquiza.com.ar\/wp-content\/uploads\/2020\/01\/POXIKRETE-210-SP-PINTURA-EPOXI2.jpg","datePublished":"2020-01-09T20:55:41+00:00","dateModified":"2021-03-11T16:44:49+00:00","breadcrumb":{"@id":"https:\/\/tecnourquiza.com.ar\/?product=pisos-kit-pre-dosificado-20-kg-blanco-y-claros#breadcrumb"},"inLanguage":"es","potentialAction":[{"@type":"ReadAction","target":["https:\/\/tecnourquiza.com.ar\/?product=pisos-kit-pre-dosificado-20-kg-blanco-y-claros"]}]},{"@type":"ImageObject","inLanguage":"es","@id":"https:\/\/tecnourquiza.com.ar\/?product=pisos-kit-pre-dosificado-20-kg-blanco-y-claros#primaryimage","url":"https:\/\/tecnourquiza.com.ar\/wp-content\/uploads\/2020\/01\/POXIKRETE-210-SP-PINTURA-EPOXI2.jpg","contentUrl":"https:\/\/tecnourquiza.com.ar\/wp-content\/uploads\/2020\/01\/POXIKRETE-210-SP-PINTURA-EPOXI2.jpg","width":450,"height":550},{"@type":"BreadcrumbList","@id":"https:\/\/tecnourquiza.com.ar\/?product=pisos-kit-pre-dosificado-20-kg-blanco-y-claros#breadcrumb","itemListElement":[{"@type":"ListItem","position":1,"name":"Portada","item":"https:\/\/tecnourquiza.com.ar\/"},{"@type":"ListItem","position":2,"name":"Productos","item":"https:\/\/tecnourquiza.com.ar\/?post_type=product"},{"@type":"ListItem","position":3,"name":"PISOS Kit Pre-dosificado 20 kg Blanco y claros (PROTEX)"}]},{"@type":"WebSite","@id":"https:\/\/tecnourquiza.com.ar\/#website","url":"https:\/\/tecnourquiza.com.ar\/","name":"Tecnourquiza, productos SIKA Argentina","description":"Comercializamos productos de la marca Sika Argentina","publisher":{"@id":"https:\/\/tecnourquiza.com.ar\/#organization"},"potentialAction":[{"@type":"SearchAction","target":{"@type":"EntryPoint","urlTemplate":"https:\/\/tecnourquiza.com.ar\/?s={search_term_string}"},"query-input":{"@type":"PropertyValueSpecification","valueRequired":true,"valueName":"search_term_string"}}],"inLanguage":"es"},{"@type":"Organization","@id":"https:\/\/tecnourquiza.com.ar\/#organization","name":"Tecnourquiza, productos SIKA Argentina","url":"https:\/\/tecnourquiza.com.ar\/","logo":{"@type":"ImageObject","inLanguage":"es","@id":"https:\/\/tecnourquiza.com.ar\/#\/schema\/logo\/image\/","url":"https:\/\/tecnourquiza.com.ar\/wp-content\/uploads\/2025\/05\/logo-tecnourquiza-transparente.png","contentUrl":"https:\/\/tecnourquiza.com.ar\/wp-content\/uploads\/2025\/05\/logo-tecnourquiza-transparente.png","width":360,"height":74,"caption":"Tecnourquiza, productos SIKA Argentina"},"image":{"@id":"https:\/\/tecnourquiza.com.ar\/#\/schema\/logo\/image\/"}}]}},"_links":{"self":[{"href":"https:\/\/tecnourquiza.com.ar\/index.php?rest_route=\/wp\/v2\/product\/8537","targetHints":{"allow":["GET"]}}],"collection":[{"href":"https:\/\/tecnourquiza.com.ar\/index.php?rest_route=\/wp\/v2\/product"}],"about":[{"href":"https:\/\/tecnourquiza.com.ar\/index.php?rest_route=\/wp\/v2\/types\/product"}],"replies":[{"embeddable":true,"href":"https:\/\/tecnourquiza.com.ar\/index.php?rest_route=%2Fwp%2Fv2%2Fcomments&post=8537"}],"wp:featuredmedia":[{"embeddable":true,"href":"https:\/\/tecnourquiza.com.ar\/index.php?rest_route=\/wp\/v2\/media\/8560"}],"wp:attachment":[{"href":"https:\/\/tecnourquiza.com.ar\/index.php?rest_route=%2Fwp%2Fv2%2Fmedia&parent=8537"}],"wp:term":[{"taxonomy":"product_brand","embeddable":true,"href":"https:\/\/tecnourquiza.com.ar\/index.php?rest_route=%2Fwp%2Fv2%2Fproduct_brand&post=8537"},{"taxonomy":"product_cat","embeddable":true,"href":"https:\/\/tecnourquiza.com.ar\/index.php?rest_route=%2Fwp%2Fv2%2Fproduct_cat&post=8537"},{"taxonomy":"product_tag","embeddable":true,"href":"https:\/\/tecnourquiza.com.ar\/index.php?rest_route=%2Fwp%2Fv2%2Fproduct_tag&post=8537"}],"curies":[{"name":"wp","href":"https:\/\/api.w.org\/{rel}","templated":true}]}}