{"id":8522,"date":"2020-01-09T20:25:36","date_gmt":"2020-01-09T20:25:36","guid":{"rendered":"http:\/\/tecnourquiza.com.ar\/?post_type=product&#038;p=8522"},"modified":"2021-03-11T16:45:06","modified_gmt":"2021-03-11T16:45:06","slug":"frio-10-sc-bidon-5-kg","status":"publish","type":"product","link":"https:\/\/tecnourquiza.com.ar\/?product=frio-10-sc-bidon-5-kg","title":{"rendered":"FRIO \u2013 10 SC Bidon 5 kg (PROTEX)"},"content":{"rendered":"<div class=\"box-ficha-producto\">\n<div class=\"info-box-ficha\">\n<h3>Usos<\/h3>\n<\/div>\n<\/div>\n<div class=\"panel-group\" role=\"tablist\" aria-multiselectable=\"false\">\n<div class=\"panel box-ficha-producto\">\n<hr \/>\n<div id=\"desc-0\" class=\"info-box-ficha panel-collapse collapsed \" role=\"tabpanel\" aria-labelledby=\"headingOne\">\n<ul>\n<li>Se emplea para la ejecuci\u00f3n de hormigones en climas fr\u00edos y a\u00fan en zonas de deshielos.<\/li>\n<li>Es apto para ser utilizado en hormigones simples y armados.<\/li>\n<li>Brinda una elevada calidad de terminaci\u00f3n.<\/li>\n<li>Proporciona crecientes resistencias en la construcci\u00f3n de grandes estructuras de contenci\u00f3n, canales, t\u00faneles, etc.<\/li>\n<li>Para hormigonar a temperaturas de ambiente bajas, permitiendo el frag\u00fce de las mezclas y un r\u00e1pido desencofrado.<\/li>\n<\/ul>\n<h3>Ventajas<\/h3>\n<\/div>\n<\/div>\n<div class=\"panel box-ficha-producto\">\n<hr \/>\n<div id=\"desc-1\" class=\"info-box-ficha panel-collapse collapsed \" role=\"tabpanel\" aria-labelledby=\"headingOne\">\n<ul>\n<li>Permite elaborar hormigones en \u00e9pocas invernales o en zonas de intensos fr\u00edos y heladas.<\/li>\n<li>Promueve una eficaz resistencia del agua del hormig\u00f3n fresco ante el congelamiento.<\/li>\n<li>Acelera el frag\u00fce del cemento a bajas temperaturas.<\/li>\n<li>Permite acortar los per\u00edodos de protecci\u00f3n, como tambi\u00e9n la temperatura del curado.<\/li>\n<li>Otorga una mayor impermeabilidad y durabilidad al hormig\u00f3n elevando adem\u00e1s sus resistencias mec\u00e1nicas.<\/li>\n<li>F\u00e1cil de utilizar porque se diluye en el agua de amasado.<\/li>\n<\/ul>\n<p class=\"title\"><strong>Presentaciones: <\/strong>Bid\u00f3n de\u00a05 Kg. \/ Balde de 25 Kg. \/ Tambor de 240 Kg.<\/p>\n<p>[vc_row][vc_column][vc_btn title=&#8221;Ficha T\u00e9cnica&#8221; color=&#8221;warning&#8221; link=&#8221;url:http%3A%2F%2Ftecnourquiza.com.ar%2Fwp-content%2Fuploads%2F2020%2F01%2FHoja-t%C3%A9cnica-producto-Protex-Frio-10-SC.pdf|title:Ficha%20T%C3%A9cnica|target:%20_blank|&#8221;][\/vc_column][\/vc_row]<\/p>\n<\/div>\n<\/div>\n<\/div>\n","protected":false},"excerpt":{"rendered":"<p>Aditivo anticongelante para hormig\u00f3n, libre de cloruros.<\/p>\n<p>Protex Fr\u00edo -10 sc es un aditivo l\u00edquido color rojo, peso espec\u00edfico 1,37 kg\/L formulado para utilizar en morteros y hormigones realizados en zonas de climas fr\u00edos o en \u00e9poca invernal. No contiene cloruros, no es t\u00f3xico ni inflamable. Cumple con la norma ASTM C 494 tipo C.<\/p>\n","protected":false},"featured_media":8523,"comment_status":"open","ping_status":"closed","template":"","meta":[],"product_brand":[],"product_cat":[181,178],"product_tag":[183,145],"class_list":{"0":"post-8522","1":"product","2":"type-product","3":"status-publish","4":"has-post-thumbnail","6":"product_cat-aditivos-para-hormigon-protex","7":"product_cat-protex","8":"product_tag-aditivo-anticongelante","9":"product_tag-aditivo-liquido-inorganico","11":"first","12":"instock","13":"shipping-taxable","14":"product-type-simple"},"yoast_head":"<!-- This site is optimized with the Yoast SEO plugin v27.2 - https:\/\/yoast.com\/product\/yoast-seo-wordpress\/ -->\n<title>FRIO \u2013 10 SC Bidon 5 kg (PROTEX) - Tecnourquiza, productos SIKA Argentina<\/title>\n<meta name=\"robots\" content=\"index, follow, max-snippet:-1, max-image-preview:large, max-video-preview:-1\" \/>\n<link rel=\"canonical\" href=\"https:\/\/tecnourquiza.com.ar\/?product=frio-10-sc-bidon-5-kg\" \/>\n<meta property=\"og:locale\" content=\"es_ES\" \/>\n<meta property=\"og:type\" content=\"article\" \/>\n<meta property=\"og:title\" content=\"FRIO \u2013 10 SC Bidon 5 kg (PROTEX) - Tecnourquiza, productos SIKA Argentina\" \/>\n<meta property=\"og:description\" content=\"Aditivo anticongelante para hormig\u00f3n, libre de cloruros.  Protex Fr\u00edo -10 sc es un aditivo l\u00edquido color rojo, peso espec\u00edfico 1,37 kg\/L formulado para utilizar en morteros y hormigones realizados en zonas de climas fr\u00edos o en \u00e9poca invernal. No contiene cloruros, no es t\u00f3xico ni inflamable. Cumple con la norma ASTM C 494 tipo C.\" \/>\n<meta property=\"og:url\" content=\"https:\/\/tecnourquiza.com.ar\/?product=frio-10-sc-bidon-5-kg\" \/>\n<meta property=\"og:site_name\" content=\"Tecnourquiza, productos SIKA Argentina\" \/>\n<meta property=\"article:modified_time\" content=\"2021-03-11T16:45:06+00:00\" \/>\n<meta property=\"og:image\" content=\"https:\/\/tecnourquiza.com.ar\/wp-content\/uploads\/2020\/01\/FRIO-\u2013-10-SC-Bidon.png\" \/>\n\t<meta property=\"og:image:width\" content=\"217\" \/>\n\t<meta property=\"og:image:height\" content=\"243\" \/>\n\t<meta property=\"og:image:type\" content=\"image\/png\" \/>\n<meta name=\"twitter:card\" content=\"summary_large_image\" \/>\n<meta name=\"twitter:label1\" content=\"Tiempo de lectura\" \/>\n\t<meta name=\"twitter:data1\" content=\"1 minuto\" \/>\n<script type=\"application\/ld+json\" class=\"yoast-schema-graph\">{\"@context\":\"https:\/\/schema.org\",\"@graph\":[{\"@type\":\"WebPage\",\"@id\":\"https:\/\/tecnourquiza.com.ar\/?product=frio-10-sc-bidon-5-kg\",\"url\":\"https:\/\/tecnourquiza.com.ar\/?product=frio-10-sc-bidon-5-kg\",\"name\":\"FRIO \u2013 10 SC Bidon 5 kg (PROTEX) - Tecnourquiza, productos SIKA Argentina\",\"isPartOf\":{\"@id\":\"https:\/\/tecnourquiza.com.ar\/#website\"},\"primaryImageOfPage\":{\"@id\":\"https:\/\/tecnourquiza.com.ar\/?product=frio-10-sc-bidon-5-kg#primaryimage\"},\"image\":{\"@id\":\"https:\/\/tecnourquiza.com.ar\/?product=frio-10-sc-bidon-5-kg#primaryimage\"},\"thumbnailUrl\":\"https:\/\/tecnourquiza.com.ar\/wp-content\/uploads\/2020\/01\/FRIO-\u2013-10-SC-Bidon.png\",\"datePublished\":\"2020-01-09T20:25:36+00:00\",\"dateModified\":\"2021-03-11T16:45:06+00:00\",\"breadcrumb\":{\"@id\":\"https:\/\/tecnourquiza.com.ar\/?product=frio-10-sc-bidon-5-kg#breadcrumb\"},\"inLanguage\":\"es\",\"potentialAction\":[{\"@type\":\"ReadAction\",\"target\":[\"https:\/\/tecnourquiza.com.ar\/?product=frio-10-sc-bidon-5-kg\"]}]},{\"@type\":\"ImageObject\",\"inLanguage\":\"es\",\"@id\":\"https:\/\/tecnourquiza.com.ar\/?product=frio-10-sc-bidon-5-kg#primaryimage\",\"url\":\"https:\/\/tecnourquiza.com.ar\/wp-content\/uploads\/2020\/01\/FRIO-\u2013-10-SC-Bidon.png\",\"contentUrl\":\"https:\/\/tecnourquiza.com.ar\/wp-content\/uploads\/2020\/01\/FRIO-\u2013-10-SC-Bidon.png\",\"width\":217,\"height\":243},{\"@type\":\"BreadcrumbList\",\"@id\":\"https:\/\/tecnourquiza.com.ar\/?product=frio-10-sc-bidon-5-kg#breadcrumb\",\"itemListElement\":[{\"@type\":\"ListItem\",\"position\":1,\"name\":\"Portada\",\"item\":\"https:\/\/tecnourquiza.com.ar\/\"},{\"@type\":\"ListItem\",\"position\":2,\"name\":\"Productos\",\"item\":\"https:\/\/tecnourquiza.com.ar\/?post_type=product\"},{\"@type\":\"ListItem\",\"position\":3,\"name\":\"FRIO \u2013 10 SC Bidon 5 kg (PROTEX)\"}]},{\"@type\":\"WebSite\",\"@id\":\"https:\/\/tecnourquiza.com.ar\/#website\",\"url\":\"https:\/\/tecnourquiza.com.ar\/\",\"name\":\"Tecnourquiza, productos SIKA Argentina\",\"description\":\"Comercializamos productos de la marca Sika Argentina\",\"publisher\":{\"@id\":\"https:\/\/tecnourquiza.com.ar\/#organization\"},\"potentialAction\":[{\"@type\":\"SearchAction\",\"target\":{\"@type\":\"EntryPoint\",\"urlTemplate\":\"https:\/\/tecnourquiza.com.ar\/?s={search_term_string}\"},\"query-input\":{\"@type\":\"PropertyValueSpecification\",\"valueRequired\":true,\"valueName\":\"search_term_string\"}}],\"inLanguage\":\"es\"},{\"@type\":\"Organization\",\"@id\":\"https:\/\/tecnourquiza.com.ar\/#organization\",\"name\":\"Tecnourquiza, productos SIKA Argentina\",\"url\":\"https:\/\/tecnourquiza.com.ar\/\",\"logo\":{\"@type\":\"ImageObject\",\"inLanguage\":\"es\",\"@id\":\"https:\/\/tecnourquiza.com.ar\/#\/schema\/logo\/image\/\",\"url\":\"https:\/\/tecnourquiza.com.ar\/wp-content\/uploads\/2025\/05\/logo-tecnourquiza-transparente.png\",\"contentUrl\":\"https:\/\/tecnourquiza.com.ar\/wp-content\/uploads\/2025\/05\/logo-tecnourquiza-transparente.png\",\"width\":360,\"height\":74,\"caption\":\"Tecnourquiza, productos SIKA Argentina\"},\"image\":{\"@id\":\"https:\/\/tecnourquiza.com.ar\/#\/schema\/logo\/image\/\"}}]}<\/script>\n<!-- \/ Yoast SEO plugin. -->","yoast_head_json":{"title":"FRIO \u2013 10 SC Bidon 5 kg (PROTEX) - Tecnourquiza, productos SIKA Argentina","robots":{"index":"index","follow":"follow","max-snippet":"max-snippet:-1","max-image-preview":"max-image-preview:large","max-video-preview":"max-video-preview:-1"},"canonical":"https:\/\/tecnourquiza.com.ar\/?product=frio-10-sc-bidon-5-kg","og_locale":"es_ES","og_type":"article","og_title":"FRIO \u2013 10 SC Bidon 5 kg (PROTEX) - Tecnourquiza, productos SIKA Argentina","og_description":"Aditivo anticongelante para hormig\u00f3n, libre de cloruros.  Protex Fr\u00edo -10 sc es un aditivo l\u00edquido color rojo, peso espec\u00edfico 1,37 kg\/L formulado para utilizar en morteros y hormigones realizados en zonas de climas fr\u00edos o en \u00e9poca invernal. No contiene cloruros, no es t\u00f3xico ni inflamable. Cumple con la norma ASTM C 494 tipo C.","og_url":"https:\/\/tecnourquiza.com.ar\/?product=frio-10-sc-bidon-5-kg","og_site_name":"Tecnourquiza, productos SIKA Argentina","article_modified_time":"2021-03-11T16:45:06+00:00","og_image":[{"width":217,"height":243,"url":"https:\/\/tecnourquiza.com.ar\/wp-content\/uploads\/2020\/01\/FRIO-\u2013-10-SC-Bidon.png","type":"image\/png"}],"twitter_card":"summary_large_image","twitter_misc":{"Tiempo de lectura":"1 minuto"},"schema":{"@context":"https:\/\/schema.org","@graph":[{"@type":"WebPage","@id":"https:\/\/tecnourquiza.com.ar\/?product=frio-10-sc-bidon-5-kg","url":"https:\/\/tecnourquiza.com.ar\/?product=frio-10-sc-bidon-5-kg","name":"FRIO \u2013 10 SC Bidon 5 kg (PROTEX) - Tecnourquiza, productos SIKA Argentina","isPartOf":{"@id":"https:\/\/tecnourquiza.com.ar\/#website"},"primaryImageOfPage":{"@id":"https:\/\/tecnourquiza.com.ar\/?product=frio-10-sc-bidon-5-kg#primaryimage"},"image":{"@id":"https:\/\/tecnourquiza.com.ar\/?product=frio-10-sc-bidon-5-kg#primaryimage"},"thumbnailUrl":"https:\/\/tecnourquiza.com.ar\/wp-content\/uploads\/2020\/01\/FRIO-\u2013-10-SC-Bidon.png","datePublished":"2020-01-09T20:25:36+00:00","dateModified":"2021-03-11T16:45:06+00:00","breadcrumb":{"@id":"https:\/\/tecnourquiza.com.ar\/?product=frio-10-sc-bidon-5-kg#breadcrumb"},"inLanguage":"es","potentialAction":[{"@type":"ReadAction","target":["https:\/\/tecnourquiza.com.ar\/?product=frio-10-sc-bidon-5-kg"]}]},{"@type":"ImageObject","inLanguage":"es","@id":"https:\/\/tecnourquiza.com.ar\/?product=frio-10-sc-bidon-5-kg#primaryimage","url":"https:\/\/tecnourquiza.com.ar\/wp-content\/uploads\/2020\/01\/FRIO-\u2013-10-SC-Bidon.png","contentUrl":"https:\/\/tecnourquiza.com.ar\/wp-content\/uploads\/2020\/01\/FRIO-\u2013-10-SC-Bidon.png","width":217,"height":243},{"@type":"BreadcrumbList","@id":"https:\/\/tecnourquiza.com.ar\/?product=frio-10-sc-bidon-5-kg#breadcrumb","itemListElement":[{"@type":"ListItem","position":1,"name":"Portada","item":"https:\/\/tecnourquiza.com.ar\/"},{"@type":"ListItem","position":2,"name":"Productos","item":"https:\/\/tecnourquiza.com.ar\/?post_type=product"},{"@type":"ListItem","position":3,"name":"FRIO \u2013 10 SC Bidon 5 kg (PROTEX)"}]},{"@type":"WebSite","@id":"https:\/\/tecnourquiza.com.ar\/#website","url":"https:\/\/tecnourquiza.com.ar\/","name":"Tecnourquiza, productos SIKA Argentina","description":"Comercializamos productos de la marca Sika Argentina","publisher":{"@id":"https:\/\/tecnourquiza.com.ar\/#organization"},"potentialAction":[{"@type":"SearchAction","target":{"@type":"EntryPoint","urlTemplate":"https:\/\/tecnourquiza.com.ar\/?s={search_term_string}"},"query-input":{"@type":"PropertyValueSpecification","valueRequired":true,"valueName":"search_term_string"}}],"inLanguage":"es"},{"@type":"Organization","@id":"https:\/\/tecnourquiza.com.ar\/#organization","name":"Tecnourquiza, productos SIKA Argentina","url":"https:\/\/tecnourquiza.com.ar\/","logo":{"@type":"ImageObject","inLanguage":"es","@id":"https:\/\/tecnourquiza.com.ar\/#\/schema\/logo\/image\/","url":"https:\/\/tecnourquiza.com.ar\/wp-content\/uploads\/2025\/05\/logo-tecnourquiza-transparente.png","contentUrl":"https:\/\/tecnourquiza.com.ar\/wp-content\/uploads\/2025\/05\/logo-tecnourquiza-transparente.png","width":360,"height":74,"caption":"Tecnourquiza, productos SIKA Argentina"},"image":{"@id":"https:\/\/tecnourquiza.com.ar\/#\/schema\/logo\/image\/"}}]}},"_links":{"self":[{"href":"https:\/\/tecnourquiza.com.ar\/index.php?rest_route=\/wp\/v2\/product\/8522","targetHints":{"allow":["GET"]}}],"collection":[{"href":"https:\/\/tecnourquiza.com.ar\/index.php?rest_route=\/wp\/v2\/product"}],"about":[{"href":"https:\/\/tecnourquiza.com.ar\/index.php?rest_route=\/wp\/v2\/types\/product"}],"replies":[{"embeddable":true,"href":"https:\/\/tecnourquiza.com.ar\/index.php?rest_route=%2Fwp%2Fv2%2Fcomments&post=8522"}],"wp:featuredmedia":[{"embeddable":true,"href":"https:\/\/tecnourquiza.com.ar\/index.php?rest_route=\/wp\/v2\/media\/8523"}],"wp:attachment":[{"href":"https:\/\/tecnourquiza.com.ar\/index.php?rest_route=%2Fwp%2Fv2%2Fmedia&parent=8522"}],"wp:term":[{"taxonomy":"product_brand","embeddable":true,"href":"https:\/\/tecnourquiza.com.ar\/index.php?rest_route=%2Fwp%2Fv2%2Fproduct_brand&post=8522"},{"taxonomy":"product_cat","embeddable":true,"href":"https:\/\/tecnourquiza.com.ar\/index.php?rest_route=%2Fwp%2Fv2%2Fproduct_cat&post=8522"},{"taxonomy":"product_tag","embeddable":true,"href":"https:\/\/tecnourquiza.com.ar\/index.php?rest_route=%2Fwp%2Fv2%2Fproduct_tag&post=8522"}],"curies":[{"name":"wp","href":"https:\/\/api.w.org\/{rel}","templated":true}]}}