{"id":8519,"date":"2020-01-09T17:51:15","date_gmt":"2020-01-09T17:51:15","guid":{"rendered":"http:\/\/tecnourquiza.com.ar\/?post_type=product&#038;p=8519"},"modified":"2021-03-11T16:45:11","modified_gmt":"2021-03-11T16:45:11","slug":"emulsion-100-balde-20-lts","status":"publish","type":"product","link":"https:\/\/tecnourquiza.com.ar\/?product=emulsion-100-balde-20-lts","title":{"rendered":"EMULSION 100 Balde 20 Lts (PROTEX)"},"content":{"rendered":"<div class=\"box-ficha-producto\">\n<h3>Usos<\/h3>\n<hr \/>\n<\/div>\n<div class=\"panel-group\" role=\"tablist\" aria-multiselectable=\"false\">\n<div class=\"panel box-ficha-producto\">\n<div id=\"desc-0\" class=\"info-box-ficha panel-collapse collapsed \" role=\"tabpanel\" aria-labelledby=\"headingOne\">\n<p>Para facilitar el desencofrado sobre madera y metal en casos de baja exigencia de prestaci\u00f3n donde se necesite optimizar costos.<\/p>\n<h3>Ventajas<\/h3>\n<hr \/>\n<\/div>\n<\/div>\n<div class=\"panel box-ficha-producto\">\n<div id=\"desc-1\" class=\"info-box-ficha panel-collapse collapsed \" role=\"tabpanel\" aria-labelledby=\"headingOne\">\n<ul>\n<li>Producto base agua.<\/li>\n<li>Mejores acabados en la superficie del concreto.<\/li>\n<li>Ayuda a extender la vida \u00fatil de los moldes.<\/li>\n<li>Facilita la limpieza del material utilizado como encofrado.<\/li>\n<li>No mancha el concreto.<\/li>\n<li>No deja residuos grasosos.<\/li>\n<\/ul>\n<p><strong>Presentaci\u00f3n:\u00a0 <\/strong>Tambor 200 lts \/ Balde 20 lts.<\/p>\n<p>[vc_row][vc_column][vc_btn title=&#8221;Ficha T\u00e9cnica&#8221; color=&#8221;warning&#8221; link=&#8221;url:http%3A%2F%2FHoja-t%C3%A9cnica-de-producto-Emulsion-100|title:Ficha%20T%C3%A9cnica|target:%20_blank|&#8221;][\/vc_column][\/vc_row]<\/p>\n<\/div>\n<\/div>\n<\/div>\n","protected":false},"excerpt":{"rendered":"<p>Desmoldante acuoso.<\/p>\n<p>Emulsi\u00f3n 100 es un producto l\u00edquido color blanco en base a aceites minerales emulsificados en agua especialmente dise\u00f1ado para evitar la adherencia de morteros y hormigones a encofrados y moldes de construcci\u00f3n.<\/p>\n","protected":false},"featured_media":8521,"comment_status":"open","ping_status":"closed","template":"","meta":[],"product_brand":[],"product_cat":[181,178],"product_tag":[182],"class_list":{"0":"post-8519","1":"product","2":"type-product","3":"status-publish","4":"has-post-thumbnail","6":"product_cat-aditivos-para-hormigon-protex","7":"product_cat-protex","8":"product_tag-desmoldante-acuoso","10":"first","11":"instock","12":"shipping-taxable","13":"product-type-simple"},"yoast_head":"<!-- This site is optimized with the Yoast SEO plugin v27.2 - https:\/\/yoast.com\/product\/yoast-seo-wordpress\/ -->\n<title>EMULSION 100 Balde 20 Lts (PROTEX) - Tecnourquiza, productos SIKA Argentina<\/title>\n<meta name=\"robots\" content=\"index, follow, max-snippet:-1, max-image-preview:large, max-video-preview:-1\" \/>\n<link rel=\"canonical\" href=\"https:\/\/tecnourquiza.com.ar\/?product=emulsion-100-balde-20-lts\" \/>\n<meta property=\"og:locale\" content=\"es_ES\" \/>\n<meta property=\"og:type\" content=\"article\" \/>\n<meta property=\"og:title\" content=\"EMULSION 100 Balde 20 Lts (PROTEX) - Tecnourquiza, productos SIKA Argentina\" \/>\n<meta property=\"og:description\" content=\"Desmoldante acuoso.  Emulsi\u00f3n 100 es un producto l\u00edquido color blanco en base a aceites minerales emulsificados en agua especialmente dise\u00f1ado para evitar la adherencia de morteros y hormigones a encofrados y moldes de construcci\u00f3n.\" \/>\n<meta property=\"og:url\" content=\"https:\/\/tecnourquiza.com.ar\/?product=emulsion-100-balde-20-lts\" \/>\n<meta property=\"og:site_name\" content=\"Tecnourquiza, productos SIKA Argentina\" \/>\n<meta property=\"article:modified_time\" content=\"2021-03-11T16:45:11+00:00\" \/>\n<meta property=\"og:image\" content=\"https:\/\/tecnourquiza.com.ar\/wp-content\/uploads\/2020\/01\/EMULSION-100-Balde.jpg\" \/>\n\t<meta property=\"og:image:width\" content=\"300\" \/>\n\t<meta property=\"og:image:height\" content=\"400\" \/>\n\t<meta property=\"og:image:type\" content=\"image\/jpeg\" \/>\n<meta name=\"twitter:card\" content=\"summary_large_image\" \/>\n<script type=\"application\/ld+json\" class=\"yoast-schema-graph\">{\"@context\":\"https:\/\/schema.org\",\"@graph\":[{\"@type\":\"WebPage\",\"@id\":\"https:\/\/tecnourquiza.com.ar\/?product=emulsion-100-balde-20-lts\",\"url\":\"https:\/\/tecnourquiza.com.ar\/?product=emulsion-100-balde-20-lts\",\"name\":\"EMULSION 100 Balde 20 Lts (PROTEX) - Tecnourquiza, productos SIKA Argentina\",\"isPartOf\":{\"@id\":\"https:\/\/tecnourquiza.com.ar\/#website\"},\"primaryImageOfPage\":{\"@id\":\"https:\/\/tecnourquiza.com.ar\/?product=emulsion-100-balde-20-lts#primaryimage\"},\"image\":{\"@id\":\"https:\/\/tecnourquiza.com.ar\/?product=emulsion-100-balde-20-lts#primaryimage\"},\"thumbnailUrl\":\"https:\/\/tecnourquiza.com.ar\/wp-content\/uploads\/2020\/01\/EMULSION-100-Balde.jpg\",\"datePublished\":\"2020-01-09T17:51:15+00:00\",\"dateModified\":\"2021-03-11T16:45:11+00:00\",\"breadcrumb\":{\"@id\":\"https:\/\/tecnourquiza.com.ar\/?product=emulsion-100-balde-20-lts#breadcrumb\"},\"inLanguage\":\"es\",\"potentialAction\":[{\"@type\":\"ReadAction\",\"target\":[\"https:\/\/tecnourquiza.com.ar\/?product=emulsion-100-balde-20-lts\"]}]},{\"@type\":\"ImageObject\",\"inLanguage\":\"es\",\"@id\":\"https:\/\/tecnourquiza.com.ar\/?product=emulsion-100-balde-20-lts#primaryimage\",\"url\":\"https:\/\/tecnourquiza.com.ar\/wp-content\/uploads\/2020\/01\/EMULSION-100-Balde.jpg\",\"contentUrl\":\"https:\/\/tecnourquiza.com.ar\/wp-content\/uploads\/2020\/01\/EMULSION-100-Balde.jpg\",\"width\":300,\"height\":400},{\"@type\":\"BreadcrumbList\",\"@id\":\"https:\/\/tecnourquiza.com.ar\/?product=emulsion-100-balde-20-lts#breadcrumb\",\"itemListElement\":[{\"@type\":\"ListItem\",\"position\":1,\"name\":\"Portada\",\"item\":\"https:\/\/tecnourquiza.com.ar\/\"},{\"@type\":\"ListItem\",\"position\":2,\"name\":\"Productos\",\"item\":\"https:\/\/tecnourquiza.com.ar\/?post_type=product\"},{\"@type\":\"ListItem\",\"position\":3,\"name\":\"EMULSION 100 Balde 20 Lts (PROTEX)\"}]},{\"@type\":\"WebSite\",\"@id\":\"https:\/\/tecnourquiza.com.ar\/#website\",\"url\":\"https:\/\/tecnourquiza.com.ar\/\",\"name\":\"Tecnourquiza, productos SIKA Argentina\",\"description\":\"Comercializamos productos de la marca Sika Argentina\",\"publisher\":{\"@id\":\"https:\/\/tecnourquiza.com.ar\/#organization\"},\"potentialAction\":[{\"@type\":\"SearchAction\",\"target\":{\"@type\":\"EntryPoint\",\"urlTemplate\":\"https:\/\/tecnourquiza.com.ar\/?s={search_term_string}\"},\"query-input\":{\"@type\":\"PropertyValueSpecification\",\"valueRequired\":true,\"valueName\":\"search_term_string\"}}],\"inLanguage\":\"es\"},{\"@type\":\"Organization\",\"@id\":\"https:\/\/tecnourquiza.com.ar\/#organization\",\"name\":\"Tecnourquiza, productos SIKA Argentina\",\"url\":\"https:\/\/tecnourquiza.com.ar\/\",\"logo\":{\"@type\":\"ImageObject\",\"inLanguage\":\"es\",\"@id\":\"https:\/\/tecnourquiza.com.ar\/#\/schema\/logo\/image\/\",\"url\":\"https:\/\/tecnourquiza.com.ar\/wp-content\/uploads\/2025\/05\/logo-tecnourquiza-transparente.png\",\"contentUrl\":\"https:\/\/tecnourquiza.com.ar\/wp-content\/uploads\/2025\/05\/logo-tecnourquiza-transparente.png\",\"width\":360,\"height\":74,\"caption\":\"Tecnourquiza, productos SIKA Argentina\"},\"image\":{\"@id\":\"https:\/\/tecnourquiza.com.ar\/#\/schema\/logo\/image\/\"}}]}<\/script>\n<!-- \/ Yoast SEO plugin. -->","yoast_head_json":{"title":"EMULSION 100 Balde 20 Lts (PROTEX) - Tecnourquiza, productos SIKA Argentina","robots":{"index":"index","follow":"follow","max-snippet":"max-snippet:-1","max-image-preview":"max-image-preview:large","max-video-preview":"max-video-preview:-1"},"canonical":"https:\/\/tecnourquiza.com.ar\/?product=emulsion-100-balde-20-lts","og_locale":"es_ES","og_type":"article","og_title":"EMULSION 100 Balde 20 Lts (PROTEX) - Tecnourquiza, productos SIKA Argentina","og_description":"Desmoldante acuoso.  Emulsi\u00f3n 100 es un producto l\u00edquido color blanco en base a aceites minerales emulsificados en agua especialmente dise\u00f1ado para evitar la adherencia de morteros y hormigones a encofrados y moldes de construcci\u00f3n.","og_url":"https:\/\/tecnourquiza.com.ar\/?product=emulsion-100-balde-20-lts","og_site_name":"Tecnourquiza, productos SIKA Argentina","article_modified_time":"2021-03-11T16:45:11+00:00","og_image":[{"width":300,"height":400,"url":"https:\/\/tecnourquiza.com.ar\/wp-content\/uploads\/2020\/01\/EMULSION-100-Balde.jpg","type":"image\/jpeg"}],"twitter_card":"summary_large_image","schema":{"@context":"https:\/\/schema.org","@graph":[{"@type":"WebPage","@id":"https:\/\/tecnourquiza.com.ar\/?product=emulsion-100-balde-20-lts","url":"https:\/\/tecnourquiza.com.ar\/?product=emulsion-100-balde-20-lts","name":"EMULSION 100 Balde 20 Lts (PROTEX) - Tecnourquiza, productos SIKA Argentina","isPartOf":{"@id":"https:\/\/tecnourquiza.com.ar\/#website"},"primaryImageOfPage":{"@id":"https:\/\/tecnourquiza.com.ar\/?product=emulsion-100-balde-20-lts#primaryimage"},"image":{"@id":"https:\/\/tecnourquiza.com.ar\/?product=emulsion-100-balde-20-lts#primaryimage"},"thumbnailUrl":"https:\/\/tecnourquiza.com.ar\/wp-content\/uploads\/2020\/01\/EMULSION-100-Balde.jpg","datePublished":"2020-01-09T17:51:15+00:00","dateModified":"2021-03-11T16:45:11+00:00","breadcrumb":{"@id":"https:\/\/tecnourquiza.com.ar\/?product=emulsion-100-balde-20-lts#breadcrumb"},"inLanguage":"es","potentialAction":[{"@type":"ReadAction","target":["https:\/\/tecnourquiza.com.ar\/?product=emulsion-100-balde-20-lts"]}]},{"@type":"ImageObject","inLanguage":"es","@id":"https:\/\/tecnourquiza.com.ar\/?product=emulsion-100-balde-20-lts#primaryimage","url":"https:\/\/tecnourquiza.com.ar\/wp-content\/uploads\/2020\/01\/EMULSION-100-Balde.jpg","contentUrl":"https:\/\/tecnourquiza.com.ar\/wp-content\/uploads\/2020\/01\/EMULSION-100-Balde.jpg","width":300,"height":400},{"@type":"BreadcrumbList","@id":"https:\/\/tecnourquiza.com.ar\/?product=emulsion-100-balde-20-lts#breadcrumb","itemListElement":[{"@type":"ListItem","position":1,"name":"Portada","item":"https:\/\/tecnourquiza.com.ar\/"},{"@type":"ListItem","position":2,"name":"Productos","item":"https:\/\/tecnourquiza.com.ar\/?post_type=product"},{"@type":"ListItem","position":3,"name":"EMULSION 100 Balde 20 Lts (PROTEX)"}]},{"@type":"WebSite","@id":"https:\/\/tecnourquiza.com.ar\/#website","url":"https:\/\/tecnourquiza.com.ar\/","name":"Tecnourquiza, productos SIKA Argentina","description":"Comercializamos productos de la marca Sika Argentina","publisher":{"@id":"https:\/\/tecnourquiza.com.ar\/#organization"},"potentialAction":[{"@type":"SearchAction","target":{"@type":"EntryPoint","urlTemplate":"https:\/\/tecnourquiza.com.ar\/?s={search_term_string}"},"query-input":{"@type":"PropertyValueSpecification","valueRequired":true,"valueName":"search_term_string"}}],"inLanguage":"es"},{"@type":"Organization","@id":"https:\/\/tecnourquiza.com.ar\/#organization","name":"Tecnourquiza, productos SIKA Argentina","url":"https:\/\/tecnourquiza.com.ar\/","logo":{"@type":"ImageObject","inLanguage":"es","@id":"https:\/\/tecnourquiza.com.ar\/#\/schema\/logo\/image\/","url":"https:\/\/tecnourquiza.com.ar\/wp-content\/uploads\/2025\/05\/logo-tecnourquiza-transparente.png","contentUrl":"https:\/\/tecnourquiza.com.ar\/wp-content\/uploads\/2025\/05\/logo-tecnourquiza-transparente.png","width":360,"height":74,"caption":"Tecnourquiza, productos SIKA Argentina"},"image":{"@id":"https:\/\/tecnourquiza.com.ar\/#\/schema\/logo\/image\/"}}]}},"_links":{"self":[{"href":"https:\/\/tecnourquiza.com.ar\/index.php?rest_route=\/wp\/v2\/product\/8519","targetHints":{"allow":["GET"]}}],"collection":[{"href":"https:\/\/tecnourquiza.com.ar\/index.php?rest_route=\/wp\/v2\/product"}],"about":[{"href":"https:\/\/tecnourquiza.com.ar\/index.php?rest_route=\/wp\/v2\/types\/product"}],"replies":[{"embeddable":true,"href":"https:\/\/tecnourquiza.com.ar\/index.php?rest_route=%2Fwp%2Fv2%2Fcomments&post=8519"}],"wp:featuredmedia":[{"embeddable":true,"href":"https:\/\/tecnourquiza.com.ar\/index.php?rest_route=\/wp\/v2\/media\/8521"}],"wp:attachment":[{"href":"https:\/\/tecnourquiza.com.ar\/index.php?rest_route=%2Fwp%2Fv2%2Fmedia&parent=8519"}],"wp:term":[{"taxonomy":"product_brand","embeddable":true,"href":"https:\/\/tecnourquiza.com.ar\/index.php?rest_route=%2Fwp%2Fv2%2Fproduct_brand&post=8519"},{"taxonomy":"product_cat","embeddable":true,"href":"https:\/\/tecnourquiza.com.ar\/index.php?rest_route=%2Fwp%2Fv2%2Fproduct_cat&post=8519"},{"taxonomy":"product_tag","embeddable":true,"href":"https:\/\/tecnourquiza.com.ar\/index.php?rest_route=%2Fwp%2Fv2%2Fproduct_tag&post=8519"}],"curies":[{"name":"wp","href":"https:\/\/api.w.org\/{rel}","templated":true}]}}