{"id":8516,"date":"2020-01-09T16:48:31","date_gmt":"2020-01-09T16:48:31","guid":{"rendered":"http:\/\/tecnourquiza.com.ar\/?post_type=product&#038;p=8516"},"modified":"2021-03-11T16:45:18","modified_gmt":"2021-03-11T16:45:18","slug":"curing-bt-balde-20-lts","status":"publish","type":"product","link":"https:\/\/tecnourquiza.com.ar\/?product=curing-bt-balde-20-lts","title":{"rendered":"CURING BT Balde 20 Lts (PROTEX)"},"content":{"rendered":"<div class=\"panel box-ficha-producto\">\n<h3 class=\"titulo-box-ficha \">Usos<\/h3>\n<hr \/>\n<div id=\"desc-0\" class=\"info-box-ficha panel-collapse collapsed \" role=\"tabpanel\" aria-labelledby=\"headingOne\">\n<ul>\n<li>Es un producto indicado para el curado del hormig\u00f3n o mortero en condiciones clim\u00e1ticas de muy baja humedad ambiente, vientos secos frecuentes y altas temperaturas.<\/li>\n<li>En puentes, silos, pavimentos, pistas de aviaci\u00f3n, obras hidr\u00e1ulicas, canales, losas, piletas, etc. y en toda obra en la que es dificultoso el curado por otros medios.<\/li>\n<\/ul>\n<h3>Ventajas<\/h3>\n<hr \/>\n<\/div>\n<\/div>\n<div class=\"panel box-ficha-producto\">\n<div id=\"desc-1\" class=\"info-box-ficha panel-collapse collapsed \" role=\"tabpanel\" aria-labelledby=\"headingOne\">\n<ul>\n<li>Pulverizado sobre la superficie del hormig\u00f3n fresco, seca r\u00e1pidamente y deja adherida una pel\u00edcula continua, flexible, que act\u00faa de barrera contra la evaporaci\u00f3n brusca del agua.<\/li>\n<li>De tal modo, el hormig\u00f3n completa su fraguado y curado en presencia de la humedad necesaria para la total hidrataci\u00f3n del cemento.<\/li>\n<li>Evita la fisuraci\u00f3n por retracci\u00f3n pl\u00e1stica y secado.<\/li>\n<li>Protege el hormig\u00f3n en climas calurosos, bajo el rayo del sol, o la acci\u00f3n del viento.<\/li>\n<li>Desarrolla mejores resistencias mec\u00e1nicas en el hormig\u00f3n, incluso a la abrasi\u00f3n.<\/li>\n<li>Garantiza, en la decisiva etapa del curado, los proyectos de hormigones impermeables y durables.<\/li>\n<li>Es compatible con la adherencia de las pinturas que se deban aplicar luego al hormig\u00f3n, sin que sea necesario tratamiento alguno para eliminarlo.<\/li>\n<li>Cumple con la norma ASTM C-309 (Compuestos para el curado del hormig\u00f3n) Tipo II, Clase B y la norma IRAM 1675.<\/li>\n<\/ul>\n<p><strong>Presentaci\u00f3n:\u00a0<\/strong>Balde 20 lts \/ Tambor 200 lts.<\/p>\n<p>[vc_row][vc_column][vc_btn title=&#8221;Ficha T\u00e9cnica&#8221; color=&#8221;warning&#8221; link=&#8221;url:http%3A%2F%2Ftecnourquiza.com.ar%2Fwp-content%2Fuploads%2F2020%2F01%2FHoja-t%C3%A9cnica-de-producto-Curing-BT.pdf|title:Ficha%20T%C3%A9cnica|target:%20_blank|&#8221;][\/vc_column][\/vc_row]<\/p>\n<\/div>\n<\/div>\n","protected":false},"excerpt":{"rendered":"<p>Curador base solvente.<\/p>\n<p>Curing BT \u00a0es un producto l\u00edquido, color blanco amarillento formulado en base a resinas org\u00e1nicas disueltas en solventes que al aplicarlo genera una membrana semipermeable ideal para el curado del hormig\u00f3n.<\/p>\n","protected":false},"featured_media":8517,"comment_status":"open","ping_status":"closed","template":"","meta":[],"product_brand":[],"product_cat":[181,178],"product_tag":[144],"class_list":{"0":"post-8516","1":"product","2":"type-product","3":"status-publish","4":"has-post-thumbnail","6":"product_cat-aditivos-para-hormigon-protex","7":"product_cat-protex","8":"product_tag-curado-del-hormigon","10":"first","11":"instock","12":"shipping-taxable","13":"product-type-simple"},"yoast_head":"<!-- This site is optimized with the Yoast SEO plugin v27.2 - https:\/\/yoast.com\/product\/yoast-seo-wordpress\/ -->\n<title>CURING BT Balde 20 Lts (PROTEX) - Tecnourquiza, productos SIKA Argentina<\/title>\n<meta name=\"robots\" content=\"index, follow, max-snippet:-1, max-image-preview:large, max-video-preview:-1\" \/>\n<link rel=\"canonical\" href=\"https:\/\/tecnourquiza.com.ar\/?product=curing-bt-balde-20-lts\" \/>\n<meta property=\"og:locale\" content=\"es_ES\" \/>\n<meta property=\"og:type\" content=\"article\" \/>\n<meta property=\"og:title\" content=\"CURING BT Balde 20 Lts (PROTEX) - Tecnourquiza, productos SIKA Argentina\" \/>\n<meta property=\"og:description\" content=\"Curador base solvente.  Curing BT \u00a0es un producto l\u00edquido, color blanco amarillento formulado en base a resinas org\u00e1nicas disueltas en solventes que al aplicarlo genera una membrana semipermeable ideal para el curado del hormig\u00f3n.\" \/>\n<meta property=\"og:url\" content=\"https:\/\/tecnourquiza.com.ar\/?product=curing-bt-balde-20-lts\" \/>\n<meta property=\"og:site_name\" content=\"Tecnourquiza, productos SIKA Argentina\" \/>\n<meta property=\"article:modified_time\" content=\"2021-03-11T16:45:18+00:00\" \/>\n<meta property=\"og:image\" content=\"https:\/\/tecnourquiza.com.ar\/wp-content\/uploads\/2020\/01\/CURING-BT-Balde.jpg\" \/>\n\t<meta property=\"og:image:width\" content=\"300\" \/>\n\t<meta property=\"og:image:height\" content=\"400\" \/>\n\t<meta property=\"og:image:type\" content=\"image\/jpeg\" \/>\n<meta name=\"twitter:card\" content=\"summary_large_image\" \/>\n<meta name=\"twitter:label1\" content=\"Tiempo de lectura\" \/>\n\t<meta name=\"twitter:data1\" content=\"1 minuto\" \/>\n<script type=\"application\/ld+json\" class=\"yoast-schema-graph\">{\"@context\":\"https:\/\/schema.org\",\"@graph\":[{\"@type\":\"WebPage\",\"@id\":\"https:\/\/tecnourquiza.com.ar\/?product=curing-bt-balde-20-lts\",\"url\":\"https:\/\/tecnourquiza.com.ar\/?product=curing-bt-balde-20-lts\",\"name\":\"CURING BT Balde 20 Lts (PROTEX) - Tecnourquiza, productos SIKA Argentina\",\"isPartOf\":{\"@id\":\"https:\/\/tecnourquiza.com.ar\/#website\"},\"primaryImageOfPage\":{\"@id\":\"https:\/\/tecnourquiza.com.ar\/?product=curing-bt-balde-20-lts#primaryimage\"},\"image\":{\"@id\":\"https:\/\/tecnourquiza.com.ar\/?product=curing-bt-balde-20-lts#primaryimage\"},\"thumbnailUrl\":\"https:\/\/tecnourquiza.com.ar\/wp-content\/uploads\/2020\/01\/CURING-BT-Balde.jpg\",\"datePublished\":\"2020-01-09T16:48:31+00:00\",\"dateModified\":\"2021-03-11T16:45:18+00:00\",\"breadcrumb\":{\"@id\":\"https:\/\/tecnourquiza.com.ar\/?product=curing-bt-balde-20-lts#breadcrumb\"},\"inLanguage\":\"es\",\"potentialAction\":[{\"@type\":\"ReadAction\",\"target\":[\"https:\/\/tecnourquiza.com.ar\/?product=curing-bt-balde-20-lts\"]}]},{\"@type\":\"ImageObject\",\"inLanguage\":\"es\",\"@id\":\"https:\/\/tecnourquiza.com.ar\/?product=curing-bt-balde-20-lts#primaryimage\",\"url\":\"https:\/\/tecnourquiza.com.ar\/wp-content\/uploads\/2020\/01\/CURING-BT-Balde.jpg\",\"contentUrl\":\"https:\/\/tecnourquiza.com.ar\/wp-content\/uploads\/2020\/01\/CURING-BT-Balde.jpg\",\"width\":300,\"height\":400},{\"@type\":\"BreadcrumbList\",\"@id\":\"https:\/\/tecnourquiza.com.ar\/?product=curing-bt-balde-20-lts#breadcrumb\",\"itemListElement\":[{\"@type\":\"ListItem\",\"position\":1,\"name\":\"Portada\",\"item\":\"https:\/\/tecnourquiza.com.ar\/\"},{\"@type\":\"ListItem\",\"position\":2,\"name\":\"Productos\",\"item\":\"https:\/\/tecnourquiza.com.ar\/?post_type=product\"},{\"@type\":\"ListItem\",\"position\":3,\"name\":\"CURING BT Balde 20 Lts (PROTEX)\"}]},{\"@type\":\"WebSite\",\"@id\":\"https:\/\/tecnourquiza.com.ar\/#website\",\"url\":\"https:\/\/tecnourquiza.com.ar\/\",\"name\":\"Tecnourquiza, productos SIKA Argentina\",\"description\":\"Comercializamos productos de la marca Sika Argentina\",\"publisher\":{\"@id\":\"https:\/\/tecnourquiza.com.ar\/#organization\"},\"potentialAction\":[{\"@type\":\"SearchAction\",\"target\":{\"@type\":\"EntryPoint\",\"urlTemplate\":\"https:\/\/tecnourquiza.com.ar\/?s={search_term_string}\"},\"query-input\":{\"@type\":\"PropertyValueSpecification\",\"valueRequired\":true,\"valueName\":\"search_term_string\"}}],\"inLanguage\":\"es\"},{\"@type\":\"Organization\",\"@id\":\"https:\/\/tecnourquiza.com.ar\/#organization\",\"name\":\"Tecnourquiza, productos SIKA Argentina\",\"url\":\"https:\/\/tecnourquiza.com.ar\/\",\"logo\":{\"@type\":\"ImageObject\",\"inLanguage\":\"es\",\"@id\":\"https:\/\/tecnourquiza.com.ar\/#\/schema\/logo\/image\/\",\"url\":\"https:\/\/tecnourquiza.com.ar\/wp-content\/uploads\/2025\/05\/logo-tecnourquiza-transparente.png\",\"contentUrl\":\"https:\/\/tecnourquiza.com.ar\/wp-content\/uploads\/2025\/05\/logo-tecnourquiza-transparente.png\",\"width\":360,\"height\":74,\"caption\":\"Tecnourquiza, productos SIKA Argentina\"},\"image\":{\"@id\":\"https:\/\/tecnourquiza.com.ar\/#\/schema\/logo\/image\/\"}}]}<\/script>\n<!-- \/ Yoast SEO plugin. -->","yoast_head_json":{"title":"CURING BT Balde 20 Lts (PROTEX) - Tecnourquiza, productos SIKA Argentina","robots":{"index":"index","follow":"follow","max-snippet":"max-snippet:-1","max-image-preview":"max-image-preview:large","max-video-preview":"max-video-preview:-1"},"canonical":"https:\/\/tecnourquiza.com.ar\/?product=curing-bt-balde-20-lts","og_locale":"es_ES","og_type":"article","og_title":"CURING BT Balde 20 Lts (PROTEX) - Tecnourquiza, productos SIKA Argentina","og_description":"Curador base solvente.  Curing BT \u00a0es un producto l\u00edquido, color blanco amarillento formulado en base a resinas org\u00e1nicas disueltas en solventes que al aplicarlo genera una membrana semipermeable ideal para el curado del hormig\u00f3n.","og_url":"https:\/\/tecnourquiza.com.ar\/?product=curing-bt-balde-20-lts","og_site_name":"Tecnourquiza, productos SIKA Argentina","article_modified_time":"2021-03-11T16:45:18+00:00","og_image":[{"width":300,"height":400,"url":"https:\/\/tecnourquiza.com.ar\/wp-content\/uploads\/2020\/01\/CURING-BT-Balde.jpg","type":"image\/jpeg"}],"twitter_card":"summary_large_image","twitter_misc":{"Tiempo de lectura":"1 minuto"},"schema":{"@context":"https:\/\/schema.org","@graph":[{"@type":"WebPage","@id":"https:\/\/tecnourquiza.com.ar\/?product=curing-bt-balde-20-lts","url":"https:\/\/tecnourquiza.com.ar\/?product=curing-bt-balde-20-lts","name":"CURING BT Balde 20 Lts (PROTEX) - Tecnourquiza, productos SIKA Argentina","isPartOf":{"@id":"https:\/\/tecnourquiza.com.ar\/#website"},"primaryImageOfPage":{"@id":"https:\/\/tecnourquiza.com.ar\/?product=curing-bt-balde-20-lts#primaryimage"},"image":{"@id":"https:\/\/tecnourquiza.com.ar\/?product=curing-bt-balde-20-lts#primaryimage"},"thumbnailUrl":"https:\/\/tecnourquiza.com.ar\/wp-content\/uploads\/2020\/01\/CURING-BT-Balde.jpg","datePublished":"2020-01-09T16:48:31+00:00","dateModified":"2021-03-11T16:45:18+00:00","breadcrumb":{"@id":"https:\/\/tecnourquiza.com.ar\/?product=curing-bt-balde-20-lts#breadcrumb"},"inLanguage":"es","potentialAction":[{"@type":"ReadAction","target":["https:\/\/tecnourquiza.com.ar\/?product=curing-bt-balde-20-lts"]}]},{"@type":"ImageObject","inLanguage":"es","@id":"https:\/\/tecnourquiza.com.ar\/?product=curing-bt-balde-20-lts#primaryimage","url":"https:\/\/tecnourquiza.com.ar\/wp-content\/uploads\/2020\/01\/CURING-BT-Balde.jpg","contentUrl":"https:\/\/tecnourquiza.com.ar\/wp-content\/uploads\/2020\/01\/CURING-BT-Balde.jpg","width":300,"height":400},{"@type":"BreadcrumbList","@id":"https:\/\/tecnourquiza.com.ar\/?product=curing-bt-balde-20-lts#breadcrumb","itemListElement":[{"@type":"ListItem","position":1,"name":"Portada","item":"https:\/\/tecnourquiza.com.ar\/"},{"@type":"ListItem","position":2,"name":"Productos","item":"https:\/\/tecnourquiza.com.ar\/?post_type=product"},{"@type":"ListItem","position":3,"name":"CURING BT Balde 20 Lts (PROTEX)"}]},{"@type":"WebSite","@id":"https:\/\/tecnourquiza.com.ar\/#website","url":"https:\/\/tecnourquiza.com.ar\/","name":"Tecnourquiza, productos SIKA Argentina","description":"Comercializamos productos de la marca Sika Argentina","publisher":{"@id":"https:\/\/tecnourquiza.com.ar\/#organization"},"potentialAction":[{"@type":"SearchAction","target":{"@type":"EntryPoint","urlTemplate":"https:\/\/tecnourquiza.com.ar\/?s={search_term_string}"},"query-input":{"@type":"PropertyValueSpecification","valueRequired":true,"valueName":"search_term_string"}}],"inLanguage":"es"},{"@type":"Organization","@id":"https:\/\/tecnourquiza.com.ar\/#organization","name":"Tecnourquiza, productos SIKA Argentina","url":"https:\/\/tecnourquiza.com.ar\/","logo":{"@type":"ImageObject","inLanguage":"es","@id":"https:\/\/tecnourquiza.com.ar\/#\/schema\/logo\/image\/","url":"https:\/\/tecnourquiza.com.ar\/wp-content\/uploads\/2025\/05\/logo-tecnourquiza-transparente.png","contentUrl":"https:\/\/tecnourquiza.com.ar\/wp-content\/uploads\/2025\/05\/logo-tecnourquiza-transparente.png","width":360,"height":74,"caption":"Tecnourquiza, productos SIKA Argentina"},"image":{"@id":"https:\/\/tecnourquiza.com.ar\/#\/schema\/logo\/image\/"}}]}},"_links":{"self":[{"href":"https:\/\/tecnourquiza.com.ar\/index.php?rest_route=\/wp\/v2\/product\/8516","targetHints":{"allow":["GET"]}}],"collection":[{"href":"https:\/\/tecnourquiza.com.ar\/index.php?rest_route=\/wp\/v2\/product"}],"about":[{"href":"https:\/\/tecnourquiza.com.ar\/index.php?rest_route=\/wp\/v2\/types\/product"}],"replies":[{"embeddable":true,"href":"https:\/\/tecnourquiza.com.ar\/index.php?rest_route=%2Fwp%2Fv2%2Fcomments&post=8516"}],"wp:featuredmedia":[{"embeddable":true,"href":"https:\/\/tecnourquiza.com.ar\/index.php?rest_route=\/wp\/v2\/media\/8517"}],"wp:attachment":[{"href":"https:\/\/tecnourquiza.com.ar\/index.php?rest_route=%2Fwp%2Fv2%2Fmedia&parent=8516"}],"wp:term":[{"taxonomy":"product_brand","embeddable":true,"href":"https:\/\/tecnourquiza.com.ar\/index.php?rest_route=%2Fwp%2Fv2%2Fproduct_brand&post=8516"},{"taxonomy":"product_cat","embeddable":true,"href":"https:\/\/tecnourquiza.com.ar\/index.php?rest_route=%2Fwp%2Fv2%2Fproduct_cat&post=8516"},{"taxonomy":"product_tag","embeddable":true,"href":"https:\/\/tecnourquiza.com.ar\/index.php?rest_route=%2Fwp%2Fv2%2Fproduct_tag&post=8516"}],"curies":[{"name":"wp","href":"https:\/\/api.w.org\/{rel}","templated":true}]}}