{"id":8478,"date":"2020-01-09T01:04:46","date_gmt":"2020-01-09T01:04:46","guid":{"rendered":"http:\/\/tecnourquiza.com.ar\/?post_type=product&#038;p=8478"},"modified":"2021-03-11T16:46:03","modified_gmt":"2021-03-11T16:46:03","slug":"sikaceram-porcellanato-bolsa-30kg","status":"publish","type":"product","link":"https:\/\/tecnourquiza.com.ar\/?product=sikaceram-porcellanato-bolsa-30kg","title":{"rendered":"SikaCeram Porcellanato Bolsa 30kg"},"content":{"rendered":"<h3>Usos<\/h3>\n<hr \/>\n<p>\u2022 Indicado para aquellos casos donde la baja absorci\u00f3n del soporte o de la pieza cer\u00e1mica, hacen inadecuados los morteros o adhesivos cement\u00edcios tradicionales de pegado no son adecuados.<br \/>\n\u2022 Mosaicos v\u00edtreos y cer\u00e1micos, cer\u00e1micos de base blanca y roja, placas de piedras de cantera, cer\u00e1mico mono y bi-cocci\u00f3n, sobre sustratos convencionales o sustratos sujetos a deformaci\u00f3n debido a carga est\u00e1tica.<br \/>\n\u2022 Gres y semigres, porcellanato, cer\u00e1micas esmaltadas y no esmaltadas, mosaicos y placas de piedra natural, sobre la mayor\u00eda de los sustratos bien preparados, sin declives.<br \/>\n\u2022 Puede aplicarse sobre variados sustratos: mortero u hormig\u00f3n, siempre que posean buena planeidad (caso contrario deben ser previamente regularizados), revoques, piedra natural, fibrocemento, bloques prefabricados.<br \/>\n\u2022 En pisos interiores y exteriores, tambi\u00e9n en revestimientos verticales interiores.<\/p>\n<p>&nbsp;<\/p>\n<h3>Ventajas<\/h3>\n<hr \/>\n<p>\u2022 Alta capacidad de adherencia.<br \/>\n\u2022 Se mezcla solo con agua.<br \/>\n\u2022 Se obtiene un mortero f\u00e1cilmente trabajable, sin grumos y de muy buena plasticidad.<br \/>\n\u2022 Mezcla tixotr\u00f3pica, permite la aplicaci\u00f3n en superficies horizontales y verticales, sin deslizamiento.<br \/>\n\u2022 Buena flexibilidad. Por su alto contenido de resinas, absorbe muy bien las deformaciones del sustrato.<br \/>\n\u2022 Endurece sin retracci\u00f3n apreciable y adhiere perfectamente a los materiales usados normalmente en obra.<br \/>\n\u2022 Posee aditivos hidr\u00f3fugos, reduce al m\u00ednimo el pasaje del agua, por lo cual colabora con la capa hidr\u00f3fuga principal. Es resistente al contacto ocasional con agua o a ambientes de alta humedad.<br \/>\n\u2022 No es barrera de vapor<\/p>\n<p><strong>Apariencia\/Color:<\/strong> Polvo fino de color gris cemento<\/p>\n<p><strong>Presentaci\u00f3n:<\/strong>\u00a0Bolsas de 30 kg.<\/p>\n<p>[vc_row][vc_column][vc_btn title=&#8221;Ficha T\u00e9cnica&#8221; color=&#8221;warning&#8221; link=&#8221;url:http%3A%2F%2Ftecnourquiza.com.ar%2Fwp-content%2Fuploads%2F2020%2F01%2FHoja-t%C3%A9cnica-de-producto-Sika-Ceram-Porcellanato.pdf|title:Ficha%20T%C3%A9cnica|target:%20_blank|&#8221;][\/vc_column][\/vc_row]<\/p>\n","protected":false},"excerpt":{"rendered":"<p>Adhesivo para porcellanatos.<\/p>\n<p>Sika Ceram Porcellanato es una mezcla adhesiva impermeable, en base a ligantes hidr\u00e1ulicos y arenas de granulometr\u00eda controlada, con alta adici\u00f3n de producto pol\u00edmero, que le proporciona muy buena flexibilidad. Especial para la instalaci\u00f3n de piezas cer\u00e1micas de baja absorci\u00f3n. Listo para usar, solo se agrega agua.<\/p>\n","protected":false},"featured_media":8479,"comment_status":"open","ping_status":"closed","template":"","meta":[],"product_brand":[],"product_cat":[175,135,90],"product_tag":[176,117,177],"class_list":{"0":"post-8478","1":"product","2":"type-product","3":"status-publish","4":"has-post-thumbnail","6":"product_cat-adhesivos","7":"product_cat-productos-cementicios","8":"product_cat-sika","9":"product_tag-adhesivo-cementicio","10":"product_tag-adhesivo-impermeable","11":"product_tag-adhesivo-para-porcellanatos","13":"first","14":"instock","15":"shipping-taxable","16":"product-type-simple"},"yoast_head":"<!-- This site is optimized with the Yoast SEO plugin v27.2 - https:\/\/yoast.com\/product\/yoast-seo-wordpress\/ -->\n<title>SikaCeram Porcellanato Bolsa 30kg - Tecnourquiza, productos SIKA Argentina<\/title>\n<meta name=\"robots\" content=\"index, follow, max-snippet:-1, max-image-preview:large, max-video-preview:-1\" \/>\n<link rel=\"canonical\" href=\"https:\/\/tecnourquiza.com.ar\/?product=sikaceram-porcellanato-bolsa-30kg\" \/>\n<meta property=\"og:locale\" content=\"es_ES\" \/>\n<meta property=\"og:type\" content=\"article\" \/>\n<meta property=\"og:title\" content=\"SikaCeram Porcellanato Bolsa 30kg - Tecnourquiza, productos SIKA Argentina\" \/>\n<meta property=\"og:description\" content=\"Adhesivo para porcellanatos.  Sika Ceram Porcellanato es una mezcla adhesiva impermeable, en base a ligantes hidr\u00e1ulicos y arenas de granulometr\u00eda controlada, con alta adici\u00f3n de producto pol\u00edmero, que le proporciona muy buena flexibilidad. Especial para la instalaci\u00f3n de piezas cer\u00e1micas de baja absorci\u00f3n. Listo para usar, solo se agrega agua.\" \/>\n<meta property=\"og:url\" content=\"https:\/\/tecnourquiza.com.ar\/?product=sikaceram-porcellanato-bolsa-30kg\" \/>\n<meta property=\"og:site_name\" content=\"Tecnourquiza, productos SIKA Argentina\" \/>\n<meta property=\"article:modified_time\" content=\"2021-03-11T16:46:03+00:00\" \/>\n<meta property=\"og:image\" content=\"https:\/\/tecnourquiza.com.ar\/wp-content\/uploads\/2020\/01\/SikaCeram-Porcellanato.png\" \/>\n\t<meta property=\"og:image:width\" content=\"912\" \/>\n\t<meta property=\"og:image:height\" content=\"855\" \/>\n\t<meta property=\"og:image:type\" content=\"image\/png\" \/>\n<meta name=\"twitter:card\" content=\"summary_large_image\" \/>\n<meta name=\"twitter:label1\" content=\"Tiempo de lectura\" \/>\n\t<meta name=\"twitter:data1\" content=\"1 minuto\" \/>\n<script type=\"application\/ld+json\" class=\"yoast-schema-graph\">{\"@context\":\"https:\/\/schema.org\",\"@graph\":[{\"@type\":\"WebPage\",\"@id\":\"https:\/\/tecnourquiza.com.ar\/?product=sikaceram-porcellanato-bolsa-30kg\",\"url\":\"https:\/\/tecnourquiza.com.ar\/?product=sikaceram-porcellanato-bolsa-30kg\",\"name\":\"SikaCeram Porcellanato Bolsa 30kg - Tecnourquiza, productos SIKA Argentina\",\"isPartOf\":{\"@id\":\"https:\/\/tecnourquiza.com.ar\/#website\"},\"primaryImageOfPage\":{\"@id\":\"https:\/\/tecnourquiza.com.ar\/?product=sikaceram-porcellanato-bolsa-30kg#primaryimage\"},\"image\":{\"@id\":\"https:\/\/tecnourquiza.com.ar\/?product=sikaceram-porcellanato-bolsa-30kg#primaryimage\"},\"thumbnailUrl\":\"https:\/\/tecnourquiza.com.ar\/wp-content\/uploads\/2020\/01\/SikaCeram-Porcellanato.png\",\"datePublished\":\"2020-01-09T01:04:46+00:00\",\"dateModified\":\"2021-03-11T16:46:03+00:00\",\"breadcrumb\":{\"@id\":\"https:\/\/tecnourquiza.com.ar\/?product=sikaceram-porcellanato-bolsa-30kg#breadcrumb\"},\"inLanguage\":\"es\",\"potentialAction\":[{\"@type\":\"ReadAction\",\"target\":[\"https:\/\/tecnourquiza.com.ar\/?product=sikaceram-porcellanato-bolsa-30kg\"]}]},{\"@type\":\"ImageObject\",\"inLanguage\":\"es\",\"@id\":\"https:\/\/tecnourquiza.com.ar\/?product=sikaceram-porcellanato-bolsa-30kg#primaryimage\",\"url\":\"https:\/\/tecnourquiza.com.ar\/wp-content\/uploads\/2020\/01\/SikaCeram-Porcellanato.png\",\"contentUrl\":\"https:\/\/tecnourquiza.com.ar\/wp-content\/uploads\/2020\/01\/SikaCeram-Porcellanato.png\",\"width\":912,\"height\":855},{\"@type\":\"BreadcrumbList\",\"@id\":\"https:\/\/tecnourquiza.com.ar\/?product=sikaceram-porcellanato-bolsa-30kg#breadcrumb\",\"itemListElement\":[{\"@type\":\"ListItem\",\"position\":1,\"name\":\"Portada\",\"item\":\"https:\/\/tecnourquiza.com.ar\/\"},{\"@type\":\"ListItem\",\"position\":2,\"name\":\"Productos\",\"item\":\"https:\/\/tecnourquiza.com.ar\/?post_type=product\"},{\"@type\":\"ListItem\",\"position\":3,\"name\":\"SikaCeram Porcellanato Bolsa 30kg\"}]},{\"@type\":\"WebSite\",\"@id\":\"https:\/\/tecnourquiza.com.ar\/#website\",\"url\":\"https:\/\/tecnourquiza.com.ar\/\",\"name\":\"Tecnourquiza, productos SIKA Argentina\",\"description\":\"Comercializamos productos de la marca Sika Argentina\",\"publisher\":{\"@id\":\"https:\/\/tecnourquiza.com.ar\/#organization\"},\"potentialAction\":[{\"@type\":\"SearchAction\",\"target\":{\"@type\":\"EntryPoint\",\"urlTemplate\":\"https:\/\/tecnourquiza.com.ar\/?s={search_term_string}\"},\"query-input\":{\"@type\":\"PropertyValueSpecification\",\"valueRequired\":true,\"valueName\":\"search_term_string\"}}],\"inLanguage\":\"es\"},{\"@type\":\"Organization\",\"@id\":\"https:\/\/tecnourquiza.com.ar\/#organization\",\"name\":\"Tecnourquiza, productos SIKA Argentina\",\"url\":\"https:\/\/tecnourquiza.com.ar\/\",\"logo\":{\"@type\":\"ImageObject\",\"inLanguage\":\"es\",\"@id\":\"https:\/\/tecnourquiza.com.ar\/#\/schema\/logo\/image\/\",\"url\":\"https:\/\/tecnourquiza.com.ar\/wp-content\/uploads\/2025\/05\/logo-tecnourquiza-transparente.png\",\"contentUrl\":\"https:\/\/tecnourquiza.com.ar\/wp-content\/uploads\/2025\/05\/logo-tecnourquiza-transparente.png\",\"width\":360,\"height\":74,\"caption\":\"Tecnourquiza, productos SIKA Argentina\"},\"image\":{\"@id\":\"https:\/\/tecnourquiza.com.ar\/#\/schema\/logo\/image\/\"}}]}<\/script>\n<!-- \/ Yoast SEO plugin. -->","yoast_head_json":{"title":"SikaCeram Porcellanato Bolsa 30kg - Tecnourquiza, productos SIKA Argentina","robots":{"index":"index","follow":"follow","max-snippet":"max-snippet:-1","max-image-preview":"max-image-preview:large","max-video-preview":"max-video-preview:-1"},"canonical":"https:\/\/tecnourquiza.com.ar\/?product=sikaceram-porcellanato-bolsa-30kg","og_locale":"es_ES","og_type":"article","og_title":"SikaCeram Porcellanato Bolsa 30kg - Tecnourquiza, productos SIKA Argentina","og_description":"Adhesivo para porcellanatos.  Sika Ceram Porcellanato es una mezcla adhesiva impermeable, en base a ligantes hidr\u00e1ulicos y arenas de granulometr\u00eda controlada, con alta adici\u00f3n de producto pol\u00edmero, que le proporciona muy buena flexibilidad. Especial para la instalaci\u00f3n de piezas cer\u00e1micas de baja absorci\u00f3n. Listo para usar, solo se agrega agua.","og_url":"https:\/\/tecnourquiza.com.ar\/?product=sikaceram-porcellanato-bolsa-30kg","og_site_name":"Tecnourquiza, productos SIKA Argentina","article_modified_time":"2021-03-11T16:46:03+00:00","og_image":[{"width":912,"height":855,"url":"https:\/\/tecnourquiza.com.ar\/wp-content\/uploads\/2020\/01\/SikaCeram-Porcellanato.png","type":"image\/png"}],"twitter_card":"summary_large_image","twitter_misc":{"Tiempo de lectura":"1 minuto"},"schema":{"@context":"https:\/\/schema.org","@graph":[{"@type":"WebPage","@id":"https:\/\/tecnourquiza.com.ar\/?product=sikaceram-porcellanato-bolsa-30kg","url":"https:\/\/tecnourquiza.com.ar\/?product=sikaceram-porcellanato-bolsa-30kg","name":"SikaCeram Porcellanato Bolsa 30kg - Tecnourquiza, productos SIKA Argentina","isPartOf":{"@id":"https:\/\/tecnourquiza.com.ar\/#website"},"primaryImageOfPage":{"@id":"https:\/\/tecnourquiza.com.ar\/?product=sikaceram-porcellanato-bolsa-30kg#primaryimage"},"image":{"@id":"https:\/\/tecnourquiza.com.ar\/?product=sikaceram-porcellanato-bolsa-30kg#primaryimage"},"thumbnailUrl":"https:\/\/tecnourquiza.com.ar\/wp-content\/uploads\/2020\/01\/SikaCeram-Porcellanato.png","datePublished":"2020-01-09T01:04:46+00:00","dateModified":"2021-03-11T16:46:03+00:00","breadcrumb":{"@id":"https:\/\/tecnourquiza.com.ar\/?product=sikaceram-porcellanato-bolsa-30kg#breadcrumb"},"inLanguage":"es","potentialAction":[{"@type":"ReadAction","target":["https:\/\/tecnourquiza.com.ar\/?product=sikaceram-porcellanato-bolsa-30kg"]}]},{"@type":"ImageObject","inLanguage":"es","@id":"https:\/\/tecnourquiza.com.ar\/?product=sikaceram-porcellanato-bolsa-30kg#primaryimage","url":"https:\/\/tecnourquiza.com.ar\/wp-content\/uploads\/2020\/01\/SikaCeram-Porcellanato.png","contentUrl":"https:\/\/tecnourquiza.com.ar\/wp-content\/uploads\/2020\/01\/SikaCeram-Porcellanato.png","width":912,"height":855},{"@type":"BreadcrumbList","@id":"https:\/\/tecnourquiza.com.ar\/?product=sikaceram-porcellanato-bolsa-30kg#breadcrumb","itemListElement":[{"@type":"ListItem","position":1,"name":"Portada","item":"https:\/\/tecnourquiza.com.ar\/"},{"@type":"ListItem","position":2,"name":"Productos","item":"https:\/\/tecnourquiza.com.ar\/?post_type=product"},{"@type":"ListItem","position":3,"name":"SikaCeram Porcellanato Bolsa 30kg"}]},{"@type":"WebSite","@id":"https:\/\/tecnourquiza.com.ar\/#website","url":"https:\/\/tecnourquiza.com.ar\/","name":"Tecnourquiza, productos SIKA Argentina","description":"Comercializamos productos de la marca Sika Argentina","publisher":{"@id":"https:\/\/tecnourquiza.com.ar\/#organization"},"potentialAction":[{"@type":"SearchAction","target":{"@type":"EntryPoint","urlTemplate":"https:\/\/tecnourquiza.com.ar\/?s={search_term_string}"},"query-input":{"@type":"PropertyValueSpecification","valueRequired":true,"valueName":"search_term_string"}}],"inLanguage":"es"},{"@type":"Organization","@id":"https:\/\/tecnourquiza.com.ar\/#organization","name":"Tecnourquiza, productos SIKA Argentina","url":"https:\/\/tecnourquiza.com.ar\/","logo":{"@type":"ImageObject","inLanguage":"es","@id":"https:\/\/tecnourquiza.com.ar\/#\/schema\/logo\/image\/","url":"https:\/\/tecnourquiza.com.ar\/wp-content\/uploads\/2025\/05\/logo-tecnourquiza-transparente.png","contentUrl":"https:\/\/tecnourquiza.com.ar\/wp-content\/uploads\/2025\/05\/logo-tecnourquiza-transparente.png","width":360,"height":74,"caption":"Tecnourquiza, productos SIKA Argentina"},"image":{"@id":"https:\/\/tecnourquiza.com.ar\/#\/schema\/logo\/image\/"}}]}},"_links":{"self":[{"href":"https:\/\/tecnourquiza.com.ar\/index.php?rest_route=\/wp\/v2\/product\/8478","targetHints":{"allow":["GET"]}}],"collection":[{"href":"https:\/\/tecnourquiza.com.ar\/index.php?rest_route=\/wp\/v2\/product"}],"about":[{"href":"https:\/\/tecnourquiza.com.ar\/index.php?rest_route=\/wp\/v2\/types\/product"}],"replies":[{"embeddable":true,"href":"https:\/\/tecnourquiza.com.ar\/index.php?rest_route=%2Fwp%2Fv2%2Fcomments&post=8478"}],"wp:featuredmedia":[{"embeddable":true,"href":"https:\/\/tecnourquiza.com.ar\/index.php?rest_route=\/wp\/v2\/media\/8479"}],"wp:attachment":[{"href":"https:\/\/tecnourquiza.com.ar\/index.php?rest_route=%2Fwp%2Fv2%2Fmedia&parent=8478"}],"wp:term":[{"taxonomy":"product_brand","embeddable":true,"href":"https:\/\/tecnourquiza.com.ar\/index.php?rest_route=%2Fwp%2Fv2%2Fproduct_brand&post=8478"},{"taxonomy":"product_cat","embeddable":true,"href":"https:\/\/tecnourquiza.com.ar\/index.php?rest_route=%2Fwp%2Fv2%2Fproduct_cat&post=8478"},{"taxonomy":"product_tag","embeddable":true,"href":"https:\/\/tecnourquiza.com.ar\/index.php?rest_route=%2Fwp%2Fv2%2Fproduct_tag&post=8478"}],"curies":[{"name":"wp","href":"https:\/\/api.w.org\/{rel}","templated":true}]}}