{"id":8475,"date":"2020-01-09T00:59:01","date_gmt":"2020-01-09T00:59:01","guid":{"rendered":"http:\/\/tecnourquiza.com.ar\/?post_type=product&#038;p=8475"},"modified":"2021-03-11T16:46:11","modified_gmt":"2021-03-11T16:46:11","slug":"sikaceram-impermeable-bolsa-30-kg","status":"publish","type":"product","link":"https:\/\/tecnourquiza.com.ar\/?product=sikaceram-impermeable-bolsa-30-kg","title":{"rendered":"SikaCeram Impermeable Bolsa 30 kg."},"content":{"rendered":"<h3>Usos<\/h3>\n<hr \/>\n<div class=\"details\">\n<ul>\n<li>Colocaci\u00f3n de azulejos, mosaicos y revestimientos cer\u00e1micos en general, en lugares en contacto directo con agua: ba\u00f1os, cocinas, lavaderos, piletas de nataci\u00f3n, locales industriales, etc.<\/li>\n<li>Revestir pisos donde sea necesario reforzar la capa aisladora contra la humedad ascendente.<\/li>\n<li>Adherir revestimientos de frentes y paredes exteriores, complementando la impermeabilidad que otorga la capa aisladora vertical contra el agua de lluvia.<\/li>\n<li>SikaCeram\u00ae Impermeable puede aplicarse sobre variados sustratos, siempre que posean buena planeidad (caso contrario deben ser previamente regularizados).<\/li>\n<\/ul>\n<h3 class=\"headline-element\">Caracter\u00edsticas<\/h3>\n<hr \/>\n<ul>\n<li>Adhiere sobre revoque a la cal, mortero, hormig\u00f3n, bloques, elementos premoldeados, etc. Tanto interiores como exteriores.<\/li>\n<li>Es inalterable a la humedad ambiente, a la humedad ascendente, a la condensaci\u00f3n de vapor de agua y\u00a0 a la acci\u00f3n del agua de lluvia.<\/li>\n<li>No es barrera de vapor.<\/li>\n<li>No lo afectan temperaturas elevadas.<\/li>\n<li>Evita los comunes desprendimientos y deslizamientos.<\/li>\n<li>Permite lograr revestimientos muy uniformes y parejos.<\/li>\n<\/ul>\n<p><strong>Apariencia\/Color:<\/strong> Polvo fino de color gris cemento<\/p>\n<p><strong>Presentaci\u00f3n:<\/strong> Bolsas de 30 kg.<\/p>\n<p>[vc_row][vc_column][vc_btn title=&#8221;Ficha T\u00e9cnica&#8221; color=&#8221;warning&#8221; link=&#8221;url:http%3A%2F%2Ftecnourquiza.com.ar%2Fwp-content%2Fuploads%2F2020%2F01%2FHoja-t%C3%A9cnica-de-poducto-Sika-Ceram-Impermeable.pdf|title:Ficha%20T%C3%A9cnica|target:%20_blank|&#8221;][\/vc_column][\/vc_row]<\/p>\n<\/div>\n","protected":false},"excerpt":{"rendered":"<p>Adhesivo cementicio impermeable, para cer\u00e1micos y revestimientos.<\/p>\n<p>SikaCeram\u00ae Impermeable\u00a0es una mezcla cement\u00edcia adhesiva impermeable, en base a ligantes hidr\u00e1ulicos, aditivos y arenas de granulometr\u00eda controlada.<\/p>\n","protected":false},"featured_media":8476,"comment_status":"open","ping_status":"closed","template":"","meta":[],"product_brand":[],"product_cat":[175,135,90],"product_tag":[176,117],"class_list":{"0":"post-8475","1":"product","2":"type-product","3":"status-publish","4":"has-post-thumbnail","6":"product_cat-adhesivos","7":"product_cat-productos-cementicios","8":"product_cat-sika","9":"product_tag-adhesivo-cementicio","10":"product_tag-adhesivo-impermeable","12":"first","13":"instock","14":"shipping-taxable","15":"product-type-simple"},"yoast_head":"<!-- This site is optimized with the Yoast SEO plugin v27.2 - https:\/\/yoast.com\/product\/yoast-seo-wordpress\/ -->\n<title>SikaCeram Impermeable Bolsa 30 kg. - Tecnourquiza, productos SIKA Argentina<\/title>\n<meta name=\"robots\" content=\"index, follow, max-snippet:-1, max-image-preview:large, max-video-preview:-1\" \/>\n<link rel=\"canonical\" href=\"https:\/\/tecnourquiza.com.ar\/?product=sikaceram-impermeable-bolsa-30-kg\" \/>\n<meta property=\"og:locale\" content=\"es_ES\" \/>\n<meta property=\"og:type\" content=\"article\" \/>\n<meta property=\"og:title\" content=\"SikaCeram Impermeable Bolsa 30 kg. - Tecnourquiza, productos SIKA Argentina\" \/>\n<meta property=\"og:description\" content=\"Adhesivo cementicio impermeable, para cer\u00e1micos y revestimientos.  SikaCeram\u00ae Impermeable\u00a0es una mezcla cement\u00edcia adhesiva impermeable, en base a ligantes hidr\u00e1ulicos, aditivos y arenas de granulometr\u00eda controlada.\" \/>\n<meta property=\"og:url\" content=\"https:\/\/tecnourquiza.com.ar\/?product=sikaceram-impermeable-bolsa-30-kg\" \/>\n<meta property=\"og:site_name\" content=\"Tecnourquiza, productos SIKA Argentina\" \/>\n<meta property=\"article:modified_time\" content=\"2021-03-11T16:46:11+00:00\" \/>\n<meta property=\"og:image\" content=\"https:\/\/tecnourquiza.com.ar\/wp-content\/uploads\/2020\/01\/SikaCeram-Impermeable.png\" \/>\n\t<meta property=\"og:image:width\" content=\"804\" \/>\n\t<meta property=\"og:image:height\" content=\"803\" \/>\n\t<meta property=\"og:image:type\" content=\"image\/png\" \/>\n<meta name=\"twitter:card\" content=\"summary_large_image\" \/>\n<meta name=\"twitter:label1\" content=\"Tiempo de lectura\" \/>\n\t<meta name=\"twitter:data1\" content=\"1 minuto\" \/>\n<script type=\"application\/ld+json\" class=\"yoast-schema-graph\">{\"@context\":\"https:\/\/schema.org\",\"@graph\":[{\"@type\":\"WebPage\",\"@id\":\"https:\/\/tecnourquiza.com.ar\/?product=sikaceram-impermeable-bolsa-30-kg\",\"url\":\"https:\/\/tecnourquiza.com.ar\/?product=sikaceram-impermeable-bolsa-30-kg\",\"name\":\"SikaCeram Impermeable Bolsa 30 kg. - Tecnourquiza, productos SIKA Argentina\",\"isPartOf\":{\"@id\":\"https:\/\/tecnourquiza.com.ar\/#website\"},\"primaryImageOfPage\":{\"@id\":\"https:\/\/tecnourquiza.com.ar\/?product=sikaceram-impermeable-bolsa-30-kg#primaryimage\"},\"image\":{\"@id\":\"https:\/\/tecnourquiza.com.ar\/?product=sikaceram-impermeable-bolsa-30-kg#primaryimage\"},\"thumbnailUrl\":\"https:\/\/tecnourquiza.com.ar\/wp-content\/uploads\/2020\/01\/SikaCeram-Impermeable.png\",\"datePublished\":\"2020-01-09T00:59:01+00:00\",\"dateModified\":\"2021-03-11T16:46:11+00:00\",\"breadcrumb\":{\"@id\":\"https:\/\/tecnourquiza.com.ar\/?product=sikaceram-impermeable-bolsa-30-kg#breadcrumb\"},\"inLanguage\":\"es\",\"potentialAction\":[{\"@type\":\"ReadAction\",\"target\":[\"https:\/\/tecnourquiza.com.ar\/?product=sikaceram-impermeable-bolsa-30-kg\"]}]},{\"@type\":\"ImageObject\",\"inLanguage\":\"es\",\"@id\":\"https:\/\/tecnourquiza.com.ar\/?product=sikaceram-impermeable-bolsa-30-kg#primaryimage\",\"url\":\"https:\/\/tecnourquiza.com.ar\/wp-content\/uploads\/2020\/01\/SikaCeram-Impermeable.png\",\"contentUrl\":\"https:\/\/tecnourquiza.com.ar\/wp-content\/uploads\/2020\/01\/SikaCeram-Impermeable.png\",\"width\":804,\"height\":803},{\"@type\":\"BreadcrumbList\",\"@id\":\"https:\/\/tecnourquiza.com.ar\/?product=sikaceram-impermeable-bolsa-30-kg#breadcrumb\",\"itemListElement\":[{\"@type\":\"ListItem\",\"position\":1,\"name\":\"Portada\",\"item\":\"https:\/\/tecnourquiza.com.ar\/\"},{\"@type\":\"ListItem\",\"position\":2,\"name\":\"Productos\",\"item\":\"https:\/\/tecnourquiza.com.ar\/?post_type=product\"},{\"@type\":\"ListItem\",\"position\":3,\"name\":\"SikaCeram Impermeable Bolsa 30 kg.\"}]},{\"@type\":\"WebSite\",\"@id\":\"https:\/\/tecnourquiza.com.ar\/#website\",\"url\":\"https:\/\/tecnourquiza.com.ar\/\",\"name\":\"Tecnourquiza, productos SIKA Argentina\",\"description\":\"Comercializamos productos de la marca Sika Argentina\",\"publisher\":{\"@id\":\"https:\/\/tecnourquiza.com.ar\/#organization\"},\"potentialAction\":[{\"@type\":\"SearchAction\",\"target\":{\"@type\":\"EntryPoint\",\"urlTemplate\":\"https:\/\/tecnourquiza.com.ar\/?s={search_term_string}\"},\"query-input\":{\"@type\":\"PropertyValueSpecification\",\"valueRequired\":true,\"valueName\":\"search_term_string\"}}],\"inLanguage\":\"es\"},{\"@type\":\"Organization\",\"@id\":\"https:\/\/tecnourquiza.com.ar\/#organization\",\"name\":\"Tecnourquiza, productos SIKA Argentina\",\"url\":\"https:\/\/tecnourquiza.com.ar\/\",\"logo\":{\"@type\":\"ImageObject\",\"inLanguage\":\"es\",\"@id\":\"https:\/\/tecnourquiza.com.ar\/#\/schema\/logo\/image\/\",\"url\":\"https:\/\/tecnourquiza.com.ar\/wp-content\/uploads\/2025\/05\/logo-tecnourquiza-transparente.png\",\"contentUrl\":\"https:\/\/tecnourquiza.com.ar\/wp-content\/uploads\/2025\/05\/logo-tecnourquiza-transparente.png\",\"width\":360,\"height\":74,\"caption\":\"Tecnourquiza, productos SIKA Argentina\"},\"image\":{\"@id\":\"https:\/\/tecnourquiza.com.ar\/#\/schema\/logo\/image\/\"}}]}<\/script>\n<!-- \/ Yoast SEO plugin. -->","yoast_head_json":{"title":"SikaCeram Impermeable Bolsa 30 kg. - Tecnourquiza, productos SIKA Argentina","robots":{"index":"index","follow":"follow","max-snippet":"max-snippet:-1","max-image-preview":"max-image-preview:large","max-video-preview":"max-video-preview:-1"},"canonical":"https:\/\/tecnourquiza.com.ar\/?product=sikaceram-impermeable-bolsa-30-kg","og_locale":"es_ES","og_type":"article","og_title":"SikaCeram Impermeable Bolsa 30 kg. - Tecnourquiza, productos SIKA Argentina","og_description":"Adhesivo cementicio impermeable, para cer\u00e1micos y revestimientos.  SikaCeram\u00ae Impermeable\u00a0es una mezcla cement\u00edcia adhesiva impermeable, en base a ligantes hidr\u00e1ulicos, aditivos y arenas de granulometr\u00eda controlada.","og_url":"https:\/\/tecnourquiza.com.ar\/?product=sikaceram-impermeable-bolsa-30-kg","og_site_name":"Tecnourquiza, productos SIKA Argentina","article_modified_time":"2021-03-11T16:46:11+00:00","og_image":[{"width":804,"height":803,"url":"https:\/\/tecnourquiza.com.ar\/wp-content\/uploads\/2020\/01\/SikaCeram-Impermeable.png","type":"image\/png"}],"twitter_card":"summary_large_image","twitter_misc":{"Tiempo de lectura":"1 minuto"},"schema":{"@context":"https:\/\/schema.org","@graph":[{"@type":"WebPage","@id":"https:\/\/tecnourquiza.com.ar\/?product=sikaceram-impermeable-bolsa-30-kg","url":"https:\/\/tecnourquiza.com.ar\/?product=sikaceram-impermeable-bolsa-30-kg","name":"SikaCeram Impermeable Bolsa 30 kg. - Tecnourquiza, productos SIKA Argentina","isPartOf":{"@id":"https:\/\/tecnourquiza.com.ar\/#website"},"primaryImageOfPage":{"@id":"https:\/\/tecnourquiza.com.ar\/?product=sikaceram-impermeable-bolsa-30-kg#primaryimage"},"image":{"@id":"https:\/\/tecnourquiza.com.ar\/?product=sikaceram-impermeable-bolsa-30-kg#primaryimage"},"thumbnailUrl":"https:\/\/tecnourquiza.com.ar\/wp-content\/uploads\/2020\/01\/SikaCeram-Impermeable.png","datePublished":"2020-01-09T00:59:01+00:00","dateModified":"2021-03-11T16:46:11+00:00","breadcrumb":{"@id":"https:\/\/tecnourquiza.com.ar\/?product=sikaceram-impermeable-bolsa-30-kg#breadcrumb"},"inLanguage":"es","potentialAction":[{"@type":"ReadAction","target":["https:\/\/tecnourquiza.com.ar\/?product=sikaceram-impermeable-bolsa-30-kg"]}]},{"@type":"ImageObject","inLanguage":"es","@id":"https:\/\/tecnourquiza.com.ar\/?product=sikaceram-impermeable-bolsa-30-kg#primaryimage","url":"https:\/\/tecnourquiza.com.ar\/wp-content\/uploads\/2020\/01\/SikaCeram-Impermeable.png","contentUrl":"https:\/\/tecnourquiza.com.ar\/wp-content\/uploads\/2020\/01\/SikaCeram-Impermeable.png","width":804,"height":803},{"@type":"BreadcrumbList","@id":"https:\/\/tecnourquiza.com.ar\/?product=sikaceram-impermeable-bolsa-30-kg#breadcrumb","itemListElement":[{"@type":"ListItem","position":1,"name":"Portada","item":"https:\/\/tecnourquiza.com.ar\/"},{"@type":"ListItem","position":2,"name":"Productos","item":"https:\/\/tecnourquiza.com.ar\/?post_type=product"},{"@type":"ListItem","position":3,"name":"SikaCeram Impermeable Bolsa 30 kg."}]},{"@type":"WebSite","@id":"https:\/\/tecnourquiza.com.ar\/#website","url":"https:\/\/tecnourquiza.com.ar\/","name":"Tecnourquiza, productos SIKA Argentina","description":"Comercializamos productos de la marca Sika Argentina","publisher":{"@id":"https:\/\/tecnourquiza.com.ar\/#organization"},"potentialAction":[{"@type":"SearchAction","target":{"@type":"EntryPoint","urlTemplate":"https:\/\/tecnourquiza.com.ar\/?s={search_term_string}"},"query-input":{"@type":"PropertyValueSpecification","valueRequired":true,"valueName":"search_term_string"}}],"inLanguage":"es"},{"@type":"Organization","@id":"https:\/\/tecnourquiza.com.ar\/#organization","name":"Tecnourquiza, productos SIKA Argentina","url":"https:\/\/tecnourquiza.com.ar\/","logo":{"@type":"ImageObject","inLanguage":"es","@id":"https:\/\/tecnourquiza.com.ar\/#\/schema\/logo\/image\/","url":"https:\/\/tecnourquiza.com.ar\/wp-content\/uploads\/2025\/05\/logo-tecnourquiza-transparente.png","contentUrl":"https:\/\/tecnourquiza.com.ar\/wp-content\/uploads\/2025\/05\/logo-tecnourquiza-transparente.png","width":360,"height":74,"caption":"Tecnourquiza, productos SIKA Argentina"},"image":{"@id":"https:\/\/tecnourquiza.com.ar\/#\/schema\/logo\/image\/"}}]}},"_links":{"self":[{"href":"https:\/\/tecnourquiza.com.ar\/index.php?rest_route=\/wp\/v2\/product\/8475","targetHints":{"allow":["GET"]}}],"collection":[{"href":"https:\/\/tecnourquiza.com.ar\/index.php?rest_route=\/wp\/v2\/product"}],"about":[{"href":"https:\/\/tecnourquiza.com.ar\/index.php?rest_route=\/wp\/v2\/types\/product"}],"replies":[{"embeddable":true,"href":"https:\/\/tecnourquiza.com.ar\/index.php?rest_route=%2Fwp%2Fv2%2Fcomments&post=8475"}],"wp:featuredmedia":[{"embeddable":true,"href":"https:\/\/tecnourquiza.com.ar\/index.php?rest_route=\/wp\/v2\/media\/8476"}],"wp:attachment":[{"href":"https:\/\/tecnourquiza.com.ar\/index.php?rest_route=%2Fwp%2Fv2%2Fmedia&parent=8475"}],"wp:term":[{"taxonomy":"product_brand","embeddable":true,"href":"https:\/\/tecnourquiza.com.ar\/index.php?rest_route=%2Fwp%2Fv2%2Fproduct_brand&post=8475"},{"taxonomy":"product_cat","embeddable":true,"href":"https:\/\/tecnourquiza.com.ar\/index.php?rest_route=%2Fwp%2Fv2%2Fproduct_cat&post=8475"},{"taxonomy":"product_tag","embeddable":true,"href":"https:\/\/tecnourquiza.com.ar\/index.php?rest_route=%2Fwp%2Fv2%2Fproduct_tag&post=8475"}],"curies":[{"name":"wp","href":"https:\/\/api.w.org\/{rel}","templated":true}]}}