{"id":8446,"date":"2020-01-07T15:52:11","date_gmt":"2020-01-07T15:52:11","guid":{"rendered":"http:\/\/tecnourquiza.com.ar\/?post_type=product&#038;p=8446"},"modified":"2021-03-11T16:47:29","modified_gmt":"2021-03-11T16:47:29","slug":"sikadur-41-mortero-juego-predosif-12-kg","status":"publish","type":"product","link":"https:\/\/tecnourquiza.com.ar\/?product=sikadur-41-mortero-juego-predosif-12-kg","title":{"rendered":"Sikadur 41 Mortero Juego predosif 12 kg"},"content":{"rendered":"<h3>Usos<\/h3>\n<p><strong>Como mortero de reparaci\u00f3n y pegado para:<\/strong><\/p>\n<ul>\n<li>Elementos de hormig\u00f3n.<\/li>\n<li>Piedra natural<\/li>\n<li>Cer\u00e1micas, fibrocemento<\/li>\n<li>Mortero, ladrillo y alba\u00f1iler\u00eda.<\/li>\n<li>Acero, hierro y aluminio.<\/li>\n<li>Madera.<\/li>\n<li>Poli\u00e9ster, ep\u00f3xicos.<\/li>\n<li>Vidrio<\/li>\n<\/ul>\n<p>&nbsp;<\/p>\n<p><strong>Como mortero de reparaci\u00f3n y adhesivo:<\/strong><\/p>\n<ul>\n<li>Relleno de perforaciones y espacios<\/li>\n<li>Uso en vertical y sobre cabeza.<\/li>\n<\/ul>\n<p>&nbsp;<\/p>\n<p><strong>Relleno de juntas y sellado de fisuras:<\/strong><\/p>\n<ul>\n<li>Reparaci\u00f3n de bordes, juntas, aristas, etc.<\/li>\n<\/ul>\n<p>&nbsp;<\/p>\n<h3>Ventajas<\/h3>\n<hr \/>\n<ul>\n<li>F\u00e1cil de mezclar y aplicar<\/li>\n<li>Adecuado para superficies de hormig\u00f3n secas y h\u00famedas.<\/li>\n<li>Muy buena adherencia en la mayor\u00eda de los materiales de construcci\u00f3n.<\/li>\n<li>Mortero de alta resistencia<\/li>\n<li>Tixotr\u00f3pico: Sin descuelgue en aplicaci\u00f3n vertical y sobre cabeza<\/li>\n<li>Endurece sin contracci\u00f3n<\/li>\n<li>Componentes con diferentes colores (para control de mezclado)<\/li>\n<li>No necesita imprimante<\/li>\n<li>Alta resistencias mec\u00e1nicas inicial y \u00faltima.<\/li>\n<li>Buena resistencia a la abrasi\u00f3n<\/li>\n<li>Buena resistencia qu\u00edmica.<\/li>\n<\/ul>\n<p><strong>Normas:<\/strong> Sikadur\u00ae 41 cumple con la normativa EN 1504-3.<\/p>\n<p><strong>Apariencia\/Color: <\/strong><\/p>\n<p>Componente A: Blanco<br \/>\nComponente B: Gris oscuro<br \/>\nComponente C: Cuarzo<br \/>\nProducto mezclado: Gris hormig\u00f3n.<\/p>\n<p><strong>Presentaci\u00f3n:<\/strong> Juego de 12kg (A+B+C).<\/p>\n<p>[vc_row][vc_column][vc_btn title=&#8221;Ficha T\u00e9cnica&#8221; color=&#8221;warning&#8221; link=&#8221;url:http%3A%2F%2Ftecnourquiza.com.ar%2Fwp-content%2Fuploads%2F2020%2F01%2FHoja-t%C3%A9cnica-de-producto-Sikadur-41.pdf|title:Ficha%20T%C3%A9cnica|target:%20_blank|&#8221;][\/vc_column][\/vc_row]<\/p>\n","protected":false},"excerpt":{"rendered":"<p>Mortero de base epoxi, tixotr\u00f3pico, de 3 componentes, para reparaciones y refuerzos.<\/p>\n<p>Es un mortero de reparaci\u00f3n y bacheo, tixotr\u00f3pico, sin disolventes, de tres componentes, a base de resinas ep\u00f3xicas y filler especiales, dise\u00f1ado para su utilizaci\u00f3n a temperaturas entre +10\u00b0C y +30\u00b0C.<\/p>\n","protected":false},"featured_media":8447,"comment_status":"open","ping_status":"closed","template":"","meta":[],"product_brand":[],"product_cat":[171,123,90],"product_tag":[174],"class_list":{"0":"post-8446","1":"product","2":"type-product","3":"status-publish","4":"has-post-thumbnail","6":"product_cat-reparacion-y-proteccion","7":"product_cat-sellado-de-juntas","8":"product_cat-sika","9":"product_tag-mortero-epoxi","11":"first","12":"instock","13":"shipping-taxable","14":"product-type-simple"},"yoast_head":"<!-- This site is optimized with the Yoast SEO plugin v27.2 - https:\/\/yoast.com\/product\/yoast-seo-wordpress\/ -->\n<title>Sikadur 41 Mortero Juego predosif 12 kg - Tecnourquiza, productos SIKA Argentina<\/title>\n<meta name=\"robots\" content=\"index, follow, max-snippet:-1, max-image-preview:large, max-video-preview:-1\" \/>\n<link rel=\"canonical\" href=\"https:\/\/tecnourquiza.com.ar\/?product=sikadur-41-mortero-juego-predosif-12-kg\" \/>\n<meta property=\"og:locale\" content=\"es_ES\" \/>\n<meta property=\"og:type\" content=\"article\" \/>\n<meta property=\"og:title\" content=\"Sikadur 41 Mortero Juego predosif 12 kg - Tecnourquiza, productos SIKA Argentina\" \/>\n<meta property=\"og:description\" content=\"Mortero de base epoxi, tixotr\u00f3pico, de 3 componentes, para reparaciones y refuerzos.  Es un mortero de reparaci\u00f3n y bacheo, tixotr\u00f3pico, sin disolventes, de tres componentes, a base de resinas ep\u00f3xicas y filler especiales, dise\u00f1ado para su utilizaci\u00f3n a temperaturas entre +10\u00b0C y +30\u00b0C.\" \/>\n<meta property=\"og:url\" content=\"https:\/\/tecnourquiza.com.ar\/?product=sikadur-41-mortero-juego-predosif-12-kg\" \/>\n<meta property=\"og:site_name\" content=\"Tecnourquiza, productos SIKA Argentina\" \/>\n<meta property=\"article:modified_time\" content=\"2021-03-11T16:47:29+00:00\" \/>\n<meta property=\"og:image\" content=\"https:\/\/tecnourquiza.com.ar\/wp-content\/uploads\/2020\/01\/sikadur-41-cf-normal.jpg\" \/>\n\t<meta property=\"og:image:width\" content=\"458\" \/>\n\t<meta property=\"og:image:height\" content=\"458\" \/>\n\t<meta property=\"og:image:type\" content=\"image\/jpeg\" \/>\n<meta name=\"twitter:card\" content=\"summary_large_image\" \/>\n<meta name=\"twitter:label1\" content=\"Tiempo de lectura\" \/>\n\t<meta name=\"twitter:data1\" content=\"1 minuto\" \/>\n<script type=\"application\/ld+json\" class=\"yoast-schema-graph\">{\"@context\":\"https:\/\/schema.org\",\"@graph\":[{\"@type\":\"WebPage\",\"@id\":\"https:\/\/tecnourquiza.com.ar\/?product=sikadur-41-mortero-juego-predosif-12-kg\",\"url\":\"https:\/\/tecnourquiza.com.ar\/?product=sikadur-41-mortero-juego-predosif-12-kg\",\"name\":\"Sikadur 41 Mortero Juego predosif 12 kg - Tecnourquiza, productos SIKA Argentina\",\"isPartOf\":{\"@id\":\"https:\/\/tecnourquiza.com.ar\/#website\"},\"primaryImageOfPage\":{\"@id\":\"https:\/\/tecnourquiza.com.ar\/?product=sikadur-41-mortero-juego-predosif-12-kg#primaryimage\"},\"image\":{\"@id\":\"https:\/\/tecnourquiza.com.ar\/?product=sikadur-41-mortero-juego-predosif-12-kg#primaryimage\"},\"thumbnailUrl\":\"https:\/\/tecnourquiza.com.ar\/wp-content\/uploads\/2020\/01\/sikadur-41-cf-normal.jpg\",\"datePublished\":\"2020-01-07T15:52:11+00:00\",\"dateModified\":\"2021-03-11T16:47:29+00:00\",\"breadcrumb\":{\"@id\":\"https:\/\/tecnourquiza.com.ar\/?product=sikadur-41-mortero-juego-predosif-12-kg#breadcrumb\"},\"inLanguage\":\"es\",\"potentialAction\":[{\"@type\":\"ReadAction\",\"target\":[\"https:\/\/tecnourquiza.com.ar\/?product=sikadur-41-mortero-juego-predosif-12-kg\"]}]},{\"@type\":\"ImageObject\",\"inLanguage\":\"es\",\"@id\":\"https:\/\/tecnourquiza.com.ar\/?product=sikadur-41-mortero-juego-predosif-12-kg#primaryimage\",\"url\":\"https:\/\/tecnourquiza.com.ar\/wp-content\/uploads\/2020\/01\/sikadur-41-cf-normal.jpg\",\"contentUrl\":\"https:\/\/tecnourquiza.com.ar\/wp-content\/uploads\/2020\/01\/sikadur-41-cf-normal.jpg\",\"width\":458,\"height\":458},{\"@type\":\"BreadcrumbList\",\"@id\":\"https:\/\/tecnourquiza.com.ar\/?product=sikadur-41-mortero-juego-predosif-12-kg#breadcrumb\",\"itemListElement\":[{\"@type\":\"ListItem\",\"position\":1,\"name\":\"Portada\",\"item\":\"https:\/\/tecnourquiza.com.ar\/\"},{\"@type\":\"ListItem\",\"position\":2,\"name\":\"Productos\",\"item\":\"https:\/\/tecnourquiza.com.ar\/?post_type=product\"},{\"@type\":\"ListItem\",\"position\":3,\"name\":\"Sikadur 41 Mortero Juego predosif 12 kg\"}]},{\"@type\":\"WebSite\",\"@id\":\"https:\/\/tecnourquiza.com.ar\/#website\",\"url\":\"https:\/\/tecnourquiza.com.ar\/\",\"name\":\"Tecnourquiza, productos SIKA Argentina\",\"description\":\"Comercializamos productos de la marca Sika Argentina\",\"publisher\":{\"@id\":\"https:\/\/tecnourquiza.com.ar\/#organization\"},\"potentialAction\":[{\"@type\":\"SearchAction\",\"target\":{\"@type\":\"EntryPoint\",\"urlTemplate\":\"https:\/\/tecnourquiza.com.ar\/?s={search_term_string}\"},\"query-input\":{\"@type\":\"PropertyValueSpecification\",\"valueRequired\":true,\"valueName\":\"search_term_string\"}}],\"inLanguage\":\"es\"},{\"@type\":\"Organization\",\"@id\":\"https:\/\/tecnourquiza.com.ar\/#organization\",\"name\":\"Tecnourquiza, productos SIKA Argentina\",\"url\":\"https:\/\/tecnourquiza.com.ar\/\",\"logo\":{\"@type\":\"ImageObject\",\"inLanguage\":\"es\",\"@id\":\"https:\/\/tecnourquiza.com.ar\/#\/schema\/logo\/image\/\",\"url\":\"https:\/\/tecnourquiza.com.ar\/wp-content\/uploads\/2025\/05\/logo-tecnourquiza-transparente.png\",\"contentUrl\":\"https:\/\/tecnourquiza.com.ar\/wp-content\/uploads\/2025\/05\/logo-tecnourquiza-transparente.png\",\"width\":360,\"height\":74,\"caption\":\"Tecnourquiza, productos SIKA Argentina\"},\"image\":{\"@id\":\"https:\/\/tecnourquiza.com.ar\/#\/schema\/logo\/image\/\"}}]}<\/script>\n<!-- \/ Yoast SEO plugin. -->","yoast_head_json":{"title":"Sikadur 41 Mortero Juego predosif 12 kg - Tecnourquiza, productos SIKA Argentina","robots":{"index":"index","follow":"follow","max-snippet":"max-snippet:-1","max-image-preview":"max-image-preview:large","max-video-preview":"max-video-preview:-1"},"canonical":"https:\/\/tecnourquiza.com.ar\/?product=sikadur-41-mortero-juego-predosif-12-kg","og_locale":"es_ES","og_type":"article","og_title":"Sikadur 41 Mortero Juego predosif 12 kg - Tecnourquiza, productos SIKA Argentina","og_description":"Mortero de base epoxi, tixotr\u00f3pico, de 3 componentes, para reparaciones y refuerzos.  Es un mortero de reparaci\u00f3n y bacheo, tixotr\u00f3pico, sin disolventes, de tres componentes, a base de resinas ep\u00f3xicas y filler especiales, dise\u00f1ado para su utilizaci\u00f3n a temperaturas entre +10\u00b0C y +30\u00b0C.","og_url":"https:\/\/tecnourquiza.com.ar\/?product=sikadur-41-mortero-juego-predosif-12-kg","og_site_name":"Tecnourquiza, productos SIKA Argentina","article_modified_time":"2021-03-11T16:47:29+00:00","og_image":[{"width":458,"height":458,"url":"https:\/\/tecnourquiza.com.ar\/wp-content\/uploads\/2020\/01\/sikadur-41-cf-normal.jpg","type":"image\/jpeg"}],"twitter_card":"summary_large_image","twitter_misc":{"Tiempo de lectura":"1 minuto"},"schema":{"@context":"https:\/\/schema.org","@graph":[{"@type":"WebPage","@id":"https:\/\/tecnourquiza.com.ar\/?product=sikadur-41-mortero-juego-predosif-12-kg","url":"https:\/\/tecnourquiza.com.ar\/?product=sikadur-41-mortero-juego-predosif-12-kg","name":"Sikadur 41 Mortero Juego predosif 12 kg - Tecnourquiza, productos SIKA Argentina","isPartOf":{"@id":"https:\/\/tecnourquiza.com.ar\/#website"},"primaryImageOfPage":{"@id":"https:\/\/tecnourquiza.com.ar\/?product=sikadur-41-mortero-juego-predosif-12-kg#primaryimage"},"image":{"@id":"https:\/\/tecnourquiza.com.ar\/?product=sikadur-41-mortero-juego-predosif-12-kg#primaryimage"},"thumbnailUrl":"https:\/\/tecnourquiza.com.ar\/wp-content\/uploads\/2020\/01\/sikadur-41-cf-normal.jpg","datePublished":"2020-01-07T15:52:11+00:00","dateModified":"2021-03-11T16:47:29+00:00","breadcrumb":{"@id":"https:\/\/tecnourquiza.com.ar\/?product=sikadur-41-mortero-juego-predosif-12-kg#breadcrumb"},"inLanguage":"es","potentialAction":[{"@type":"ReadAction","target":["https:\/\/tecnourquiza.com.ar\/?product=sikadur-41-mortero-juego-predosif-12-kg"]}]},{"@type":"ImageObject","inLanguage":"es","@id":"https:\/\/tecnourquiza.com.ar\/?product=sikadur-41-mortero-juego-predosif-12-kg#primaryimage","url":"https:\/\/tecnourquiza.com.ar\/wp-content\/uploads\/2020\/01\/sikadur-41-cf-normal.jpg","contentUrl":"https:\/\/tecnourquiza.com.ar\/wp-content\/uploads\/2020\/01\/sikadur-41-cf-normal.jpg","width":458,"height":458},{"@type":"BreadcrumbList","@id":"https:\/\/tecnourquiza.com.ar\/?product=sikadur-41-mortero-juego-predosif-12-kg#breadcrumb","itemListElement":[{"@type":"ListItem","position":1,"name":"Portada","item":"https:\/\/tecnourquiza.com.ar\/"},{"@type":"ListItem","position":2,"name":"Productos","item":"https:\/\/tecnourquiza.com.ar\/?post_type=product"},{"@type":"ListItem","position":3,"name":"Sikadur 41 Mortero Juego predosif 12 kg"}]},{"@type":"WebSite","@id":"https:\/\/tecnourquiza.com.ar\/#website","url":"https:\/\/tecnourquiza.com.ar\/","name":"Tecnourquiza, productos SIKA Argentina","description":"Comercializamos productos de la marca Sika Argentina","publisher":{"@id":"https:\/\/tecnourquiza.com.ar\/#organization"},"potentialAction":[{"@type":"SearchAction","target":{"@type":"EntryPoint","urlTemplate":"https:\/\/tecnourquiza.com.ar\/?s={search_term_string}"},"query-input":{"@type":"PropertyValueSpecification","valueRequired":true,"valueName":"search_term_string"}}],"inLanguage":"es"},{"@type":"Organization","@id":"https:\/\/tecnourquiza.com.ar\/#organization","name":"Tecnourquiza, productos SIKA Argentina","url":"https:\/\/tecnourquiza.com.ar\/","logo":{"@type":"ImageObject","inLanguage":"es","@id":"https:\/\/tecnourquiza.com.ar\/#\/schema\/logo\/image\/","url":"https:\/\/tecnourquiza.com.ar\/wp-content\/uploads\/2025\/05\/logo-tecnourquiza-transparente.png","contentUrl":"https:\/\/tecnourquiza.com.ar\/wp-content\/uploads\/2025\/05\/logo-tecnourquiza-transparente.png","width":360,"height":74,"caption":"Tecnourquiza, productos SIKA Argentina"},"image":{"@id":"https:\/\/tecnourquiza.com.ar\/#\/schema\/logo\/image\/"}}]}},"_links":{"self":[{"href":"https:\/\/tecnourquiza.com.ar\/index.php?rest_route=\/wp\/v2\/product\/8446","targetHints":{"allow":["GET"]}}],"collection":[{"href":"https:\/\/tecnourquiza.com.ar\/index.php?rest_route=\/wp\/v2\/product"}],"about":[{"href":"https:\/\/tecnourquiza.com.ar\/index.php?rest_route=\/wp\/v2\/types\/product"}],"replies":[{"embeddable":true,"href":"https:\/\/tecnourquiza.com.ar\/index.php?rest_route=%2Fwp%2Fv2%2Fcomments&post=8446"}],"wp:featuredmedia":[{"embeddable":true,"href":"https:\/\/tecnourquiza.com.ar\/index.php?rest_route=\/wp\/v2\/media\/8447"}],"wp:attachment":[{"href":"https:\/\/tecnourquiza.com.ar\/index.php?rest_route=%2Fwp%2Fv2%2Fmedia&parent=8446"}],"wp:term":[{"taxonomy":"product_brand","embeddable":true,"href":"https:\/\/tecnourquiza.com.ar\/index.php?rest_route=%2Fwp%2Fv2%2Fproduct_brand&post=8446"},{"taxonomy":"product_cat","embeddable":true,"href":"https:\/\/tecnourquiza.com.ar\/index.php?rest_route=%2Fwp%2Fv2%2Fproduct_cat&post=8446"},{"taxonomy":"product_tag","embeddable":true,"href":"https:\/\/tecnourquiza.com.ar\/index.php?rest_route=%2Fwp%2Fv2%2Fproduct_tag&post=8446"}],"curies":[{"name":"wp","href":"https:\/\/api.w.org\/{rel}","templated":true}]}}