{"id":8439,"date":"2020-01-07T15:37:57","date_gmt":"2020-01-07T15:37:57","guid":{"rendered":"http:\/\/tecnourquiza.com.ar\/?post_type=product&#038;p=8439"},"modified":"2021-03-11T16:47:44","modified_gmt":"2021-03-11T16:47:44","slug":"sikadur-32-gel-juego-predosificado-1-kg","status":"publish","type":"product","link":"https:\/\/tecnourquiza.com.ar\/?product=sikadur-32-gel-juego-predosificado-1-kg","title":{"rendered":"Sikadur 32 Gel Juego predosificado 1 kg"},"content":{"rendered":"<h3 class=\"headline-element\">USO<\/h3>\n<hr \/>\n<p>Sikadur-32 Gel es utilizado para:<\/p>\n<ul>\n<li>\u00a0Adherir hormigones o morteros ya endurecidos, con hormig\u00f3n o mortero fresco en reparaciones de losas, continuaci\u00f3n de hormigonados para evitar juntas de trabajo y uniones monol\u00edticas en general.<\/li>\n<li>\u00a0Lograr la adhesi\u00f3n de distintos materiales (hierro, madera, etc.) al hormig\u00f3n o mortero fresco.<\/li>\n<\/ul>\n<p>&nbsp;<\/p>\n<h3 class=\"headline-element\">CARACTER\u00cdSTICAS<\/h3>\n<hr \/>\n<p>Alta adherencia al hormig\u00f3n.<\/p>\n<ul>\n<li>\u00a0Permite obtener monolitismo estructural que no se logra con adhesivos comunes.<\/li>\n<li>\u00a0Soluciona situaciones particulares de obra a un bajo costo.<\/li>\n<li>\u00a0Trabajable a bajas temperaturas.<\/li>\n<li>\u00a0Facilidad de preparaci\u00f3n y aplicaci\u00f3n. No requiere mano de obra especializada.<\/li>\n<li>\u00a0No contrae ni produce corrosi\u00f3n en las armaduras.<\/li>\n<li>\u00a0Libre de solventes.<\/li>\n<li>\u00a0No es afectado por la humedad.<\/li>\n<li>\u00a0Alta resistencia a tracci\u00f3n.<\/li>\n<li>\u00a0R\u00e1pida aplicaci\u00f3n a\u00fan sobre superficies irregulares.<\/li>\n<\/ul>\n<p class=\"headline-element\"><strong>COLOR:\u00a0 <\/strong>Comp. A: l\u00edquido muy viscoso de color blanco \/ Comp. B: l\u00edquido viscoso de color negro<\/p>\n<p><strong>PRESENTACI\u00d3N:<\/strong> Juegos predosificados de 1 kg y 5 kg.<\/p>\n<p>[vc_row][vc_column][vc_btn title=&#8221;Ficha T\u00e9cnica&#8221; color=&#8221;warning&#8221; link=&#8221;url:http%3A%2F%2Ftecnourquiza.com.ar%2Fwp-content%2Fuploads%2F2020%2F01%2FHoja-t%C3%A9cnica-de-producto-Sikadur-32-Gel.pdf|title:Ficha%20T%C3%A9cnica|target:%20_blank|&#8221;][\/vc_column][\/vc_row]<\/p>\n","protected":false},"excerpt":{"rendered":"<p>Adhesivo de base epoxi de 2 componentes, sin solventes, para adherir hormig\u00f3n viejo a nuevo.<\/p>\n<p>Producto de dos componentes formulado a base de resinas epox\u00eddicas modificadas, sin solventes. Sikadur-32 Gel act\u00faa sobre superficies secas o h\u00famedas, desarrollando sus resistencias en forma paralela a las del mortero u hormig\u00f3n a colocar.<\/p>\n","protected":false},"featured_media":8440,"comment_status":"open","ping_status":"closed","template":"","meta":[],"product_brand":[],"product_cat":[171,90],"product_tag":[173,158],"class_list":{"0":"post-8439","1":"product","2":"type-product","3":"status-publish","4":"has-post-thumbnail","6":"product_cat-reparacion-y-proteccion","7":"product_cat-sika","8":"product_tag-adhesivo","9":"product_tag-resina-epoxi","11":"first","12":"instock","13":"shipping-taxable","14":"product-type-simple"},"yoast_head":"<!-- This site is optimized with the Yoast SEO plugin v27.2 - https:\/\/yoast.com\/product\/yoast-seo-wordpress\/ -->\n<title>Sikadur 32 Gel Juego predosificado 1 kg - Tecnourquiza, productos SIKA Argentina<\/title>\n<meta name=\"robots\" content=\"index, follow, max-snippet:-1, max-image-preview:large, max-video-preview:-1\" \/>\n<link rel=\"canonical\" href=\"https:\/\/tecnourquiza.com.ar\/?product=sikadur-32-gel-juego-predosificado-1-kg\" \/>\n<meta property=\"og:locale\" content=\"es_ES\" \/>\n<meta property=\"og:type\" content=\"article\" \/>\n<meta property=\"og:title\" content=\"Sikadur 32 Gel Juego predosificado 1 kg - Tecnourquiza, productos SIKA Argentina\" \/>\n<meta property=\"og:description\" content=\"Adhesivo de base epoxi de 2 componentes, sin solventes, para adherir hormig\u00f3n viejo a nuevo.  Producto de dos componentes formulado a base de resinas epox\u00eddicas modificadas, sin solventes. Sikadur-32 Gel act\u00faa sobre superficies secas o h\u00famedas, desarrollando sus resistencias en forma paralela a las del mortero u hormig\u00f3n a colocar.\" \/>\n<meta property=\"og:url\" content=\"https:\/\/tecnourquiza.com.ar\/?product=sikadur-32-gel-juego-predosificado-1-kg\" \/>\n<meta property=\"og:site_name\" content=\"Tecnourquiza, productos SIKA Argentina\" \/>\n<meta property=\"article:modified_time\" content=\"2021-03-11T16:47:44+00:00\" \/>\n<meta property=\"og:image\" content=\"https:\/\/tecnourquiza.com.ar\/wp-content\/uploads\/2020\/01\/sikadur-32.jpg\" \/>\n\t<meta property=\"og:image:width\" content=\"924\" \/>\n\t<meta property=\"og:image:height\" content=\"924\" \/>\n\t<meta property=\"og:image:type\" content=\"image\/jpeg\" \/>\n<meta name=\"twitter:card\" content=\"summary_large_image\" \/>\n<meta name=\"twitter:label1\" content=\"Tiempo de lectura\" \/>\n\t<meta name=\"twitter:data1\" content=\"1 minuto\" \/>\n<script type=\"application\/ld+json\" class=\"yoast-schema-graph\">{\"@context\":\"https:\/\/schema.org\",\"@graph\":[{\"@type\":\"WebPage\",\"@id\":\"https:\/\/tecnourquiza.com.ar\/?product=sikadur-32-gel-juego-predosificado-1-kg\",\"url\":\"https:\/\/tecnourquiza.com.ar\/?product=sikadur-32-gel-juego-predosificado-1-kg\",\"name\":\"Sikadur 32 Gel Juego predosificado 1 kg - Tecnourquiza, productos SIKA Argentina\",\"isPartOf\":{\"@id\":\"https:\/\/tecnourquiza.com.ar\/#website\"},\"primaryImageOfPage\":{\"@id\":\"https:\/\/tecnourquiza.com.ar\/?product=sikadur-32-gel-juego-predosificado-1-kg#primaryimage\"},\"image\":{\"@id\":\"https:\/\/tecnourquiza.com.ar\/?product=sikadur-32-gel-juego-predosificado-1-kg#primaryimage\"},\"thumbnailUrl\":\"https:\/\/tecnourquiza.com.ar\/wp-content\/uploads\/2020\/01\/sikadur-32.jpg\",\"datePublished\":\"2020-01-07T15:37:57+00:00\",\"dateModified\":\"2021-03-11T16:47:44+00:00\",\"breadcrumb\":{\"@id\":\"https:\/\/tecnourquiza.com.ar\/?product=sikadur-32-gel-juego-predosificado-1-kg#breadcrumb\"},\"inLanguage\":\"es\",\"potentialAction\":[{\"@type\":\"ReadAction\",\"target\":[\"https:\/\/tecnourquiza.com.ar\/?product=sikadur-32-gel-juego-predosificado-1-kg\"]}]},{\"@type\":\"ImageObject\",\"inLanguage\":\"es\",\"@id\":\"https:\/\/tecnourquiza.com.ar\/?product=sikadur-32-gel-juego-predosificado-1-kg#primaryimage\",\"url\":\"https:\/\/tecnourquiza.com.ar\/wp-content\/uploads\/2020\/01\/sikadur-32.jpg\",\"contentUrl\":\"https:\/\/tecnourquiza.com.ar\/wp-content\/uploads\/2020\/01\/sikadur-32.jpg\",\"width\":924,\"height\":924},{\"@type\":\"BreadcrumbList\",\"@id\":\"https:\/\/tecnourquiza.com.ar\/?product=sikadur-32-gel-juego-predosificado-1-kg#breadcrumb\",\"itemListElement\":[{\"@type\":\"ListItem\",\"position\":1,\"name\":\"Portada\",\"item\":\"https:\/\/tecnourquiza.com.ar\/\"},{\"@type\":\"ListItem\",\"position\":2,\"name\":\"Productos\",\"item\":\"https:\/\/tecnourquiza.com.ar\/?post_type=product\"},{\"@type\":\"ListItem\",\"position\":3,\"name\":\"Sikadur 32 Gel Juego predosificado 1 kg\"}]},{\"@type\":\"WebSite\",\"@id\":\"https:\/\/tecnourquiza.com.ar\/#website\",\"url\":\"https:\/\/tecnourquiza.com.ar\/\",\"name\":\"Tecnourquiza, productos SIKA Argentina\",\"description\":\"Comercializamos productos de la marca Sika Argentina\",\"publisher\":{\"@id\":\"https:\/\/tecnourquiza.com.ar\/#organization\"},\"potentialAction\":[{\"@type\":\"SearchAction\",\"target\":{\"@type\":\"EntryPoint\",\"urlTemplate\":\"https:\/\/tecnourquiza.com.ar\/?s={search_term_string}\"},\"query-input\":{\"@type\":\"PropertyValueSpecification\",\"valueRequired\":true,\"valueName\":\"search_term_string\"}}],\"inLanguage\":\"es\"},{\"@type\":\"Organization\",\"@id\":\"https:\/\/tecnourquiza.com.ar\/#organization\",\"name\":\"Tecnourquiza, productos SIKA Argentina\",\"url\":\"https:\/\/tecnourquiza.com.ar\/\",\"logo\":{\"@type\":\"ImageObject\",\"inLanguage\":\"es\",\"@id\":\"https:\/\/tecnourquiza.com.ar\/#\/schema\/logo\/image\/\",\"url\":\"https:\/\/tecnourquiza.com.ar\/wp-content\/uploads\/2025\/05\/logo-tecnourquiza-transparente.png\",\"contentUrl\":\"https:\/\/tecnourquiza.com.ar\/wp-content\/uploads\/2025\/05\/logo-tecnourquiza-transparente.png\",\"width\":360,\"height\":74,\"caption\":\"Tecnourquiza, productos SIKA Argentina\"},\"image\":{\"@id\":\"https:\/\/tecnourquiza.com.ar\/#\/schema\/logo\/image\/\"}}]}<\/script>\n<!-- \/ Yoast SEO plugin. -->","yoast_head_json":{"title":"Sikadur 32 Gel Juego predosificado 1 kg - Tecnourquiza, productos SIKA Argentina","robots":{"index":"index","follow":"follow","max-snippet":"max-snippet:-1","max-image-preview":"max-image-preview:large","max-video-preview":"max-video-preview:-1"},"canonical":"https:\/\/tecnourquiza.com.ar\/?product=sikadur-32-gel-juego-predosificado-1-kg","og_locale":"es_ES","og_type":"article","og_title":"Sikadur 32 Gel Juego predosificado 1 kg - Tecnourquiza, productos SIKA Argentina","og_description":"Adhesivo de base epoxi de 2 componentes, sin solventes, para adherir hormig\u00f3n viejo a nuevo.  Producto de dos componentes formulado a base de resinas epox\u00eddicas modificadas, sin solventes. Sikadur-32 Gel act\u00faa sobre superficies secas o h\u00famedas, desarrollando sus resistencias en forma paralela a las del mortero u hormig\u00f3n a colocar.","og_url":"https:\/\/tecnourquiza.com.ar\/?product=sikadur-32-gel-juego-predosificado-1-kg","og_site_name":"Tecnourquiza, productos SIKA Argentina","article_modified_time":"2021-03-11T16:47:44+00:00","og_image":[{"width":924,"height":924,"url":"https:\/\/tecnourquiza.com.ar\/wp-content\/uploads\/2020\/01\/sikadur-32.jpg","type":"image\/jpeg"}],"twitter_card":"summary_large_image","twitter_misc":{"Tiempo de lectura":"1 minuto"},"schema":{"@context":"https:\/\/schema.org","@graph":[{"@type":"WebPage","@id":"https:\/\/tecnourquiza.com.ar\/?product=sikadur-32-gel-juego-predosificado-1-kg","url":"https:\/\/tecnourquiza.com.ar\/?product=sikadur-32-gel-juego-predosificado-1-kg","name":"Sikadur 32 Gel Juego predosificado 1 kg - Tecnourquiza, productos SIKA Argentina","isPartOf":{"@id":"https:\/\/tecnourquiza.com.ar\/#website"},"primaryImageOfPage":{"@id":"https:\/\/tecnourquiza.com.ar\/?product=sikadur-32-gel-juego-predosificado-1-kg#primaryimage"},"image":{"@id":"https:\/\/tecnourquiza.com.ar\/?product=sikadur-32-gel-juego-predosificado-1-kg#primaryimage"},"thumbnailUrl":"https:\/\/tecnourquiza.com.ar\/wp-content\/uploads\/2020\/01\/sikadur-32.jpg","datePublished":"2020-01-07T15:37:57+00:00","dateModified":"2021-03-11T16:47:44+00:00","breadcrumb":{"@id":"https:\/\/tecnourquiza.com.ar\/?product=sikadur-32-gel-juego-predosificado-1-kg#breadcrumb"},"inLanguage":"es","potentialAction":[{"@type":"ReadAction","target":["https:\/\/tecnourquiza.com.ar\/?product=sikadur-32-gel-juego-predosificado-1-kg"]}]},{"@type":"ImageObject","inLanguage":"es","@id":"https:\/\/tecnourquiza.com.ar\/?product=sikadur-32-gel-juego-predosificado-1-kg#primaryimage","url":"https:\/\/tecnourquiza.com.ar\/wp-content\/uploads\/2020\/01\/sikadur-32.jpg","contentUrl":"https:\/\/tecnourquiza.com.ar\/wp-content\/uploads\/2020\/01\/sikadur-32.jpg","width":924,"height":924},{"@type":"BreadcrumbList","@id":"https:\/\/tecnourquiza.com.ar\/?product=sikadur-32-gel-juego-predosificado-1-kg#breadcrumb","itemListElement":[{"@type":"ListItem","position":1,"name":"Portada","item":"https:\/\/tecnourquiza.com.ar\/"},{"@type":"ListItem","position":2,"name":"Productos","item":"https:\/\/tecnourquiza.com.ar\/?post_type=product"},{"@type":"ListItem","position":3,"name":"Sikadur 32 Gel Juego predosificado 1 kg"}]},{"@type":"WebSite","@id":"https:\/\/tecnourquiza.com.ar\/#website","url":"https:\/\/tecnourquiza.com.ar\/","name":"Tecnourquiza, productos SIKA Argentina","description":"Comercializamos productos de la marca Sika Argentina","publisher":{"@id":"https:\/\/tecnourquiza.com.ar\/#organization"},"potentialAction":[{"@type":"SearchAction","target":{"@type":"EntryPoint","urlTemplate":"https:\/\/tecnourquiza.com.ar\/?s={search_term_string}"},"query-input":{"@type":"PropertyValueSpecification","valueRequired":true,"valueName":"search_term_string"}}],"inLanguage":"es"},{"@type":"Organization","@id":"https:\/\/tecnourquiza.com.ar\/#organization","name":"Tecnourquiza, productos SIKA Argentina","url":"https:\/\/tecnourquiza.com.ar\/","logo":{"@type":"ImageObject","inLanguage":"es","@id":"https:\/\/tecnourquiza.com.ar\/#\/schema\/logo\/image\/","url":"https:\/\/tecnourquiza.com.ar\/wp-content\/uploads\/2025\/05\/logo-tecnourquiza-transparente.png","contentUrl":"https:\/\/tecnourquiza.com.ar\/wp-content\/uploads\/2025\/05\/logo-tecnourquiza-transparente.png","width":360,"height":74,"caption":"Tecnourquiza, productos SIKA Argentina"},"image":{"@id":"https:\/\/tecnourquiza.com.ar\/#\/schema\/logo\/image\/"}}]}},"_links":{"self":[{"href":"https:\/\/tecnourquiza.com.ar\/index.php?rest_route=\/wp\/v2\/product\/8439","targetHints":{"allow":["GET"]}}],"collection":[{"href":"https:\/\/tecnourquiza.com.ar\/index.php?rest_route=\/wp\/v2\/product"}],"about":[{"href":"https:\/\/tecnourquiza.com.ar\/index.php?rest_route=\/wp\/v2\/types\/product"}],"replies":[{"embeddable":true,"href":"https:\/\/tecnourquiza.com.ar\/index.php?rest_route=%2Fwp%2Fv2%2Fcomments&post=8439"}],"wp:featuredmedia":[{"embeddable":true,"href":"https:\/\/tecnourquiza.com.ar\/index.php?rest_route=\/wp\/v2\/media\/8440"}],"wp:attachment":[{"href":"https:\/\/tecnourquiza.com.ar\/index.php?rest_route=%2Fwp%2Fv2%2Fmedia&parent=8439"}],"wp:term":[{"taxonomy":"product_brand","embeddable":true,"href":"https:\/\/tecnourquiza.com.ar\/index.php?rest_route=%2Fwp%2Fv2%2Fproduct_brand&post=8439"},{"taxonomy":"product_cat","embeddable":true,"href":"https:\/\/tecnourquiza.com.ar\/index.php?rest_route=%2Fwp%2Fv2%2Fproduct_cat&post=8439"},{"taxonomy":"product_tag","embeddable":true,"href":"https:\/\/tecnourquiza.com.ar\/index.php?rest_route=%2Fwp%2Fv2%2Fproduct_tag&post=8439"}],"curies":[{"name":"wp","href":"https:\/\/api.w.org\/{rel}","templated":true}]}}