{"id":8434,"date":"2020-01-07T15:20:04","date_gmt":"2020-01-07T15:20:04","guid":{"rendered":"http:\/\/tecnourquiza.com.ar\/?post_type=product&#038;p=8434"},"modified":"2021-03-11T16:47:56","modified_gmt":"2021-03-11T16:47:56","slug":"sikadur-31-juego-predosificado-1-kg","status":"publish","type":"product","link":"https:\/\/tecnourquiza.com.ar\/?product=sikadur-31-juego-predosificado-1-kg","title":{"rendered":"Sikadur 31 Juego predosificado 1 kg"},"content":{"rendered":"<h3 class=\"headline-element\">USO<\/h3>\n<hr \/>\n<p>Adhesivo une y rellena elementos prefabricados de hormig\u00f3n, fibrocemento, revoque, metales, madera, piedra, cer\u00e1mica, piezas de resina epoxi o poli\u00e9ster, vidrio. Se usa para:<\/p>\n<ul>\n<li>\u00a0La uni\u00f3n monol\u00edtica de juntas finas en premoldeados.<\/li>\n<li>\u00a0Fijaci\u00f3n de elementos, anclaje de nervios, soportes o tirantes.<\/li>\n<li>\u00a0Uni\u00f3n de pilares, m\u00e9nsulas, bordillos, dovelas.<\/li>\n<li>\u00a0Refuerzo o reparaci\u00f3n de cantos y \u00e1ngulos en hormig\u00f3n, rellenos de partes desgastadas o erosionadas.<\/li>\n<li>\u00a0Para capas de desgaste en tuber\u00edas, vertederos, bloques de disipaci\u00f3n.<\/li>\n<li>\u00a0Gracias a su consistencia tixotr\u00f3pica permite compensar las tolerancias dimensionales en las piezas a unir.<\/li>\n<\/ul>\n<p>&nbsp;<\/p>\n<h3 class=\"headline-element\">CARACTER\u00cdSTICAS<\/h3>\n<hr \/>\n<ul>\n<li>Alta tixotrop\u00eda.<\/li>\n<li>Trabajable a bajas temperaturas.<\/li>\n<li>\u00a0Facilidad de preparaci\u00f3n y aplicaci\u00f3n. No requiere mano de obra especializada.<\/li>\n<li>\u00a0F\u00e1cil aplicaci\u00f3n a\u00fan sobre superficies irregulares.<\/li>\n<\/ul>\n<p>El material endurecido posee las siguientes propiedades:<\/p>\n<ul>\n<li>\u00a0Altas resistencias a compresi\u00f3n y flexi\u00f3n.<\/li>\n<li>\u00a0Elevadas resistencias mec\u00e1nicas a corta edad: en 48 hs. 80% de las resistencias finales a 20\u00b0C.<\/li>\n<li>\u00a0Excelente adherencia a\u00fan sobre superficies h\u00famedas.<\/li>\n<li>\u00a0Alta resistencia a tracci\u00f3n.<\/li>\n<li>\u00a0Alta resistencia a la abrasi\u00f3n e impacto.<\/li>\n<li>\u00a0Perfecta resistencia qu\u00edmica contra el agua, aceite, combustibles, soluciones salinas, \u00e1cidos y \u00e1lcalis diluidos, aguas residuales.<\/li>\n<li>\u00a0No tiene contracci\u00f3n, ni efecto corrosivo sobre los materiales adheridos.<\/li>\n<li>\u00a0Permite obtener monolitismo estructural que no se logra con adhesivos comunes.<\/li>\n<li>\u00a0Soluciona situaciones particulares de obra a un bajo costo.<\/li>\n<li>\u00a0Libre de solventes.<\/li>\n<li>\u00a0No es afectado por la humedad.<\/li>\n<\/ul>\n<p class=\"headline-element\"><strong>COLOR: <\/strong>Componente A, resina blanca \/ Componente B endurecedor negro.<\/p>\n<p class=\"headline-element\"><strong>PRESENTACI\u00d3N: <\/strong>Juegos prodosificados de 1 kg y 6 kg.<\/p>\n<p>[vc_row][vc_column][vc_btn title=&#8221;Ficha T\u00e9cnica&#8221; color=&#8221;warning&#8221; link=&#8221;url:http%3A%2F%2Ftecnourquiza.com.ar%2Fwp-content%2Fuploads%2F2020%2F01%2FHoja-t%C3%A9cnica-de-producto-Sikadur-31.pdf|title:Ficha%20T%C3%A9cnica|target:%20_blank|&#8221;][\/vc_column][\/vc_row]<\/p>\n","protected":false},"excerpt":{"rendered":"<p>Adhesivo de base epoxi, tixotr\u00f3pico de 2 componentes, libre de solventes, para uso universal.<\/p>\n<p>Mortero adhesivo y de reparaci\u00f3n de dos componentes, libre de solventes, tolerante a la humedad, tixotr\u00f3pic; basado en una combinaci\u00f3n de resinas epoxiy resins. Est\u00e1 dise\u00f1ado para ser usado a temperaturas entre 10\u00ba C y 30\u00ba C.<\/p>\n","protected":false},"featured_media":8437,"comment_status":"open","ping_status":"closed","template":"","meta":[],"product_brand":[],"product_cat":[171,90],"product_tag":[],"class_list":{"0":"post-8434","1":"product","2":"type-product","3":"status-publish","4":"has-post-thumbnail","6":"product_cat-reparacion-y-proteccion","7":"product_cat-sika","9":"first","10":"instock","11":"shipping-taxable","12":"product-type-simple"},"yoast_head":"<!-- This site is optimized with the Yoast SEO plugin v27.2 - https:\/\/yoast.com\/product\/yoast-seo-wordpress\/ -->\n<title>Sikadur 31 Juego predosificado 1 kg - Tecnourquiza, productos SIKA Argentina<\/title>\n<meta name=\"robots\" content=\"index, follow, max-snippet:-1, max-image-preview:large, max-video-preview:-1\" \/>\n<link rel=\"canonical\" href=\"https:\/\/tecnourquiza.com.ar\/?product=sikadur-31-juego-predosificado-1-kg\" \/>\n<meta property=\"og:locale\" content=\"es_ES\" \/>\n<meta property=\"og:type\" content=\"article\" \/>\n<meta property=\"og:title\" content=\"Sikadur 31 Juego predosificado 1 kg - Tecnourquiza, productos SIKA Argentina\" \/>\n<meta property=\"og:description\" content=\"Adhesivo de base epoxi, tixotr\u00f3pico de 2 componentes, libre de solventes, para uso universal.  Mortero adhesivo y de reparaci\u00f3n de dos componentes, libre de solventes, tolerante a la humedad, tixotr\u00f3pic; basado en una combinaci\u00f3n de resinas epoxiy resins. Est\u00e1 dise\u00f1ado para ser usado a temperaturas entre 10\u00ba C y 30\u00ba C.\" \/>\n<meta property=\"og:url\" content=\"https:\/\/tecnourquiza.com.ar\/?product=sikadur-31-juego-predosificado-1-kg\" \/>\n<meta property=\"og:site_name\" content=\"Tecnourquiza, productos SIKA Argentina\" \/>\n<meta property=\"article:modified_time\" content=\"2021-03-11T16:47:56+00:00\" \/>\n<meta property=\"og:image\" content=\"https:\/\/tecnourquiza.com.ar\/wp-content\/uploads\/2020\/01\/sikadur-31_new.jpg\" \/>\n\t<meta property=\"og:image:width\" content=\"600\" \/>\n\t<meta property=\"og:image:height\" content=\"600\" \/>\n\t<meta property=\"og:image:type\" content=\"image\/jpeg\" \/>\n<meta name=\"twitter:card\" content=\"summary_large_image\" \/>\n<meta name=\"twitter:label1\" content=\"Tiempo de lectura\" \/>\n\t<meta name=\"twitter:data1\" content=\"1 minuto\" \/>\n<script type=\"application\/ld+json\" class=\"yoast-schema-graph\">{\"@context\":\"https:\/\/schema.org\",\"@graph\":[{\"@type\":\"WebPage\",\"@id\":\"https:\/\/tecnourquiza.com.ar\/?product=sikadur-31-juego-predosificado-1-kg\",\"url\":\"https:\/\/tecnourquiza.com.ar\/?product=sikadur-31-juego-predosificado-1-kg\",\"name\":\"Sikadur 31 Juego predosificado 1 kg - Tecnourquiza, productos SIKA Argentina\",\"isPartOf\":{\"@id\":\"https:\/\/tecnourquiza.com.ar\/#website\"},\"primaryImageOfPage\":{\"@id\":\"https:\/\/tecnourquiza.com.ar\/?product=sikadur-31-juego-predosificado-1-kg#primaryimage\"},\"image\":{\"@id\":\"https:\/\/tecnourquiza.com.ar\/?product=sikadur-31-juego-predosificado-1-kg#primaryimage\"},\"thumbnailUrl\":\"https:\/\/tecnourquiza.com.ar\/wp-content\/uploads\/2020\/01\/sikadur-31_new.jpg\",\"datePublished\":\"2020-01-07T15:20:04+00:00\",\"dateModified\":\"2021-03-11T16:47:56+00:00\",\"breadcrumb\":{\"@id\":\"https:\/\/tecnourquiza.com.ar\/?product=sikadur-31-juego-predosificado-1-kg#breadcrumb\"},\"inLanguage\":\"es\",\"potentialAction\":[{\"@type\":\"ReadAction\",\"target\":[\"https:\/\/tecnourquiza.com.ar\/?product=sikadur-31-juego-predosificado-1-kg\"]}]},{\"@type\":\"ImageObject\",\"inLanguage\":\"es\",\"@id\":\"https:\/\/tecnourquiza.com.ar\/?product=sikadur-31-juego-predosificado-1-kg#primaryimage\",\"url\":\"https:\/\/tecnourquiza.com.ar\/wp-content\/uploads\/2020\/01\/sikadur-31_new.jpg\",\"contentUrl\":\"https:\/\/tecnourquiza.com.ar\/wp-content\/uploads\/2020\/01\/sikadur-31_new.jpg\",\"width\":600,\"height\":600},{\"@type\":\"BreadcrumbList\",\"@id\":\"https:\/\/tecnourquiza.com.ar\/?product=sikadur-31-juego-predosificado-1-kg#breadcrumb\",\"itemListElement\":[{\"@type\":\"ListItem\",\"position\":1,\"name\":\"Portada\",\"item\":\"https:\/\/tecnourquiza.com.ar\/\"},{\"@type\":\"ListItem\",\"position\":2,\"name\":\"Productos\",\"item\":\"https:\/\/tecnourquiza.com.ar\/?post_type=product\"},{\"@type\":\"ListItem\",\"position\":3,\"name\":\"Sikadur 31 Juego predosificado 1 kg\"}]},{\"@type\":\"WebSite\",\"@id\":\"https:\/\/tecnourquiza.com.ar\/#website\",\"url\":\"https:\/\/tecnourquiza.com.ar\/\",\"name\":\"Tecnourquiza, productos SIKA Argentina\",\"description\":\"Comercializamos productos de la marca Sika Argentina\",\"publisher\":{\"@id\":\"https:\/\/tecnourquiza.com.ar\/#organization\"},\"potentialAction\":[{\"@type\":\"SearchAction\",\"target\":{\"@type\":\"EntryPoint\",\"urlTemplate\":\"https:\/\/tecnourquiza.com.ar\/?s={search_term_string}\"},\"query-input\":{\"@type\":\"PropertyValueSpecification\",\"valueRequired\":true,\"valueName\":\"search_term_string\"}}],\"inLanguage\":\"es\"},{\"@type\":\"Organization\",\"@id\":\"https:\/\/tecnourquiza.com.ar\/#organization\",\"name\":\"Tecnourquiza, productos SIKA Argentina\",\"url\":\"https:\/\/tecnourquiza.com.ar\/\",\"logo\":{\"@type\":\"ImageObject\",\"inLanguage\":\"es\",\"@id\":\"https:\/\/tecnourquiza.com.ar\/#\/schema\/logo\/image\/\",\"url\":\"https:\/\/tecnourquiza.com.ar\/wp-content\/uploads\/2025\/05\/logo-tecnourquiza-transparente.png\",\"contentUrl\":\"https:\/\/tecnourquiza.com.ar\/wp-content\/uploads\/2025\/05\/logo-tecnourquiza-transparente.png\",\"width\":360,\"height\":74,\"caption\":\"Tecnourquiza, productos SIKA Argentina\"},\"image\":{\"@id\":\"https:\/\/tecnourquiza.com.ar\/#\/schema\/logo\/image\/\"}}]}<\/script>\n<!-- \/ Yoast SEO plugin. -->","yoast_head_json":{"title":"Sikadur 31 Juego predosificado 1 kg - Tecnourquiza, productos SIKA Argentina","robots":{"index":"index","follow":"follow","max-snippet":"max-snippet:-1","max-image-preview":"max-image-preview:large","max-video-preview":"max-video-preview:-1"},"canonical":"https:\/\/tecnourquiza.com.ar\/?product=sikadur-31-juego-predosificado-1-kg","og_locale":"es_ES","og_type":"article","og_title":"Sikadur 31 Juego predosificado 1 kg - Tecnourquiza, productos SIKA Argentina","og_description":"Adhesivo de base epoxi, tixotr\u00f3pico de 2 componentes, libre de solventes, para uso universal.  Mortero adhesivo y de reparaci\u00f3n de dos componentes, libre de solventes, tolerante a la humedad, tixotr\u00f3pic; basado en una combinaci\u00f3n de resinas epoxiy resins. Est\u00e1 dise\u00f1ado para ser usado a temperaturas entre 10\u00ba C y 30\u00ba C.","og_url":"https:\/\/tecnourquiza.com.ar\/?product=sikadur-31-juego-predosificado-1-kg","og_site_name":"Tecnourquiza, productos SIKA Argentina","article_modified_time":"2021-03-11T16:47:56+00:00","og_image":[{"width":600,"height":600,"url":"https:\/\/tecnourquiza.com.ar\/wp-content\/uploads\/2020\/01\/sikadur-31_new.jpg","type":"image\/jpeg"}],"twitter_card":"summary_large_image","twitter_misc":{"Tiempo de lectura":"1 minuto"},"schema":{"@context":"https:\/\/schema.org","@graph":[{"@type":"WebPage","@id":"https:\/\/tecnourquiza.com.ar\/?product=sikadur-31-juego-predosificado-1-kg","url":"https:\/\/tecnourquiza.com.ar\/?product=sikadur-31-juego-predosificado-1-kg","name":"Sikadur 31 Juego predosificado 1 kg - Tecnourquiza, productos SIKA Argentina","isPartOf":{"@id":"https:\/\/tecnourquiza.com.ar\/#website"},"primaryImageOfPage":{"@id":"https:\/\/tecnourquiza.com.ar\/?product=sikadur-31-juego-predosificado-1-kg#primaryimage"},"image":{"@id":"https:\/\/tecnourquiza.com.ar\/?product=sikadur-31-juego-predosificado-1-kg#primaryimage"},"thumbnailUrl":"https:\/\/tecnourquiza.com.ar\/wp-content\/uploads\/2020\/01\/sikadur-31_new.jpg","datePublished":"2020-01-07T15:20:04+00:00","dateModified":"2021-03-11T16:47:56+00:00","breadcrumb":{"@id":"https:\/\/tecnourquiza.com.ar\/?product=sikadur-31-juego-predosificado-1-kg#breadcrumb"},"inLanguage":"es","potentialAction":[{"@type":"ReadAction","target":["https:\/\/tecnourquiza.com.ar\/?product=sikadur-31-juego-predosificado-1-kg"]}]},{"@type":"ImageObject","inLanguage":"es","@id":"https:\/\/tecnourquiza.com.ar\/?product=sikadur-31-juego-predosificado-1-kg#primaryimage","url":"https:\/\/tecnourquiza.com.ar\/wp-content\/uploads\/2020\/01\/sikadur-31_new.jpg","contentUrl":"https:\/\/tecnourquiza.com.ar\/wp-content\/uploads\/2020\/01\/sikadur-31_new.jpg","width":600,"height":600},{"@type":"BreadcrumbList","@id":"https:\/\/tecnourquiza.com.ar\/?product=sikadur-31-juego-predosificado-1-kg#breadcrumb","itemListElement":[{"@type":"ListItem","position":1,"name":"Portada","item":"https:\/\/tecnourquiza.com.ar\/"},{"@type":"ListItem","position":2,"name":"Productos","item":"https:\/\/tecnourquiza.com.ar\/?post_type=product"},{"@type":"ListItem","position":3,"name":"Sikadur 31 Juego predosificado 1 kg"}]},{"@type":"WebSite","@id":"https:\/\/tecnourquiza.com.ar\/#website","url":"https:\/\/tecnourquiza.com.ar\/","name":"Tecnourquiza, productos SIKA Argentina","description":"Comercializamos productos de la marca Sika Argentina","publisher":{"@id":"https:\/\/tecnourquiza.com.ar\/#organization"},"potentialAction":[{"@type":"SearchAction","target":{"@type":"EntryPoint","urlTemplate":"https:\/\/tecnourquiza.com.ar\/?s={search_term_string}"},"query-input":{"@type":"PropertyValueSpecification","valueRequired":true,"valueName":"search_term_string"}}],"inLanguage":"es"},{"@type":"Organization","@id":"https:\/\/tecnourquiza.com.ar\/#organization","name":"Tecnourquiza, productos SIKA Argentina","url":"https:\/\/tecnourquiza.com.ar\/","logo":{"@type":"ImageObject","inLanguage":"es","@id":"https:\/\/tecnourquiza.com.ar\/#\/schema\/logo\/image\/","url":"https:\/\/tecnourquiza.com.ar\/wp-content\/uploads\/2025\/05\/logo-tecnourquiza-transparente.png","contentUrl":"https:\/\/tecnourquiza.com.ar\/wp-content\/uploads\/2025\/05\/logo-tecnourquiza-transparente.png","width":360,"height":74,"caption":"Tecnourquiza, productos SIKA Argentina"},"image":{"@id":"https:\/\/tecnourquiza.com.ar\/#\/schema\/logo\/image\/"}}]}},"_links":{"self":[{"href":"https:\/\/tecnourquiza.com.ar\/index.php?rest_route=\/wp\/v2\/product\/8434","targetHints":{"allow":["GET"]}}],"collection":[{"href":"https:\/\/tecnourquiza.com.ar\/index.php?rest_route=\/wp\/v2\/product"}],"about":[{"href":"https:\/\/tecnourquiza.com.ar\/index.php?rest_route=\/wp\/v2\/types\/product"}],"replies":[{"embeddable":true,"href":"https:\/\/tecnourquiza.com.ar\/index.php?rest_route=%2Fwp%2Fv2%2Fcomments&post=8434"}],"wp:featuredmedia":[{"embeddable":true,"href":"https:\/\/tecnourquiza.com.ar\/index.php?rest_route=\/wp\/v2\/media\/8437"}],"wp:attachment":[{"href":"https:\/\/tecnourquiza.com.ar\/index.php?rest_route=%2Fwp%2Fv2%2Fmedia&parent=8434"}],"wp:term":[{"taxonomy":"product_brand","embeddable":true,"href":"https:\/\/tecnourquiza.com.ar\/index.php?rest_route=%2Fwp%2Fv2%2Fproduct_brand&post=8434"},{"taxonomy":"product_cat","embeddable":true,"href":"https:\/\/tecnourquiza.com.ar\/index.php?rest_route=%2Fwp%2Fv2%2Fproduct_cat&post=8434"},{"taxonomy":"product_tag","embeddable":true,"href":"https:\/\/tecnourquiza.com.ar\/index.php?rest_route=%2Fwp%2Fv2%2Fproduct_tag&post=8434"}],"curies":[{"name":"wp","href":"https:\/\/api.w.org\/{rel}","templated":true}]}}