{"id":8431,"date":"2020-01-07T15:12:27","date_gmt":"2020-01-07T15:12:27","guid":{"rendered":"http:\/\/tecnourquiza.com.ar\/?post_type=product&#038;p=8431"},"modified":"2021-03-11T16:48:01","modified_gmt":"2021-03-11T16:48:01","slug":"sikadur-30-lata-5-kg","status":"publish","type":"product","link":"https:\/\/tecnourquiza.com.ar\/?product=sikadur-30-lata-5-kg","title":{"rendered":"Sikadur 30 Lata 5 kg"},"content":{"rendered":"<h3 class=\"headline-element\">Usos<\/h3>\n<hr \/>\n<p>Adhesivo para pegar refuerzos estructurales, incluyendo:<\/p>\n<ul>\n<li>L\u00e1minas Sika<sup>\u00ae<\/sup>\u00a0CarboDur<sup>\u00ae<\/sup>\u00a0a hormig\u00f3n, alba\u00f1iler\u00eda y madera (para detalles ver fichas t\u00e9cnicas de l\u00e1minas Sika<sup>\u00ae<\/sup>\u00a0CarboDur<sup>\u00ae<\/sup>\u00a0y el M\u00e9todo de Aplicaci\u00f3n \u201cSika<sup>\u00ae<\/sup>\u00a0CarboDur<sup>\u00ae<\/sup>\u00a0S\u201d)<\/li>\n<li>Flejes y l\u00e1minas de acero a hormig\u00f3n (Para informaci\u00f3n detallada, consulte al departamento t\u00e9cnico de Sika<sup>\u00ae<\/sup>)<\/li>\n<\/ul>\n<h3 class=\"headline-element\">Caracter\u00edsticas<\/h3>\n<hr \/>\n<p>Sikadur\u00ae-30 tiene las siguientes ventajas:<\/p>\n<ul>\n<li>F\u00e1cil de mezclar y aplicar<\/li>\n<li>No requiere imprimante<\/li>\n<li>Alta resistencia al creep bajo carga permanente<\/li>\n<li>Muy buena adherencia al hormig\u00f3n, alba\u00f1iler\u00eda, piedra, acero, hierro fundido, aluminio, madera y l\u00e1minas Sika<sup>\u00ae<\/sup>\u00a0CarboDur<sup>\u00ae<\/sup>.<\/li>\n<li>Elevada resistencia adhesiva.<\/li>\n<li>Tixotr\u00f3pico: no escurre en aplicaciones verticales o sobre cabeza.<\/li>\n<li>Libre de solventes.<\/li>\n<li>Endurece sin retracci\u00f3n.<\/li>\n<li>Componentes de diferente color (para control de mezclado).<\/li>\n<li>Elevada resistencia mec\u00e1nica inicial y final.<\/li>\n<li>Altas resistencias a la abrasi\u00f3n y al impacto.<\/li>\n<li>Impermeable a l\u00edquidos y vapor de agua.<\/li>\n<\/ul>\n<p class=\"headline-element\"><strong>Color:\u00a0<\/strong>Comp. A: blanco \/\u00a0Comp. B: negro\u00a0 \/\u00a0\u00a0Comp. A+B mezclados: gris.<\/p>\n<p class=\"headline-element\"><strong>Presentaci\u00f3n:\u00a0<\/strong>Juego de 5 kg.<\/p>\n<p>&nbsp;<\/p>\n<p>[vc_row][vc_column][vc_btn title=&#8221;Ficha T\u00e9cnica&#8221; color=&#8221;warning&#8221; link=&#8221;url:http%3A%2F%2Ftecnourquiza.com.ar%2Fwp-content%2Fuploads%2F2019%2F12%2FHT_Sikalastic_612.pdf|title:Ficha%20T%C3%A9cnica|target:%20_blank|&#8221;][\/vc_column][\/vc_row]<\/p>\n","protected":false},"excerpt":{"rendered":"<p>Adhesivo de base epoxi de 2 componentes para refuerzos estructurales.<\/p>\n<p>Sikadur\u00ae-30 es un adhesivo estructural bicomponente, tixotr\u00f3pico, libre de solventes, basado en una combinaci\u00f3n de resinas ep\u00f3xicas, endurecedores y fillers especiales, dise\u00f1ado para uso a temperaturas normales entre +8\u00b0C y +35\u00b0C.<\/p>\n","protected":false},"featured_media":8432,"comment_status":"open","ping_status":"closed","template":"","meta":[],"product_brand":[],"product_cat":[171,90],"product_tag":[],"class_list":{"0":"post-8431","1":"product","2":"type-product","3":"status-publish","4":"has-post-thumbnail","6":"product_cat-reparacion-y-proteccion","7":"product_cat-sika","9":"first","10":"instock","11":"shipping-taxable","12":"product-type-simple"},"yoast_head":"<!-- This site is optimized with the Yoast SEO plugin v27.2 - https:\/\/yoast.com\/product\/yoast-seo-wordpress\/ -->\n<title>Sikadur 30 Lata 5 kg - Tecnourquiza, productos SIKA Argentina<\/title>\n<meta name=\"robots\" content=\"index, follow, max-snippet:-1, max-image-preview:large, max-video-preview:-1\" \/>\n<link rel=\"canonical\" href=\"https:\/\/tecnourquiza.com.ar\/?product=sikadur-30-lata-5-kg\" \/>\n<meta property=\"og:locale\" content=\"es_ES\" \/>\n<meta property=\"og:type\" content=\"article\" \/>\n<meta property=\"og:title\" content=\"Sikadur 30 Lata 5 kg - Tecnourquiza, productos SIKA Argentina\" \/>\n<meta property=\"og:description\" content=\"Adhesivo de base epoxi de 2 componentes para refuerzos estructurales.  Sikadur\u00ae-30 es un adhesivo estructural bicomponente, tixotr\u00f3pico, libre de solventes, basado en una combinaci\u00f3n de resinas ep\u00f3xicas, endurecedores y fillers especiales, dise\u00f1ado para uso a temperaturas normales entre +8\u00b0C y +35\u00b0C.\" \/>\n<meta property=\"og:url\" content=\"https:\/\/tecnourquiza.com.ar\/?product=sikadur-30-lata-5-kg\" \/>\n<meta property=\"og:site_name\" content=\"Tecnourquiza, productos SIKA Argentina\" \/>\n<meta property=\"article:modified_time\" content=\"2021-03-11T16:48:01+00:00\" \/>\n<meta property=\"og:image\" content=\"https:\/\/tecnourquiza.com.ar\/wp-content\/uploads\/2020\/01\/sikadur-30.jpg\" \/>\n\t<meta property=\"og:image:width\" content=\"300\" \/>\n\t<meta property=\"og:image:height\" content=\"225\" \/>\n\t<meta property=\"og:image:type\" content=\"image\/jpeg\" \/>\n<meta name=\"twitter:card\" content=\"summary_large_image\" \/>\n<meta name=\"twitter:label1\" content=\"Tiempo de lectura\" \/>\n\t<meta name=\"twitter:data1\" content=\"1 minuto\" \/>\n<script type=\"application\/ld+json\" class=\"yoast-schema-graph\">{\"@context\":\"https:\/\/schema.org\",\"@graph\":[{\"@type\":\"WebPage\",\"@id\":\"https:\/\/tecnourquiza.com.ar\/?product=sikadur-30-lata-5-kg\",\"url\":\"https:\/\/tecnourquiza.com.ar\/?product=sikadur-30-lata-5-kg\",\"name\":\"Sikadur 30 Lata 5 kg - Tecnourquiza, productos SIKA Argentina\",\"isPartOf\":{\"@id\":\"https:\/\/tecnourquiza.com.ar\/#website\"},\"primaryImageOfPage\":{\"@id\":\"https:\/\/tecnourquiza.com.ar\/?product=sikadur-30-lata-5-kg#primaryimage\"},\"image\":{\"@id\":\"https:\/\/tecnourquiza.com.ar\/?product=sikadur-30-lata-5-kg#primaryimage\"},\"thumbnailUrl\":\"https:\/\/tecnourquiza.com.ar\/wp-content\/uploads\/2020\/01\/sikadur-30.jpg\",\"datePublished\":\"2020-01-07T15:12:27+00:00\",\"dateModified\":\"2021-03-11T16:48:01+00:00\",\"breadcrumb\":{\"@id\":\"https:\/\/tecnourquiza.com.ar\/?product=sikadur-30-lata-5-kg#breadcrumb\"},\"inLanguage\":\"es\",\"potentialAction\":[{\"@type\":\"ReadAction\",\"target\":[\"https:\/\/tecnourquiza.com.ar\/?product=sikadur-30-lata-5-kg\"]}]},{\"@type\":\"ImageObject\",\"inLanguage\":\"es\",\"@id\":\"https:\/\/tecnourquiza.com.ar\/?product=sikadur-30-lata-5-kg#primaryimage\",\"url\":\"https:\/\/tecnourquiza.com.ar\/wp-content\/uploads\/2020\/01\/sikadur-30.jpg\",\"contentUrl\":\"https:\/\/tecnourquiza.com.ar\/wp-content\/uploads\/2020\/01\/sikadur-30.jpg\",\"width\":300,\"height\":225},{\"@type\":\"BreadcrumbList\",\"@id\":\"https:\/\/tecnourquiza.com.ar\/?product=sikadur-30-lata-5-kg#breadcrumb\",\"itemListElement\":[{\"@type\":\"ListItem\",\"position\":1,\"name\":\"Portada\",\"item\":\"https:\/\/tecnourquiza.com.ar\/\"},{\"@type\":\"ListItem\",\"position\":2,\"name\":\"Productos\",\"item\":\"https:\/\/tecnourquiza.com.ar\/?post_type=product\"},{\"@type\":\"ListItem\",\"position\":3,\"name\":\"Sikadur 30 Lata 5 kg\"}]},{\"@type\":\"WebSite\",\"@id\":\"https:\/\/tecnourquiza.com.ar\/#website\",\"url\":\"https:\/\/tecnourquiza.com.ar\/\",\"name\":\"Tecnourquiza, productos SIKA Argentina\",\"description\":\"Comercializamos productos de la marca Sika Argentina\",\"publisher\":{\"@id\":\"https:\/\/tecnourquiza.com.ar\/#organization\"},\"potentialAction\":[{\"@type\":\"SearchAction\",\"target\":{\"@type\":\"EntryPoint\",\"urlTemplate\":\"https:\/\/tecnourquiza.com.ar\/?s={search_term_string}\"},\"query-input\":{\"@type\":\"PropertyValueSpecification\",\"valueRequired\":true,\"valueName\":\"search_term_string\"}}],\"inLanguage\":\"es\"},{\"@type\":\"Organization\",\"@id\":\"https:\/\/tecnourquiza.com.ar\/#organization\",\"name\":\"Tecnourquiza, productos SIKA Argentina\",\"url\":\"https:\/\/tecnourquiza.com.ar\/\",\"logo\":{\"@type\":\"ImageObject\",\"inLanguage\":\"es\",\"@id\":\"https:\/\/tecnourquiza.com.ar\/#\/schema\/logo\/image\/\",\"url\":\"https:\/\/tecnourquiza.com.ar\/wp-content\/uploads\/2025\/05\/logo-tecnourquiza-transparente.png\",\"contentUrl\":\"https:\/\/tecnourquiza.com.ar\/wp-content\/uploads\/2025\/05\/logo-tecnourquiza-transparente.png\",\"width\":360,\"height\":74,\"caption\":\"Tecnourquiza, productos SIKA Argentina\"},\"image\":{\"@id\":\"https:\/\/tecnourquiza.com.ar\/#\/schema\/logo\/image\/\"}}]}<\/script>\n<!-- \/ Yoast SEO plugin. -->","yoast_head_json":{"title":"Sikadur 30 Lata 5 kg - Tecnourquiza, productos SIKA Argentina","robots":{"index":"index","follow":"follow","max-snippet":"max-snippet:-1","max-image-preview":"max-image-preview:large","max-video-preview":"max-video-preview:-1"},"canonical":"https:\/\/tecnourquiza.com.ar\/?product=sikadur-30-lata-5-kg","og_locale":"es_ES","og_type":"article","og_title":"Sikadur 30 Lata 5 kg - Tecnourquiza, productos SIKA Argentina","og_description":"Adhesivo de base epoxi de 2 componentes para refuerzos estructurales.  Sikadur\u00ae-30 es un adhesivo estructural bicomponente, tixotr\u00f3pico, libre de solventes, basado en una combinaci\u00f3n de resinas ep\u00f3xicas, endurecedores y fillers especiales, dise\u00f1ado para uso a temperaturas normales entre +8\u00b0C y +35\u00b0C.","og_url":"https:\/\/tecnourquiza.com.ar\/?product=sikadur-30-lata-5-kg","og_site_name":"Tecnourquiza, productos SIKA Argentina","article_modified_time":"2021-03-11T16:48:01+00:00","og_image":[{"width":300,"height":225,"url":"https:\/\/tecnourquiza.com.ar\/wp-content\/uploads\/2020\/01\/sikadur-30.jpg","type":"image\/jpeg"}],"twitter_card":"summary_large_image","twitter_misc":{"Tiempo de lectura":"1 minuto"},"schema":{"@context":"https:\/\/schema.org","@graph":[{"@type":"WebPage","@id":"https:\/\/tecnourquiza.com.ar\/?product=sikadur-30-lata-5-kg","url":"https:\/\/tecnourquiza.com.ar\/?product=sikadur-30-lata-5-kg","name":"Sikadur 30 Lata 5 kg - Tecnourquiza, productos SIKA Argentina","isPartOf":{"@id":"https:\/\/tecnourquiza.com.ar\/#website"},"primaryImageOfPage":{"@id":"https:\/\/tecnourquiza.com.ar\/?product=sikadur-30-lata-5-kg#primaryimage"},"image":{"@id":"https:\/\/tecnourquiza.com.ar\/?product=sikadur-30-lata-5-kg#primaryimage"},"thumbnailUrl":"https:\/\/tecnourquiza.com.ar\/wp-content\/uploads\/2020\/01\/sikadur-30.jpg","datePublished":"2020-01-07T15:12:27+00:00","dateModified":"2021-03-11T16:48:01+00:00","breadcrumb":{"@id":"https:\/\/tecnourquiza.com.ar\/?product=sikadur-30-lata-5-kg#breadcrumb"},"inLanguage":"es","potentialAction":[{"@type":"ReadAction","target":["https:\/\/tecnourquiza.com.ar\/?product=sikadur-30-lata-5-kg"]}]},{"@type":"ImageObject","inLanguage":"es","@id":"https:\/\/tecnourquiza.com.ar\/?product=sikadur-30-lata-5-kg#primaryimage","url":"https:\/\/tecnourquiza.com.ar\/wp-content\/uploads\/2020\/01\/sikadur-30.jpg","contentUrl":"https:\/\/tecnourquiza.com.ar\/wp-content\/uploads\/2020\/01\/sikadur-30.jpg","width":300,"height":225},{"@type":"BreadcrumbList","@id":"https:\/\/tecnourquiza.com.ar\/?product=sikadur-30-lata-5-kg#breadcrumb","itemListElement":[{"@type":"ListItem","position":1,"name":"Portada","item":"https:\/\/tecnourquiza.com.ar\/"},{"@type":"ListItem","position":2,"name":"Productos","item":"https:\/\/tecnourquiza.com.ar\/?post_type=product"},{"@type":"ListItem","position":3,"name":"Sikadur 30 Lata 5 kg"}]},{"@type":"WebSite","@id":"https:\/\/tecnourquiza.com.ar\/#website","url":"https:\/\/tecnourquiza.com.ar\/","name":"Tecnourquiza, productos SIKA Argentina","description":"Comercializamos productos de la marca Sika Argentina","publisher":{"@id":"https:\/\/tecnourquiza.com.ar\/#organization"},"potentialAction":[{"@type":"SearchAction","target":{"@type":"EntryPoint","urlTemplate":"https:\/\/tecnourquiza.com.ar\/?s={search_term_string}"},"query-input":{"@type":"PropertyValueSpecification","valueRequired":true,"valueName":"search_term_string"}}],"inLanguage":"es"},{"@type":"Organization","@id":"https:\/\/tecnourquiza.com.ar\/#organization","name":"Tecnourquiza, productos SIKA Argentina","url":"https:\/\/tecnourquiza.com.ar\/","logo":{"@type":"ImageObject","inLanguage":"es","@id":"https:\/\/tecnourquiza.com.ar\/#\/schema\/logo\/image\/","url":"https:\/\/tecnourquiza.com.ar\/wp-content\/uploads\/2025\/05\/logo-tecnourquiza-transparente.png","contentUrl":"https:\/\/tecnourquiza.com.ar\/wp-content\/uploads\/2025\/05\/logo-tecnourquiza-transparente.png","width":360,"height":74,"caption":"Tecnourquiza, productos SIKA Argentina"},"image":{"@id":"https:\/\/tecnourquiza.com.ar\/#\/schema\/logo\/image\/"}}]}},"_links":{"self":[{"href":"https:\/\/tecnourquiza.com.ar\/index.php?rest_route=\/wp\/v2\/product\/8431","targetHints":{"allow":["GET"]}}],"collection":[{"href":"https:\/\/tecnourquiza.com.ar\/index.php?rest_route=\/wp\/v2\/product"}],"about":[{"href":"https:\/\/tecnourquiza.com.ar\/index.php?rest_route=\/wp\/v2\/types\/product"}],"replies":[{"embeddable":true,"href":"https:\/\/tecnourquiza.com.ar\/index.php?rest_route=%2Fwp%2Fv2%2Fcomments&post=8431"}],"wp:featuredmedia":[{"embeddable":true,"href":"https:\/\/tecnourquiza.com.ar\/index.php?rest_route=\/wp\/v2\/media\/8432"}],"wp:attachment":[{"href":"https:\/\/tecnourquiza.com.ar\/index.php?rest_route=%2Fwp%2Fv2%2Fmedia&parent=8431"}],"wp:term":[{"taxonomy":"product_brand","embeddable":true,"href":"https:\/\/tecnourquiza.com.ar\/index.php?rest_route=%2Fwp%2Fv2%2Fproduct_brand&post=8431"},{"taxonomy":"product_cat","embeddable":true,"href":"https:\/\/tecnourquiza.com.ar\/index.php?rest_route=%2Fwp%2Fv2%2Fproduct_cat&post=8431"},{"taxonomy":"product_tag","embeddable":true,"href":"https:\/\/tecnourquiza.com.ar\/index.php?rest_route=%2Fwp%2Fv2%2Fproduct_tag&post=8431"}],"curies":[{"name":"wp","href":"https:\/\/api.w.org\/{rel}","templated":true}]}}