{"id":8403,"date":"2020-01-07T00:55:09","date_gmt":"2020-01-07T00:55:09","guid":{"rendered":"http:\/\/tecnourquiza.com.ar\/?post_type=product&#038;p=8403"},"modified":"2020-01-07T01:10:40","modified_gmt":"2020-01-07T01:10:40","slug":"sika-anchorfix-3001-x-600-ml","status":"publish","type":"product","link":"https:\/\/tecnourquiza.com.ar\/?product=sika-anchorfix-3001-x-600-ml","title":{"rendered":"Sika AnchorFix 3001 x 600 ml."},"content":{"rendered":"<h3 class=\"headline-element\">Usos<\/h3>\n<hr \/>\n<p>Sika AnchorFix\u00ae-3001 debe ser utilizado por profesionales con experiencia.<\/p>\n<p><strong>Aplicaciones estructurales<\/strong><\/p>\n<ul>\n<li>Anclaje de barras conformadas en refuerzos, rehabilitaciones y obra nueva.<\/li>\n<li>Anclaje de barras roscadas.<\/li>\n<li>Pernos y bulones de sistemas de anclajes especiales.<\/li>\n<li>Anclajes de columnas met\u00e1licas en hormig\u00f3n.<\/li>\n<\/ul>\n<p><strong>Estructuras met\u00e1licas y carpinter\u00edas<\/strong><\/p>\n<ul>\n<li>Barandas de seguridad, balcones, cubiertas corredizas, vallas, maquinaria, soportes en mamposter\u00eda.<\/li>\n<li>Anclaje de rieles<\/li>\n<li>En los siguientes sustratos:<\/li>\n<li>Hormig\u00f3n fisurado y no fisurado<\/li>\n<li>Mamposter\u00eda maciza o hueca<\/li>\n<li>Madera<\/li>\n<li>Roca dura, natural o reconstituido*<\/li>\n<li>Roca s\u00f3lida*<\/li>\n<\/ul>\n<h3 class=\"headline-element\">Caracter\u00edsticas<\/h3>\n<hr \/>\n<p>Tiempo abierto prolongado, permite anclajes de gran profundidad.<\/p>\n<ul>\n<li>Puede ser utilizado en condiciones secas, h\u00famedas o sumergidas.<\/li>\n<li>Alta capacidad de carga.<\/li>\n<li>Reporte ESR seg\u00fan AC308 por ICC-ES, anclaje en hormig\u00f3n fisurado para cargas est\u00e1ticas, viento y sismo.<\/li>\n<li>Reporte ESR seg\u00fan AC308 por IAMPO-UES, anclaje en hormig\u00f3n fisurado para cargas est\u00e1ticas, viento y sismo.<\/li>\n<li>ETA seg\u00fan ETAG 001 para anclaje de barras en hormig\u00f3n fisurado y empalmes de barras conformadas.<\/li>\n<\/ul>\n<p>Certificado para contacto con agua potable NSF\/ANSI 61 2\/6<\/p>\n<ul>\n<li>Certificado LEED disponible<\/li>\n<li>Reporte de resistencia al fuego disponible<\/li>\n<li>Ensayo de resistencia a cargas s\u00edsmicas disponible.<\/li>\n<li>Libre de estireno.<\/li>\n<li>Excelente adherencia al sustrato.<\/li>\n<li>Endurecimiento libre de contracci\u00f3n.<\/li>\n<li>Bajo olor<\/li>\n<li>Bajo desperdicio.<\/li>\n<\/ul>\n<p class=\"headline-element\"><strong>Color:\u00a0<\/strong>Parte A: Blanco translucido \/ Parte B: Negro \/ Parte A + Parte B Gris oscuro<\/p>\n<p class=\"headline-element\"><strong>Presentaci\u00f3n:\u00a0<\/strong>Cartucho doble de 600 ml con pico mezclador, 12 cartuchos por caja.<\/p>\n<p>[vc_row][vc_column][vc_btn title=&#8221;Ficha T\u00e9cnica&#8221; color=&#8221;warning&#8221; link=&#8221;url:http%3A%2F%2Ftecnourquiza.com.ar%2Fwp-content%2Fuploads%2F2020%2F01%2FHoja-t%C3%A9cnica-de-producto-SikaAnchorFix-3001.pdf|title:Ficha%20T%C3%A9cnica|target:%20_blank|&#8221;][\/vc_column][\/vc_row]<\/p>\n","protected":false},"excerpt":{"rendered":"<p>Anclaje qu\u00edmico de alta capacidad de carga.<\/p>\n<p>Sika AnchorFix\u00ae-3001 es un adhesivo epoxi, tixotr\u00f3pico, de dos componentes, libre de solventes para anclajes de alta capacidad de carga de barras conformadas y barras roscadas en hormig\u00f3n fisurado y no fisurado.<\/p>\n","protected":false},"featured_media":8404,"comment_status":"open","ping_status":"closed","template":"","meta":[],"product_brand":[],"product_cat":[163,90],"product_tag":[165],"class_list":{"0":"post-8403","1":"product","2":"type-product","3":"status-publish","4":"has-post-thumbnail","6":"product_cat-grouting-y-anclajes","7":"product_cat-sika","8":"product_tag-anclaje","10":"first","11":"instock","12":"shipping-taxable","13":"purchasable","14":"product-type-simple"},"yoast_head":"<!-- This site is optimized with the Yoast SEO plugin v27.2 - https:\/\/yoast.com\/product\/yoast-seo-wordpress\/ -->\n<title>Sika AnchorFix 3001 x 600 ml. - Tecnourquiza, productos SIKA Argentina<\/title>\n<meta name=\"robots\" content=\"index, follow, max-snippet:-1, max-image-preview:large, max-video-preview:-1\" \/>\n<link rel=\"canonical\" href=\"https:\/\/tecnourquiza.com.ar\/?product=sika-anchorfix-3001-x-600-ml\" \/>\n<meta property=\"og:locale\" content=\"es_ES\" \/>\n<meta property=\"og:type\" content=\"article\" \/>\n<meta property=\"og:title\" content=\"Sika AnchorFix 3001 x 600 ml. - Tecnourquiza, productos SIKA Argentina\" \/>\n<meta property=\"og:description\" content=\"Anclaje qu\u00edmico de alta capacidad de carga.  Sika AnchorFix\u00ae-3001 es un adhesivo epoxi, tixotr\u00f3pico, de dos componentes, libre de solventes para anclajes de alta capacidad de carga de barras conformadas y barras roscadas en hormig\u00f3n fisurado y no fisurado.\" \/>\n<meta property=\"og:url\" content=\"https:\/\/tecnourquiza.com.ar\/?product=sika-anchorfix-3001-x-600-ml\" \/>\n<meta property=\"og:site_name\" content=\"Tecnourquiza, productos SIKA Argentina\" \/>\n<meta property=\"article:modified_time\" content=\"2020-01-07T01:10:40+00:00\" \/>\n<meta property=\"og:image\" content=\"https:\/\/tecnourquiza.com.ar\/wp-content\/uploads\/2020\/01\/Sika-AnchorFix-3001.png\" \/>\n\t<meta property=\"og:image:width\" content=\"804\" \/>\n\t<meta property=\"og:image:height\" content=\"803\" \/>\n\t<meta property=\"og:image:type\" content=\"image\/png\" \/>\n<meta name=\"twitter:card\" content=\"summary_large_image\" \/>\n<meta name=\"twitter:label1\" content=\"Tiempo de lectura\" \/>\n\t<meta name=\"twitter:data1\" content=\"1 minuto\" \/>\n<script type=\"application\/ld+json\" class=\"yoast-schema-graph\">{\"@context\":\"https:\/\/schema.org\",\"@graph\":[{\"@type\":\"WebPage\",\"@id\":\"https:\/\/tecnourquiza.com.ar\/?product=sika-anchorfix-3001-x-600-ml\",\"url\":\"https:\/\/tecnourquiza.com.ar\/?product=sika-anchorfix-3001-x-600-ml\",\"name\":\"Sika AnchorFix 3001 x 600 ml. - Tecnourquiza, productos SIKA Argentina\",\"isPartOf\":{\"@id\":\"https:\/\/tecnourquiza.com.ar\/#website\"},\"primaryImageOfPage\":{\"@id\":\"https:\/\/tecnourquiza.com.ar\/?product=sika-anchorfix-3001-x-600-ml#primaryimage\"},\"image\":{\"@id\":\"https:\/\/tecnourquiza.com.ar\/?product=sika-anchorfix-3001-x-600-ml#primaryimage\"},\"thumbnailUrl\":\"https:\/\/tecnourquiza.com.ar\/wp-content\/uploads\/2020\/01\/Sika-AnchorFix-3001.png\",\"datePublished\":\"2020-01-07T00:55:09+00:00\",\"dateModified\":\"2020-01-07T01:10:40+00:00\",\"breadcrumb\":{\"@id\":\"https:\/\/tecnourquiza.com.ar\/?product=sika-anchorfix-3001-x-600-ml#breadcrumb\"},\"inLanguage\":\"es\",\"potentialAction\":[{\"@type\":\"ReadAction\",\"target\":[\"https:\/\/tecnourquiza.com.ar\/?product=sika-anchorfix-3001-x-600-ml\"]}]},{\"@type\":\"ImageObject\",\"inLanguage\":\"es\",\"@id\":\"https:\/\/tecnourquiza.com.ar\/?product=sika-anchorfix-3001-x-600-ml#primaryimage\",\"url\":\"https:\/\/tecnourquiza.com.ar\/wp-content\/uploads\/2020\/01\/Sika-AnchorFix-3001.png\",\"contentUrl\":\"https:\/\/tecnourquiza.com.ar\/wp-content\/uploads\/2020\/01\/Sika-AnchorFix-3001.png\",\"width\":804,\"height\":803},{\"@type\":\"BreadcrumbList\",\"@id\":\"https:\/\/tecnourquiza.com.ar\/?product=sika-anchorfix-3001-x-600-ml#breadcrumb\",\"itemListElement\":[{\"@type\":\"ListItem\",\"position\":1,\"name\":\"Portada\",\"item\":\"https:\/\/tecnourquiza.com.ar\/\"},{\"@type\":\"ListItem\",\"position\":2,\"name\":\"Productos\",\"item\":\"https:\/\/tecnourquiza.com.ar\/?post_type=product\"},{\"@type\":\"ListItem\",\"position\":3,\"name\":\"Sika AnchorFix 3001 x 600 ml.\"}]},{\"@type\":\"WebSite\",\"@id\":\"https:\/\/tecnourquiza.com.ar\/#website\",\"url\":\"https:\/\/tecnourquiza.com.ar\/\",\"name\":\"Tecnourquiza, productos SIKA Argentina\",\"description\":\"Comercializamos productos de la marca Sika Argentina\",\"publisher\":{\"@id\":\"https:\/\/tecnourquiza.com.ar\/#organization\"},\"potentialAction\":[{\"@type\":\"SearchAction\",\"target\":{\"@type\":\"EntryPoint\",\"urlTemplate\":\"https:\/\/tecnourquiza.com.ar\/?s={search_term_string}\"},\"query-input\":{\"@type\":\"PropertyValueSpecification\",\"valueRequired\":true,\"valueName\":\"search_term_string\"}}],\"inLanguage\":\"es\"},{\"@type\":\"Organization\",\"@id\":\"https:\/\/tecnourquiza.com.ar\/#organization\",\"name\":\"Tecnourquiza, productos SIKA Argentina\",\"url\":\"https:\/\/tecnourquiza.com.ar\/\",\"logo\":{\"@type\":\"ImageObject\",\"inLanguage\":\"es\",\"@id\":\"https:\/\/tecnourquiza.com.ar\/#\/schema\/logo\/image\/\",\"url\":\"https:\/\/tecnourquiza.com.ar\/wp-content\/uploads\/2025\/05\/logo-tecnourquiza-transparente.png\",\"contentUrl\":\"https:\/\/tecnourquiza.com.ar\/wp-content\/uploads\/2025\/05\/logo-tecnourquiza-transparente.png\",\"width\":360,\"height\":74,\"caption\":\"Tecnourquiza, productos SIKA Argentina\"},\"image\":{\"@id\":\"https:\/\/tecnourquiza.com.ar\/#\/schema\/logo\/image\/\"}}]}<\/script>\n<!-- \/ Yoast SEO plugin. -->","yoast_head_json":{"title":"Sika AnchorFix 3001 x 600 ml. - Tecnourquiza, productos SIKA Argentina","robots":{"index":"index","follow":"follow","max-snippet":"max-snippet:-1","max-image-preview":"max-image-preview:large","max-video-preview":"max-video-preview:-1"},"canonical":"https:\/\/tecnourquiza.com.ar\/?product=sika-anchorfix-3001-x-600-ml","og_locale":"es_ES","og_type":"article","og_title":"Sika AnchorFix 3001 x 600 ml. - Tecnourquiza, productos SIKA Argentina","og_description":"Anclaje qu\u00edmico de alta capacidad de carga.  Sika AnchorFix\u00ae-3001 es un adhesivo epoxi, tixotr\u00f3pico, de dos componentes, libre de solventes para anclajes de alta capacidad de carga de barras conformadas y barras roscadas en hormig\u00f3n fisurado y no fisurado.","og_url":"https:\/\/tecnourquiza.com.ar\/?product=sika-anchorfix-3001-x-600-ml","og_site_name":"Tecnourquiza, productos SIKA Argentina","article_modified_time":"2020-01-07T01:10:40+00:00","og_image":[{"width":804,"height":803,"url":"https:\/\/tecnourquiza.com.ar\/wp-content\/uploads\/2020\/01\/Sika-AnchorFix-3001.png","type":"image\/png"}],"twitter_card":"summary_large_image","twitter_misc":{"Tiempo de lectura":"1 minuto"},"schema":{"@context":"https:\/\/schema.org","@graph":[{"@type":"WebPage","@id":"https:\/\/tecnourquiza.com.ar\/?product=sika-anchorfix-3001-x-600-ml","url":"https:\/\/tecnourquiza.com.ar\/?product=sika-anchorfix-3001-x-600-ml","name":"Sika AnchorFix 3001 x 600 ml. - Tecnourquiza, productos SIKA Argentina","isPartOf":{"@id":"https:\/\/tecnourquiza.com.ar\/#website"},"primaryImageOfPage":{"@id":"https:\/\/tecnourquiza.com.ar\/?product=sika-anchorfix-3001-x-600-ml#primaryimage"},"image":{"@id":"https:\/\/tecnourquiza.com.ar\/?product=sika-anchorfix-3001-x-600-ml#primaryimage"},"thumbnailUrl":"https:\/\/tecnourquiza.com.ar\/wp-content\/uploads\/2020\/01\/Sika-AnchorFix-3001.png","datePublished":"2020-01-07T00:55:09+00:00","dateModified":"2020-01-07T01:10:40+00:00","breadcrumb":{"@id":"https:\/\/tecnourquiza.com.ar\/?product=sika-anchorfix-3001-x-600-ml#breadcrumb"},"inLanguage":"es","potentialAction":[{"@type":"ReadAction","target":["https:\/\/tecnourquiza.com.ar\/?product=sika-anchorfix-3001-x-600-ml"]}]},{"@type":"ImageObject","inLanguage":"es","@id":"https:\/\/tecnourquiza.com.ar\/?product=sika-anchorfix-3001-x-600-ml#primaryimage","url":"https:\/\/tecnourquiza.com.ar\/wp-content\/uploads\/2020\/01\/Sika-AnchorFix-3001.png","contentUrl":"https:\/\/tecnourquiza.com.ar\/wp-content\/uploads\/2020\/01\/Sika-AnchorFix-3001.png","width":804,"height":803},{"@type":"BreadcrumbList","@id":"https:\/\/tecnourquiza.com.ar\/?product=sika-anchorfix-3001-x-600-ml#breadcrumb","itemListElement":[{"@type":"ListItem","position":1,"name":"Portada","item":"https:\/\/tecnourquiza.com.ar\/"},{"@type":"ListItem","position":2,"name":"Productos","item":"https:\/\/tecnourquiza.com.ar\/?post_type=product"},{"@type":"ListItem","position":3,"name":"Sika AnchorFix 3001 x 600 ml."}]},{"@type":"WebSite","@id":"https:\/\/tecnourquiza.com.ar\/#website","url":"https:\/\/tecnourquiza.com.ar\/","name":"Tecnourquiza, productos SIKA Argentina","description":"Comercializamos productos de la marca Sika Argentina","publisher":{"@id":"https:\/\/tecnourquiza.com.ar\/#organization"},"potentialAction":[{"@type":"SearchAction","target":{"@type":"EntryPoint","urlTemplate":"https:\/\/tecnourquiza.com.ar\/?s={search_term_string}"},"query-input":{"@type":"PropertyValueSpecification","valueRequired":true,"valueName":"search_term_string"}}],"inLanguage":"es"},{"@type":"Organization","@id":"https:\/\/tecnourquiza.com.ar\/#organization","name":"Tecnourquiza, productos SIKA Argentina","url":"https:\/\/tecnourquiza.com.ar\/","logo":{"@type":"ImageObject","inLanguage":"es","@id":"https:\/\/tecnourquiza.com.ar\/#\/schema\/logo\/image\/","url":"https:\/\/tecnourquiza.com.ar\/wp-content\/uploads\/2025\/05\/logo-tecnourquiza-transparente.png","contentUrl":"https:\/\/tecnourquiza.com.ar\/wp-content\/uploads\/2025\/05\/logo-tecnourquiza-transparente.png","width":360,"height":74,"caption":"Tecnourquiza, productos SIKA Argentina"},"image":{"@id":"https:\/\/tecnourquiza.com.ar\/#\/schema\/logo\/image\/"}}]}},"_links":{"self":[{"href":"https:\/\/tecnourquiza.com.ar\/index.php?rest_route=\/wp\/v2\/product\/8403","targetHints":{"allow":["GET"]}}],"collection":[{"href":"https:\/\/tecnourquiza.com.ar\/index.php?rest_route=\/wp\/v2\/product"}],"about":[{"href":"https:\/\/tecnourquiza.com.ar\/index.php?rest_route=\/wp\/v2\/types\/product"}],"replies":[{"embeddable":true,"href":"https:\/\/tecnourquiza.com.ar\/index.php?rest_route=%2Fwp%2Fv2%2Fcomments&post=8403"}],"wp:featuredmedia":[{"embeddable":true,"href":"https:\/\/tecnourquiza.com.ar\/index.php?rest_route=\/wp\/v2\/media\/8404"}],"wp:attachment":[{"href":"https:\/\/tecnourquiza.com.ar\/index.php?rest_route=%2Fwp%2Fv2%2Fmedia&parent=8403"}],"wp:term":[{"taxonomy":"product_brand","embeddable":true,"href":"https:\/\/tecnourquiza.com.ar\/index.php?rest_route=%2Fwp%2Fv2%2Fproduct_brand&post=8403"},{"taxonomy":"product_cat","embeddable":true,"href":"https:\/\/tecnourquiza.com.ar\/index.php?rest_route=%2Fwp%2Fv2%2Fproduct_cat&post=8403"},{"taxonomy":"product_tag","embeddable":true,"href":"https:\/\/tecnourquiza.com.ar\/index.php?rest_route=%2Fwp%2Fv2%2Fproduct_tag&post=8403"}],"curies":[{"name":"wp","href":"https:\/\/api.w.org\/{rel}","templated":true}]}}