{"id":8395,"date":"2020-01-07T00:39:39","date_gmt":"2020-01-07T00:39:39","guid":{"rendered":"http:\/\/tecnourquiza.com.ar\/?post_type=product&#038;p=8395"},"modified":"2020-01-07T01:13:28","modified_gmt":"2020-01-07T01:13:28","slug":"sika-anchorfix-1-cartuchos-300ml","status":"publish","type":"product","link":"https:\/\/tecnourquiza.com.ar\/?product=sika-anchorfix-1-cartuchos-300ml","title":{"rendered":"Sika AnchorFix 1 \u2013 Cartuchos 300ml"},"content":{"rendered":"<h3>Usos<\/h3>\n<hr \/>\n<p>Sika\u00ae AnchorFix-1 es una resina de curado r\u00e1pido para anclajes. Los elementos que se pueden anclar son:<br \/>\n\u2022 Redondos de acero corrugado.<br \/>\n\u2022Varillas.<br \/>\n\u2022Sistemas de sujeci\u00f3n de placas de fachada.<br \/>\n\u2022 Anclajes de elementos que no est\u00e9n bajo normativa.<\/p>\n<p>Sika\u00ae AnchorFix-1 se puede utilizar sobre los siguientes soportes (tanto huecos como s\u00f3lidos):<br \/>\n\u2022 Hormig\u00f3n.<br \/>\n\u2022 Piedra natural.<br \/>\n\u2022 Roca s\u00f3lida.<br \/>\n\u2022 Mamposter\u00eda ( hueco o macizo ).<br \/>\n\u2022 Madera.<br \/>\n\u2022 Las superficies sobre las que se deba adherir el Sika\u00ae AnchorFix-1 deben ser porosas.<\/p>\n<h3>Ventajas<\/h3>\n<hr \/>\n<p>Sika\u00ae AnchorFix-1 nos proporciona las siguientes ventajas:<br \/>\n\u2022 Muy r\u00e1pido curado.<br \/>\n\u2022 Libre de estireno.<br \/>\n\u2022 Tixotr\u00f3pico, permite la realizaci\u00f3n de anclajes en paramentos verticales y techos.<br \/>\n\u2022 Se puede aplicar sobre soportes de hormig\u00f3n humedecido (con cierta reducci\u00f3n de la capacidad de carga).<br \/>\n\u2022 Posible aplicaci\u00f3n a temperaturas entre \u201310\u00b0 C y 30\u00b0C.<br \/>\n\u2022 F\u00e1cil manipulaci\u00f3n.<br \/>\n\u2022 Aplicable con pistolas convencionales.<br \/>\n\u2022 Bajo desecho de material.<br \/>\n\u2022 Poca sensibilidad a errores de mezclado.<br \/>\n\u2022 Bajo olor.<br \/>\n\u2022 Econ\u00f3mico.<br \/>\n\u2022 Resina y endurecedor no est\u00e1n directamente en contacto con el cartucho, por lo que se evita la contaminaci\u00f3n del mismo y se facilita, por lo tanto, su reciclado.<\/p>\n<p><strong>Color:<\/strong> Gris claro (Comp. A: blanco; Comp. B: negro)<\/p>\n<p><strong>Presentaci\u00f3n:<\/strong> Cartuchos de 300 cm3 (incluyendo los dos componentes).<\/p>\n<p>&nbsp;<\/p>\n<p>[vc_row][vc_column][vc_btn title=&#8221;Ficha T\u00e9cnica&#8221; color=&#8221;warning&#8221; link=&#8221;url:http%3A%2F%2Ftecnourquiza.com.ar%2Fwp-content%2Fuploads%2F2020%2F01%2FFicha-Tecnica-Sika-AnchorFix-1.pdf|title:Ficha%20T%C3%A9cnica|target:%20_blank|&#8221;][\/vc_column][\/vc_row]<\/p>\n","protected":false},"excerpt":{"rendered":"<p>Anclaje qu\u00edmico de curado r\u00e1pido.<\/p>\n<p>Sika AnchorFix-1 es un producto a base de resina de poli\u00e9ster en \u00e9ster de metacrilato, libre de estireno y disolventes, para anclajes qu\u00edmicos.<br \/>\nSe trata de un producto de dos componentes en un \u00fanico cartucho de 300 cm3. Los dos componentes se encuentran contenidos en el interior de un film laminado de doble c\u00e1mara y todo ello contenido en un cartucho de pl\u00e1stico r\u00edgido est\u00e1ndar.<br \/>\nEste sistema permite la aplicaci\u00f3n de una resina de dos componentes usando una pistola convencional de selladores.<\/p>\n","protected":false},"featured_media":8396,"comment_status":"open","ping_status":"closed","template":"","meta":[],"product_brand":[],"product_cat":[163,90],"product_tag":[164],"class_list":{"0":"post-8395","1":"product","2":"type-product","3":"status-publish","4":"has-post-thumbnail","6":"product_cat-grouting-y-anclajes","7":"product_cat-sika","8":"product_tag-anclaje-quimico","10":"first","11":"instock","12":"shipping-taxable","13":"purchasable","14":"product-type-simple"},"yoast_head":"<!-- This site is optimized with the Yoast SEO plugin v27.2 - https:\/\/yoast.com\/product\/yoast-seo-wordpress\/ -->\n<title>Sika AnchorFix 1 \u2013 Cartuchos 300ml - Tecnourquiza, productos SIKA Argentina<\/title>\n<meta name=\"robots\" content=\"index, follow, max-snippet:-1, max-image-preview:large, max-video-preview:-1\" \/>\n<link rel=\"canonical\" href=\"https:\/\/tecnourquiza.com.ar\/?product=sika-anchorfix-1-cartuchos-300ml\" \/>\n<meta property=\"og:locale\" content=\"es_ES\" \/>\n<meta property=\"og:type\" content=\"article\" \/>\n<meta property=\"og:title\" content=\"Sika AnchorFix 1 \u2013 Cartuchos 300ml - Tecnourquiza, productos SIKA Argentina\" \/>\n<meta property=\"og:description\" content=\"Anclaje qu\u00edmico de curado r\u00e1pido.  Sika AnchorFix-1 es un producto a base de resina de poli\u00e9ster en \u00e9ster de metacrilato, libre de estireno y disolventes, para anclajes qu\u00edmicos. Se trata de un producto de dos componentes en un \u00fanico cartucho de 300 cm3. Los dos componentes se encuentran contenidos en el interior de un film laminado de doble c\u00e1mara y todo ello contenido en un cartucho de pl\u00e1stico r\u00edgido est\u00e1ndar. Este sistema permite la aplicaci\u00f3n de una resina de dos componentes usando una pistola convencional de selladores.\" \/>\n<meta property=\"og:url\" content=\"https:\/\/tecnourquiza.com.ar\/?product=sika-anchorfix-1-cartuchos-300ml\" \/>\n<meta property=\"og:site_name\" content=\"Tecnourquiza, productos SIKA Argentina\" \/>\n<meta property=\"article:modified_time\" content=\"2020-01-07T01:13:28+00:00\" \/>\n<meta property=\"og:image\" content=\"https:\/\/tecnourquiza.com.ar\/wp-content\/uploads\/2020\/01\/Sika-AnchorFix-1.jpg\" \/>\n\t<meta property=\"og:image:width\" content=\"435\" \/>\n\t<meta property=\"og:image:height\" content=\"373\" \/>\n\t<meta property=\"og:image:type\" content=\"image\/jpeg\" \/>\n<meta name=\"twitter:card\" content=\"summary_large_image\" \/>\n<meta name=\"twitter:label1\" content=\"Tiempo de lectura\" \/>\n\t<meta name=\"twitter:data1\" content=\"1 minuto\" \/>\n<script type=\"application\/ld+json\" class=\"yoast-schema-graph\">{\"@context\":\"https:\/\/schema.org\",\"@graph\":[{\"@type\":\"WebPage\",\"@id\":\"https:\/\/tecnourquiza.com.ar\/?product=sika-anchorfix-1-cartuchos-300ml\",\"url\":\"https:\/\/tecnourquiza.com.ar\/?product=sika-anchorfix-1-cartuchos-300ml\",\"name\":\"Sika AnchorFix 1 \u2013 Cartuchos 300ml - Tecnourquiza, productos SIKA Argentina\",\"isPartOf\":{\"@id\":\"https:\/\/tecnourquiza.com.ar\/#website\"},\"primaryImageOfPage\":{\"@id\":\"https:\/\/tecnourquiza.com.ar\/?product=sika-anchorfix-1-cartuchos-300ml#primaryimage\"},\"image\":{\"@id\":\"https:\/\/tecnourquiza.com.ar\/?product=sika-anchorfix-1-cartuchos-300ml#primaryimage\"},\"thumbnailUrl\":\"https:\/\/tecnourquiza.com.ar\/wp-content\/uploads\/2020\/01\/Sika-AnchorFix-1.jpg\",\"datePublished\":\"2020-01-07T00:39:39+00:00\",\"dateModified\":\"2020-01-07T01:13:28+00:00\",\"breadcrumb\":{\"@id\":\"https:\/\/tecnourquiza.com.ar\/?product=sika-anchorfix-1-cartuchos-300ml#breadcrumb\"},\"inLanguage\":\"es\",\"potentialAction\":[{\"@type\":\"ReadAction\",\"target\":[\"https:\/\/tecnourquiza.com.ar\/?product=sika-anchorfix-1-cartuchos-300ml\"]}]},{\"@type\":\"ImageObject\",\"inLanguage\":\"es\",\"@id\":\"https:\/\/tecnourquiza.com.ar\/?product=sika-anchorfix-1-cartuchos-300ml#primaryimage\",\"url\":\"https:\/\/tecnourquiza.com.ar\/wp-content\/uploads\/2020\/01\/Sika-AnchorFix-1.jpg\",\"contentUrl\":\"https:\/\/tecnourquiza.com.ar\/wp-content\/uploads\/2020\/01\/Sika-AnchorFix-1.jpg\",\"width\":435,\"height\":373},{\"@type\":\"BreadcrumbList\",\"@id\":\"https:\/\/tecnourquiza.com.ar\/?product=sika-anchorfix-1-cartuchos-300ml#breadcrumb\",\"itemListElement\":[{\"@type\":\"ListItem\",\"position\":1,\"name\":\"Portada\",\"item\":\"https:\/\/tecnourquiza.com.ar\/\"},{\"@type\":\"ListItem\",\"position\":2,\"name\":\"Productos\",\"item\":\"https:\/\/tecnourquiza.com.ar\/?post_type=product\"},{\"@type\":\"ListItem\",\"position\":3,\"name\":\"Sika AnchorFix 1 \u2013 Cartuchos 300ml\"}]},{\"@type\":\"WebSite\",\"@id\":\"https:\/\/tecnourquiza.com.ar\/#website\",\"url\":\"https:\/\/tecnourquiza.com.ar\/\",\"name\":\"Tecnourquiza, productos SIKA Argentina\",\"description\":\"Comercializamos productos de la marca Sika Argentina\",\"publisher\":{\"@id\":\"https:\/\/tecnourquiza.com.ar\/#organization\"},\"potentialAction\":[{\"@type\":\"SearchAction\",\"target\":{\"@type\":\"EntryPoint\",\"urlTemplate\":\"https:\/\/tecnourquiza.com.ar\/?s={search_term_string}\"},\"query-input\":{\"@type\":\"PropertyValueSpecification\",\"valueRequired\":true,\"valueName\":\"search_term_string\"}}],\"inLanguage\":\"es\"},{\"@type\":\"Organization\",\"@id\":\"https:\/\/tecnourquiza.com.ar\/#organization\",\"name\":\"Tecnourquiza, productos SIKA Argentina\",\"url\":\"https:\/\/tecnourquiza.com.ar\/\",\"logo\":{\"@type\":\"ImageObject\",\"inLanguage\":\"es\",\"@id\":\"https:\/\/tecnourquiza.com.ar\/#\/schema\/logo\/image\/\",\"url\":\"https:\/\/tecnourquiza.com.ar\/wp-content\/uploads\/2025\/05\/logo-tecnourquiza-transparente.png\",\"contentUrl\":\"https:\/\/tecnourquiza.com.ar\/wp-content\/uploads\/2025\/05\/logo-tecnourquiza-transparente.png\",\"width\":360,\"height\":74,\"caption\":\"Tecnourquiza, productos SIKA Argentina\"},\"image\":{\"@id\":\"https:\/\/tecnourquiza.com.ar\/#\/schema\/logo\/image\/\"}}]}<\/script>\n<!-- \/ Yoast SEO plugin. -->","yoast_head_json":{"title":"Sika AnchorFix 1 \u2013 Cartuchos 300ml - Tecnourquiza, productos SIKA Argentina","robots":{"index":"index","follow":"follow","max-snippet":"max-snippet:-1","max-image-preview":"max-image-preview:large","max-video-preview":"max-video-preview:-1"},"canonical":"https:\/\/tecnourquiza.com.ar\/?product=sika-anchorfix-1-cartuchos-300ml","og_locale":"es_ES","og_type":"article","og_title":"Sika AnchorFix 1 \u2013 Cartuchos 300ml - Tecnourquiza, productos SIKA Argentina","og_description":"Anclaje qu\u00edmico de curado r\u00e1pido.  Sika AnchorFix-1 es un producto a base de resina de poli\u00e9ster en \u00e9ster de metacrilato, libre de estireno y disolventes, para anclajes qu\u00edmicos. Se trata de un producto de dos componentes en un \u00fanico cartucho de 300 cm3. Los dos componentes se encuentran contenidos en el interior de un film laminado de doble c\u00e1mara y todo ello contenido en un cartucho de pl\u00e1stico r\u00edgido est\u00e1ndar. Este sistema permite la aplicaci\u00f3n de una resina de dos componentes usando una pistola convencional de selladores.","og_url":"https:\/\/tecnourquiza.com.ar\/?product=sika-anchorfix-1-cartuchos-300ml","og_site_name":"Tecnourquiza, productos SIKA Argentina","article_modified_time":"2020-01-07T01:13:28+00:00","og_image":[{"width":435,"height":373,"url":"https:\/\/tecnourquiza.com.ar\/wp-content\/uploads\/2020\/01\/Sika-AnchorFix-1.jpg","type":"image\/jpeg"}],"twitter_card":"summary_large_image","twitter_misc":{"Tiempo de lectura":"1 minuto"},"schema":{"@context":"https:\/\/schema.org","@graph":[{"@type":"WebPage","@id":"https:\/\/tecnourquiza.com.ar\/?product=sika-anchorfix-1-cartuchos-300ml","url":"https:\/\/tecnourquiza.com.ar\/?product=sika-anchorfix-1-cartuchos-300ml","name":"Sika AnchorFix 1 \u2013 Cartuchos 300ml - Tecnourquiza, productos SIKA Argentina","isPartOf":{"@id":"https:\/\/tecnourquiza.com.ar\/#website"},"primaryImageOfPage":{"@id":"https:\/\/tecnourquiza.com.ar\/?product=sika-anchorfix-1-cartuchos-300ml#primaryimage"},"image":{"@id":"https:\/\/tecnourquiza.com.ar\/?product=sika-anchorfix-1-cartuchos-300ml#primaryimage"},"thumbnailUrl":"https:\/\/tecnourquiza.com.ar\/wp-content\/uploads\/2020\/01\/Sika-AnchorFix-1.jpg","datePublished":"2020-01-07T00:39:39+00:00","dateModified":"2020-01-07T01:13:28+00:00","breadcrumb":{"@id":"https:\/\/tecnourquiza.com.ar\/?product=sika-anchorfix-1-cartuchos-300ml#breadcrumb"},"inLanguage":"es","potentialAction":[{"@type":"ReadAction","target":["https:\/\/tecnourquiza.com.ar\/?product=sika-anchorfix-1-cartuchos-300ml"]}]},{"@type":"ImageObject","inLanguage":"es","@id":"https:\/\/tecnourquiza.com.ar\/?product=sika-anchorfix-1-cartuchos-300ml#primaryimage","url":"https:\/\/tecnourquiza.com.ar\/wp-content\/uploads\/2020\/01\/Sika-AnchorFix-1.jpg","contentUrl":"https:\/\/tecnourquiza.com.ar\/wp-content\/uploads\/2020\/01\/Sika-AnchorFix-1.jpg","width":435,"height":373},{"@type":"BreadcrumbList","@id":"https:\/\/tecnourquiza.com.ar\/?product=sika-anchorfix-1-cartuchos-300ml#breadcrumb","itemListElement":[{"@type":"ListItem","position":1,"name":"Portada","item":"https:\/\/tecnourquiza.com.ar\/"},{"@type":"ListItem","position":2,"name":"Productos","item":"https:\/\/tecnourquiza.com.ar\/?post_type=product"},{"@type":"ListItem","position":3,"name":"Sika AnchorFix 1 \u2013 Cartuchos 300ml"}]},{"@type":"WebSite","@id":"https:\/\/tecnourquiza.com.ar\/#website","url":"https:\/\/tecnourquiza.com.ar\/","name":"Tecnourquiza, productos SIKA Argentina","description":"Comercializamos productos de la marca Sika Argentina","publisher":{"@id":"https:\/\/tecnourquiza.com.ar\/#organization"},"potentialAction":[{"@type":"SearchAction","target":{"@type":"EntryPoint","urlTemplate":"https:\/\/tecnourquiza.com.ar\/?s={search_term_string}"},"query-input":{"@type":"PropertyValueSpecification","valueRequired":true,"valueName":"search_term_string"}}],"inLanguage":"es"},{"@type":"Organization","@id":"https:\/\/tecnourquiza.com.ar\/#organization","name":"Tecnourquiza, productos SIKA Argentina","url":"https:\/\/tecnourquiza.com.ar\/","logo":{"@type":"ImageObject","inLanguage":"es","@id":"https:\/\/tecnourquiza.com.ar\/#\/schema\/logo\/image\/","url":"https:\/\/tecnourquiza.com.ar\/wp-content\/uploads\/2025\/05\/logo-tecnourquiza-transparente.png","contentUrl":"https:\/\/tecnourquiza.com.ar\/wp-content\/uploads\/2025\/05\/logo-tecnourquiza-transparente.png","width":360,"height":74,"caption":"Tecnourquiza, productos SIKA Argentina"},"image":{"@id":"https:\/\/tecnourquiza.com.ar\/#\/schema\/logo\/image\/"}}]}},"_links":{"self":[{"href":"https:\/\/tecnourquiza.com.ar\/index.php?rest_route=\/wp\/v2\/product\/8395","targetHints":{"allow":["GET"]}}],"collection":[{"href":"https:\/\/tecnourquiza.com.ar\/index.php?rest_route=\/wp\/v2\/product"}],"about":[{"href":"https:\/\/tecnourquiza.com.ar\/index.php?rest_route=\/wp\/v2\/types\/product"}],"replies":[{"embeddable":true,"href":"https:\/\/tecnourquiza.com.ar\/index.php?rest_route=%2Fwp%2Fv2%2Fcomments&post=8395"}],"wp:featuredmedia":[{"embeddable":true,"href":"https:\/\/tecnourquiza.com.ar\/index.php?rest_route=\/wp\/v2\/media\/8396"}],"wp:attachment":[{"href":"https:\/\/tecnourquiza.com.ar\/index.php?rest_route=%2Fwp%2Fv2%2Fmedia&parent=8395"}],"wp:term":[{"taxonomy":"product_brand","embeddable":true,"href":"https:\/\/tecnourquiza.com.ar\/index.php?rest_route=%2Fwp%2Fv2%2Fproduct_brand&post=8395"},{"taxonomy":"product_cat","embeddable":true,"href":"https:\/\/tecnourquiza.com.ar\/index.php?rest_route=%2Fwp%2Fv2%2Fproduct_cat&post=8395"},{"taxonomy":"product_tag","embeddable":true,"href":"https:\/\/tecnourquiza.com.ar\/index.php?rest_route=%2Fwp%2Fv2%2Fproduct_tag&post=8395"}],"curies":[{"name":"wp","href":"https:\/\/api.w.org\/{rel}","templated":true}]}}