{"id":8373,"date":"2020-01-06T17:03:24","date_gmt":"2020-01-06T17:03:24","guid":{"rendered":"http:\/\/tecnourquiza.com.ar\/?post_type=product&#038;p=8373"},"modified":"2020-01-06T17:51:50","modified_gmt":"2020-01-06T17:51:50","slug":"sikafloor-3-quartz-top-bolsa-25-kg-gris-artico","status":"publish","type":"product","link":"https:\/\/tecnourquiza.com.ar\/?product=sikafloor-3-quartz-top-bolsa-25-kg-gris-artico","title":{"rendered":"Sikafloor 3 Quartz Top Bolsa 25 kg. Gris Artico"},"content":{"rendered":"<h3>Usos<\/h3>\n<hr \/>\n<ul>\n<li>\u00a0Sikafloor\u00ae-3 Quartz Top ofrece resistencia al desgaste a trav\u00e9s de un topping de endurecedor mineral para pisos monol\u00edticos. Cuando es esparcido y acabado llaneado en los pisos de hormig\u00f3n fresco, este forma una superficie de terminaci\u00f3n con color, resistente al desgaste.<\/li>\n<li>T\u00edpicamente usado en dep\u00f3sitos, f\u00e1bricas, shoppings malls, \u00e1reas p\u00fablicas, restaurantes y museos.<\/li>\n<\/ul>\n<h3>Caracter\u00edsticas \/ Ventajas<\/h3>\n<hr \/>\n<ul>\n<li>Buena resistencia al desgaste<\/li>\n<li>Resistente al impacto<\/li>\n<li>Endurecedor superficial con costo competitivo<\/li>\n<li>No emite polvo<\/li>\n<li>F\u00e1cil limpieza<\/li>\n<li>Aumenta la resistencia a los aceites y grasas<\/li>\n<li>Calidad y uniformidad de mezcla asegurada desde f\u00e1brica<\/li>\n<li>Amplia gama de colores<\/li>\n<li>Suprime las fibras superficiales en el hormig\u00f3n<\/li>\n<\/ul>\n<h3>Aprobaciones \/Est\u00e1ndares<\/h3>\n<hr \/>\n<p>Conformes a los requerimientos de la BS 8204, EN 206\/1, ACI 304.1R 96 y TR 34.<br \/>\nUK Aston University, Reporte N\u00ba: AL\/AR 290598, fecha 29.05.98.<br \/>\nGEOCISA Ref. P-02\/01637 fecha 9 de Enero de 2003.<\/p>\n<p><strong>Apariencia \/ Colores:\u00a0<\/strong> Polvo<br \/>\nDisponible en Colores: Gris, Negro<br \/>\nDisponible tambi\u00e9n en colores: Gris \u00c1rtico (Gris Claro), Rojo, Verde, Azul, Blanco y Ocre (Todos ellos en cantidad m\u00ednima y por pedido especial, consultar al departamento de ventas)<\/p>\n<p><strong>Presentaci\u00f3n:<\/strong> Bolsa de 25 kg.<\/p>\n<p>[vc_row][vc_column][vc_btn title=&#8221;Ficha T\u00e9cnica&#8221; color=&#8221;warning&#8221; link=&#8221;url:http%3A%2F%2Ftecnourquiza.com.ar%2Fwp-content%2Fuploads%2F2020%2F01%2FHoja-t%C3%A9cnica-del-producto-Sikafloor-3-Quartz-Top.pdf|title:Ficha%20T%C3%A9cnica|target:%20_blank|&#8221;][\/vc_column][\/vc_row]<\/p>\n","protected":false},"excerpt":{"rendered":"<p>Endurecedor no met\u00e1lico con cemento para pisos de hormig\u00f3n.<\/p>\n<p>Es un producto monocomponente, premezclado, coloreado en polvo a base de agregados minerales inertes de granulometr\u00eda seleccionada, cemento, aditivos y pigmentos que incrementa las resistencias mec\u00e1nicas de los pisos de hormig\u00f3n.<\/p>\n","protected":false},"featured_media":8371,"comment_status":"open","ping_status":"closed","template":"","meta":[],"product_brand":[],"product_cat":[153,135,90],"product_tag":[98,96,155],"class_list":{"0":"post-8373","1":"product","2":"type-product","3":"status-publish","4":"has-post-thumbnail","6":"product_cat-pisos-y-revestimientos-industriales","7":"product_cat-productos-cementicios","8":"product_cat-sika","9":"product_tag-cementicio","10":"product_tag-monocomponente","11":"product_tag-pisos-industriales","13":"first","14":"instock","15":"shipping-taxable","16":"purchasable","17":"product-type-simple"},"yoast_head":"<!-- This site is optimized with the Yoast SEO plugin v27.2 - https:\/\/yoast.com\/product\/yoast-seo-wordpress\/ -->\n<title>Sikafloor 3 Quartz Top Bolsa 25 kg. Gris Artico - Tecnourquiza, productos SIKA Argentina<\/title>\n<meta name=\"robots\" content=\"index, follow, max-snippet:-1, max-image-preview:large, max-video-preview:-1\" \/>\n<link rel=\"canonical\" href=\"https:\/\/tecnourquiza.com.ar\/?product=sikafloor-3-quartz-top-bolsa-25-kg-gris-artico\" \/>\n<meta property=\"og:locale\" content=\"es_ES\" \/>\n<meta property=\"og:type\" content=\"article\" \/>\n<meta property=\"og:title\" content=\"Sikafloor 3 Quartz Top Bolsa 25 kg. Gris Artico - Tecnourquiza, productos SIKA Argentina\" \/>\n<meta property=\"og:description\" content=\"Endurecedor no met\u00e1lico con cemento para pisos de hormig\u00f3n.  Es un producto monocomponente, premezclado, coloreado en polvo a base de agregados minerales inertes de granulometr\u00eda seleccionada, cemento, aditivos y pigmentos que incrementa las resistencias mec\u00e1nicas de los pisos de hormig\u00f3n.\" \/>\n<meta property=\"og:url\" content=\"https:\/\/tecnourquiza.com.ar\/?product=sikafloor-3-quartz-top-bolsa-25-kg-gris-artico\" \/>\n<meta property=\"og:site_name\" content=\"Tecnourquiza, productos SIKA Argentina\" \/>\n<meta property=\"article:modified_time\" content=\"2020-01-06T17:51:50+00:00\" \/>\n<meta property=\"og:image\" content=\"https:\/\/tecnourquiza.com.ar\/wp-content\/uploads\/2020\/01\/Sikafloor-3-Quartz.jpg\" \/>\n\t<meta property=\"og:image:width\" content=\"250\" \/>\n\t<meta property=\"og:image:height\" content=\"250\" \/>\n\t<meta property=\"og:image:type\" content=\"image\/jpeg\" \/>\n<meta name=\"twitter:card\" content=\"summary_large_image\" \/>\n<meta name=\"twitter:label1\" content=\"Tiempo de lectura\" \/>\n\t<meta name=\"twitter:data1\" content=\"1 minuto\" \/>\n<script type=\"application\/ld+json\" class=\"yoast-schema-graph\">{\"@context\":\"https:\/\/schema.org\",\"@graph\":[{\"@type\":\"WebPage\",\"@id\":\"https:\/\/tecnourquiza.com.ar\/?product=sikafloor-3-quartz-top-bolsa-25-kg-gris-artico\",\"url\":\"https:\/\/tecnourquiza.com.ar\/?product=sikafloor-3-quartz-top-bolsa-25-kg-gris-artico\",\"name\":\"Sikafloor 3 Quartz Top Bolsa 25 kg. Gris Artico - Tecnourquiza, productos SIKA Argentina\",\"isPartOf\":{\"@id\":\"https:\/\/tecnourquiza.com.ar\/#website\"},\"primaryImageOfPage\":{\"@id\":\"https:\/\/tecnourquiza.com.ar\/?product=sikafloor-3-quartz-top-bolsa-25-kg-gris-artico#primaryimage\"},\"image\":{\"@id\":\"https:\/\/tecnourquiza.com.ar\/?product=sikafloor-3-quartz-top-bolsa-25-kg-gris-artico#primaryimage\"},\"thumbnailUrl\":\"https:\/\/tecnourquiza.com.ar\/wp-content\/uploads\/2020\/01\/Sikafloor-3-Quartz.jpg\",\"datePublished\":\"2020-01-06T17:03:24+00:00\",\"dateModified\":\"2020-01-06T17:51:50+00:00\",\"breadcrumb\":{\"@id\":\"https:\/\/tecnourquiza.com.ar\/?product=sikafloor-3-quartz-top-bolsa-25-kg-gris-artico#breadcrumb\"},\"inLanguage\":\"es\",\"potentialAction\":[{\"@type\":\"ReadAction\",\"target\":[\"https:\/\/tecnourquiza.com.ar\/?product=sikafloor-3-quartz-top-bolsa-25-kg-gris-artico\"]}]},{\"@type\":\"ImageObject\",\"inLanguage\":\"es\",\"@id\":\"https:\/\/tecnourquiza.com.ar\/?product=sikafloor-3-quartz-top-bolsa-25-kg-gris-artico#primaryimage\",\"url\":\"https:\/\/tecnourquiza.com.ar\/wp-content\/uploads\/2020\/01\/Sikafloor-3-Quartz.jpg\",\"contentUrl\":\"https:\/\/tecnourquiza.com.ar\/wp-content\/uploads\/2020\/01\/Sikafloor-3-Quartz.jpg\",\"width\":250,\"height\":250},{\"@type\":\"BreadcrumbList\",\"@id\":\"https:\/\/tecnourquiza.com.ar\/?product=sikafloor-3-quartz-top-bolsa-25-kg-gris-artico#breadcrumb\",\"itemListElement\":[{\"@type\":\"ListItem\",\"position\":1,\"name\":\"Portada\",\"item\":\"https:\/\/tecnourquiza.com.ar\/\"},{\"@type\":\"ListItem\",\"position\":2,\"name\":\"Productos\",\"item\":\"https:\/\/tecnourquiza.com.ar\/?post_type=product\"},{\"@type\":\"ListItem\",\"position\":3,\"name\":\"Sikafloor 3 Quartz Top Bolsa 25 kg. Gris Artico\"}]},{\"@type\":\"WebSite\",\"@id\":\"https:\/\/tecnourquiza.com.ar\/#website\",\"url\":\"https:\/\/tecnourquiza.com.ar\/\",\"name\":\"Tecnourquiza, productos SIKA Argentina\",\"description\":\"Comercializamos productos de la marca Sika Argentina\",\"publisher\":{\"@id\":\"https:\/\/tecnourquiza.com.ar\/#organization\"},\"potentialAction\":[{\"@type\":\"SearchAction\",\"target\":{\"@type\":\"EntryPoint\",\"urlTemplate\":\"https:\/\/tecnourquiza.com.ar\/?s={search_term_string}\"},\"query-input\":{\"@type\":\"PropertyValueSpecification\",\"valueRequired\":true,\"valueName\":\"search_term_string\"}}],\"inLanguage\":\"es\"},{\"@type\":\"Organization\",\"@id\":\"https:\/\/tecnourquiza.com.ar\/#organization\",\"name\":\"Tecnourquiza, productos SIKA Argentina\",\"url\":\"https:\/\/tecnourquiza.com.ar\/\",\"logo\":{\"@type\":\"ImageObject\",\"inLanguage\":\"es\",\"@id\":\"https:\/\/tecnourquiza.com.ar\/#\/schema\/logo\/image\/\",\"url\":\"https:\/\/tecnourquiza.com.ar\/wp-content\/uploads\/2025\/05\/logo-tecnourquiza-transparente.png\",\"contentUrl\":\"https:\/\/tecnourquiza.com.ar\/wp-content\/uploads\/2025\/05\/logo-tecnourquiza-transparente.png\",\"width\":360,\"height\":74,\"caption\":\"Tecnourquiza, productos SIKA Argentina\"},\"image\":{\"@id\":\"https:\/\/tecnourquiza.com.ar\/#\/schema\/logo\/image\/\"}}]}<\/script>\n<!-- \/ Yoast SEO plugin. -->","yoast_head_json":{"title":"Sikafloor 3 Quartz Top Bolsa 25 kg. Gris Artico - Tecnourquiza, productos SIKA Argentina","robots":{"index":"index","follow":"follow","max-snippet":"max-snippet:-1","max-image-preview":"max-image-preview:large","max-video-preview":"max-video-preview:-1"},"canonical":"https:\/\/tecnourquiza.com.ar\/?product=sikafloor-3-quartz-top-bolsa-25-kg-gris-artico","og_locale":"es_ES","og_type":"article","og_title":"Sikafloor 3 Quartz Top Bolsa 25 kg. Gris Artico - Tecnourquiza, productos SIKA Argentina","og_description":"Endurecedor no met\u00e1lico con cemento para pisos de hormig\u00f3n.  Es un producto monocomponente, premezclado, coloreado en polvo a base de agregados minerales inertes de granulometr\u00eda seleccionada, cemento, aditivos y pigmentos que incrementa las resistencias mec\u00e1nicas de los pisos de hormig\u00f3n.","og_url":"https:\/\/tecnourquiza.com.ar\/?product=sikafloor-3-quartz-top-bolsa-25-kg-gris-artico","og_site_name":"Tecnourquiza, productos SIKA Argentina","article_modified_time":"2020-01-06T17:51:50+00:00","og_image":[{"width":250,"height":250,"url":"https:\/\/tecnourquiza.com.ar\/wp-content\/uploads\/2020\/01\/Sikafloor-3-Quartz.jpg","type":"image\/jpeg"}],"twitter_card":"summary_large_image","twitter_misc":{"Tiempo de lectura":"1 minuto"},"schema":{"@context":"https:\/\/schema.org","@graph":[{"@type":"WebPage","@id":"https:\/\/tecnourquiza.com.ar\/?product=sikafloor-3-quartz-top-bolsa-25-kg-gris-artico","url":"https:\/\/tecnourquiza.com.ar\/?product=sikafloor-3-quartz-top-bolsa-25-kg-gris-artico","name":"Sikafloor 3 Quartz Top Bolsa 25 kg. Gris Artico - Tecnourquiza, productos SIKA Argentina","isPartOf":{"@id":"https:\/\/tecnourquiza.com.ar\/#website"},"primaryImageOfPage":{"@id":"https:\/\/tecnourquiza.com.ar\/?product=sikafloor-3-quartz-top-bolsa-25-kg-gris-artico#primaryimage"},"image":{"@id":"https:\/\/tecnourquiza.com.ar\/?product=sikafloor-3-quartz-top-bolsa-25-kg-gris-artico#primaryimage"},"thumbnailUrl":"https:\/\/tecnourquiza.com.ar\/wp-content\/uploads\/2020\/01\/Sikafloor-3-Quartz.jpg","datePublished":"2020-01-06T17:03:24+00:00","dateModified":"2020-01-06T17:51:50+00:00","breadcrumb":{"@id":"https:\/\/tecnourquiza.com.ar\/?product=sikafloor-3-quartz-top-bolsa-25-kg-gris-artico#breadcrumb"},"inLanguage":"es","potentialAction":[{"@type":"ReadAction","target":["https:\/\/tecnourquiza.com.ar\/?product=sikafloor-3-quartz-top-bolsa-25-kg-gris-artico"]}]},{"@type":"ImageObject","inLanguage":"es","@id":"https:\/\/tecnourquiza.com.ar\/?product=sikafloor-3-quartz-top-bolsa-25-kg-gris-artico#primaryimage","url":"https:\/\/tecnourquiza.com.ar\/wp-content\/uploads\/2020\/01\/Sikafloor-3-Quartz.jpg","contentUrl":"https:\/\/tecnourquiza.com.ar\/wp-content\/uploads\/2020\/01\/Sikafloor-3-Quartz.jpg","width":250,"height":250},{"@type":"BreadcrumbList","@id":"https:\/\/tecnourquiza.com.ar\/?product=sikafloor-3-quartz-top-bolsa-25-kg-gris-artico#breadcrumb","itemListElement":[{"@type":"ListItem","position":1,"name":"Portada","item":"https:\/\/tecnourquiza.com.ar\/"},{"@type":"ListItem","position":2,"name":"Productos","item":"https:\/\/tecnourquiza.com.ar\/?post_type=product"},{"@type":"ListItem","position":3,"name":"Sikafloor 3 Quartz Top Bolsa 25 kg. Gris Artico"}]},{"@type":"WebSite","@id":"https:\/\/tecnourquiza.com.ar\/#website","url":"https:\/\/tecnourquiza.com.ar\/","name":"Tecnourquiza, productos SIKA Argentina","description":"Comercializamos productos de la marca Sika Argentina","publisher":{"@id":"https:\/\/tecnourquiza.com.ar\/#organization"},"potentialAction":[{"@type":"SearchAction","target":{"@type":"EntryPoint","urlTemplate":"https:\/\/tecnourquiza.com.ar\/?s={search_term_string}"},"query-input":{"@type":"PropertyValueSpecification","valueRequired":true,"valueName":"search_term_string"}}],"inLanguage":"es"},{"@type":"Organization","@id":"https:\/\/tecnourquiza.com.ar\/#organization","name":"Tecnourquiza, productos SIKA Argentina","url":"https:\/\/tecnourquiza.com.ar\/","logo":{"@type":"ImageObject","inLanguage":"es","@id":"https:\/\/tecnourquiza.com.ar\/#\/schema\/logo\/image\/","url":"https:\/\/tecnourquiza.com.ar\/wp-content\/uploads\/2025\/05\/logo-tecnourquiza-transparente.png","contentUrl":"https:\/\/tecnourquiza.com.ar\/wp-content\/uploads\/2025\/05\/logo-tecnourquiza-transparente.png","width":360,"height":74,"caption":"Tecnourquiza, productos SIKA Argentina"},"image":{"@id":"https:\/\/tecnourquiza.com.ar\/#\/schema\/logo\/image\/"}}]}},"_links":{"self":[{"href":"https:\/\/tecnourquiza.com.ar\/index.php?rest_route=\/wp\/v2\/product\/8373","targetHints":{"allow":["GET"]}}],"collection":[{"href":"https:\/\/tecnourquiza.com.ar\/index.php?rest_route=\/wp\/v2\/product"}],"about":[{"href":"https:\/\/tecnourquiza.com.ar\/index.php?rest_route=\/wp\/v2\/types\/product"}],"replies":[{"embeddable":true,"href":"https:\/\/tecnourquiza.com.ar\/index.php?rest_route=%2Fwp%2Fv2%2Fcomments&post=8373"}],"wp:featuredmedia":[{"embeddable":true,"href":"https:\/\/tecnourquiza.com.ar\/index.php?rest_route=\/wp\/v2\/media\/8371"}],"wp:attachment":[{"href":"https:\/\/tecnourquiza.com.ar\/index.php?rest_route=%2Fwp%2Fv2%2Fmedia&parent=8373"}],"wp:term":[{"taxonomy":"product_brand","embeddable":true,"href":"https:\/\/tecnourquiza.com.ar\/index.php?rest_route=%2Fwp%2Fv2%2Fproduct_brand&post=8373"},{"taxonomy":"product_cat","embeddable":true,"href":"https:\/\/tecnourquiza.com.ar\/index.php?rest_route=%2Fwp%2Fv2%2Fproduct_cat&post=8373"},{"taxonomy":"product_tag","embeddable":true,"href":"https:\/\/tecnourquiza.com.ar\/index.php?rest_route=%2Fwp%2Fv2%2Fproduct_tag&post=8373"}],"curies":[{"name":"wp","href":"https:\/\/api.w.org\/{rel}","templated":true}]}}