{"id":8352,"date":"2020-01-06T16:30:04","date_gmt":"2020-01-06T16:30:04","guid":{"rendered":"http:\/\/tecnourquiza.com.ar\/?post_type=product&#038;p=8352"},"modified":"2020-01-06T16:33:55","modified_gmt":"2020-01-06T16:33:55","slug":"sika-top-pisos-juego-predosificado-35-kg-gris","status":"publish","type":"product","link":"https:\/\/tecnourquiza.com.ar\/?product=sika-top-pisos-juego-predosificado-35-kg-gris","title":{"rendered":"Sika Top Pisos Juego predosificado 35 kg. Gris"},"content":{"rendered":"<div class=\"details\">\n<h3 class=\"headline-element\">Usos<\/h3>\n<hr \/>\n<ul>\n<li>Carpetas y pisos industriales, tanto para esquemas fresco sobre fresco como tambi\u00e9n fresco sobre endurecido.<\/li>\n<li>Apto para pisos expuestos a tr\u00e1nsito moderado y continuo: en industrias, frigor\u00edficos y c\u00e1maras frigor\u00edficas, talleres, playas de carga y descarga , estacionamientos, dep\u00f3sitos, estaciones de servicio , circulaciones, solados deportivos, rampas y plataformas de carga y descarga, etc.<\/li>\n<\/ul>\n<h3 class=\"headline-element\">Caracter\u00edsticas<\/h3>\n<hr \/>\n<ul>\n<li>Elevada adherencia al hormig\u00f3n y morteros<\/li>\n<li>Permite generar espesores de 1 cm. a 2,5 cm. sin fisuraci\u00f3n.<\/li>\n<li>Posee excelente resistencia a la compresi\u00f3n, flexi\u00f3n y abrasi\u00f3n.<\/li>\n<li>Es de r\u00e1pido endurecimiento y r\u00e1pida habilitaci\u00f3n.<\/li>\n<li>Posee excelente resistencia a las bajas temperaturas.<\/li>\n<li>Posee baja capacidad de absorci\u00f3n de agua.<\/li>\n<li>Resiste a los ciclos de congelamiento y deshielo.<\/li>\n<li>No es inflamable, ni combustible, ni corrosivo<\/li>\n<\/ul>\n<p class=\"headline-element\"><strong>Color:<\/strong> Gris<\/p>\n<p><strong>Presentaci\u00f3n:<\/strong><\/p>\n<\/div>\n<p>Componente A: Bid\u00f3n de 5 kg<br \/>\nComponente B: Bolsa de 30 kg<br \/>\nMezcla A+B: 35 kg listos para ser usado.<\/p>\n<p>[vc_row][vc_column][vc_btn title=&#8221;Ficha T\u00e9cnica&#8221; color=&#8221;warning&#8221; link=&#8221;url:http%3A%2F%2Ftecnourquiza.com.ar%2Fwp-content%2Fuploads%2F2020%2F01%2FHoja-t%C3%A9cnica-de-producto-Sika-Top-Pisos.pdf|title:Ficha%20T%C3%A9cnica|target:%20_blank|&#8221;][\/vc_column][\/vc_row]<\/p>\n","protected":false},"excerpt":{"rendered":"<p>Mortero cementicio fibrado para pisos industriales y carpetas.<\/p>\n<p>SikaTop\u00ae Pisos es un mortero cementiceo de dos componentes fibrado y llaneable, de baja contracci\u00f3n y alta resistencia mec\u00e1nica, predosificado y listo<br \/>\npara usar.<br \/>\nHa sido especialmente dise\u00f1ado para la ejecuci\u00f3n de pisos industriales y carpetas tanto sobre sustratos cementiceos frescos como endurecidos.<\/p>\n","protected":false},"featured_media":8353,"comment_status":"open","ping_status":"closed","template":"","meta":[],"product_brand":[],"product_cat":[153,135,90],"product_tag":[156,136,155],"class_list":{"0":"post-8352","1":"product","2":"type-product","3":"status-publish","4":"has-post-thumbnail","6":"product_cat-pisos-y-revestimientos-industriales","7":"product_cat-productos-cementicios","8":"product_cat-sika","9":"product_tag-carpetas","10":"product_tag-mortero-cementicio","11":"product_tag-pisos-industriales","13":"first","14":"instock","15":"shipping-taxable","16":"purchasable","17":"product-type-simple"},"yoast_head":"<!-- This site is optimized with the Yoast SEO plugin v27.2 - https:\/\/yoast.com\/product\/yoast-seo-wordpress\/ -->\n<title>Sika Top Pisos Juego predosificado 35 kg. Gris - Tecnourquiza, productos SIKA Argentina<\/title>\n<meta name=\"robots\" content=\"index, follow, max-snippet:-1, max-image-preview:large, max-video-preview:-1\" \/>\n<link rel=\"canonical\" href=\"https:\/\/tecnourquiza.com.ar\/?product=sika-top-pisos-juego-predosificado-35-kg-gris\" \/>\n<meta property=\"og:locale\" content=\"es_ES\" \/>\n<meta property=\"og:type\" content=\"article\" \/>\n<meta property=\"og:title\" content=\"Sika Top Pisos Juego predosificado 35 kg. Gris - Tecnourquiza, productos SIKA Argentina\" \/>\n<meta property=\"og:description\" content=\"Mortero cementicio fibrado para pisos industriales y carpetas.  SikaTop\u00ae Pisos es un mortero cementiceo de dos componentes fibrado y llaneable, de baja contracci\u00f3n y alta resistencia mec\u00e1nica, predosificado y listo para usar. Ha sido especialmente dise\u00f1ado para la ejecuci\u00f3n de pisos industriales y carpetas tanto sobre sustratos cementiceos frescos como endurecidos.\" \/>\n<meta property=\"og:url\" content=\"https:\/\/tecnourquiza.com.ar\/?product=sika-top-pisos-juego-predosificado-35-kg-gris\" \/>\n<meta property=\"og:site_name\" content=\"Tecnourquiza, productos SIKA Argentina\" \/>\n<meta property=\"article:modified_time\" content=\"2020-01-06T16:33:55+00:00\" \/>\n<meta property=\"og:image\" content=\"https:\/\/tecnourquiza.com.ar\/wp-content\/uploads\/2020\/01\/sikatop-pisos.jpg\" \/>\n\t<meta property=\"og:image:width\" content=\"637\" \/>\n\t<meta property=\"og:image:height\" content=\"714\" \/>\n\t<meta property=\"og:image:type\" content=\"image\/jpeg\" \/>\n<meta name=\"twitter:card\" content=\"summary_large_image\" \/>\n<meta name=\"twitter:label1\" content=\"Tiempo de lectura\" \/>\n\t<meta name=\"twitter:data1\" content=\"1 minuto\" \/>\n<script type=\"application\/ld+json\" class=\"yoast-schema-graph\">{\"@context\":\"https:\/\/schema.org\",\"@graph\":[{\"@type\":\"WebPage\",\"@id\":\"https:\/\/tecnourquiza.com.ar\/?product=sika-top-pisos-juego-predosificado-35-kg-gris\",\"url\":\"https:\/\/tecnourquiza.com.ar\/?product=sika-top-pisos-juego-predosificado-35-kg-gris\",\"name\":\"Sika Top Pisos Juego predosificado 35 kg. Gris - Tecnourquiza, productos SIKA Argentina\",\"isPartOf\":{\"@id\":\"https:\/\/tecnourquiza.com.ar\/#website\"},\"primaryImageOfPage\":{\"@id\":\"https:\/\/tecnourquiza.com.ar\/?product=sika-top-pisos-juego-predosificado-35-kg-gris#primaryimage\"},\"image\":{\"@id\":\"https:\/\/tecnourquiza.com.ar\/?product=sika-top-pisos-juego-predosificado-35-kg-gris#primaryimage\"},\"thumbnailUrl\":\"https:\/\/tecnourquiza.com.ar\/wp-content\/uploads\/2020\/01\/sikatop-pisos.jpg\",\"datePublished\":\"2020-01-06T16:30:04+00:00\",\"dateModified\":\"2020-01-06T16:33:55+00:00\",\"breadcrumb\":{\"@id\":\"https:\/\/tecnourquiza.com.ar\/?product=sika-top-pisos-juego-predosificado-35-kg-gris#breadcrumb\"},\"inLanguage\":\"es\",\"potentialAction\":[{\"@type\":\"ReadAction\",\"target\":[\"https:\/\/tecnourquiza.com.ar\/?product=sika-top-pisos-juego-predosificado-35-kg-gris\"]}]},{\"@type\":\"ImageObject\",\"inLanguage\":\"es\",\"@id\":\"https:\/\/tecnourquiza.com.ar\/?product=sika-top-pisos-juego-predosificado-35-kg-gris#primaryimage\",\"url\":\"https:\/\/tecnourquiza.com.ar\/wp-content\/uploads\/2020\/01\/sikatop-pisos.jpg\",\"contentUrl\":\"https:\/\/tecnourquiza.com.ar\/wp-content\/uploads\/2020\/01\/sikatop-pisos.jpg\",\"width\":637,\"height\":714},{\"@type\":\"BreadcrumbList\",\"@id\":\"https:\/\/tecnourquiza.com.ar\/?product=sika-top-pisos-juego-predosificado-35-kg-gris#breadcrumb\",\"itemListElement\":[{\"@type\":\"ListItem\",\"position\":1,\"name\":\"Portada\",\"item\":\"https:\/\/tecnourquiza.com.ar\/\"},{\"@type\":\"ListItem\",\"position\":2,\"name\":\"Productos\",\"item\":\"https:\/\/tecnourquiza.com.ar\/?post_type=product\"},{\"@type\":\"ListItem\",\"position\":3,\"name\":\"Sika Top Pisos Juego predosificado 35 kg. Gris\"}]},{\"@type\":\"WebSite\",\"@id\":\"https:\/\/tecnourquiza.com.ar\/#website\",\"url\":\"https:\/\/tecnourquiza.com.ar\/\",\"name\":\"Tecnourquiza, productos SIKA Argentina\",\"description\":\"Comercializamos productos de la marca Sika Argentina\",\"publisher\":{\"@id\":\"https:\/\/tecnourquiza.com.ar\/#organization\"},\"potentialAction\":[{\"@type\":\"SearchAction\",\"target\":{\"@type\":\"EntryPoint\",\"urlTemplate\":\"https:\/\/tecnourquiza.com.ar\/?s={search_term_string}\"},\"query-input\":{\"@type\":\"PropertyValueSpecification\",\"valueRequired\":true,\"valueName\":\"search_term_string\"}}],\"inLanguage\":\"es\"},{\"@type\":\"Organization\",\"@id\":\"https:\/\/tecnourquiza.com.ar\/#organization\",\"name\":\"Tecnourquiza, productos SIKA Argentina\",\"url\":\"https:\/\/tecnourquiza.com.ar\/\",\"logo\":{\"@type\":\"ImageObject\",\"inLanguage\":\"es\",\"@id\":\"https:\/\/tecnourquiza.com.ar\/#\/schema\/logo\/image\/\",\"url\":\"https:\/\/tecnourquiza.com.ar\/wp-content\/uploads\/2025\/05\/logo-tecnourquiza-transparente.png\",\"contentUrl\":\"https:\/\/tecnourquiza.com.ar\/wp-content\/uploads\/2025\/05\/logo-tecnourquiza-transparente.png\",\"width\":360,\"height\":74,\"caption\":\"Tecnourquiza, productos SIKA Argentina\"},\"image\":{\"@id\":\"https:\/\/tecnourquiza.com.ar\/#\/schema\/logo\/image\/\"}}]}<\/script>\n<!-- \/ Yoast SEO plugin. -->","yoast_head_json":{"title":"Sika Top Pisos Juego predosificado 35 kg. Gris - Tecnourquiza, productos SIKA Argentina","robots":{"index":"index","follow":"follow","max-snippet":"max-snippet:-1","max-image-preview":"max-image-preview:large","max-video-preview":"max-video-preview:-1"},"canonical":"https:\/\/tecnourquiza.com.ar\/?product=sika-top-pisos-juego-predosificado-35-kg-gris","og_locale":"es_ES","og_type":"article","og_title":"Sika Top Pisos Juego predosificado 35 kg. Gris - Tecnourquiza, productos SIKA Argentina","og_description":"Mortero cementicio fibrado para pisos industriales y carpetas.  SikaTop\u00ae Pisos es un mortero cementiceo de dos componentes fibrado y llaneable, de baja contracci\u00f3n y alta resistencia mec\u00e1nica, predosificado y listo para usar. Ha sido especialmente dise\u00f1ado para la ejecuci\u00f3n de pisos industriales y carpetas tanto sobre sustratos cementiceos frescos como endurecidos.","og_url":"https:\/\/tecnourquiza.com.ar\/?product=sika-top-pisos-juego-predosificado-35-kg-gris","og_site_name":"Tecnourquiza, productos SIKA Argentina","article_modified_time":"2020-01-06T16:33:55+00:00","og_image":[{"width":637,"height":714,"url":"https:\/\/tecnourquiza.com.ar\/wp-content\/uploads\/2020\/01\/sikatop-pisos.jpg","type":"image\/jpeg"}],"twitter_card":"summary_large_image","twitter_misc":{"Tiempo de lectura":"1 minuto"},"schema":{"@context":"https:\/\/schema.org","@graph":[{"@type":"WebPage","@id":"https:\/\/tecnourquiza.com.ar\/?product=sika-top-pisos-juego-predosificado-35-kg-gris","url":"https:\/\/tecnourquiza.com.ar\/?product=sika-top-pisos-juego-predosificado-35-kg-gris","name":"Sika Top Pisos Juego predosificado 35 kg. Gris - Tecnourquiza, productos SIKA Argentina","isPartOf":{"@id":"https:\/\/tecnourquiza.com.ar\/#website"},"primaryImageOfPage":{"@id":"https:\/\/tecnourquiza.com.ar\/?product=sika-top-pisos-juego-predosificado-35-kg-gris#primaryimage"},"image":{"@id":"https:\/\/tecnourquiza.com.ar\/?product=sika-top-pisos-juego-predosificado-35-kg-gris#primaryimage"},"thumbnailUrl":"https:\/\/tecnourquiza.com.ar\/wp-content\/uploads\/2020\/01\/sikatop-pisos.jpg","datePublished":"2020-01-06T16:30:04+00:00","dateModified":"2020-01-06T16:33:55+00:00","breadcrumb":{"@id":"https:\/\/tecnourquiza.com.ar\/?product=sika-top-pisos-juego-predosificado-35-kg-gris#breadcrumb"},"inLanguage":"es","potentialAction":[{"@type":"ReadAction","target":["https:\/\/tecnourquiza.com.ar\/?product=sika-top-pisos-juego-predosificado-35-kg-gris"]}]},{"@type":"ImageObject","inLanguage":"es","@id":"https:\/\/tecnourquiza.com.ar\/?product=sika-top-pisos-juego-predosificado-35-kg-gris#primaryimage","url":"https:\/\/tecnourquiza.com.ar\/wp-content\/uploads\/2020\/01\/sikatop-pisos.jpg","contentUrl":"https:\/\/tecnourquiza.com.ar\/wp-content\/uploads\/2020\/01\/sikatop-pisos.jpg","width":637,"height":714},{"@type":"BreadcrumbList","@id":"https:\/\/tecnourquiza.com.ar\/?product=sika-top-pisos-juego-predosificado-35-kg-gris#breadcrumb","itemListElement":[{"@type":"ListItem","position":1,"name":"Portada","item":"https:\/\/tecnourquiza.com.ar\/"},{"@type":"ListItem","position":2,"name":"Productos","item":"https:\/\/tecnourquiza.com.ar\/?post_type=product"},{"@type":"ListItem","position":3,"name":"Sika Top Pisos Juego predosificado 35 kg. Gris"}]},{"@type":"WebSite","@id":"https:\/\/tecnourquiza.com.ar\/#website","url":"https:\/\/tecnourquiza.com.ar\/","name":"Tecnourquiza, productos SIKA Argentina","description":"Comercializamos productos de la marca Sika Argentina","publisher":{"@id":"https:\/\/tecnourquiza.com.ar\/#organization"},"potentialAction":[{"@type":"SearchAction","target":{"@type":"EntryPoint","urlTemplate":"https:\/\/tecnourquiza.com.ar\/?s={search_term_string}"},"query-input":{"@type":"PropertyValueSpecification","valueRequired":true,"valueName":"search_term_string"}}],"inLanguage":"es"},{"@type":"Organization","@id":"https:\/\/tecnourquiza.com.ar\/#organization","name":"Tecnourquiza, productos SIKA Argentina","url":"https:\/\/tecnourquiza.com.ar\/","logo":{"@type":"ImageObject","inLanguage":"es","@id":"https:\/\/tecnourquiza.com.ar\/#\/schema\/logo\/image\/","url":"https:\/\/tecnourquiza.com.ar\/wp-content\/uploads\/2025\/05\/logo-tecnourquiza-transparente.png","contentUrl":"https:\/\/tecnourquiza.com.ar\/wp-content\/uploads\/2025\/05\/logo-tecnourquiza-transparente.png","width":360,"height":74,"caption":"Tecnourquiza, productos SIKA Argentina"},"image":{"@id":"https:\/\/tecnourquiza.com.ar\/#\/schema\/logo\/image\/"}}]}},"_links":{"self":[{"href":"https:\/\/tecnourquiza.com.ar\/index.php?rest_route=\/wp\/v2\/product\/8352","targetHints":{"allow":["GET"]}}],"collection":[{"href":"https:\/\/tecnourquiza.com.ar\/index.php?rest_route=\/wp\/v2\/product"}],"about":[{"href":"https:\/\/tecnourquiza.com.ar\/index.php?rest_route=\/wp\/v2\/types\/product"}],"replies":[{"embeddable":true,"href":"https:\/\/tecnourquiza.com.ar\/index.php?rest_route=%2Fwp%2Fv2%2Fcomments&post=8352"}],"wp:featuredmedia":[{"embeddable":true,"href":"https:\/\/tecnourquiza.com.ar\/index.php?rest_route=\/wp\/v2\/media\/8353"}],"wp:attachment":[{"href":"https:\/\/tecnourquiza.com.ar\/index.php?rest_route=%2Fwp%2Fv2%2Fmedia&parent=8352"}],"wp:term":[{"taxonomy":"product_brand","embeddable":true,"href":"https:\/\/tecnourquiza.com.ar\/index.php?rest_route=%2Fwp%2Fv2%2Fproduct_brand&post=8352"},{"taxonomy":"product_cat","embeddable":true,"href":"https:\/\/tecnourquiza.com.ar\/index.php?rest_route=%2Fwp%2Fv2%2Fproduct_cat&post=8352"},{"taxonomy":"product_tag","embeddable":true,"href":"https:\/\/tecnourquiza.com.ar\/index.php?rest_route=%2Fwp%2Fv2%2Fproduct_tag&post=8352"}],"curies":[{"name":"wp","href":"https:\/\/api.w.org\/{rel}","templated":true}]}}