{"id":8331,"date":"2020-01-03T13:40:38","date_gmt":"2020-01-03T13:40:38","guid":{"rendered":"http:\/\/tecnourquiza.com.ar\/?post_type=product&#038;p=8331"},"modified":"2020-01-03T14:02:35","modified_gmt":"2020-01-03T14:02:35","slug":"sika-viscocrete-20-he-tambor-220-kg","status":"publish","type":"product","link":"https:\/\/tecnourquiza.com.ar\/?product=sika-viscocrete-20-he-tambor-220-kg","title":{"rendered":"Sika Viscocrete 20 HE Tambor 220 kg"},"content":{"rendered":"<h3 class=\"headline-element\">Usos<\/h3>\n<hr \/>\n<p>Sika\u00ae ViscoCrete\u00ae-20 HE fue especialmente desarrollado para plantas de producci\u00f3n de hormig\u00f3n donde se requiera desarrollo de resistencias tempranas, potente reducci\u00f3n de agua y mejoras en la fluidez.<\/p>\n<p>Se utiliza principalmente para las siguientes aplicaciones:<\/p>\n<ul>\n<li>Hormig\u00f3n premoldeado<\/li>\n<li>Hormig\u00f3n Fast-track<\/li>\n<li>Homig\u00f3n in situ donde que requiera la utilizaci\u00f3n de encofrados deslizantes.<\/li>\n<li>Hormig\u00f3n autocompactante (Self Compacting Concrete \u2013 SCC).<\/li>\n<\/ul>\n<p>&nbsp;<\/p>\n<h3 class=\"headline-element\">Caracter\u00edsticas<\/h3>\n<hr \/>\n<p>Es un potente superplastificante que act\u00faa a trav\u00e9s de diferentes mecanismos de acci\u00f3n: absorci\u00f3n en la superficie de finos y efectos est\u00e9ricos que separan las part\u00edculas de cemento mejorando su dispersi\u00f3n e hidrataci\u00f3n.<\/p>\n<p><strong>Alcanza las siguientes ventajas y propiedades:<\/strong><\/p>\n<ul>\n<li>Alto incremento en el desarrollo de resistencias tempranas, resultando muy recomendable para la habilitaci\u00f3n o desencofrado r\u00e1pido del hormig\u00f3n colado in situ o premoldeado.<\/li>\n<li>Reductor de agua extremadamente potente, dando como resultado una alta densidad, elevada resistencia y reducci\u00f3n de permeabilidad al agua.<\/li>\n<li>El efecto de superplastificante, mejora la fluidez, facilitando la colocaci\u00f3n, la compactaci\u00f3n y la terminaci\u00f3n de la superficie.<\/li>\n<li>Especialmente adecuado para la producci\u00f3n de hormig\u00f3n autocompactante. (Self Compacting Concrete SCC)<\/li>\n<li>Disminuci\u00f3n de los efectos de contracci\u00f3n por la elevada reducci\u00f3n de agua.<\/li>\n<li>Reduce el tiempo de desencofrado.<\/li>\n<li>Reduce tiempos de curado.<\/li>\n<\/ul>\n<p>Sika\u00ae ViscoCrete\u00ae-20 HE\u00a0no contiene cloruros o cualquier otro componente que pudiera favorecer la corrosi\u00f3n del acero. Por ello puede utilizarse sin restricciones en estructuras armadas o estructuras de hormig\u00f3n pretensado.<\/p>\n<p class=\"headline-element\"><strong>Color:\u00a0<\/strong> miel.<\/p>\n<p class=\"headline-element\"><strong>Presentaci\u00f3n:\u00a0<\/strong> Tambores de 220 kg. \/ Tanques de 1000 kg. \/ Tanques por kg y a granel bajo pedido.<\/p>\n<p>[vc_row][vc_column][vc_btn title=&#8221;Ficha T\u00e9cnica&#8221; color=&#8221;warning&#8221; link=&#8221;url:http%3A%2F%2Ftecnourquiza.com.ar%2Fwp-content%2Fuploads%2F2020%2F01%2FHoja-t%C3%A9cnica-de-producto-Sika-ViscoCrete-20-HE.pdf|title:Ficha%20T%C3%A9cnica|target:%20_blank|&#8221;][\/vc_column][\/vc_row]<\/p>\n","protected":false},"excerpt":{"rendered":"<p>Es un superplastificante de tercera generaci\u00f3n para hormigones y morteros. Cumple los requerimientos para superplastificantes reductores de agua de alto rango de acuerdo a la norma EN 934-2.<\/p>\n","protected":false},"featured_media":8279,"comment_status":"open","ping_status":"closed","template":"","meta":[],"product_brand":[],"product_cat":[140,90],"product_tag":[149],"class_list":{"0":"post-8331","1":"product","2":"type-product","3":"status-publish","4":"has-post-thumbnail","6":"product_cat-aditivos-para-hormigon","7":"product_cat-sika","8":"product_tag-superplastificantes","10":"first","11":"instock","12":"shipping-taxable","13":"purchasable","14":"product-type-simple"},"yoast_head":"<!-- This site is optimized with the Yoast SEO plugin v27.2 - https:\/\/yoast.com\/product\/yoast-seo-wordpress\/ -->\n<title>Sika Viscocrete 20 HE Tambor 220 kg - Tecnourquiza, productos SIKA Argentina<\/title>\n<meta name=\"robots\" content=\"index, follow, max-snippet:-1, max-image-preview:large, max-video-preview:-1\" \/>\n<link rel=\"canonical\" href=\"https:\/\/tecnourquiza.com.ar\/?product=sika-viscocrete-20-he-tambor-220-kg\" \/>\n<meta property=\"og:locale\" content=\"es_ES\" \/>\n<meta property=\"og:type\" content=\"article\" \/>\n<meta property=\"og:title\" content=\"Sika Viscocrete 20 HE Tambor 220 kg - Tecnourquiza, productos SIKA Argentina\" \/>\n<meta property=\"og:description\" content=\"Es un superplastificante de tercera generaci\u00f3n para hormigones y morteros. Cumple los requerimientos para superplastificantes reductores de agua de alto rango de acuerdo a la norma EN 934-2.\" \/>\n<meta property=\"og:url\" content=\"https:\/\/tecnourquiza.com.ar\/?product=sika-viscocrete-20-he-tambor-220-kg\" \/>\n<meta property=\"og:site_name\" content=\"Tecnourquiza, productos SIKA Argentina\" \/>\n<meta property=\"article:modified_time\" content=\"2020-01-03T14:02:35+00:00\" \/>\n<meta property=\"og:image\" content=\"https:\/\/tecnourquiza.com.ar\/wp-content\/uploads\/2019\/12\/SIKAMENT-CR.png\" \/>\n\t<meta property=\"og:image:width\" content=\"220\" \/>\n\t<meta property=\"og:image:height\" content=\"220\" \/>\n\t<meta property=\"og:image:type\" content=\"image\/png\" \/>\n<meta name=\"twitter:card\" content=\"summary_large_image\" \/>\n<meta name=\"twitter:label1\" content=\"Tiempo de lectura\" \/>\n\t<meta name=\"twitter:data1\" content=\"2 minutos\" \/>\n<script type=\"application\/ld+json\" class=\"yoast-schema-graph\">{\"@context\":\"https:\/\/schema.org\",\"@graph\":[{\"@type\":\"WebPage\",\"@id\":\"https:\/\/tecnourquiza.com.ar\/?product=sika-viscocrete-20-he-tambor-220-kg\",\"url\":\"https:\/\/tecnourquiza.com.ar\/?product=sika-viscocrete-20-he-tambor-220-kg\",\"name\":\"Sika Viscocrete 20 HE Tambor 220 kg - Tecnourquiza, productos SIKA Argentina\",\"isPartOf\":{\"@id\":\"https:\/\/tecnourquiza.com.ar\/#website\"},\"primaryImageOfPage\":{\"@id\":\"https:\/\/tecnourquiza.com.ar\/?product=sika-viscocrete-20-he-tambor-220-kg#primaryimage\"},\"image\":{\"@id\":\"https:\/\/tecnourquiza.com.ar\/?product=sika-viscocrete-20-he-tambor-220-kg#primaryimage\"},\"thumbnailUrl\":\"https:\/\/tecnourquiza.com.ar\/wp-content\/uploads\/2019\/12\/SIKAMENT-CR.png\",\"datePublished\":\"2020-01-03T13:40:38+00:00\",\"dateModified\":\"2020-01-03T14:02:35+00:00\",\"breadcrumb\":{\"@id\":\"https:\/\/tecnourquiza.com.ar\/?product=sika-viscocrete-20-he-tambor-220-kg#breadcrumb\"},\"inLanguage\":\"es\",\"potentialAction\":[{\"@type\":\"ReadAction\",\"target\":[\"https:\/\/tecnourquiza.com.ar\/?product=sika-viscocrete-20-he-tambor-220-kg\"]}]},{\"@type\":\"ImageObject\",\"inLanguage\":\"es\",\"@id\":\"https:\/\/tecnourquiza.com.ar\/?product=sika-viscocrete-20-he-tambor-220-kg#primaryimage\",\"url\":\"https:\/\/tecnourquiza.com.ar\/wp-content\/uploads\/2019\/12\/SIKAMENT-CR.png\",\"contentUrl\":\"https:\/\/tecnourquiza.com.ar\/wp-content\/uploads\/2019\/12\/SIKAMENT-CR.png\",\"width\":220,\"height\":220},{\"@type\":\"BreadcrumbList\",\"@id\":\"https:\/\/tecnourquiza.com.ar\/?product=sika-viscocrete-20-he-tambor-220-kg#breadcrumb\",\"itemListElement\":[{\"@type\":\"ListItem\",\"position\":1,\"name\":\"Portada\",\"item\":\"https:\/\/tecnourquiza.com.ar\/\"},{\"@type\":\"ListItem\",\"position\":2,\"name\":\"Productos\",\"item\":\"https:\/\/tecnourquiza.com.ar\/?post_type=product\"},{\"@type\":\"ListItem\",\"position\":3,\"name\":\"Sika Viscocrete 20 HE Tambor 220 kg\"}]},{\"@type\":\"WebSite\",\"@id\":\"https:\/\/tecnourquiza.com.ar\/#website\",\"url\":\"https:\/\/tecnourquiza.com.ar\/\",\"name\":\"Tecnourquiza, productos SIKA Argentina\",\"description\":\"Comercializamos productos de la marca Sika Argentina\",\"publisher\":{\"@id\":\"https:\/\/tecnourquiza.com.ar\/#organization\"},\"potentialAction\":[{\"@type\":\"SearchAction\",\"target\":{\"@type\":\"EntryPoint\",\"urlTemplate\":\"https:\/\/tecnourquiza.com.ar\/?s={search_term_string}\"},\"query-input\":{\"@type\":\"PropertyValueSpecification\",\"valueRequired\":true,\"valueName\":\"search_term_string\"}}],\"inLanguage\":\"es\"},{\"@type\":\"Organization\",\"@id\":\"https:\/\/tecnourquiza.com.ar\/#organization\",\"name\":\"Tecnourquiza, productos SIKA Argentina\",\"url\":\"https:\/\/tecnourquiza.com.ar\/\",\"logo\":{\"@type\":\"ImageObject\",\"inLanguage\":\"es\",\"@id\":\"https:\/\/tecnourquiza.com.ar\/#\/schema\/logo\/image\/\",\"url\":\"https:\/\/tecnourquiza.com.ar\/wp-content\/uploads\/2025\/05\/logo-tecnourquiza-transparente.png\",\"contentUrl\":\"https:\/\/tecnourquiza.com.ar\/wp-content\/uploads\/2025\/05\/logo-tecnourquiza-transparente.png\",\"width\":360,\"height\":74,\"caption\":\"Tecnourquiza, productos SIKA Argentina\"},\"image\":{\"@id\":\"https:\/\/tecnourquiza.com.ar\/#\/schema\/logo\/image\/\"}}]}<\/script>\n<!-- \/ Yoast SEO plugin. -->","yoast_head_json":{"title":"Sika Viscocrete 20 HE Tambor 220 kg - Tecnourquiza, productos SIKA Argentina","robots":{"index":"index","follow":"follow","max-snippet":"max-snippet:-1","max-image-preview":"max-image-preview:large","max-video-preview":"max-video-preview:-1"},"canonical":"https:\/\/tecnourquiza.com.ar\/?product=sika-viscocrete-20-he-tambor-220-kg","og_locale":"es_ES","og_type":"article","og_title":"Sika Viscocrete 20 HE Tambor 220 kg - Tecnourquiza, productos SIKA Argentina","og_description":"Es un superplastificante de tercera generaci\u00f3n para hormigones y morteros. Cumple los requerimientos para superplastificantes reductores de agua de alto rango de acuerdo a la norma EN 934-2.","og_url":"https:\/\/tecnourquiza.com.ar\/?product=sika-viscocrete-20-he-tambor-220-kg","og_site_name":"Tecnourquiza, productos SIKA Argentina","article_modified_time":"2020-01-03T14:02:35+00:00","og_image":[{"width":220,"height":220,"url":"https:\/\/tecnourquiza.com.ar\/wp-content\/uploads\/2019\/12\/SIKAMENT-CR.png","type":"image\/png"}],"twitter_card":"summary_large_image","twitter_misc":{"Tiempo de lectura":"2 minutos"},"schema":{"@context":"https:\/\/schema.org","@graph":[{"@type":"WebPage","@id":"https:\/\/tecnourquiza.com.ar\/?product=sika-viscocrete-20-he-tambor-220-kg","url":"https:\/\/tecnourquiza.com.ar\/?product=sika-viscocrete-20-he-tambor-220-kg","name":"Sika Viscocrete 20 HE Tambor 220 kg - Tecnourquiza, productos SIKA Argentina","isPartOf":{"@id":"https:\/\/tecnourquiza.com.ar\/#website"},"primaryImageOfPage":{"@id":"https:\/\/tecnourquiza.com.ar\/?product=sika-viscocrete-20-he-tambor-220-kg#primaryimage"},"image":{"@id":"https:\/\/tecnourquiza.com.ar\/?product=sika-viscocrete-20-he-tambor-220-kg#primaryimage"},"thumbnailUrl":"https:\/\/tecnourquiza.com.ar\/wp-content\/uploads\/2019\/12\/SIKAMENT-CR.png","datePublished":"2020-01-03T13:40:38+00:00","dateModified":"2020-01-03T14:02:35+00:00","breadcrumb":{"@id":"https:\/\/tecnourquiza.com.ar\/?product=sika-viscocrete-20-he-tambor-220-kg#breadcrumb"},"inLanguage":"es","potentialAction":[{"@type":"ReadAction","target":["https:\/\/tecnourquiza.com.ar\/?product=sika-viscocrete-20-he-tambor-220-kg"]}]},{"@type":"ImageObject","inLanguage":"es","@id":"https:\/\/tecnourquiza.com.ar\/?product=sika-viscocrete-20-he-tambor-220-kg#primaryimage","url":"https:\/\/tecnourquiza.com.ar\/wp-content\/uploads\/2019\/12\/SIKAMENT-CR.png","contentUrl":"https:\/\/tecnourquiza.com.ar\/wp-content\/uploads\/2019\/12\/SIKAMENT-CR.png","width":220,"height":220},{"@type":"BreadcrumbList","@id":"https:\/\/tecnourquiza.com.ar\/?product=sika-viscocrete-20-he-tambor-220-kg#breadcrumb","itemListElement":[{"@type":"ListItem","position":1,"name":"Portada","item":"https:\/\/tecnourquiza.com.ar\/"},{"@type":"ListItem","position":2,"name":"Productos","item":"https:\/\/tecnourquiza.com.ar\/?post_type=product"},{"@type":"ListItem","position":3,"name":"Sika Viscocrete 20 HE Tambor 220 kg"}]},{"@type":"WebSite","@id":"https:\/\/tecnourquiza.com.ar\/#website","url":"https:\/\/tecnourquiza.com.ar\/","name":"Tecnourquiza, productos SIKA Argentina","description":"Comercializamos productos de la marca Sika Argentina","publisher":{"@id":"https:\/\/tecnourquiza.com.ar\/#organization"},"potentialAction":[{"@type":"SearchAction","target":{"@type":"EntryPoint","urlTemplate":"https:\/\/tecnourquiza.com.ar\/?s={search_term_string}"},"query-input":{"@type":"PropertyValueSpecification","valueRequired":true,"valueName":"search_term_string"}}],"inLanguage":"es"},{"@type":"Organization","@id":"https:\/\/tecnourquiza.com.ar\/#organization","name":"Tecnourquiza, productos SIKA Argentina","url":"https:\/\/tecnourquiza.com.ar\/","logo":{"@type":"ImageObject","inLanguage":"es","@id":"https:\/\/tecnourquiza.com.ar\/#\/schema\/logo\/image\/","url":"https:\/\/tecnourquiza.com.ar\/wp-content\/uploads\/2025\/05\/logo-tecnourquiza-transparente.png","contentUrl":"https:\/\/tecnourquiza.com.ar\/wp-content\/uploads\/2025\/05\/logo-tecnourquiza-transparente.png","width":360,"height":74,"caption":"Tecnourquiza, productos SIKA Argentina"},"image":{"@id":"https:\/\/tecnourquiza.com.ar\/#\/schema\/logo\/image\/"}}]}},"_links":{"self":[{"href":"https:\/\/tecnourquiza.com.ar\/index.php?rest_route=\/wp\/v2\/product\/8331","targetHints":{"allow":["GET"]}}],"collection":[{"href":"https:\/\/tecnourquiza.com.ar\/index.php?rest_route=\/wp\/v2\/product"}],"about":[{"href":"https:\/\/tecnourquiza.com.ar\/index.php?rest_route=\/wp\/v2\/types\/product"}],"replies":[{"embeddable":true,"href":"https:\/\/tecnourquiza.com.ar\/index.php?rest_route=%2Fwp%2Fv2%2Fcomments&post=8331"}],"wp:featuredmedia":[{"embeddable":true,"href":"https:\/\/tecnourquiza.com.ar\/index.php?rest_route=\/wp\/v2\/media\/8279"}],"wp:attachment":[{"href":"https:\/\/tecnourquiza.com.ar\/index.php?rest_route=%2Fwp%2Fv2%2Fmedia&parent=8331"}],"wp:term":[{"taxonomy":"product_brand","embeddable":true,"href":"https:\/\/tecnourquiza.com.ar\/index.php?rest_route=%2Fwp%2Fv2%2Fproduct_brand&post=8331"},{"taxonomy":"product_cat","embeddable":true,"href":"https:\/\/tecnourquiza.com.ar\/index.php?rest_route=%2Fwp%2Fv2%2Fproduct_cat&post=8331"},{"taxonomy":"product_tag","embeddable":true,"href":"https:\/\/tecnourquiza.com.ar\/index.php?rest_route=%2Fwp%2Fv2%2Fproduct_tag&post=8331"}],"curies":[{"name":"wp","href":"https:\/\/api.w.org\/{rel}","templated":true}]}}