{"id":8327,"date":"2020-01-03T13:31:24","date_gmt":"2020-01-03T13:31:24","guid":{"rendered":"http:\/\/tecnourquiza.com.ar\/?post_type=product&#038;p=8327"},"modified":"2020-01-03T13:33:56","modified_gmt":"2020-01-03T13:33:56","slug":"sika-precast-tambor-250-kg","status":"publish","type":"product","link":"https:\/\/tecnourquiza.com.ar\/?product=sika-precast-tambor-250-kg","title":{"rendered":"Sika Precast Tambor 250 kg."},"content":{"rendered":"<h3 class=\"headline-element\">Usos<\/h3>\n<hr \/>\n<p>Es aconsejable el uso de SIKA PRECAST:<\/p>\n<ul>\n<li>En plantas de hormig\u00f3n premoldeado para temperaturas de hormig\u00f3n entre 5\u00b0C y 25\u00b0C.<\/li>\n<li>En hormigones donde se requiera resistencias iniciales extremadamente altas a temprana edad.<\/li>\n<li>Para desencofrar y habilitar r\u00e1pidamente una estructura.<\/li>\n<\/ul>\n<p>&nbsp;<\/p>\n<h3 class=\"headline-element\">Caracter\u00edsticas<\/h3>\n<hr \/>\n<ul>\n<li>Aumenta las resistencias tempranas del hormig\u00f3n sin influenciar negativamente las resistencias finales.<\/li>\n<li>No contiene cloruros, por lo cual puede usarse para hormigones armados y pretensados.<\/li>\n<li>Acelera ligeramente los tiempos de frag\u00fce.<\/li>\n<li>Puede ser utilizado en un amplio rango de temperaturas, y con preferencia con bajas temperaturas.<\/li>\n<li>Permite obtener un incremento de las resistencias durante las primeras 24 horas de hasta un 100%, de lo que resulta:<\/li>\n<li>Menores tiempos de obra y mayor reposici\u00f3n de encofrados.<\/li>\n<li>Menores tiempos de construcci\u00f3n y menores costos.<\/li>\n<\/ul>\n<p class=\"headline-element\"><strong>Color:<\/strong> Rojizo<\/p>\n<p class=\"headline-element\"><strong>Presentaci\u00f3n:<\/strong> Balde de 20 kg. \/ Tambor de 250 kg.<\/p>\n<p>&nbsp;<\/p>\n<p>[vc_row][vc_column][vc_btn title=&#8221;Ficha T\u00e9cnica&#8221; color=&#8221;warning&#8221; link=&#8221;url:http%3A%2F%2Ftecnourquiza.com.ar%2Fwp-content%2Fuploads%2F2020%2F01%2FHoja-t%C3%A8cnica-de-producto-Sika-Precast.pdf|title:Ficha%20T%C3%A9cnica|target:%20_blank|&#8221;][\/vc_column][\/vc_row]<\/p>\n","protected":false},"excerpt":{"rendered":"<p>Aditivo acelerante de endurecimiento para hormigones premoldeados y pretensados.<\/p>\n<p>Es un l\u00edquido rojizo, mezcla de agentes org\u00e1nicos e inorg\u00e1nicos y peso especifico 1,30 kg\/lt , que ha sido desarrollado como acelerante de endurecimiento para hormigones y morteros.<\/p>\n","protected":false},"featured_media":8279,"comment_status":"open","ping_status":"closed","template":"","meta":[],"product_brand":[],"product_cat":[140,90],"product_tag":[],"class_list":{"0":"post-8327","1":"product","2":"type-product","3":"status-publish","4":"has-post-thumbnail","6":"product_cat-aditivos-para-hormigon","7":"product_cat-sika","9":"first","10":"instock","11":"shipping-taxable","12":"purchasable","13":"product-type-simple"},"yoast_head":"<!-- This site is optimized with the Yoast SEO plugin v27.2 - https:\/\/yoast.com\/product\/yoast-seo-wordpress\/ -->\n<title>Sika Precast Tambor 250 kg. - Tecnourquiza, productos SIKA Argentina<\/title>\n<meta name=\"robots\" content=\"index, follow, max-snippet:-1, max-image-preview:large, max-video-preview:-1\" \/>\n<link rel=\"canonical\" href=\"https:\/\/tecnourquiza.com.ar\/?product=sika-precast-tambor-250-kg\" \/>\n<meta property=\"og:locale\" content=\"es_ES\" \/>\n<meta property=\"og:type\" content=\"article\" \/>\n<meta property=\"og:title\" content=\"Sika Precast Tambor 250 kg. - Tecnourquiza, productos SIKA Argentina\" \/>\n<meta property=\"og:description\" content=\"Aditivo acelerante de endurecimiento para hormigones premoldeados y pretensados.  Es un l\u00edquido rojizo, mezcla de agentes org\u00e1nicos e inorg\u00e1nicos y peso especifico 1,30 kg\/lt , que ha sido desarrollado como acelerante de endurecimiento para hormigones y morteros.\" \/>\n<meta property=\"og:url\" content=\"https:\/\/tecnourquiza.com.ar\/?product=sika-precast-tambor-250-kg\" \/>\n<meta property=\"og:site_name\" content=\"Tecnourquiza, productos SIKA Argentina\" \/>\n<meta property=\"article:modified_time\" content=\"2020-01-03T13:33:56+00:00\" \/>\n<meta property=\"og:image\" content=\"https:\/\/tecnourquiza.com.ar\/wp-content\/uploads\/2019\/12\/SIKAMENT-CR.png\" \/>\n\t<meta property=\"og:image:width\" content=\"220\" \/>\n\t<meta property=\"og:image:height\" content=\"220\" \/>\n\t<meta property=\"og:image:type\" content=\"image\/png\" \/>\n<meta name=\"twitter:card\" content=\"summary_large_image\" \/>\n<meta name=\"twitter:label1\" content=\"Tiempo de lectura\" \/>\n\t<meta name=\"twitter:data1\" content=\"1 minuto\" \/>\n<script type=\"application\/ld+json\" class=\"yoast-schema-graph\">{\"@context\":\"https:\/\/schema.org\",\"@graph\":[{\"@type\":\"WebPage\",\"@id\":\"https:\/\/tecnourquiza.com.ar\/?product=sika-precast-tambor-250-kg\",\"url\":\"https:\/\/tecnourquiza.com.ar\/?product=sika-precast-tambor-250-kg\",\"name\":\"Sika Precast Tambor 250 kg. - Tecnourquiza, productos SIKA Argentina\",\"isPartOf\":{\"@id\":\"https:\/\/tecnourquiza.com.ar\/#website\"},\"primaryImageOfPage\":{\"@id\":\"https:\/\/tecnourquiza.com.ar\/?product=sika-precast-tambor-250-kg#primaryimage\"},\"image\":{\"@id\":\"https:\/\/tecnourquiza.com.ar\/?product=sika-precast-tambor-250-kg#primaryimage\"},\"thumbnailUrl\":\"https:\/\/tecnourquiza.com.ar\/wp-content\/uploads\/2019\/12\/SIKAMENT-CR.png\",\"datePublished\":\"2020-01-03T13:31:24+00:00\",\"dateModified\":\"2020-01-03T13:33:56+00:00\",\"breadcrumb\":{\"@id\":\"https:\/\/tecnourquiza.com.ar\/?product=sika-precast-tambor-250-kg#breadcrumb\"},\"inLanguage\":\"es\",\"potentialAction\":[{\"@type\":\"ReadAction\",\"target\":[\"https:\/\/tecnourquiza.com.ar\/?product=sika-precast-tambor-250-kg\"]}]},{\"@type\":\"ImageObject\",\"inLanguage\":\"es\",\"@id\":\"https:\/\/tecnourquiza.com.ar\/?product=sika-precast-tambor-250-kg#primaryimage\",\"url\":\"https:\/\/tecnourquiza.com.ar\/wp-content\/uploads\/2019\/12\/SIKAMENT-CR.png\",\"contentUrl\":\"https:\/\/tecnourquiza.com.ar\/wp-content\/uploads\/2019\/12\/SIKAMENT-CR.png\",\"width\":220,\"height\":220},{\"@type\":\"BreadcrumbList\",\"@id\":\"https:\/\/tecnourquiza.com.ar\/?product=sika-precast-tambor-250-kg#breadcrumb\",\"itemListElement\":[{\"@type\":\"ListItem\",\"position\":1,\"name\":\"Portada\",\"item\":\"https:\/\/tecnourquiza.com.ar\/\"},{\"@type\":\"ListItem\",\"position\":2,\"name\":\"Productos\",\"item\":\"https:\/\/tecnourquiza.com.ar\/?post_type=product\"},{\"@type\":\"ListItem\",\"position\":3,\"name\":\"Sika Precast Tambor 250 kg.\"}]},{\"@type\":\"WebSite\",\"@id\":\"https:\/\/tecnourquiza.com.ar\/#website\",\"url\":\"https:\/\/tecnourquiza.com.ar\/\",\"name\":\"Tecnourquiza, productos SIKA Argentina\",\"description\":\"Comercializamos productos de la marca Sika Argentina\",\"publisher\":{\"@id\":\"https:\/\/tecnourquiza.com.ar\/#organization\"},\"potentialAction\":[{\"@type\":\"SearchAction\",\"target\":{\"@type\":\"EntryPoint\",\"urlTemplate\":\"https:\/\/tecnourquiza.com.ar\/?s={search_term_string}\"},\"query-input\":{\"@type\":\"PropertyValueSpecification\",\"valueRequired\":true,\"valueName\":\"search_term_string\"}}],\"inLanguage\":\"es\"},{\"@type\":\"Organization\",\"@id\":\"https:\/\/tecnourquiza.com.ar\/#organization\",\"name\":\"Tecnourquiza, productos SIKA Argentina\",\"url\":\"https:\/\/tecnourquiza.com.ar\/\",\"logo\":{\"@type\":\"ImageObject\",\"inLanguage\":\"es\",\"@id\":\"https:\/\/tecnourquiza.com.ar\/#\/schema\/logo\/image\/\",\"url\":\"https:\/\/tecnourquiza.com.ar\/wp-content\/uploads\/2025\/05\/logo-tecnourquiza-transparente.png\",\"contentUrl\":\"https:\/\/tecnourquiza.com.ar\/wp-content\/uploads\/2025\/05\/logo-tecnourquiza-transparente.png\",\"width\":360,\"height\":74,\"caption\":\"Tecnourquiza, productos SIKA Argentina\"},\"image\":{\"@id\":\"https:\/\/tecnourquiza.com.ar\/#\/schema\/logo\/image\/\"}}]}<\/script>\n<!-- \/ Yoast SEO plugin. -->","yoast_head_json":{"title":"Sika Precast Tambor 250 kg. - Tecnourquiza, productos SIKA Argentina","robots":{"index":"index","follow":"follow","max-snippet":"max-snippet:-1","max-image-preview":"max-image-preview:large","max-video-preview":"max-video-preview:-1"},"canonical":"https:\/\/tecnourquiza.com.ar\/?product=sika-precast-tambor-250-kg","og_locale":"es_ES","og_type":"article","og_title":"Sika Precast Tambor 250 kg. - Tecnourquiza, productos SIKA Argentina","og_description":"Aditivo acelerante de endurecimiento para hormigones premoldeados y pretensados.  Es un l\u00edquido rojizo, mezcla de agentes org\u00e1nicos e inorg\u00e1nicos y peso especifico 1,30 kg\/lt , que ha sido desarrollado como acelerante de endurecimiento para hormigones y morteros.","og_url":"https:\/\/tecnourquiza.com.ar\/?product=sika-precast-tambor-250-kg","og_site_name":"Tecnourquiza, productos SIKA Argentina","article_modified_time":"2020-01-03T13:33:56+00:00","og_image":[{"width":220,"height":220,"url":"https:\/\/tecnourquiza.com.ar\/wp-content\/uploads\/2019\/12\/SIKAMENT-CR.png","type":"image\/png"}],"twitter_card":"summary_large_image","twitter_misc":{"Tiempo de lectura":"1 minuto"},"schema":{"@context":"https:\/\/schema.org","@graph":[{"@type":"WebPage","@id":"https:\/\/tecnourquiza.com.ar\/?product=sika-precast-tambor-250-kg","url":"https:\/\/tecnourquiza.com.ar\/?product=sika-precast-tambor-250-kg","name":"Sika Precast Tambor 250 kg. - Tecnourquiza, productos SIKA Argentina","isPartOf":{"@id":"https:\/\/tecnourquiza.com.ar\/#website"},"primaryImageOfPage":{"@id":"https:\/\/tecnourquiza.com.ar\/?product=sika-precast-tambor-250-kg#primaryimage"},"image":{"@id":"https:\/\/tecnourquiza.com.ar\/?product=sika-precast-tambor-250-kg#primaryimage"},"thumbnailUrl":"https:\/\/tecnourquiza.com.ar\/wp-content\/uploads\/2019\/12\/SIKAMENT-CR.png","datePublished":"2020-01-03T13:31:24+00:00","dateModified":"2020-01-03T13:33:56+00:00","breadcrumb":{"@id":"https:\/\/tecnourquiza.com.ar\/?product=sika-precast-tambor-250-kg#breadcrumb"},"inLanguage":"es","potentialAction":[{"@type":"ReadAction","target":["https:\/\/tecnourquiza.com.ar\/?product=sika-precast-tambor-250-kg"]}]},{"@type":"ImageObject","inLanguage":"es","@id":"https:\/\/tecnourquiza.com.ar\/?product=sika-precast-tambor-250-kg#primaryimage","url":"https:\/\/tecnourquiza.com.ar\/wp-content\/uploads\/2019\/12\/SIKAMENT-CR.png","contentUrl":"https:\/\/tecnourquiza.com.ar\/wp-content\/uploads\/2019\/12\/SIKAMENT-CR.png","width":220,"height":220},{"@type":"BreadcrumbList","@id":"https:\/\/tecnourquiza.com.ar\/?product=sika-precast-tambor-250-kg#breadcrumb","itemListElement":[{"@type":"ListItem","position":1,"name":"Portada","item":"https:\/\/tecnourquiza.com.ar\/"},{"@type":"ListItem","position":2,"name":"Productos","item":"https:\/\/tecnourquiza.com.ar\/?post_type=product"},{"@type":"ListItem","position":3,"name":"Sika Precast Tambor 250 kg."}]},{"@type":"WebSite","@id":"https:\/\/tecnourquiza.com.ar\/#website","url":"https:\/\/tecnourquiza.com.ar\/","name":"Tecnourquiza, productos SIKA Argentina","description":"Comercializamos productos de la marca Sika Argentina","publisher":{"@id":"https:\/\/tecnourquiza.com.ar\/#organization"},"potentialAction":[{"@type":"SearchAction","target":{"@type":"EntryPoint","urlTemplate":"https:\/\/tecnourquiza.com.ar\/?s={search_term_string}"},"query-input":{"@type":"PropertyValueSpecification","valueRequired":true,"valueName":"search_term_string"}}],"inLanguage":"es"},{"@type":"Organization","@id":"https:\/\/tecnourquiza.com.ar\/#organization","name":"Tecnourquiza, productos SIKA Argentina","url":"https:\/\/tecnourquiza.com.ar\/","logo":{"@type":"ImageObject","inLanguage":"es","@id":"https:\/\/tecnourquiza.com.ar\/#\/schema\/logo\/image\/","url":"https:\/\/tecnourquiza.com.ar\/wp-content\/uploads\/2025\/05\/logo-tecnourquiza-transparente.png","contentUrl":"https:\/\/tecnourquiza.com.ar\/wp-content\/uploads\/2025\/05\/logo-tecnourquiza-transparente.png","width":360,"height":74,"caption":"Tecnourquiza, productos SIKA Argentina"},"image":{"@id":"https:\/\/tecnourquiza.com.ar\/#\/schema\/logo\/image\/"}}]}},"_links":{"self":[{"href":"https:\/\/tecnourquiza.com.ar\/index.php?rest_route=\/wp\/v2\/product\/8327","targetHints":{"allow":["GET"]}}],"collection":[{"href":"https:\/\/tecnourquiza.com.ar\/index.php?rest_route=\/wp\/v2\/product"}],"about":[{"href":"https:\/\/tecnourquiza.com.ar\/index.php?rest_route=\/wp\/v2\/types\/product"}],"replies":[{"embeddable":true,"href":"https:\/\/tecnourquiza.com.ar\/index.php?rest_route=%2Fwp%2Fv2%2Fcomments&post=8327"}],"wp:featuredmedia":[{"embeddable":true,"href":"https:\/\/tecnourquiza.com.ar\/index.php?rest_route=\/wp\/v2\/media\/8279"}],"wp:attachment":[{"href":"https:\/\/tecnourquiza.com.ar\/index.php?rest_route=%2Fwp%2Fv2%2Fmedia&parent=8327"}],"wp:term":[{"taxonomy":"product_brand","embeddable":true,"href":"https:\/\/tecnourquiza.com.ar\/index.php?rest_route=%2Fwp%2Fv2%2Fproduct_brand&post=8327"},{"taxonomy":"product_cat","embeddable":true,"href":"https:\/\/tecnourquiza.com.ar\/index.php?rest_route=%2Fwp%2Fv2%2Fproduct_cat&post=8327"},{"taxonomy":"product_tag","embeddable":true,"href":"https:\/\/tecnourquiza.com.ar\/index.php?rest_route=%2Fwp%2Fv2%2Fproduct_tag&post=8327"}],"curies":[{"name":"wp","href":"https:\/\/api.w.org\/{rel}","templated":true}]}}