{"id":8320,"date":"2020-01-03T01:47:28","date_gmt":"2020-01-03T01:47:28","guid":{"rendered":"http:\/\/tecnourquiza.com.ar\/?post_type=product&#038;p=8320"},"modified":"2020-01-03T01:53:05","modified_gmt":"2020-01-03T01:53:05","slug":"sika-latex-bidon-5-lts","status":"publish","type":"product","link":"https:\/\/tecnourquiza.com.ar\/?product=sika-latex-bidon-5-lts","title":{"rendered":"Sika Latex Bid\u00f3n 5 lts"},"content":{"rendered":"<h3>Usos<\/h3>\n<hr \/>\n<p>SikaLatex es una emulsi\u00f3n ligante indicada para realizar:<br \/>\n\u2022 Puentes de adherencia entre superficies de hormig\u00f3n, morteros, mamposter\u00edas y revoques.<br \/>\n\u2022 Alisados cement\u00edcios para pisos en general.<br \/>\n\u2022 Terminaci\u00f3n de sustratos en los que se desea disminuir el desprendimiento de polvo y arena.<br \/>\n\u2022 Morteros de nivelaci\u00f3n, carpetas, bacheos y reparaciones.<br \/>\n\u2022 Reforzar mezclas adhesivas de revestimientos.<br \/>\n\u2022 Reparaciones de hormigones y mamposter\u00edas.<br \/>\n\u2022 Mejorar la adherencia y las propiedades de las capas aisladoras, especialmente indicada para superficies exteriores por su baja absorci\u00f3n de agua.<\/p>\n<p>&nbsp;<\/p>\n<h3>Ventajas<\/h3>\n<hr \/>\n<p>SikaLatex mejora las siguientes propiedades de los morteros:<br \/>\n\u2022 Mejora la adherencia de las mismas a cualquier sustrato de alba\u00f1iler\u00eda.<br \/>\n\u2022 Aumenta la cohesividad entre las part\u00edculas y la flexibilidad de la mezcla, disminuyendo la presencia de fisuras.<br \/>\n\u2022 Mejora la impermeabilidad y les otorga resistencia a sustancias agresivas.<br \/>\n\u2022 Facilita la aplicaci\u00f3n de la mezcla fresca, otorg\u00e1ndole mayor trabajabilidad.<br \/>\n\u2022 Incrementa las resistencias mec\u00e1nicas: compresi\u00f3n, tracci\u00f3n y especialmente a la flexi\u00f3n.<br \/>\n\u2022 Prolonga la durabilidad de mezclas cementicias, aumentando sus resistencias a la abrasi\u00f3n y al impacto.<\/p>\n<p><strong>Apariencia\/Color:<\/strong> L\u00edquido blanco (lechoso)<\/p>\n<p><strong>Presentaci\u00f3n:<\/strong> Bidon 5 Lts. \/ Balde de 20 Lts. \/Tambor de 200 lts.<\/p>\n<p>&nbsp;<\/p>\n<p>[vc_row][vc_column][vc_btn title=&#8221;Ficha T\u00e9cnica&#8221; color=&#8221;warning&#8221; link=&#8221;url:http%3A%2F%2Ftecnourquiza.com.ar%2Fwp-content%2Fuploads%2F2020%2F01%2FHoja-t%C3%A9cnica-de-producto-SikaLatex-1.pdf|title:Ficha%20T%C3%A9cnica|target:%20_blank|&#8221;][\/vc_column][\/vc_row]<\/p>\n","protected":false},"excerpt":{"rendered":"<p>Emulsi\u00f3n ligante acr\u00edlica para revoques y carpetas.<\/p>\n<p>SikaLatex es una emulsi\u00f3n a base de resinas sint\u00e9ticas, que agregada al agua de empastado de lechadas de cemento, les aporta alta capacidad de adherencia entre diferentes etapas de construcci\u00f3n. Adem\u00e1s, incorporado al agua de empastado de morteros, les mejorar\u00e1 la calidad logrando cohesi\u00f3n entre las part\u00edculas, aumentando su adherencia, mejorando su flexibilidad y disminuyendo la<br \/>\ncapacidad de absorber agua.<\/p>\n","protected":false},"featured_media":8321,"comment_status":"open","ping_status":"closed","template":"","meta":[],"product_brand":[],"product_cat":[140,90],"product_tag":[148],"class_list":{"0":"post-8320","1":"product","2":"type-product","3":"status-publish","4":"has-post-thumbnail","6":"product_cat-aditivos-para-hormigon","7":"product_cat-sika","8":"product_tag-emulsion-ligante-acrilica","10":"first","11":"instock","12":"shipping-taxable","13":"purchasable","14":"product-type-simple"},"yoast_head":"<!-- This site is optimized with the Yoast SEO plugin v27.2 - https:\/\/yoast.com\/product\/yoast-seo-wordpress\/ -->\n<title>Sika Latex Bid\u00f3n 5 lts - Tecnourquiza, productos SIKA Argentina<\/title>\n<meta name=\"robots\" content=\"index, follow, max-snippet:-1, max-image-preview:large, max-video-preview:-1\" \/>\n<link rel=\"canonical\" href=\"https:\/\/tecnourquiza.com.ar\/?product=sika-latex-bidon-5-lts\" \/>\n<meta property=\"og:locale\" content=\"es_ES\" \/>\n<meta property=\"og:type\" content=\"article\" \/>\n<meta property=\"og:title\" content=\"Sika Latex Bid\u00f3n 5 lts - Tecnourquiza, productos SIKA Argentina\" \/>\n<meta property=\"og:description\" content=\"Emulsi\u00f3n ligante acr\u00edlica para revoques y carpetas.  SikaLatex es una emulsi\u00f3n a base de resinas sint\u00e9ticas, que agregada al agua de empastado de lechadas de cemento, les aporta alta capacidad de adherencia entre diferentes etapas de construcci\u00f3n. Adem\u00e1s, incorporado al agua de empastado de morteros, les mejorar\u00e1 la calidad logrando cohesi\u00f3n entre las part\u00edculas, aumentando su adherencia, mejorando su flexibilidad y disminuyendo la capacidad de absorber agua.\" \/>\n<meta property=\"og:url\" content=\"https:\/\/tecnourquiza.com.ar\/?product=sika-latex-bidon-5-lts\" \/>\n<meta property=\"og:site_name\" content=\"Tecnourquiza, productos SIKA Argentina\" \/>\n<meta property=\"article:modified_time\" content=\"2020-01-03T01:53:05+00:00\" \/>\n<meta property=\"og:image\" content=\"https:\/\/tecnourquiza.com.ar\/wp-content\/uploads\/2020\/01\/sikalatex_5lts.jpg\" \/>\n\t<meta property=\"og:image:width\" content=\"435\" \/>\n\t<meta property=\"og:image:height\" content=\"373\" \/>\n\t<meta property=\"og:image:type\" content=\"image\/jpeg\" \/>\n<meta name=\"twitter:card\" content=\"summary_large_image\" \/>\n<meta name=\"twitter:label1\" content=\"Tiempo de lectura\" \/>\n\t<meta name=\"twitter:data1\" content=\"1 minuto\" \/>\n<script type=\"application\/ld+json\" class=\"yoast-schema-graph\">{\"@context\":\"https:\/\/schema.org\",\"@graph\":[{\"@type\":\"WebPage\",\"@id\":\"https:\/\/tecnourquiza.com.ar\/?product=sika-latex-bidon-5-lts\",\"url\":\"https:\/\/tecnourquiza.com.ar\/?product=sika-latex-bidon-5-lts\",\"name\":\"Sika Latex Bid\u00f3n 5 lts - Tecnourquiza, productos SIKA Argentina\",\"isPartOf\":{\"@id\":\"https:\/\/tecnourquiza.com.ar\/#website\"},\"primaryImageOfPage\":{\"@id\":\"https:\/\/tecnourquiza.com.ar\/?product=sika-latex-bidon-5-lts#primaryimage\"},\"image\":{\"@id\":\"https:\/\/tecnourquiza.com.ar\/?product=sika-latex-bidon-5-lts#primaryimage\"},\"thumbnailUrl\":\"https:\/\/tecnourquiza.com.ar\/wp-content\/uploads\/2020\/01\/sikalatex_5lts.jpg\",\"datePublished\":\"2020-01-03T01:47:28+00:00\",\"dateModified\":\"2020-01-03T01:53:05+00:00\",\"breadcrumb\":{\"@id\":\"https:\/\/tecnourquiza.com.ar\/?product=sika-latex-bidon-5-lts#breadcrumb\"},\"inLanguage\":\"es\",\"potentialAction\":[{\"@type\":\"ReadAction\",\"target\":[\"https:\/\/tecnourquiza.com.ar\/?product=sika-latex-bidon-5-lts\"]}]},{\"@type\":\"ImageObject\",\"inLanguage\":\"es\",\"@id\":\"https:\/\/tecnourquiza.com.ar\/?product=sika-latex-bidon-5-lts#primaryimage\",\"url\":\"https:\/\/tecnourquiza.com.ar\/wp-content\/uploads\/2020\/01\/sikalatex_5lts.jpg\",\"contentUrl\":\"https:\/\/tecnourquiza.com.ar\/wp-content\/uploads\/2020\/01\/sikalatex_5lts.jpg\",\"width\":435,\"height\":373},{\"@type\":\"BreadcrumbList\",\"@id\":\"https:\/\/tecnourquiza.com.ar\/?product=sika-latex-bidon-5-lts#breadcrumb\",\"itemListElement\":[{\"@type\":\"ListItem\",\"position\":1,\"name\":\"Portada\",\"item\":\"https:\/\/tecnourquiza.com.ar\/\"},{\"@type\":\"ListItem\",\"position\":2,\"name\":\"Productos\",\"item\":\"https:\/\/tecnourquiza.com.ar\/?post_type=product\"},{\"@type\":\"ListItem\",\"position\":3,\"name\":\"Sika Latex Bid\u00f3n 5 lts\"}]},{\"@type\":\"WebSite\",\"@id\":\"https:\/\/tecnourquiza.com.ar\/#website\",\"url\":\"https:\/\/tecnourquiza.com.ar\/\",\"name\":\"Tecnourquiza, productos SIKA Argentina\",\"description\":\"Comercializamos productos de la marca Sika Argentina\",\"publisher\":{\"@id\":\"https:\/\/tecnourquiza.com.ar\/#organization\"},\"potentialAction\":[{\"@type\":\"SearchAction\",\"target\":{\"@type\":\"EntryPoint\",\"urlTemplate\":\"https:\/\/tecnourquiza.com.ar\/?s={search_term_string}\"},\"query-input\":{\"@type\":\"PropertyValueSpecification\",\"valueRequired\":true,\"valueName\":\"search_term_string\"}}],\"inLanguage\":\"es\"},{\"@type\":\"Organization\",\"@id\":\"https:\/\/tecnourquiza.com.ar\/#organization\",\"name\":\"Tecnourquiza, productos SIKA Argentina\",\"url\":\"https:\/\/tecnourquiza.com.ar\/\",\"logo\":{\"@type\":\"ImageObject\",\"inLanguage\":\"es\",\"@id\":\"https:\/\/tecnourquiza.com.ar\/#\/schema\/logo\/image\/\",\"url\":\"https:\/\/tecnourquiza.com.ar\/wp-content\/uploads\/2025\/05\/logo-tecnourquiza-transparente.png\",\"contentUrl\":\"https:\/\/tecnourquiza.com.ar\/wp-content\/uploads\/2025\/05\/logo-tecnourquiza-transparente.png\",\"width\":360,\"height\":74,\"caption\":\"Tecnourquiza, productos SIKA Argentina\"},\"image\":{\"@id\":\"https:\/\/tecnourquiza.com.ar\/#\/schema\/logo\/image\/\"}}]}<\/script>\n<!-- \/ Yoast SEO plugin. -->","yoast_head_json":{"title":"Sika Latex Bid\u00f3n 5 lts - Tecnourquiza, productos SIKA Argentina","robots":{"index":"index","follow":"follow","max-snippet":"max-snippet:-1","max-image-preview":"max-image-preview:large","max-video-preview":"max-video-preview:-1"},"canonical":"https:\/\/tecnourquiza.com.ar\/?product=sika-latex-bidon-5-lts","og_locale":"es_ES","og_type":"article","og_title":"Sika Latex Bid\u00f3n 5 lts - Tecnourquiza, productos SIKA Argentina","og_description":"Emulsi\u00f3n ligante acr\u00edlica para revoques y carpetas.  SikaLatex es una emulsi\u00f3n a base de resinas sint\u00e9ticas, que agregada al agua de empastado de lechadas de cemento, les aporta alta capacidad de adherencia entre diferentes etapas de construcci\u00f3n. Adem\u00e1s, incorporado al agua de empastado de morteros, les mejorar\u00e1 la calidad logrando cohesi\u00f3n entre las part\u00edculas, aumentando su adherencia, mejorando su flexibilidad y disminuyendo la capacidad de absorber agua.","og_url":"https:\/\/tecnourquiza.com.ar\/?product=sika-latex-bidon-5-lts","og_site_name":"Tecnourquiza, productos SIKA Argentina","article_modified_time":"2020-01-03T01:53:05+00:00","og_image":[{"width":435,"height":373,"url":"https:\/\/tecnourquiza.com.ar\/wp-content\/uploads\/2020\/01\/sikalatex_5lts.jpg","type":"image\/jpeg"}],"twitter_card":"summary_large_image","twitter_misc":{"Tiempo de lectura":"1 minuto"},"schema":{"@context":"https:\/\/schema.org","@graph":[{"@type":"WebPage","@id":"https:\/\/tecnourquiza.com.ar\/?product=sika-latex-bidon-5-lts","url":"https:\/\/tecnourquiza.com.ar\/?product=sika-latex-bidon-5-lts","name":"Sika Latex Bid\u00f3n 5 lts - Tecnourquiza, productos SIKA Argentina","isPartOf":{"@id":"https:\/\/tecnourquiza.com.ar\/#website"},"primaryImageOfPage":{"@id":"https:\/\/tecnourquiza.com.ar\/?product=sika-latex-bidon-5-lts#primaryimage"},"image":{"@id":"https:\/\/tecnourquiza.com.ar\/?product=sika-latex-bidon-5-lts#primaryimage"},"thumbnailUrl":"https:\/\/tecnourquiza.com.ar\/wp-content\/uploads\/2020\/01\/sikalatex_5lts.jpg","datePublished":"2020-01-03T01:47:28+00:00","dateModified":"2020-01-03T01:53:05+00:00","breadcrumb":{"@id":"https:\/\/tecnourquiza.com.ar\/?product=sika-latex-bidon-5-lts#breadcrumb"},"inLanguage":"es","potentialAction":[{"@type":"ReadAction","target":["https:\/\/tecnourquiza.com.ar\/?product=sika-latex-bidon-5-lts"]}]},{"@type":"ImageObject","inLanguage":"es","@id":"https:\/\/tecnourquiza.com.ar\/?product=sika-latex-bidon-5-lts#primaryimage","url":"https:\/\/tecnourquiza.com.ar\/wp-content\/uploads\/2020\/01\/sikalatex_5lts.jpg","contentUrl":"https:\/\/tecnourquiza.com.ar\/wp-content\/uploads\/2020\/01\/sikalatex_5lts.jpg","width":435,"height":373},{"@type":"BreadcrumbList","@id":"https:\/\/tecnourquiza.com.ar\/?product=sika-latex-bidon-5-lts#breadcrumb","itemListElement":[{"@type":"ListItem","position":1,"name":"Portada","item":"https:\/\/tecnourquiza.com.ar\/"},{"@type":"ListItem","position":2,"name":"Productos","item":"https:\/\/tecnourquiza.com.ar\/?post_type=product"},{"@type":"ListItem","position":3,"name":"Sika Latex Bid\u00f3n 5 lts"}]},{"@type":"WebSite","@id":"https:\/\/tecnourquiza.com.ar\/#website","url":"https:\/\/tecnourquiza.com.ar\/","name":"Tecnourquiza, productos SIKA Argentina","description":"Comercializamos productos de la marca Sika Argentina","publisher":{"@id":"https:\/\/tecnourquiza.com.ar\/#organization"},"potentialAction":[{"@type":"SearchAction","target":{"@type":"EntryPoint","urlTemplate":"https:\/\/tecnourquiza.com.ar\/?s={search_term_string}"},"query-input":{"@type":"PropertyValueSpecification","valueRequired":true,"valueName":"search_term_string"}}],"inLanguage":"es"},{"@type":"Organization","@id":"https:\/\/tecnourquiza.com.ar\/#organization","name":"Tecnourquiza, productos SIKA Argentina","url":"https:\/\/tecnourquiza.com.ar\/","logo":{"@type":"ImageObject","inLanguage":"es","@id":"https:\/\/tecnourquiza.com.ar\/#\/schema\/logo\/image\/","url":"https:\/\/tecnourquiza.com.ar\/wp-content\/uploads\/2025\/05\/logo-tecnourquiza-transparente.png","contentUrl":"https:\/\/tecnourquiza.com.ar\/wp-content\/uploads\/2025\/05\/logo-tecnourquiza-transparente.png","width":360,"height":74,"caption":"Tecnourquiza, productos SIKA Argentina"},"image":{"@id":"https:\/\/tecnourquiza.com.ar\/#\/schema\/logo\/image\/"}}]}},"_links":{"self":[{"href":"https:\/\/tecnourquiza.com.ar\/index.php?rest_route=\/wp\/v2\/product\/8320","targetHints":{"allow":["GET"]}}],"collection":[{"href":"https:\/\/tecnourquiza.com.ar\/index.php?rest_route=\/wp\/v2\/product"}],"about":[{"href":"https:\/\/tecnourquiza.com.ar\/index.php?rest_route=\/wp\/v2\/types\/product"}],"replies":[{"embeddable":true,"href":"https:\/\/tecnourquiza.com.ar\/index.php?rest_route=%2Fwp%2Fv2%2Fcomments&post=8320"}],"wp:featuredmedia":[{"embeddable":true,"href":"https:\/\/tecnourquiza.com.ar\/index.php?rest_route=\/wp\/v2\/media\/8321"}],"wp:attachment":[{"href":"https:\/\/tecnourquiza.com.ar\/index.php?rest_route=%2Fwp%2Fv2%2Fmedia&parent=8320"}],"wp:term":[{"taxonomy":"product_brand","embeddable":true,"href":"https:\/\/tecnourquiza.com.ar\/index.php?rest_route=%2Fwp%2Fv2%2Fproduct_brand&post=8320"},{"taxonomy":"product_cat","embeddable":true,"href":"https:\/\/tecnourquiza.com.ar\/index.php?rest_route=%2Fwp%2Fv2%2Fproduct_cat&post=8320"},{"taxonomy":"product_tag","embeddable":true,"href":"https:\/\/tecnourquiza.com.ar\/index.php?rest_route=%2Fwp%2Fv2%2Fproduct_tag&post=8320"}],"curies":[{"name":"wp","href":"https:\/\/api.w.org\/{rel}","templated":true}]}}