{"id":8307,"date":"2020-01-03T01:07:39","date_gmt":"2020-01-03T01:07:39","guid":{"rendered":"http:\/\/tecnourquiza.com.ar\/?post_type=product&#038;p=8307"},"modified":"2020-01-03T01:35:10","modified_gmt":"2020-01-03T01:35:10","slug":"sika-3-sin-cloruro-balde-25-kg","status":"publish","type":"product","link":"https:\/\/tecnourquiza.com.ar\/?product=sika-3-sin-cloruro-balde-25-kg","title":{"rendered":"Sika 3 (sin cloruro) Balde 25 kg"},"content":{"rendered":"<h3 class=\"headline-element\">Usos<\/h3>\n<hr \/>\n<p>Se utiliza para acelerar el frag\u00fce y desarrollar altas resistencias iniciales de morteros y hormigones armados, en:<\/p>\n<ul>\n<li>Contrapisos con mallas met\u00e1licas<\/li>\n<li>Correcci\u00f3n de juntas, \u00e1ngulos, z\u00f3calos u otra reparaci\u00f3n que est\u00e9 en contacto con metales<\/li>\n<li>Amurado de elementos met\u00e1licos: ej: cajas el\u00e9ctricas, bisagras, perfiles de terminaci\u00f3n, rieles, etc.<\/li>\n<li>Amurado de aberturas<\/li>\n<li>Hormigones en contacto con encofrados o insertos met\u00e1licos<\/li>\n<li>Bacheos y reparaciones de pisos y pavimentos<\/li>\n<li>Obras subterr\u00e1neas, alcantarillados, obras de desv\u00edos hidr\u00e1ulicos y obras expuestas a mareas<\/li>\n<li>Para habilitar m\u00e1s r\u00e1pido trabajos en industrias, dep\u00f3sitos y estacionamientos<\/li>\n<li>Ideal para ejecutar trabajos en \u00e9pocas invernales o de bajas temperaturas<\/li>\n<\/ul>\n<p>&nbsp;<\/p>\n<h3 class=\"headline-element\">Caracter\u00edsticas<\/h3>\n<hr \/>\n<p>El mortero aditivado con Sika\u00ae-3 (Sin cloruro)\u00a0pasa r\u00e1pidamente de estado fresco a estado endurecido, y posee las siguientes ventajas:<\/p>\n<ul>\n<li>No ataca metales<\/li>\n<li>Acelera los tiempos de obra<\/li>\n<li>R\u00e1pida habilitaci\u00f3n<\/li>\n<li>Permite transitar anticipadamente sobre bacheos, carpetas y contrapisos<\/li>\n<li>Impide la corrosi\u00f3n de armaduras, ca\u00f1er\u00edas, planchuelas e insertos met\u00e1licos<\/li>\n<li>Menores costos y mano de obra<\/li>\n<li>Facilidad de empleo ya que es totalmente soluble y se mezcla f\u00e1cilmente con el agua de amasado<\/li>\n<li>Permite ajustar la dosis de acuerdo a los requerimientos de la obra y en funci\u00f3n de la temperatura ambiente, lo cual genera ahorro de material seg\u00fan el consumo que se requiera<\/li>\n<\/ul>\n<p class=\"headline-element\"><strong>Color:\u00a0<\/strong>Borravino.<\/p>\n<p class=\"headline-element\"><strong>Presentaci\u00f3n:\u00a0<\/strong>Bid\u00f3n de 2 y 6 kg. \/\u00a0Balde de 25 kg. \/ Tambor de 240 kg.<\/p>\n<p>&nbsp;<\/p>\n<p>[vc_row][vc_column][vc_btn title=&#8221;Ficha T\u00e9cnica&#8221; color=&#8221;warning&#8221; link=&#8221;url:http%3A%2F%2Ftecnourquiza.com.ar%2Fwp-content%2Fuploads%2F2020%2F01%2FHoja-t%C3%A9cnica-de-producto-Sika-3-Sin-Cloruro.pdf|title:Ficha%20T%C3%A9cnica|target:%20_blank|&#8221;][\/vc_column][\/vc_row]<\/p>\n","protected":false},"excerpt":{"rendered":"<p>Acelerante de frag\u00fce sin cloruros para mortero y hormig\u00f3n.<\/p>\n<p>Sika\u00ae-3 (Sin cloruro) es un aditivo desarrollado especialmente para acelerar el frag\u00fce de morteros y hormigones armados. No contiene cloruros. No corroe las armaduras ni los insertos met\u00e1licos.<\/p>\n","protected":false},"featured_media":8308,"comment_status":"open","ping_status":"closed","template":"","meta":[],"product_brand":[],"product_cat":[140,90],"product_tag":[141,147],"class_list":{"0":"post-8307","1":"product","2":"type-product","3":"status-publish","4":"has-post-thumbnail","6":"product_cat-aditivos-para-hormigon","7":"product_cat-sika","8":"product_tag-acelerante-de-frague","9":"product_tag-aditivo","11":"first","12":"instock","13":"shipping-taxable","14":"purchasable","15":"product-type-simple"},"yoast_head":"<!-- This site is optimized with the Yoast SEO plugin v27.2 - https:\/\/yoast.com\/product\/yoast-seo-wordpress\/ -->\n<title>Sika 3 (sin cloruro) Balde 25 kg - Tecnourquiza, productos SIKA Argentina<\/title>\n<meta name=\"robots\" content=\"index, follow, max-snippet:-1, max-image-preview:large, max-video-preview:-1\" \/>\n<link rel=\"canonical\" href=\"https:\/\/tecnourquiza.com.ar\/?product=sika-3-sin-cloruro-balde-25-kg\" \/>\n<meta property=\"og:locale\" content=\"es_ES\" \/>\n<meta property=\"og:type\" content=\"article\" \/>\n<meta property=\"og:title\" content=\"Sika 3 (sin cloruro) Balde 25 kg - Tecnourquiza, productos SIKA Argentina\" \/>\n<meta property=\"og:description\" content=\"Acelerante de frag\u00fce sin cloruros para mortero y hormig\u00f3n.  Sika\u00ae-3 (Sin cloruro) es un aditivo desarrollado especialmente para acelerar el frag\u00fce de morteros y hormigones armados. No contiene cloruros. No corroe las armaduras ni los insertos met\u00e1licos.\" \/>\n<meta property=\"og:url\" content=\"https:\/\/tecnourquiza.com.ar\/?product=sika-3-sin-cloruro-balde-25-kg\" \/>\n<meta property=\"og:site_name\" content=\"Tecnourquiza, productos SIKA Argentina\" \/>\n<meta property=\"article:modified_time\" content=\"2020-01-03T01:35:10+00:00\" \/>\n<meta property=\"og:image\" content=\"https:\/\/tecnourquiza.com.ar\/wp-content\/uploads\/2020\/01\/Sika_3_SC-3.jpg\" \/>\n\t<meta property=\"og:image:width\" content=\"400\" \/>\n\t<meta property=\"og:image:height\" content=\"400\" \/>\n\t<meta property=\"og:image:type\" content=\"image\/jpeg\" \/>\n<meta name=\"twitter:card\" content=\"summary_large_image\" \/>\n<meta name=\"twitter:label1\" content=\"Tiempo de lectura\" \/>\n\t<meta name=\"twitter:data1\" content=\"1 minuto\" \/>\n<script type=\"application\/ld+json\" class=\"yoast-schema-graph\">{\"@context\":\"https:\/\/schema.org\",\"@graph\":[{\"@type\":\"WebPage\",\"@id\":\"https:\/\/tecnourquiza.com.ar\/?product=sika-3-sin-cloruro-balde-25-kg\",\"url\":\"https:\/\/tecnourquiza.com.ar\/?product=sika-3-sin-cloruro-balde-25-kg\",\"name\":\"Sika 3 (sin cloruro) Balde 25 kg - Tecnourquiza, productos SIKA Argentina\",\"isPartOf\":{\"@id\":\"https:\/\/tecnourquiza.com.ar\/#website\"},\"primaryImageOfPage\":{\"@id\":\"https:\/\/tecnourquiza.com.ar\/?product=sika-3-sin-cloruro-balde-25-kg#primaryimage\"},\"image\":{\"@id\":\"https:\/\/tecnourquiza.com.ar\/?product=sika-3-sin-cloruro-balde-25-kg#primaryimage\"},\"thumbnailUrl\":\"https:\/\/tecnourquiza.com.ar\/wp-content\/uploads\/2020\/01\/Sika_3_SC-3.jpg\",\"datePublished\":\"2020-01-03T01:07:39+00:00\",\"dateModified\":\"2020-01-03T01:35:10+00:00\",\"breadcrumb\":{\"@id\":\"https:\/\/tecnourquiza.com.ar\/?product=sika-3-sin-cloruro-balde-25-kg#breadcrumb\"},\"inLanguage\":\"es\",\"potentialAction\":[{\"@type\":\"ReadAction\",\"target\":[\"https:\/\/tecnourquiza.com.ar\/?product=sika-3-sin-cloruro-balde-25-kg\"]}]},{\"@type\":\"ImageObject\",\"inLanguage\":\"es\",\"@id\":\"https:\/\/tecnourquiza.com.ar\/?product=sika-3-sin-cloruro-balde-25-kg#primaryimage\",\"url\":\"https:\/\/tecnourquiza.com.ar\/wp-content\/uploads\/2020\/01\/Sika_3_SC-3.jpg\",\"contentUrl\":\"https:\/\/tecnourquiza.com.ar\/wp-content\/uploads\/2020\/01\/Sika_3_SC-3.jpg\",\"width\":400,\"height\":400},{\"@type\":\"BreadcrumbList\",\"@id\":\"https:\/\/tecnourquiza.com.ar\/?product=sika-3-sin-cloruro-balde-25-kg#breadcrumb\",\"itemListElement\":[{\"@type\":\"ListItem\",\"position\":1,\"name\":\"Portada\",\"item\":\"https:\/\/tecnourquiza.com.ar\/\"},{\"@type\":\"ListItem\",\"position\":2,\"name\":\"Productos\",\"item\":\"https:\/\/tecnourquiza.com.ar\/?post_type=product\"},{\"@type\":\"ListItem\",\"position\":3,\"name\":\"Sika 3 (sin cloruro) Balde 25 kg\"}]},{\"@type\":\"WebSite\",\"@id\":\"https:\/\/tecnourquiza.com.ar\/#website\",\"url\":\"https:\/\/tecnourquiza.com.ar\/\",\"name\":\"Tecnourquiza, productos SIKA Argentina\",\"description\":\"Comercializamos productos de la marca Sika Argentina\",\"publisher\":{\"@id\":\"https:\/\/tecnourquiza.com.ar\/#organization\"},\"potentialAction\":[{\"@type\":\"SearchAction\",\"target\":{\"@type\":\"EntryPoint\",\"urlTemplate\":\"https:\/\/tecnourquiza.com.ar\/?s={search_term_string}\"},\"query-input\":{\"@type\":\"PropertyValueSpecification\",\"valueRequired\":true,\"valueName\":\"search_term_string\"}}],\"inLanguage\":\"es\"},{\"@type\":\"Organization\",\"@id\":\"https:\/\/tecnourquiza.com.ar\/#organization\",\"name\":\"Tecnourquiza, productos SIKA Argentina\",\"url\":\"https:\/\/tecnourquiza.com.ar\/\",\"logo\":{\"@type\":\"ImageObject\",\"inLanguage\":\"es\",\"@id\":\"https:\/\/tecnourquiza.com.ar\/#\/schema\/logo\/image\/\",\"url\":\"https:\/\/tecnourquiza.com.ar\/wp-content\/uploads\/2025\/05\/logo-tecnourquiza-transparente.png\",\"contentUrl\":\"https:\/\/tecnourquiza.com.ar\/wp-content\/uploads\/2025\/05\/logo-tecnourquiza-transparente.png\",\"width\":360,\"height\":74,\"caption\":\"Tecnourquiza, productos SIKA Argentina\"},\"image\":{\"@id\":\"https:\/\/tecnourquiza.com.ar\/#\/schema\/logo\/image\/\"}}]}<\/script>\n<!-- \/ Yoast SEO plugin. -->","yoast_head_json":{"title":"Sika 3 (sin cloruro) Balde 25 kg - Tecnourquiza, productos SIKA Argentina","robots":{"index":"index","follow":"follow","max-snippet":"max-snippet:-1","max-image-preview":"max-image-preview:large","max-video-preview":"max-video-preview:-1"},"canonical":"https:\/\/tecnourquiza.com.ar\/?product=sika-3-sin-cloruro-balde-25-kg","og_locale":"es_ES","og_type":"article","og_title":"Sika 3 (sin cloruro) Balde 25 kg - Tecnourquiza, productos SIKA Argentina","og_description":"Acelerante de frag\u00fce sin cloruros para mortero y hormig\u00f3n.  Sika\u00ae-3 (Sin cloruro) es un aditivo desarrollado especialmente para acelerar el frag\u00fce de morteros y hormigones armados. No contiene cloruros. No corroe las armaduras ni los insertos met\u00e1licos.","og_url":"https:\/\/tecnourquiza.com.ar\/?product=sika-3-sin-cloruro-balde-25-kg","og_site_name":"Tecnourquiza, productos SIKA Argentina","article_modified_time":"2020-01-03T01:35:10+00:00","og_image":[{"width":400,"height":400,"url":"https:\/\/tecnourquiza.com.ar\/wp-content\/uploads\/2020\/01\/Sika_3_SC-3.jpg","type":"image\/jpeg"}],"twitter_card":"summary_large_image","twitter_misc":{"Tiempo de lectura":"1 minuto"},"schema":{"@context":"https:\/\/schema.org","@graph":[{"@type":"WebPage","@id":"https:\/\/tecnourquiza.com.ar\/?product=sika-3-sin-cloruro-balde-25-kg","url":"https:\/\/tecnourquiza.com.ar\/?product=sika-3-sin-cloruro-balde-25-kg","name":"Sika 3 (sin cloruro) Balde 25 kg - Tecnourquiza, productos SIKA Argentina","isPartOf":{"@id":"https:\/\/tecnourquiza.com.ar\/#website"},"primaryImageOfPage":{"@id":"https:\/\/tecnourquiza.com.ar\/?product=sika-3-sin-cloruro-balde-25-kg#primaryimage"},"image":{"@id":"https:\/\/tecnourquiza.com.ar\/?product=sika-3-sin-cloruro-balde-25-kg#primaryimage"},"thumbnailUrl":"https:\/\/tecnourquiza.com.ar\/wp-content\/uploads\/2020\/01\/Sika_3_SC-3.jpg","datePublished":"2020-01-03T01:07:39+00:00","dateModified":"2020-01-03T01:35:10+00:00","breadcrumb":{"@id":"https:\/\/tecnourquiza.com.ar\/?product=sika-3-sin-cloruro-balde-25-kg#breadcrumb"},"inLanguage":"es","potentialAction":[{"@type":"ReadAction","target":["https:\/\/tecnourquiza.com.ar\/?product=sika-3-sin-cloruro-balde-25-kg"]}]},{"@type":"ImageObject","inLanguage":"es","@id":"https:\/\/tecnourquiza.com.ar\/?product=sika-3-sin-cloruro-balde-25-kg#primaryimage","url":"https:\/\/tecnourquiza.com.ar\/wp-content\/uploads\/2020\/01\/Sika_3_SC-3.jpg","contentUrl":"https:\/\/tecnourquiza.com.ar\/wp-content\/uploads\/2020\/01\/Sika_3_SC-3.jpg","width":400,"height":400},{"@type":"BreadcrumbList","@id":"https:\/\/tecnourquiza.com.ar\/?product=sika-3-sin-cloruro-balde-25-kg#breadcrumb","itemListElement":[{"@type":"ListItem","position":1,"name":"Portada","item":"https:\/\/tecnourquiza.com.ar\/"},{"@type":"ListItem","position":2,"name":"Productos","item":"https:\/\/tecnourquiza.com.ar\/?post_type=product"},{"@type":"ListItem","position":3,"name":"Sika 3 (sin cloruro) Balde 25 kg"}]},{"@type":"WebSite","@id":"https:\/\/tecnourquiza.com.ar\/#website","url":"https:\/\/tecnourquiza.com.ar\/","name":"Tecnourquiza, productos SIKA Argentina","description":"Comercializamos productos de la marca Sika Argentina","publisher":{"@id":"https:\/\/tecnourquiza.com.ar\/#organization"},"potentialAction":[{"@type":"SearchAction","target":{"@type":"EntryPoint","urlTemplate":"https:\/\/tecnourquiza.com.ar\/?s={search_term_string}"},"query-input":{"@type":"PropertyValueSpecification","valueRequired":true,"valueName":"search_term_string"}}],"inLanguage":"es"},{"@type":"Organization","@id":"https:\/\/tecnourquiza.com.ar\/#organization","name":"Tecnourquiza, productos SIKA Argentina","url":"https:\/\/tecnourquiza.com.ar\/","logo":{"@type":"ImageObject","inLanguage":"es","@id":"https:\/\/tecnourquiza.com.ar\/#\/schema\/logo\/image\/","url":"https:\/\/tecnourquiza.com.ar\/wp-content\/uploads\/2025\/05\/logo-tecnourquiza-transparente.png","contentUrl":"https:\/\/tecnourquiza.com.ar\/wp-content\/uploads\/2025\/05\/logo-tecnourquiza-transparente.png","width":360,"height":74,"caption":"Tecnourquiza, productos SIKA Argentina"},"image":{"@id":"https:\/\/tecnourquiza.com.ar\/#\/schema\/logo\/image\/"}}]}},"_links":{"self":[{"href":"https:\/\/tecnourquiza.com.ar\/index.php?rest_route=\/wp\/v2\/product\/8307","targetHints":{"allow":["GET"]}}],"collection":[{"href":"https:\/\/tecnourquiza.com.ar\/index.php?rest_route=\/wp\/v2\/product"}],"about":[{"href":"https:\/\/tecnourquiza.com.ar\/index.php?rest_route=\/wp\/v2\/types\/product"}],"replies":[{"embeddable":true,"href":"https:\/\/tecnourquiza.com.ar\/index.php?rest_route=%2Fwp%2Fv2%2Fcomments&post=8307"}],"wp:featuredmedia":[{"embeddable":true,"href":"https:\/\/tecnourquiza.com.ar\/index.php?rest_route=\/wp\/v2\/media\/8308"}],"wp:attachment":[{"href":"https:\/\/tecnourquiza.com.ar\/index.php?rest_route=%2Fwp%2Fv2%2Fmedia&parent=8307"}],"wp:term":[{"taxonomy":"product_brand","embeddable":true,"href":"https:\/\/tecnourquiza.com.ar\/index.php?rest_route=%2Fwp%2Fv2%2Fproduct_brand&post=8307"},{"taxonomy":"product_cat","embeddable":true,"href":"https:\/\/tecnourquiza.com.ar\/index.php?rest_route=%2Fwp%2Fv2%2Fproduct_cat&post=8307"},{"taxonomy":"product_tag","embeddable":true,"href":"https:\/\/tecnourquiza.com.ar\/index.php?rest_route=%2Fwp%2Fv2%2Fproduct_tag&post=8307"}],"curies":[{"name":"wp","href":"https:\/\/api.w.org\/{rel}","templated":true}]}}