{"id":8284,"date":"2019-12-31T00:49:53","date_gmt":"2019-12-31T00:49:53","guid":{"rendered":"http:\/\/tecnourquiza.com.ar\/?post_type=product&#038;p=8284"},"modified":"2019-12-31T01:05:14","modified_gmt":"2019-12-31T01:05:14","slug":"antisol-normalizado-tambor-200-lts","status":"publish","type":"product","link":"https:\/\/tecnourquiza.com.ar\/?product=antisol-normalizado-tambor-200-lts","title":{"rendered":"Antisol Normalizado Tambor 200 lts"},"content":{"rendered":"<h4 class=\"headline-element\">Usos<\/h4>\n<hr \/>\n<ul>\n<li>Antisol Normalizado se entrega listo para usar, no es necesaria ninguna diluci\u00f3n.<\/li>\n<li>Se aplica mediante pulverizador de accionamiento mec\u00e1nico.<\/li>\n<li>En hormig\u00f3n expuesto, la aplicaci\u00f3n comienza inmediatamente despu\u00e9s de finalizadas las operaciones de acabado y antes de que la pel\u00edcula brillante de agua libre haya desaparecido completamente.<\/li>\n<li>En hormig\u00f3n endurecido pero no curado que haya estado en contacto con el encofrado, inmediatamente de quitado \u00e9ste, se proceder\u00e1 a humedecer toda la superficie, y tan pronto haya desaparecido la pel\u00edcula brillante de agua, se lo aplicar\u00e1.<\/li>\n<\/ul>\n<p>Antisol Normalizado, se aplica en dos capas. Una inmediatamente despu\u00e9s de la otra, y moviendo el equipo atomizador, al aplicar la segunda capa, en direcci\u00f3n perpendicular a la aplicaci\u00f3n de la primera. De esta manera se asegura, que la pel\u00edcula quede en forma pareja en espesor y continuidad. Por las caracter\u00edsticas que posee el Antisol Normalizado, resaltan muy bien las zonas en donde la aplicaci\u00f3n fue deficiente ya que existe un elevado contraste entre el color blanco del Antisol Normalizado y el color gris verdoso del hormig\u00f3n. Una vez utilizados los equipos, se los lava con agua limpia hasta que \u00e9sta salga clara del atomizador.<\/p>\n<p>&nbsp;<\/p>\n<h4 class=\"headline-element\">Caracter\u00edsicas<\/h4>\n<hr \/>\n<ul>\n<li>No es t\u00f3xico, no contiene cloruros, no es corrosivo, no posee solventes inflamables.<\/li>\n<li>Reduce la evaporaci\u00f3n del agua de amasado del hormig\u00f3n, asegurando un eficiente curado del mismo y por lo tanto reduce su contracci\u00f3n por secado. Esto es importante en el caso de pavimentos, en donde la disminuci\u00f3n de la contracci\u00f3n evita fisuraciones indeseables, no siendo necesario ning\u00fan otro sistema de curado, hasta su endurecimiento final.<\/li>\n<li>Por su pigmentaci\u00f3n blanca, la membrana formada tiene gran refractancia a la luz solar, con lo cual se impide la absorci\u00f3n de calor por el hormig\u00f3n y por ende se evita que aumente la temperatura del mismo.<\/li>\n<li>Esta propiedad es de relativa importancia en estructuras sometidas a climas estivales o tropicales.<\/li>\n<\/ul>\n<p class=\"headline-element\"><strong>Color:\u00a0<\/strong>Blanco<\/p>\n<p class=\"headline-element\"><strong>Presentaci\u00f3n:\u00a0<\/strong>Tambores de 200 litros y bid\u00f3n de 20 lt.<\/p>\n<p>&nbsp;<\/p>\n<p>[vc_row][vc_column][vc_btn title=&#8221;Ficha T\u00e9cnica&#8221; color=&#8221;warning&#8221; link=&#8221;url:http%3A%2F%2Ftecnourquiza.com.ar%2Fwp-content%2Fuploads%2F2019%2F12%2FHoja-t%C3%A9cnica-de-producto-Antisol-Normalizado.pdf|title:Ficha%20T%C3%A9cnica|target:%20_blank|&#8221;][\/vc_column][\/vc_row]<\/p>\n","protected":false},"excerpt":{"rendered":"<p>Membrana de curado\u00a0para hormig\u00f3n en emulsi\u00f3n lista para usar.<\/p>\n<p>Antisol Normalizado es un compuesto l\u00edquido para la formaci\u00f3n de membranas de curado para hormig\u00f3n, desarrollado a partir de hidrocarburos alif\u00e1ticos emulsionados, pigmentado de blanco.<\/p>\n","protected":false},"featured_media":8285,"comment_status":"open","ping_status":"closed","template":"","meta":[],"product_brand":[],"product_cat":[140,90],"product_tag":[143],"class_list":{"0":"post-8284","1":"product","2":"type-product","3":"status-publish","4":"has-post-thumbnail","6":"product_cat-aditivos-para-hormigon","7":"product_cat-sika","8":"product_tag-membrana-de-curado","10":"first","11":"instock","12":"shipping-taxable","13":"purchasable","14":"product-type-simple"},"yoast_head":"<!-- This site is optimized with the Yoast SEO plugin v27.2 - https:\/\/yoast.com\/product\/yoast-seo-wordpress\/ -->\n<title>Antisol Normalizado Tambor 200 lts - Tecnourquiza, productos SIKA Argentina<\/title>\n<meta name=\"robots\" content=\"index, follow, max-snippet:-1, max-image-preview:large, max-video-preview:-1\" \/>\n<link rel=\"canonical\" href=\"https:\/\/tecnourquiza.com.ar\/?product=antisol-normalizado-tambor-200-lts\" \/>\n<meta property=\"og:locale\" content=\"es_ES\" \/>\n<meta property=\"og:type\" content=\"article\" \/>\n<meta property=\"og:title\" content=\"Antisol Normalizado Tambor 200 lts - Tecnourquiza, productos SIKA Argentina\" \/>\n<meta property=\"og:description\" content=\"Membrana de curado\u00a0para hormig\u00f3n en emulsi\u00f3n lista para usar.  Antisol Normalizado es un compuesto l\u00edquido para la formaci\u00f3n de membranas de curado para hormig\u00f3n, desarrollado a partir de hidrocarburos alif\u00e1ticos emulsionados, pigmentado de blanco.\" \/>\n<meta property=\"og:url\" content=\"https:\/\/tecnourquiza.com.ar\/?product=antisol-normalizado-tambor-200-lts\" \/>\n<meta property=\"og:site_name\" content=\"Tecnourquiza, productos SIKA Argentina\" \/>\n<meta property=\"article:modified_time\" content=\"2019-12-31T01:05:14+00:00\" \/>\n<meta property=\"og:image\" content=\"https:\/\/tecnourquiza.com.ar\/wp-content\/uploads\/2019\/12\/Antisol_Normalizado_Tambor_200.jpg\" \/>\n\t<meta property=\"og:image:width\" content=\"570\" \/>\n\t<meta property=\"og:image:height\" content=\"510\" \/>\n\t<meta property=\"og:image:type\" content=\"image\/jpeg\" \/>\n<meta name=\"twitter:card\" content=\"summary_large_image\" \/>\n<meta name=\"twitter:label1\" content=\"Tiempo de lectura\" \/>\n\t<meta name=\"twitter:data1\" content=\"2 minutos\" \/>\n<script type=\"application\/ld+json\" class=\"yoast-schema-graph\">{\"@context\":\"https:\/\/schema.org\",\"@graph\":[{\"@type\":\"WebPage\",\"@id\":\"https:\/\/tecnourquiza.com.ar\/?product=antisol-normalizado-tambor-200-lts\",\"url\":\"https:\/\/tecnourquiza.com.ar\/?product=antisol-normalizado-tambor-200-lts\",\"name\":\"Antisol Normalizado Tambor 200 lts - Tecnourquiza, productos SIKA Argentina\",\"isPartOf\":{\"@id\":\"https:\/\/tecnourquiza.com.ar\/#website\"},\"primaryImageOfPage\":{\"@id\":\"https:\/\/tecnourquiza.com.ar\/?product=antisol-normalizado-tambor-200-lts#primaryimage\"},\"image\":{\"@id\":\"https:\/\/tecnourquiza.com.ar\/?product=antisol-normalizado-tambor-200-lts#primaryimage\"},\"thumbnailUrl\":\"https:\/\/tecnourquiza.com.ar\/wp-content\/uploads\/2019\/12\/Antisol_Normalizado_Tambor_200.jpg\",\"datePublished\":\"2019-12-31T00:49:53+00:00\",\"dateModified\":\"2019-12-31T01:05:14+00:00\",\"breadcrumb\":{\"@id\":\"https:\/\/tecnourquiza.com.ar\/?product=antisol-normalizado-tambor-200-lts#breadcrumb\"},\"inLanguage\":\"es\",\"potentialAction\":[{\"@type\":\"ReadAction\",\"target\":[\"https:\/\/tecnourquiza.com.ar\/?product=antisol-normalizado-tambor-200-lts\"]}]},{\"@type\":\"ImageObject\",\"inLanguage\":\"es\",\"@id\":\"https:\/\/tecnourquiza.com.ar\/?product=antisol-normalizado-tambor-200-lts#primaryimage\",\"url\":\"https:\/\/tecnourquiza.com.ar\/wp-content\/uploads\/2019\/12\/Antisol_Normalizado_Tambor_200.jpg\",\"contentUrl\":\"https:\/\/tecnourquiza.com.ar\/wp-content\/uploads\/2019\/12\/Antisol_Normalizado_Tambor_200.jpg\",\"width\":570,\"height\":510},{\"@type\":\"BreadcrumbList\",\"@id\":\"https:\/\/tecnourquiza.com.ar\/?product=antisol-normalizado-tambor-200-lts#breadcrumb\",\"itemListElement\":[{\"@type\":\"ListItem\",\"position\":1,\"name\":\"Portada\",\"item\":\"https:\/\/tecnourquiza.com.ar\/\"},{\"@type\":\"ListItem\",\"position\":2,\"name\":\"Productos\",\"item\":\"https:\/\/tecnourquiza.com.ar\/?post_type=product\"},{\"@type\":\"ListItem\",\"position\":3,\"name\":\"Antisol Normalizado Tambor 200 lts\"}]},{\"@type\":\"WebSite\",\"@id\":\"https:\/\/tecnourquiza.com.ar\/#website\",\"url\":\"https:\/\/tecnourquiza.com.ar\/\",\"name\":\"Tecnourquiza, productos SIKA Argentina\",\"description\":\"Comercializamos productos de la marca Sika Argentina\",\"publisher\":{\"@id\":\"https:\/\/tecnourquiza.com.ar\/#organization\"},\"potentialAction\":[{\"@type\":\"SearchAction\",\"target\":{\"@type\":\"EntryPoint\",\"urlTemplate\":\"https:\/\/tecnourquiza.com.ar\/?s={search_term_string}\"},\"query-input\":{\"@type\":\"PropertyValueSpecification\",\"valueRequired\":true,\"valueName\":\"search_term_string\"}}],\"inLanguage\":\"es\"},{\"@type\":\"Organization\",\"@id\":\"https:\/\/tecnourquiza.com.ar\/#organization\",\"name\":\"Tecnourquiza, productos SIKA Argentina\",\"url\":\"https:\/\/tecnourquiza.com.ar\/\",\"logo\":{\"@type\":\"ImageObject\",\"inLanguage\":\"es\",\"@id\":\"https:\/\/tecnourquiza.com.ar\/#\/schema\/logo\/image\/\",\"url\":\"https:\/\/tecnourquiza.com.ar\/wp-content\/uploads\/2025\/05\/logo-tecnourquiza-transparente.png\",\"contentUrl\":\"https:\/\/tecnourquiza.com.ar\/wp-content\/uploads\/2025\/05\/logo-tecnourquiza-transparente.png\",\"width\":360,\"height\":74,\"caption\":\"Tecnourquiza, productos SIKA Argentina\"},\"image\":{\"@id\":\"https:\/\/tecnourquiza.com.ar\/#\/schema\/logo\/image\/\"}}]}<\/script>\n<!-- \/ Yoast SEO plugin. -->","yoast_head_json":{"title":"Antisol Normalizado Tambor 200 lts - Tecnourquiza, productos SIKA Argentina","robots":{"index":"index","follow":"follow","max-snippet":"max-snippet:-1","max-image-preview":"max-image-preview:large","max-video-preview":"max-video-preview:-1"},"canonical":"https:\/\/tecnourquiza.com.ar\/?product=antisol-normalizado-tambor-200-lts","og_locale":"es_ES","og_type":"article","og_title":"Antisol Normalizado Tambor 200 lts - Tecnourquiza, productos SIKA Argentina","og_description":"Membrana de curado\u00a0para hormig\u00f3n en emulsi\u00f3n lista para usar.  Antisol Normalizado es un compuesto l\u00edquido para la formaci\u00f3n de membranas de curado para hormig\u00f3n, desarrollado a partir de hidrocarburos alif\u00e1ticos emulsionados, pigmentado de blanco.","og_url":"https:\/\/tecnourquiza.com.ar\/?product=antisol-normalizado-tambor-200-lts","og_site_name":"Tecnourquiza, productos SIKA Argentina","article_modified_time":"2019-12-31T01:05:14+00:00","og_image":[{"width":570,"height":510,"url":"https:\/\/tecnourquiza.com.ar\/wp-content\/uploads\/2019\/12\/Antisol_Normalizado_Tambor_200.jpg","type":"image\/jpeg"}],"twitter_card":"summary_large_image","twitter_misc":{"Tiempo de lectura":"2 minutos"},"schema":{"@context":"https:\/\/schema.org","@graph":[{"@type":"WebPage","@id":"https:\/\/tecnourquiza.com.ar\/?product=antisol-normalizado-tambor-200-lts","url":"https:\/\/tecnourquiza.com.ar\/?product=antisol-normalizado-tambor-200-lts","name":"Antisol Normalizado Tambor 200 lts - Tecnourquiza, productos SIKA Argentina","isPartOf":{"@id":"https:\/\/tecnourquiza.com.ar\/#website"},"primaryImageOfPage":{"@id":"https:\/\/tecnourquiza.com.ar\/?product=antisol-normalizado-tambor-200-lts#primaryimage"},"image":{"@id":"https:\/\/tecnourquiza.com.ar\/?product=antisol-normalizado-tambor-200-lts#primaryimage"},"thumbnailUrl":"https:\/\/tecnourquiza.com.ar\/wp-content\/uploads\/2019\/12\/Antisol_Normalizado_Tambor_200.jpg","datePublished":"2019-12-31T00:49:53+00:00","dateModified":"2019-12-31T01:05:14+00:00","breadcrumb":{"@id":"https:\/\/tecnourquiza.com.ar\/?product=antisol-normalizado-tambor-200-lts#breadcrumb"},"inLanguage":"es","potentialAction":[{"@type":"ReadAction","target":["https:\/\/tecnourquiza.com.ar\/?product=antisol-normalizado-tambor-200-lts"]}]},{"@type":"ImageObject","inLanguage":"es","@id":"https:\/\/tecnourquiza.com.ar\/?product=antisol-normalizado-tambor-200-lts#primaryimage","url":"https:\/\/tecnourquiza.com.ar\/wp-content\/uploads\/2019\/12\/Antisol_Normalizado_Tambor_200.jpg","contentUrl":"https:\/\/tecnourquiza.com.ar\/wp-content\/uploads\/2019\/12\/Antisol_Normalizado_Tambor_200.jpg","width":570,"height":510},{"@type":"BreadcrumbList","@id":"https:\/\/tecnourquiza.com.ar\/?product=antisol-normalizado-tambor-200-lts#breadcrumb","itemListElement":[{"@type":"ListItem","position":1,"name":"Portada","item":"https:\/\/tecnourquiza.com.ar\/"},{"@type":"ListItem","position":2,"name":"Productos","item":"https:\/\/tecnourquiza.com.ar\/?post_type=product"},{"@type":"ListItem","position":3,"name":"Antisol Normalizado Tambor 200 lts"}]},{"@type":"WebSite","@id":"https:\/\/tecnourquiza.com.ar\/#website","url":"https:\/\/tecnourquiza.com.ar\/","name":"Tecnourquiza, productos SIKA Argentina","description":"Comercializamos productos de la marca Sika Argentina","publisher":{"@id":"https:\/\/tecnourquiza.com.ar\/#organization"},"potentialAction":[{"@type":"SearchAction","target":{"@type":"EntryPoint","urlTemplate":"https:\/\/tecnourquiza.com.ar\/?s={search_term_string}"},"query-input":{"@type":"PropertyValueSpecification","valueRequired":true,"valueName":"search_term_string"}}],"inLanguage":"es"},{"@type":"Organization","@id":"https:\/\/tecnourquiza.com.ar\/#organization","name":"Tecnourquiza, productos SIKA Argentina","url":"https:\/\/tecnourquiza.com.ar\/","logo":{"@type":"ImageObject","inLanguage":"es","@id":"https:\/\/tecnourquiza.com.ar\/#\/schema\/logo\/image\/","url":"https:\/\/tecnourquiza.com.ar\/wp-content\/uploads\/2025\/05\/logo-tecnourquiza-transparente.png","contentUrl":"https:\/\/tecnourquiza.com.ar\/wp-content\/uploads\/2025\/05\/logo-tecnourquiza-transparente.png","width":360,"height":74,"caption":"Tecnourquiza, productos SIKA Argentina"},"image":{"@id":"https:\/\/tecnourquiza.com.ar\/#\/schema\/logo\/image\/"}}]}},"_links":{"self":[{"href":"https:\/\/tecnourquiza.com.ar\/index.php?rest_route=\/wp\/v2\/product\/8284","targetHints":{"allow":["GET"]}}],"collection":[{"href":"https:\/\/tecnourquiza.com.ar\/index.php?rest_route=\/wp\/v2\/product"}],"about":[{"href":"https:\/\/tecnourquiza.com.ar\/index.php?rest_route=\/wp\/v2\/types\/product"}],"replies":[{"embeddable":true,"href":"https:\/\/tecnourquiza.com.ar\/index.php?rest_route=%2Fwp%2Fv2%2Fcomments&post=8284"}],"wp:featuredmedia":[{"embeddable":true,"href":"https:\/\/tecnourquiza.com.ar\/index.php?rest_route=\/wp\/v2\/media\/8285"}],"wp:attachment":[{"href":"https:\/\/tecnourquiza.com.ar\/index.php?rest_route=%2Fwp%2Fv2%2Fmedia&parent=8284"}],"wp:term":[{"taxonomy":"product_brand","embeddable":true,"href":"https:\/\/tecnourquiza.com.ar\/index.php?rest_route=%2Fwp%2Fv2%2Fproduct_brand&post=8284"},{"taxonomy":"product_cat","embeddable":true,"href":"https:\/\/tecnourquiza.com.ar\/index.php?rest_route=%2Fwp%2Fv2%2Fproduct_cat&post=8284"},{"taxonomy":"product_tag","embeddable":true,"href":"https:\/\/tecnourquiza.com.ar\/index.php?rest_route=%2Fwp%2Fv2%2Fproduct_tag&post=8284"}],"curies":[{"name":"wp","href":"https:\/\/api.w.org\/{rel}","templated":true}]}}