{"id":8270,"date":"2019-12-24T01:15:35","date_gmt":"2019-12-24T01:15:35","guid":{"rendered":"http:\/\/tecnourquiza.com.ar\/?post_type=product&#038;p=8270"},"modified":"2019-12-24T01:17:35","modified_gmt":"2019-12-24T01:17:35","slug":"sika-top-pisos-jgo-predosif-35-kg-gris","status":"publish","type":"product","link":"https:\/\/tecnourquiza.com.ar\/?product=sika-top-pisos-jgo-predosif-35-kg-gris","title":{"rendered":"Sika Top Pisos &#8211; Jgo. Predosif. 35 kg. &#8211; Gris"},"content":{"rendered":"<section id=\"idTab1\" class=\"page-product-box\">\n<div class=\"rte\">\n<p class=\"headline-secondary\"><strong>SIKATOP PISOS<\/strong> es un mortero cement\u00edceo de dos componentes fibrado y llaneable, de baja contracci\u00f3n, y alta resistencia mec\u00e1nica, predosificado y listo para usar, en colores de l\u00ednea gris o rojo. Ha sido especialmente dise\u00f1ado para la ejecuci\u00f3n de pisos industriales y carpetas tanto sobre sustratos cement\u00edceos frescos como endurecidos.<\/p>\n<p>&nbsp;<\/p>\n<p class=\"headline-secondary\"><strong>Uso:<\/strong><\/p>\n<p class=\"headline-secondary\">-Carpetas y pisos industriales, tanto para esquemas fresco sobre fresco como tambi\u00e9n fresco sobre endurecido.<\/p>\n<p class=\"headline-secondary\">-Apto para pisos expuestos a tr\u00e1nsito pesado y continuo: en industrias , frigor\u00edficos y c\u00e1maras frigor\u00edficas, talleres, playas de carga y descarga , estacionamientos, dep\u00f3sitos, estaciones de servicio , circulaciones , solados deportivos, rampas y plataformas de carga y descarga, etc.<\/p>\n<h3 class=\"headline-element\"><\/h3>\n<p><strong>Caracter\u00edsticas:<\/strong><\/p>\n<p>-De f\u00e1cil mezclado y colocaci\u00f3n, SikaTop Pisos ofrece las siguientes ventajas y beneficios<\/p>\n<p>-Elevada adherencia al hormig\u00f3n y morteros<\/p>\n<p>-Permite generar espesores de 1 cm. a 2,5 cm. sin fisuraci\u00f3n.<\/p>\n<p>-Posee excelente resistencia a la compresi\u00f3n, flexi\u00f3n y abrasi\u00f3n.<\/p>\n<p>-Es de r\u00e1pido endurecimiento y r\u00e1pida habilitaci\u00f3n.<\/p>\n<p>-Posee excelente resistencia a las bajas temperaturas extremas.<\/p>\n<p>-Posee baja capacidad de absorci\u00f3n de agua.<\/p>\n<p>-Resiste a los ciclos de congelamiento y deshielo.<\/p>\n<p>-No es inflamable, ni combustible, ni corrosivo<\/p>\n<p>Colores: Gris o Rojo<\/p>\n<p>Presentaci\u00f3n: Juegos predosificados de 35 Kg. (A: 5 Kg. \/ B: 30 Kg.).<\/p>\n<p>&nbsp;<\/p>\n<\/div>\n<p>[vc_row][vc_column][vc_btn title=&#8221;Ficha T\u00e9cnica&#8221; color=&#8221;warning&#8221; link=&#8221;url:http%3A%2F%2Ftecnourquiza.com.ar%2Fwp-content%2Fuploads%2F2019%2F12%2F2017-09-20-Sika-Top-Pisos.pdf|title:Ficha%20T%C3%A9cnica|target:%20_blank|&#8221;][\/vc_column][\/vc_row]<\/p>\n<\/section>\n<div class=\"row\">\n<div class=\"page-product-box blockproductscategory pos-block listproducts\">\n<div class=\"pos_title\">\n<h4><\/h4>\n<\/div>\n<\/div>\n<\/div>\n","protected":false},"excerpt":{"rendered":"<p><strong>Mortero cement\u00edceo de dos componentes fibrado y llaneable, de baja contracci\u00f3n, para la ejecuci\u00f3n de pisos industriales y carpetas <\/strong>tanto sobre sustratos cement\u00edceos frescos como endurecidos.<\/p>\n","protected":false},"featured_media":8271,"comment_status":"open","ping_status":"closed","template":"","meta":[],"product_brand":[],"product_cat":[135,90],"product_tag":[136],"class_list":{"0":"post-8270","1":"product","2":"type-product","3":"status-publish","4":"has-post-thumbnail","6":"product_cat-productos-cementicios","7":"product_cat-sika","8":"product_tag-mortero-cementicio","10":"first","11":"instock","12":"shipping-taxable","13":"purchasable","14":"product-type-simple"},"yoast_head":"<!-- This site is optimized with the Yoast SEO plugin v27.2 - https:\/\/yoast.com\/product\/yoast-seo-wordpress\/ -->\n<title>Sika Top Pisos - Jgo. Predosif. 35 kg. - Gris - Tecnourquiza, productos SIKA Argentina<\/title>\n<meta name=\"robots\" content=\"index, follow, max-snippet:-1, max-image-preview:large, max-video-preview:-1\" \/>\n<link rel=\"canonical\" href=\"https:\/\/tecnourquiza.com.ar\/?product=sika-top-pisos-jgo-predosif-35-kg-gris\" \/>\n<meta property=\"og:locale\" content=\"es_ES\" \/>\n<meta property=\"og:type\" content=\"article\" \/>\n<meta property=\"og:title\" content=\"Sika Top Pisos - Jgo. Predosif. 35 kg. - Gris - Tecnourquiza, productos SIKA Argentina\" \/>\n<meta property=\"og:description\" content=\"Mortero cement\u00edceo de dos componentes fibrado y llaneable, de baja contracci\u00f3n, para la ejecuci\u00f3n de pisos industriales y carpetas tanto sobre sustratos cement\u00edceos frescos como endurecidos.\" \/>\n<meta property=\"og:url\" content=\"https:\/\/tecnourquiza.com.ar\/?product=sika-top-pisos-jgo-predosif-35-kg-gris\" \/>\n<meta property=\"og:site_name\" content=\"Tecnourquiza, productos SIKA Argentina\" \/>\n<meta property=\"article:modified_time\" content=\"2019-12-24T01:17:35+00:00\" \/>\n<meta property=\"og:image\" content=\"https:\/\/tecnourquiza.com.ar\/wp-content\/uploads\/2019\/12\/sika-top-pisos-jgo-predosif-35-kg-gris.jpg\" \/>\n\t<meta property=\"og:image:width\" content=\"800\" \/>\n\t<meta property=\"og:image:height\" content=\"800\" \/>\n\t<meta property=\"og:image:type\" content=\"image\/jpeg\" \/>\n<meta name=\"twitter:card\" content=\"summary_large_image\" \/>\n<meta name=\"twitter:label1\" content=\"Tiempo de lectura\" \/>\n\t<meta name=\"twitter:data1\" content=\"1 minuto\" \/>\n<script type=\"application\/ld+json\" class=\"yoast-schema-graph\">{\"@context\":\"https:\/\/schema.org\",\"@graph\":[{\"@type\":\"WebPage\",\"@id\":\"https:\/\/tecnourquiza.com.ar\/?product=sika-top-pisos-jgo-predosif-35-kg-gris\",\"url\":\"https:\/\/tecnourquiza.com.ar\/?product=sika-top-pisos-jgo-predosif-35-kg-gris\",\"name\":\"Sika Top Pisos - Jgo. Predosif. 35 kg. - Gris - Tecnourquiza, productos SIKA Argentina\",\"isPartOf\":{\"@id\":\"https:\/\/tecnourquiza.com.ar\/#website\"},\"primaryImageOfPage\":{\"@id\":\"https:\/\/tecnourquiza.com.ar\/?product=sika-top-pisos-jgo-predosif-35-kg-gris#primaryimage\"},\"image\":{\"@id\":\"https:\/\/tecnourquiza.com.ar\/?product=sika-top-pisos-jgo-predosif-35-kg-gris#primaryimage\"},\"thumbnailUrl\":\"https:\/\/tecnourquiza.com.ar\/wp-content\/uploads\/2019\/12\/sika-top-pisos-jgo-predosif-35-kg-gris.jpg\",\"datePublished\":\"2019-12-24T01:15:35+00:00\",\"dateModified\":\"2019-12-24T01:17:35+00:00\",\"breadcrumb\":{\"@id\":\"https:\/\/tecnourquiza.com.ar\/?product=sika-top-pisos-jgo-predosif-35-kg-gris#breadcrumb\"},\"inLanguage\":\"es\",\"potentialAction\":[{\"@type\":\"ReadAction\",\"target\":[\"https:\/\/tecnourquiza.com.ar\/?product=sika-top-pisos-jgo-predosif-35-kg-gris\"]}]},{\"@type\":\"ImageObject\",\"inLanguage\":\"es\",\"@id\":\"https:\/\/tecnourquiza.com.ar\/?product=sika-top-pisos-jgo-predosif-35-kg-gris#primaryimage\",\"url\":\"https:\/\/tecnourquiza.com.ar\/wp-content\/uploads\/2019\/12\/sika-top-pisos-jgo-predosif-35-kg-gris.jpg\",\"contentUrl\":\"https:\/\/tecnourquiza.com.ar\/wp-content\/uploads\/2019\/12\/sika-top-pisos-jgo-predosif-35-kg-gris.jpg\",\"width\":800,\"height\":800},{\"@type\":\"BreadcrumbList\",\"@id\":\"https:\/\/tecnourquiza.com.ar\/?product=sika-top-pisos-jgo-predosif-35-kg-gris#breadcrumb\",\"itemListElement\":[{\"@type\":\"ListItem\",\"position\":1,\"name\":\"Portada\",\"item\":\"https:\/\/tecnourquiza.com.ar\/\"},{\"@type\":\"ListItem\",\"position\":2,\"name\":\"Productos\",\"item\":\"https:\/\/tecnourquiza.com.ar\/?post_type=product\"},{\"@type\":\"ListItem\",\"position\":3,\"name\":\"Sika Top Pisos &#8211; Jgo. Predosif. 35 kg. &#8211; Gris\"}]},{\"@type\":\"WebSite\",\"@id\":\"https:\/\/tecnourquiza.com.ar\/#website\",\"url\":\"https:\/\/tecnourquiza.com.ar\/\",\"name\":\"Tecnourquiza, productos SIKA Argentina\",\"description\":\"Comercializamos productos de la marca Sika Argentina\",\"publisher\":{\"@id\":\"https:\/\/tecnourquiza.com.ar\/#organization\"},\"potentialAction\":[{\"@type\":\"SearchAction\",\"target\":{\"@type\":\"EntryPoint\",\"urlTemplate\":\"https:\/\/tecnourquiza.com.ar\/?s={search_term_string}\"},\"query-input\":{\"@type\":\"PropertyValueSpecification\",\"valueRequired\":true,\"valueName\":\"search_term_string\"}}],\"inLanguage\":\"es\"},{\"@type\":\"Organization\",\"@id\":\"https:\/\/tecnourquiza.com.ar\/#organization\",\"name\":\"Tecnourquiza, productos SIKA Argentina\",\"url\":\"https:\/\/tecnourquiza.com.ar\/\",\"logo\":{\"@type\":\"ImageObject\",\"inLanguage\":\"es\",\"@id\":\"https:\/\/tecnourquiza.com.ar\/#\/schema\/logo\/image\/\",\"url\":\"https:\/\/tecnourquiza.com.ar\/wp-content\/uploads\/2025\/05\/logo-tecnourquiza-transparente.png\",\"contentUrl\":\"https:\/\/tecnourquiza.com.ar\/wp-content\/uploads\/2025\/05\/logo-tecnourquiza-transparente.png\",\"width\":360,\"height\":74,\"caption\":\"Tecnourquiza, productos SIKA Argentina\"},\"image\":{\"@id\":\"https:\/\/tecnourquiza.com.ar\/#\/schema\/logo\/image\/\"}}]}<\/script>\n<!-- \/ Yoast SEO plugin. -->","yoast_head_json":{"title":"Sika Top Pisos - Jgo. Predosif. 35 kg. - Gris - Tecnourquiza, productos SIKA Argentina","robots":{"index":"index","follow":"follow","max-snippet":"max-snippet:-1","max-image-preview":"max-image-preview:large","max-video-preview":"max-video-preview:-1"},"canonical":"https:\/\/tecnourquiza.com.ar\/?product=sika-top-pisos-jgo-predosif-35-kg-gris","og_locale":"es_ES","og_type":"article","og_title":"Sika Top Pisos - Jgo. Predosif. 35 kg. - Gris - Tecnourquiza, productos SIKA Argentina","og_description":"Mortero cement\u00edceo de dos componentes fibrado y llaneable, de baja contracci\u00f3n, para la ejecuci\u00f3n de pisos industriales y carpetas tanto sobre sustratos cement\u00edceos frescos como endurecidos.","og_url":"https:\/\/tecnourquiza.com.ar\/?product=sika-top-pisos-jgo-predosif-35-kg-gris","og_site_name":"Tecnourquiza, productos SIKA Argentina","article_modified_time":"2019-12-24T01:17:35+00:00","og_image":[{"width":800,"height":800,"url":"https:\/\/tecnourquiza.com.ar\/wp-content\/uploads\/2019\/12\/sika-top-pisos-jgo-predosif-35-kg-gris.jpg","type":"image\/jpeg"}],"twitter_card":"summary_large_image","twitter_misc":{"Tiempo de lectura":"1 minuto"},"schema":{"@context":"https:\/\/schema.org","@graph":[{"@type":"WebPage","@id":"https:\/\/tecnourquiza.com.ar\/?product=sika-top-pisos-jgo-predosif-35-kg-gris","url":"https:\/\/tecnourquiza.com.ar\/?product=sika-top-pisos-jgo-predosif-35-kg-gris","name":"Sika Top Pisos - Jgo. Predosif. 35 kg. - Gris - Tecnourquiza, productos SIKA Argentina","isPartOf":{"@id":"https:\/\/tecnourquiza.com.ar\/#website"},"primaryImageOfPage":{"@id":"https:\/\/tecnourquiza.com.ar\/?product=sika-top-pisos-jgo-predosif-35-kg-gris#primaryimage"},"image":{"@id":"https:\/\/tecnourquiza.com.ar\/?product=sika-top-pisos-jgo-predosif-35-kg-gris#primaryimage"},"thumbnailUrl":"https:\/\/tecnourquiza.com.ar\/wp-content\/uploads\/2019\/12\/sika-top-pisos-jgo-predosif-35-kg-gris.jpg","datePublished":"2019-12-24T01:15:35+00:00","dateModified":"2019-12-24T01:17:35+00:00","breadcrumb":{"@id":"https:\/\/tecnourquiza.com.ar\/?product=sika-top-pisos-jgo-predosif-35-kg-gris#breadcrumb"},"inLanguage":"es","potentialAction":[{"@type":"ReadAction","target":["https:\/\/tecnourquiza.com.ar\/?product=sika-top-pisos-jgo-predosif-35-kg-gris"]}]},{"@type":"ImageObject","inLanguage":"es","@id":"https:\/\/tecnourquiza.com.ar\/?product=sika-top-pisos-jgo-predosif-35-kg-gris#primaryimage","url":"https:\/\/tecnourquiza.com.ar\/wp-content\/uploads\/2019\/12\/sika-top-pisos-jgo-predosif-35-kg-gris.jpg","contentUrl":"https:\/\/tecnourquiza.com.ar\/wp-content\/uploads\/2019\/12\/sika-top-pisos-jgo-predosif-35-kg-gris.jpg","width":800,"height":800},{"@type":"BreadcrumbList","@id":"https:\/\/tecnourquiza.com.ar\/?product=sika-top-pisos-jgo-predosif-35-kg-gris#breadcrumb","itemListElement":[{"@type":"ListItem","position":1,"name":"Portada","item":"https:\/\/tecnourquiza.com.ar\/"},{"@type":"ListItem","position":2,"name":"Productos","item":"https:\/\/tecnourquiza.com.ar\/?post_type=product"},{"@type":"ListItem","position":3,"name":"Sika Top Pisos &#8211; Jgo. Predosif. 35 kg. &#8211; Gris"}]},{"@type":"WebSite","@id":"https:\/\/tecnourquiza.com.ar\/#website","url":"https:\/\/tecnourquiza.com.ar\/","name":"Tecnourquiza, productos SIKA Argentina","description":"Comercializamos productos de la marca Sika Argentina","publisher":{"@id":"https:\/\/tecnourquiza.com.ar\/#organization"},"potentialAction":[{"@type":"SearchAction","target":{"@type":"EntryPoint","urlTemplate":"https:\/\/tecnourquiza.com.ar\/?s={search_term_string}"},"query-input":{"@type":"PropertyValueSpecification","valueRequired":true,"valueName":"search_term_string"}}],"inLanguage":"es"},{"@type":"Organization","@id":"https:\/\/tecnourquiza.com.ar\/#organization","name":"Tecnourquiza, productos SIKA Argentina","url":"https:\/\/tecnourquiza.com.ar\/","logo":{"@type":"ImageObject","inLanguage":"es","@id":"https:\/\/tecnourquiza.com.ar\/#\/schema\/logo\/image\/","url":"https:\/\/tecnourquiza.com.ar\/wp-content\/uploads\/2025\/05\/logo-tecnourquiza-transparente.png","contentUrl":"https:\/\/tecnourquiza.com.ar\/wp-content\/uploads\/2025\/05\/logo-tecnourquiza-transparente.png","width":360,"height":74,"caption":"Tecnourquiza, productos SIKA Argentina"},"image":{"@id":"https:\/\/tecnourquiza.com.ar\/#\/schema\/logo\/image\/"}}]}},"_links":{"self":[{"href":"https:\/\/tecnourquiza.com.ar\/index.php?rest_route=\/wp\/v2\/product\/8270","targetHints":{"allow":["GET"]}}],"collection":[{"href":"https:\/\/tecnourquiza.com.ar\/index.php?rest_route=\/wp\/v2\/product"}],"about":[{"href":"https:\/\/tecnourquiza.com.ar\/index.php?rest_route=\/wp\/v2\/types\/product"}],"replies":[{"embeddable":true,"href":"https:\/\/tecnourquiza.com.ar\/index.php?rest_route=%2Fwp%2Fv2%2Fcomments&post=8270"}],"wp:featuredmedia":[{"embeddable":true,"href":"https:\/\/tecnourquiza.com.ar\/index.php?rest_route=\/wp\/v2\/media\/8271"}],"wp:attachment":[{"href":"https:\/\/tecnourquiza.com.ar\/index.php?rest_route=%2Fwp%2Fv2%2Fmedia&parent=8270"}],"wp:term":[{"taxonomy":"product_brand","embeddable":true,"href":"https:\/\/tecnourquiza.com.ar\/index.php?rest_route=%2Fwp%2Fv2%2Fproduct_brand&post=8270"},{"taxonomy":"product_cat","embeddable":true,"href":"https:\/\/tecnourquiza.com.ar\/index.php?rest_route=%2Fwp%2Fv2%2Fproduct_cat&post=8270"},{"taxonomy":"product_tag","embeddable":true,"href":"https:\/\/tecnourquiza.com.ar\/index.php?rest_route=%2Fwp%2Fv2%2Fproduct_tag&post=8270"}],"curies":[{"name":"wp","href":"https:\/\/api.w.org\/{rel}","templated":true}]}}