{"id":8244,"date":"2019-12-20T23:03:48","date_gmt":"2019-12-20T23:03:48","guid":{"rendered":"http:\/\/tecnourquiza.com.ar\/?post_type=product&#038;p=8244"},"modified":"2019-12-20T23:11:57","modified_gmt":"2019-12-20T23:11:57","slug":"sika-monotop-107-x-25kg-2","status":"publish","type":"product","link":"https:\/\/tecnourquiza.com.ar\/?product=sika-monotop-107-x-25kg-2","title":{"rendered":"Sika Monotop 107 x 25kg"},"content":{"rendered":"<p><strong>Usos<\/strong><\/p>\n<p>a) Impermeabilizar construcciones que necesitan mantener el agua en el interior, como: Reservorios de agua, tanques y cisternas, plantas de tratamiento de agua residual y dep\u00f3sitos, represas y muros de contenci\u00f3n, piletas a\u00e9reas o enterradas, fuentes ornamentales y estanques.<\/p>\n<p>b) Impermeabilizar construcciones que necesitan evitar que el agua penetre desde\u00a0el exterior: S\u00f3tanos subsuelos y estacionamientos subterr\u00e1neos; estaciones de bombeo y estructuras enterradas para agua potable; vertederos, t\u00faneles y estructuras marinas; \u00a0fosos de ascensores y fosas de talleres mec\u00e1nicos; piletas enterradas.<\/p>\n<p>c) Impermeabilizar construcciones en general.<\/p>\n<p>-Fachadas y medianeras de edificios.<\/p>\n<p>-Estructuras en general sujetas a presi\u00f3n de agua moderadas a altas, tanto positiva como negativa, donde se requiera un impermeabilizante cement\u00edcio de alta performance.<\/p>\n<p>-Construcciones enterradas sometidas a humedad natural del terreno.<\/p>\n<p>&nbsp;<\/p>\n<p>[vc_row][vc_column][vc_btn title=&#8221;Ficha T\u00e9cnica&#8221; color=&#8221;warning&#8221; link=&#8221;url:http%3A%2F%2Ftecnourquiza.com.ar%2Fwp-content%2Fuploads%2F2019%2F12%2FSika-Monotop-107-1.pdf|title:Ficha%20T%C3%A9cnica|target:%20_blank|&#8221;][\/vc_column][\/vc_row]<\/p>\n","protected":false},"excerpt":{"rendered":"<p><strong>Sika MonoTop\u00ae-107<\/strong> es un mortero cement\u00edcio <strong>impermeabilizante<\/strong> listo para usar. Tolera presi\u00f3n de agua positiva y negativa.<\/p>\n","protected":false},"featured_media":8245,"comment_status":"open","ping_status":"closed","template":"","meta":[],"product_brand":[],"product_cat":[135,90],"product_tag":[136,120],"class_list":{"0":"post-8244","1":"product","2":"type-product","3":"status-publish","4":"has-post-thumbnail","6":"product_cat-productos-cementicios","7":"product_cat-sika","8":"product_tag-mortero-cementicio","9":"product_tag-morteros-impermeables","11":"first","12":"instock","13":"shipping-taxable","14":"purchasable","15":"product-type-simple"},"yoast_head":"<!-- This site is optimized with the Yoast SEO plugin v27.2 - https:\/\/yoast.com\/product\/yoast-seo-wordpress\/ -->\n<title>Sika Monotop 107 x 25kg - Tecnourquiza, productos SIKA Argentina<\/title>\n<meta name=\"robots\" content=\"index, follow, max-snippet:-1, max-image-preview:large, max-video-preview:-1\" \/>\n<link rel=\"canonical\" href=\"https:\/\/tecnourquiza.com.ar\/?product=sika-monotop-107-x-25kg-2\" \/>\n<meta property=\"og:locale\" content=\"es_ES\" \/>\n<meta property=\"og:type\" content=\"article\" \/>\n<meta property=\"og:title\" content=\"Sika Monotop 107 x 25kg - Tecnourquiza, productos SIKA Argentina\" \/>\n<meta property=\"og:description\" content=\"Sika MonoTop\u00ae-107 es un mortero cement\u00edcio impermeabilizante listo para usar. Tolera presi\u00f3n de agua positiva y negativa.\" \/>\n<meta property=\"og:url\" content=\"https:\/\/tecnourquiza.com.ar\/?product=sika-monotop-107-x-25kg-2\" \/>\n<meta property=\"og:site_name\" content=\"Tecnourquiza, productos SIKA Argentina\" \/>\n<meta property=\"article:modified_time\" content=\"2019-12-20T23:11:57+00:00\" \/>\n<meta property=\"og:image\" content=\"https:\/\/tecnourquiza.com.ar\/wp-content\/uploads\/2019\/12\/sika-monotop-107-x-25kg-1.jpg\" \/>\n\t<meta property=\"og:image:width\" content=\"800\" \/>\n\t<meta property=\"og:image:height\" content=\"800\" \/>\n\t<meta property=\"og:image:type\" content=\"image\/jpeg\" \/>\n<meta name=\"twitter:card\" content=\"summary_large_image\" \/>\n<meta name=\"twitter:label1\" content=\"Tiempo de lectura\" \/>\n\t<meta name=\"twitter:data1\" content=\"1 minuto\" \/>\n<script type=\"application\/ld+json\" class=\"yoast-schema-graph\">{\"@context\":\"https:\/\/schema.org\",\"@graph\":[{\"@type\":\"WebPage\",\"@id\":\"https:\/\/tecnourquiza.com.ar\/?product=sika-monotop-107-x-25kg-2\",\"url\":\"https:\/\/tecnourquiza.com.ar\/?product=sika-monotop-107-x-25kg-2\",\"name\":\"Sika Monotop 107 x 25kg - Tecnourquiza, productos SIKA Argentina\",\"isPartOf\":{\"@id\":\"https:\/\/tecnourquiza.com.ar\/#website\"},\"primaryImageOfPage\":{\"@id\":\"https:\/\/tecnourquiza.com.ar\/?product=sika-monotop-107-x-25kg-2#primaryimage\"},\"image\":{\"@id\":\"https:\/\/tecnourquiza.com.ar\/?product=sika-monotop-107-x-25kg-2#primaryimage\"},\"thumbnailUrl\":\"https:\/\/tecnourquiza.com.ar\/wp-content\/uploads\/2019\/12\/sika-monotop-107-x-25kg-1.jpg\",\"datePublished\":\"2019-12-20T23:03:48+00:00\",\"dateModified\":\"2019-12-20T23:11:57+00:00\",\"breadcrumb\":{\"@id\":\"https:\/\/tecnourquiza.com.ar\/?product=sika-monotop-107-x-25kg-2#breadcrumb\"},\"inLanguage\":\"es\",\"potentialAction\":[{\"@type\":\"ReadAction\",\"target\":[\"https:\/\/tecnourquiza.com.ar\/?product=sika-monotop-107-x-25kg-2\"]}]},{\"@type\":\"ImageObject\",\"inLanguage\":\"es\",\"@id\":\"https:\/\/tecnourquiza.com.ar\/?product=sika-monotop-107-x-25kg-2#primaryimage\",\"url\":\"https:\/\/tecnourquiza.com.ar\/wp-content\/uploads\/2019\/12\/sika-monotop-107-x-25kg-1.jpg\",\"contentUrl\":\"https:\/\/tecnourquiza.com.ar\/wp-content\/uploads\/2019\/12\/sika-monotop-107-x-25kg-1.jpg\",\"width\":800,\"height\":800},{\"@type\":\"BreadcrumbList\",\"@id\":\"https:\/\/tecnourquiza.com.ar\/?product=sika-monotop-107-x-25kg-2#breadcrumb\",\"itemListElement\":[{\"@type\":\"ListItem\",\"position\":1,\"name\":\"Portada\",\"item\":\"https:\/\/tecnourquiza.com.ar\/\"},{\"@type\":\"ListItem\",\"position\":2,\"name\":\"Productos\",\"item\":\"https:\/\/tecnourquiza.com.ar\/?post_type=product\"},{\"@type\":\"ListItem\",\"position\":3,\"name\":\"Sika Monotop 107 x 25kg\"}]},{\"@type\":\"WebSite\",\"@id\":\"https:\/\/tecnourquiza.com.ar\/#website\",\"url\":\"https:\/\/tecnourquiza.com.ar\/\",\"name\":\"Tecnourquiza, productos SIKA Argentina\",\"description\":\"Comercializamos productos de la marca Sika Argentina\",\"publisher\":{\"@id\":\"https:\/\/tecnourquiza.com.ar\/#organization\"},\"potentialAction\":[{\"@type\":\"SearchAction\",\"target\":{\"@type\":\"EntryPoint\",\"urlTemplate\":\"https:\/\/tecnourquiza.com.ar\/?s={search_term_string}\"},\"query-input\":{\"@type\":\"PropertyValueSpecification\",\"valueRequired\":true,\"valueName\":\"search_term_string\"}}],\"inLanguage\":\"es\"},{\"@type\":\"Organization\",\"@id\":\"https:\/\/tecnourquiza.com.ar\/#organization\",\"name\":\"Tecnourquiza, productos SIKA Argentina\",\"url\":\"https:\/\/tecnourquiza.com.ar\/\",\"logo\":{\"@type\":\"ImageObject\",\"inLanguage\":\"es\",\"@id\":\"https:\/\/tecnourquiza.com.ar\/#\/schema\/logo\/image\/\",\"url\":\"https:\/\/tecnourquiza.com.ar\/wp-content\/uploads\/2025\/05\/logo-tecnourquiza-transparente.png\",\"contentUrl\":\"https:\/\/tecnourquiza.com.ar\/wp-content\/uploads\/2025\/05\/logo-tecnourquiza-transparente.png\",\"width\":360,\"height\":74,\"caption\":\"Tecnourquiza, productos SIKA Argentina\"},\"image\":{\"@id\":\"https:\/\/tecnourquiza.com.ar\/#\/schema\/logo\/image\/\"}}]}<\/script>\n<!-- \/ Yoast SEO plugin. -->","yoast_head_json":{"title":"Sika Monotop 107 x 25kg - Tecnourquiza, productos SIKA Argentina","robots":{"index":"index","follow":"follow","max-snippet":"max-snippet:-1","max-image-preview":"max-image-preview:large","max-video-preview":"max-video-preview:-1"},"canonical":"https:\/\/tecnourquiza.com.ar\/?product=sika-monotop-107-x-25kg-2","og_locale":"es_ES","og_type":"article","og_title":"Sika Monotop 107 x 25kg - Tecnourquiza, productos SIKA Argentina","og_description":"Sika MonoTop\u00ae-107 es un mortero cement\u00edcio impermeabilizante listo para usar. Tolera presi\u00f3n de agua positiva y negativa.","og_url":"https:\/\/tecnourquiza.com.ar\/?product=sika-monotop-107-x-25kg-2","og_site_name":"Tecnourquiza, productos SIKA Argentina","article_modified_time":"2019-12-20T23:11:57+00:00","og_image":[{"width":800,"height":800,"url":"https:\/\/tecnourquiza.com.ar\/wp-content\/uploads\/2019\/12\/sika-monotop-107-x-25kg-1.jpg","type":"image\/jpeg"}],"twitter_card":"summary_large_image","twitter_misc":{"Tiempo de lectura":"1 minuto"},"schema":{"@context":"https:\/\/schema.org","@graph":[{"@type":"WebPage","@id":"https:\/\/tecnourquiza.com.ar\/?product=sika-monotop-107-x-25kg-2","url":"https:\/\/tecnourquiza.com.ar\/?product=sika-monotop-107-x-25kg-2","name":"Sika Monotop 107 x 25kg - Tecnourquiza, productos SIKA Argentina","isPartOf":{"@id":"https:\/\/tecnourquiza.com.ar\/#website"},"primaryImageOfPage":{"@id":"https:\/\/tecnourquiza.com.ar\/?product=sika-monotop-107-x-25kg-2#primaryimage"},"image":{"@id":"https:\/\/tecnourquiza.com.ar\/?product=sika-monotop-107-x-25kg-2#primaryimage"},"thumbnailUrl":"https:\/\/tecnourquiza.com.ar\/wp-content\/uploads\/2019\/12\/sika-monotop-107-x-25kg-1.jpg","datePublished":"2019-12-20T23:03:48+00:00","dateModified":"2019-12-20T23:11:57+00:00","breadcrumb":{"@id":"https:\/\/tecnourquiza.com.ar\/?product=sika-monotop-107-x-25kg-2#breadcrumb"},"inLanguage":"es","potentialAction":[{"@type":"ReadAction","target":["https:\/\/tecnourquiza.com.ar\/?product=sika-monotop-107-x-25kg-2"]}]},{"@type":"ImageObject","inLanguage":"es","@id":"https:\/\/tecnourquiza.com.ar\/?product=sika-monotop-107-x-25kg-2#primaryimage","url":"https:\/\/tecnourquiza.com.ar\/wp-content\/uploads\/2019\/12\/sika-monotop-107-x-25kg-1.jpg","contentUrl":"https:\/\/tecnourquiza.com.ar\/wp-content\/uploads\/2019\/12\/sika-monotop-107-x-25kg-1.jpg","width":800,"height":800},{"@type":"BreadcrumbList","@id":"https:\/\/tecnourquiza.com.ar\/?product=sika-monotop-107-x-25kg-2#breadcrumb","itemListElement":[{"@type":"ListItem","position":1,"name":"Portada","item":"https:\/\/tecnourquiza.com.ar\/"},{"@type":"ListItem","position":2,"name":"Productos","item":"https:\/\/tecnourquiza.com.ar\/?post_type=product"},{"@type":"ListItem","position":3,"name":"Sika Monotop 107 x 25kg"}]},{"@type":"WebSite","@id":"https:\/\/tecnourquiza.com.ar\/#website","url":"https:\/\/tecnourquiza.com.ar\/","name":"Tecnourquiza, productos SIKA Argentina","description":"Comercializamos productos de la marca Sika Argentina","publisher":{"@id":"https:\/\/tecnourquiza.com.ar\/#organization"},"potentialAction":[{"@type":"SearchAction","target":{"@type":"EntryPoint","urlTemplate":"https:\/\/tecnourquiza.com.ar\/?s={search_term_string}"},"query-input":{"@type":"PropertyValueSpecification","valueRequired":true,"valueName":"search_term_string"}}],"inLanguage":"es"},{"@type":"Organization","@id":"https:\/\/tecnourquiza.com.ar\/#organization","name":"Tecnourquiza, productos SIKA Argentina","url":"https:\/\/tecnourquiza.com.ar\/","logo":{"@type":"ImageObject","inLanguage":"es","@id":"https:\/\/tecnourquiza.com.ar\/#\/schema\/logo\/image\/","url":"https:\/\/tecnourquiza.com.ar\/wp-content\/uploads\/2025\/05\/logo-tecnourquiza-transparente.png","contentUrl":"https:\/\/tecnourquiza.com.ar\/wp-content\/uploads\/2025\/05\/logo-tecnourquiza-transparente.png","width":360,"height":74,"caption":"Tecnourquiza, productos SIKA Argentina"},"image":{"@id":"https:\/\/tecnourquiza.com.ar\/#\/schema\/logo\/image\/"}}]}},"_links":{"self":[{"href":"https:\/\/tecnourquiza.com.ar\/index.php?rest_route=\/wp\/v2\/product\/8244","targetHints":{"allow":["GET"]}}],"collection":[{"href":"https:\/\/tecnourquiza.com.ar\/index.php?rest_route=\/wp\/v2\/product"}],"about":[{"href":"https:\/\/tecnourquiza.com.ar\/index.php?rest_route=\/wp\/v2\/types\/product"}],"replies":[{"embeddable":true,"href":"https:\/\/tecnourquiza.com.ar\/index.php?rest_route=%2Fwp%2Fv2%2Fcomments&post=8244"}],"wp:featuredmedia":[{"embeddable":true,"href":"https:\/\/tecnourquiza.com.ar\/index.php?rest_route=\/wp\/v2\/media\/8245"}],"wp:attachment":[{"href":"https:\/\/tecnourquiza.com.ar\/index.php?rest_route=%2Fwp%2Fv2%2Fmedia&parent=8244"}],"wp:term":[{"taxonomy":"product_brand","embeddable":true,"href":"https:\/\/tecnourquiza.com.ar\/index.php?rest_route=%2Fwp%2Fv2%2Fproduct_brand&post=8244"},{"taxonomy":"product_cat","embeddable":true,"href":"https:\/\/tecnourquiza.com.ar\/index.php?rest_route=%2Fwp%2Fv2%2Fproduct_cat&post=8244"},{"taxonomy":"product_tag","embeddable":true,"href":"https:\/\/tecnourquiza.com.ar\/index.php?rest_route=%2Fwp%2Fv2%2Fproduct_tag&post=8244"}],"curies":[{"name":"wp","href":"https:\/\/api.w.org\/{rel}","templated":true}]}}