{"id":8191,"date":"2019-12-19T17:20:18","date_gmt":"2019-12-19T17:20:18","guid":{"rendered":"http:\/\/tecnourquiza.com.ar\/?post_type=product&#038;p=8191"},"modified":"2019-12-19T17:25:48","modified_gmt":"2019-12-19T17:25:48","slug":"sika-swell-s-2","status":"publish","type":"product","link":"https:\/\/tecnourquiza.com.ar\/?product=sika-swell-s-2","title":{"rendered":"Sika Swell S 2"},"content":{"rendered":"<p><strong>SikaSwell\u00ae<\/strong><br \/>\nS-2 es un sellador de poliuretano, monocomponente, hidr\u00f3filo que<br \/>\naplicado en juntas de hormigonado, expande en contacto con el agua, impidiendo<br \/>\neficazmente el paso de la misma a trav\u00e9s de la uni\u00f3n.<\/p>\n<p>&nbsp;<\/p>\n<p><strong>Usos:<\/strong><\/p>\n<p>Para sellar el paso de agua en juntas de estructuras y para fijar la l\u00ednea de perfiles<br \/>\nSikaSwell\u00aeP y SikaSwell\u00aeA o las Mangueras de Inyecci\u00f3n SikaFuko\u00ae<\/p>\n<p>&nbsp;<\/p>\n<p><strong>Sella:<\/strong><br \/>\nJuntas de construcci\u00f3n.<br \/>\nTuber\u00edas de acero pasantes a trav\u00e9s de tabiques y losas.<br \/>\nAlrededor de todo tipo de pasantes y juntas de construcci\u00f3n.<br \/>\nJuntas de construcci\u00f3n de conductos de cables, etc.<br \/>\nJuntas de hormigonado en elementos con gran densidad de armaduras.<\/p>\n<p>&nbsp;<\/p>\n<p><strong>Fija:<\/strong><br \/>\nPerfiles SikaSwell\u00ae P y SikaSwell\u00ae A<br \/>\nMangueras de Inyecci\u00f3n SikaFuko\u00ae<\/p>\n<p>&nbsp;<\/p>\n<p><strong>Ventajas:<\/strong><\/p>\n<p>F\u00e1cil de aplicar por extrusi\u00f3n.<br \/>\nBuena adherencia a diversos sustratos.<br \/>\n\u00d3ptima velocidad de expansi\u00f3n, por lo tanto, no da\u00f1a al hormig\u00f3n fresco<br \/>\ndurante el fraguado.<br \/>\nBajo costo en su puesta en obra.<br \/>\nExpande en contacto con el agua.<br \/>\nPermanentemente resistente al agua.<br \/>\nSe adapta a superficies irregulares y a diferentes formas.<\/p>\n<p>Presentaci\u00f3n: 600 Ml.<\/p>\n<p>&nbsp;<\/p>\n<p>[vc_row][vc_column][vc_btn title=&#8221;Ficha T\u00e9cnica&#8221; color=&#8221;warning&#8221; link=&#8221;url:http%3A%2F%2Ftecnourquiza.com.ar%2Fwp-content%2Fuploads%2F2019%2F12%2FSikaSwell_S-2.pdf|title:Ficha%20T%C3%A9cnica|target:%20_blank|&#8221;][\/vc_column][\/vc_row]<\/p>\n","protected":false},"excerpt":{"rendered":"<p>Masilla de poliuretano hidr\u00f3filo que aplicada en juntas de hormigonado o trabajo, sin movimiento, expande en contacto con el agua, impidiendo eficazmente el paso de la misma a trav\u00e9s de la uni\u00f3n.<\/p>\n","protected":false},"featured_media":8190,"comment_status":"open","ping_status":"closed","template":"","meta":[],"product_brand":[],"product_cat":[123,90],"product_tag":[125,124],"class_list":{"0":"post-8191","1":"product","2":"type-product","3":"status-publish","4":"has-post-thumbnail","6":"product_cat-sellado-de-juntas","7":"product_cat-sika","8":"product_tag-juntas-de-hormigonado","9":"product_tag-masilla-de-poliuretano","11":"first","12":"instock","13":"shipping-taxable","14":"purchasable","15":"product-type-simple"},"yoast_head":"<!-- This site is optimized with the Yoast SEO plugin v27.2 - https:\/\/yoast.com\/product\/yoast-seo-wordpress\/ -->\n<title>Sika Swell S 2 - Tecnourquiza, productos SIKA Argentina<\/title>\n<meta name=\"robots\" content=\"index, follow, max-snippet:-1, max-image-preview:large, max-video-preview:-1\" \/>\n<link rel=\"canonical\" href=\"https:\/\/tecnourquiza.com.ar\/?product=sika-swell-s-2\" \/>\n<meta property=\"og:locale\" content=\"es_ES\" \/>\n<meta property=\"og:type\" content=\"article\" \/>\n<meta property=\"og:title\" content=\"Sika Swell S 2 - Tecnourquiza, productos SIKA Argentina\" \/>\n<meta property=\"og:description\" content=\"Masilla de poliuretano hidr\u00f3filo que aplicada en juntas de hormigonado o trabajo, sin movimiento, expande en contacto con el agua, impidiendo eficazmente el paso de la misma a trav\u00e9s de la uni\u00f3n.\" \/>\n<meta property=\"og:url\" content=\"https:\/\/tecnourquiza.com.ar\/?product=sika-swell-s-2\" \/>\n<meta property=\"og:site_name\" content=\"Tecnourquiza, productos SIKA Argentina\" \/>\n<meta property=\"article:modified_time\" content=\"2019-12-19T17:25:48+00:00\" \/>\n<meta property=\"og:image\" content=\"https:\/\/tecnourquiza.com.ar\/wp-content\/uploads\/2019\/12\/sika-swell-s-2-570x342-1.jpg\" \/>\n\t<meta property=\"og:image:width\" content=\"570\" \/>\n\t<meta property=\"og:image:height\" content=\"342\" \/>\n\t<meta property=\"og:image:type\" content=\"image\/jpeg\" \/>\n<meta name=\"twitter:card\" content=\"summary_large_image\" \/>\n<meta name=\"twitter:label1\" content=\"Tiempo de lectura\" \/>\n\t<meta name=\"twitter:data1\" content=\"1 minuto\" \/>\n<script type=\"application\/ld+json\" class=\"yoast-schema-graph\">{\"@context\":\"https:\/\/schema.org\",\"@graph\":[{\"@type\":\"WebPage\",\"@id\":\"https:\/\/tecnourquiza.com.ar\/?product=sika-swell-s-2\",\"url\":\"https:\/\/tecnourquiza.com.ar\/?product=sika-swell-s-2\",\"name\":\"Sika Swell S 2 - Tecnourquiza, productos SIKA Argentina\",\"isPartOf\":{\"@id\":\"https:\/\/tecnourquiza.com.ar\/#website\"},\"primaryImageOfPage\":{\"@id\":\"https:\/\/tecnourquiza.com.ar\/?product=sika-swell-s-2#primaryimage\"},\"image\":{\"@id\":\"https:\/\/tecnourquiza.com.ar\/?product=sika-swell-s-2#primaryimage\"},\"thumbnailUrl\":\"https:\/\/tecnourquiza.com.ar\/wp-content\/uploads\/2019\/12\/sika-swell-s-2-570x342-1.jpg\",\"datePublished\":\"2019-12-19T17:20:18+00:00\",\"dateModified\":\"2019-12-19T17:25:48+00:00\",\"breadcrumb\":{\"@id\":\"https:\/\/tecnourquiza.com.ar\/?product=sika-swell-s-2#breadcrumb\"},\"inLanguage\":\"es\",\"potentialAction\":[{\"@type\":\"ReadAction\",\"target\":[\"https:\/\/tecnourquiza.com.ar\/?product=sika-swell-s-2\"]}]},{\"@type\":\"ImageObject\",\"inLanguage\":\"es\",\"@id\":\"https:\/\/tecnourquiza.com.ar\/?product=sika-swell-s-2#primaryimage\",\"url\":\"https:\/\/tecnourquiza.com.ar\/wp-content\/uploads\/2019\/12\/sika-swell-s-2-570x342-1.jpg\",\"contentUrl\":\"https:\/\/tecnourquiza.com.ar\/wp-content\/uploads\/2019\/12\/sika-swell-s-2-570x342-1.jpg\",\"width\":570,\"height\":342},{\"@type\":\"BreadcrumbList\",\"@id\":\"https:\/\/tecnourquiza.com.ar\/?product=sika-swell-s-2#breadcrumb\",\"itemListElement\":[{\"@type\":\"ListItem\",\"position\":1,\"name\":\"Portada\",\"item\":\"https:\/\/tecnourquiza.com.ar\/\"},{\"@type\":\"ListItem\",\"position\":2,\"name\":\"Productos\",\"item\":\"https:\/\/tecnourquiza.com.ar\/?post_type=product\"},{\"@type\":\"ListItem\",\"position\":3,\"name\":\"Sika Swell S 2\"}]},{\"@type\":\"WebSite\",\"@id\":\"https:\/\/tecnourquiza.com.ar\/#website\",\"url\":\"https:\/\/tecnourquiza.com.ar\/\",\"name\":\"Tecnourquiza, productos SIKA Argentina\",\"description\":\"Comercializamos productos de la marca Sika Argentina\",\"publisher\":{\"@id\":\"https:\/\/tecnourquiza.com.ar\/#organization\"},\"potentialAction\":[{\"@type\":\"SearchAction\",\"target\":{\"@type\":\"EntryPoint\",\"urlTemplate\":\"https:\/\/tecnourquiza.com.ar\/?s={search_term_string}\"},\"query-input\":{\"@type\":\"PropertyValueSpecification\",\"valueRequired\":true,\"valueName\":\"search_term_string\"}}],\"inLanguage\":\"es\"},{\"@type\":\"Organization\",\"@id\":\"https:\/\/tecnourquiza.com.ar\/#organization\",\"name\":\"Tecnourquiza, productos SIKA Argentina\",\"url\":\"https:\/\/tecnourquiza.com.ar\/\",\"logo\":{\"@type\":\"ImageObject\",\"inLanguage\":\"es\",\"@id\":\"https:\/\/tecnourquiza.com.ar\/#\/schema\/logo\/image\/\",\"url\":\"https:\/\/tecnourquiza.com.ar\/wp-content\/uploads\/2025\/05\/logo-tecnourquiza-transparente.png\",\"contentUrl\":\"https:\/\/tecnourquiza.com.ar\/wp-content\/uploads\/2025\/05\/logo-tecnourquiza-transparente.png\",\"width\":360,\"height\":74,\"caption\":\"Tecnourquiza, productos SIKA Argentina\"},\"image\":{\"@id\":\"https:\/\/tecnourquiza.com.ar\/#\/schema\/logo\/image\/\"}}]}<\/script>\n<!-- \/ Yoast SEO plugin. -->","yoast_head_json":{"title":"Sika Swell S 2 - Tecnourquiza, productos SIKA Argentina","robots":{"index":"index","follow":"follow","max-snippet":"max-snippet:-1","max-image-preview":"max-image-preview:large","max-video-preview":"max-video-preview:-1"},"canonical":"https:\/\/tecnourquiza.com.ar\/?product=sika-swell-s-2","og_locale":"es_ES","og_type":"article","og_title":"Sika Swell S 2 - Tecnourquiza, productos SIKA Argentina","og_description":"Masilla de poliuretano hidr\u00f3filo que aplicada en juntas de hormigonado o trabajo, sin movimiento, expande en contacto con el agua, impidiendo eficazmente el paso de la misma a trav\u00e9s de la uni\u00f3n.","og_url":"https:\/\/tecnourquiza.com.ar\/?product=sika-swell-s-2","og_site_name":"Tecnourquiza, productos SIKA Argentina","article_modified_time":"2019-12-19T17:25:48+00:00","og_image":[{"width":570,"height":342,"url":"https:\/\/tecnourquiza.com.ar\/wp-content\/uploads\/2019\/12\/sika-swell-s-2-570x342-1.jpg","type":"image\/jpeg"}],"twitter_card":"summary_large_image","twitter_misc":{"Tiempo de lectura":"1 minuto"},"schema":{"@context":"https:\/\/schema.org","@graph":[{"@type":"WebPage","@id":"https:\/\/tecnourquiza.com.ar\/?product=sika-swell-s-2","url":"https:\/\/tecnourquiza.com.ar\/?product=sika-swell-s-2","name":"Sika Swell S 2 - Tecnourquiza, productos SIKA Argentina","isPartOf":{"@id":"https:\/\/tecnourquiza.com.ar\/#website"},"primaryImageOfPage":{"@id":"https:\/\/tecnourquiza.com.ar\/?product=sika-swell-s-2#primaryimage"},"image":{"@id":"https:\/\/tecnourquiza.com.ar\/?product=sika-swell-s-2#primaryimage"},"thumbnailUrl":"https:\/\/tecnourquiza.com.ar\/wp-content\/uploads\/2019\/12\/sika-swell-s-2-570x342-1.jpg","datePublished":"2019-12-19T17:20:18+00:00","dateModified":"2019-12-19T17:25:48+00:00","breadcrumb":{"@id":"https:\/\/tecnourquiza.com.ar\/?product=sika-swell-s-2#breadcrumb"},"inLanguage":"es","potentialAction":[{"@type":"ReadAction","target":["https:\/\/tecnourquiza.com.ar\/?product=sika-swell-s-2"]}]},{"@type":"ImageObject","inLanguage":"es","@id":"https:\/\/tecnourquiza.com.ar\/?product=sika-swell-s-2#primaryimage","url":"https:\/\/tecnourquiza.com.ar\/wp-content\/uploads\/2019\/12\/sika-swell-s-2-570x342-1.jpg","contentUrl":"https:\/\/tecnourquiza.com.ar\/wp-content\/uploads\/2019\/12\/sika-swell-s-2-570x342-1.jpg","width":570,"height":342},{"@type":"BreadcrumbList","@id":"https:\/\/tecnourquiza.com.ar\/?product=sika-swell-s-2#breadcrumb","itemListElement":[{"@type":"ListItem","position":1,"name":"Portada","item":"https:\/\/tecnourquiza.com.ar\/"},{"@type":"ListItem","position":2,"name":"Productos","item":"https:\/\/tecnourquiza.com.ar\/?post_type=product"},{"@type":"ListItem","position":3,"name":"Sika Swell S 2"}]},{"@type":"WebSite","@id":"https:\/\/tecnourquiza.com.ar\/#website","url":"https:\/\/tecnourquiza.com.ar\/","name":"Tecnourquiza, productos SIKA Argentina","description":"Comercializamos productos de la marca Sika Argentina","publisher":{"@id":"https:\/\/tecnourquiza.com.ar\/#organization"},"potentialAction":[{"@type":"SearchAction","target":{"@type":"EntryPoint","urlTemplate":"https:\/\/tecnourquiza.com.ar\/?s={search_term_string}"},"query-input":{"@type":"PropertyValueSpecification","valueRequired":true,"valueName":"search_term_string"}}],"inLanguage":"es"},{"@type":"Organization","@id":"https:\/\/tecnourquiza.com.ar\/#organization","name":"Tecnourquiza, productos SIKA Argentina","url":"https:\/\/tecnourquiza.com.ar\/","logo":{"@type":"ImageObject","inLanguage":"es","@id":"https:\/\/tecnourquiza.com.ar\/#\/schema\/logo\/image\/","url":"https:\/\/tecnourquiza.com.ar\/wp-content\/uploads\/2025\/05\/logo-tecnourquiza-transparente.png","contentUrl":"https:\/\/tecnourquiza.com.ar\/wp-content\/uploads\/2025\/05\/logo-tecnourquiza-transparente.png","width":360,"height":74,"caption":"Tecnourquiza, productos SIKA Argentina"},"image":{"@id":"https:\/\/tecnourquiza.com.ar\/#\/schema\/logo\/image\/"}}]}},"_links":{"self":[{"href":"https:\/\/tecnourquiza.com.ar\/index.php?rest_route=\/wp\/v2\/product\/8191","targetHints":{"allow":["GET"]}}],"collection":[{"href":"https:\/\/tecnourquiza.com.ar\/index.php?rest_route=\/wp\/v2\/product"}],"about":[{"href":"https:\/\/tecnourquiza.com.ar\/index.php?rest_route=\/wp\/v2\/types\/product"}],"replies":[{"embeddable":true,"href":"https:\/\/tecnourquiza.com.ar\/index.php?rest_route=%2Fwp%2Fv2%2Fcomments&post=8191"}],"wp:featuredmedia":[{"embeddable":true,"href":"https:\/\/tecnourquiza.com.ar\/index.php?rest_route=\/wp\/v2\/media\/8190"}],"wp:attachment":[{"href":"https:\/\/tecnourquiza.com.ar\/index.php?rest_route=%2Fwp%2Fv2%2Fmedia&parent=8191"}],"wp:term":[{"taxonomy":"product_brand","embeddable":true,"href":"https:\/\/tecnourquiza.com.ar\/index.php?rest_route=%2Fwp%2Fv2%2Fproduct_brand&post=8191"},{"taxonomy":"product_cat","embeddable":true,"href":"https:\/\/tecnourquiza.com.ar\/index.php?rest_route=%2Fwp%2Fv2%2Fproduct_cat&post=8191"},{"taxonomy":"product_tag","embeddable":true,"href":"https:\/\/tecnourquiza.com.ar\/index.php?rest_route=%2Fwp%2Fv2%2Fproduct_tag&post=8191"}],"curies":[{"name":"wp","href":"https:\/\/api.w.org\/{rel}","templated":true}]}}