{"id":8159,"date":"2019-12-19T15:42:28","date_gmt":"2019-12-19T15:42:28","guid":{"rendered":"http:\/\/tecnourquiza.com.ar\/?post_type=product&#038;p=8159"},"modified":"2019-12-19T16:01:09","modified_gmt":"2019-12-19T16:01:09","slug":"sika-tex-75-rollo-x-26m%c2%b2","status":"publish","type":"product","link":"https:\/\/tecnourquiza.com.ar\/?product=sika-tex-75-rollo-x-26m%c2%b2","title":{"rendered":"SIKA TEX &#8211; 75 ROLLO x 26m\u00b2"},"content":{"rendered":"<p><strong>SIKA TEX 75\u00a0<\/strong>es una malla no tejida, fabricado a partir de filamentos continuos de poli\u00e9ster al 100%, no reticulados, unidos mec\u00e1nicamente por agujas, sin resinas ni colas, para refuerzo de membranas l\u00edquidas.<\/p>\n<p>&nbsp;<\/p>\n<p><strong>Sika\u00ae Tex 75<\/strong> se utiliza como material de refuerzo de impermeabilizaciones de techos ejecutadas con productos l\u00edquidos, aplicados \u201cin situ\u201d, tales como son los Sistemas <strong>Sikalastic\u00ae y SikaFill \u00ae<\/strong><\/p>\n<p>-Para trabajos de detalles, uniones, encuentros, drenajes, etc.<br \/>\n-Para reparaci\u00f3n de antiguas impermeabilizaciones<br \/>\n-Para sustratos con alto grado de movimiento.<br \/>\n-Para puenteo de fisuras y grietas.<br \/>\n-Para impermeabilizar detalles entre materiales de distinta naturaleza.<\/p>\n<p><strong>Ventajas Sika\u00ae Tex 75 posee las siguientes ventajas:<\/strong><br \/>\n-Alta impregnabilidad.<br \/>\n-No es degradable.<br \/>\n-No corta, ni pica al manipularlo.<br \/>\n-Resistente a la intemperie.<br \/>\n-F\u00e1cil de instalar y listo para usar.<br \/>\n-Alta durabilidad.<br \/>\n-Aporta resistencia mec\u00e1nica a la tracci\u00f3n y a la perforaci\u00f3n por punzonado.<\/p>\n<p>&nbsp;<\/p>\n<p>[vc_row][vc_column][vc_btn title=&#8221;Ficha T\u00e9cnica&#8221; color=&#8221;warning&#8221; link=&#8221;url:http%3A%2F%2Ftecnourquiza.com.ar%2Fwp-content%2Fuploads%2F2019%2F12%2FSIKA-TEX-75gs-pdf.pdf|title:Ficha%20T%C3%A9cnica|target:%20_blank|&#8221;][\/vc_column][\/vc_row]<\/p>\n","protected":false},"excerpt":{"rendered":"<p><strong>Malla no tejida de poli\u00e9ster para refuerzo<\/strong> de membranas l\u00edquidas.<\/p>\n","protected":false},"featured_media":8160,"comment_status":"open","ping_status":"closed","template":"","meta":[],"product_brand":[],"product_cat":[89,90],"product_tag":[115,101],"class_list":{"0":"post-8159","1":"product","2":"type-product","3":"status-publish","4":"has-post-thumbnail","6":"product_cat-impermeabilizantes","7":"product_cat-sika","8":"product_tag-malla-poliester","9":"product_tag-membrana-liquida","11":"first","12":"instock","13":"shipping-taxable","14":"purchasable","15":"product-type-simple"},"yoast_head":"<!-- This site is optimized with the Yoast SEO plugin v27.2 - https:\/\/yoast.com\/product\/yoast-seo-wordpress\/ -->\n<title>SIKA TEX - 75 ROLLO x 26m\u00b2 - Tecnourquiza, productos SIKA Argentina<\/title>\n<meta name=\"robots\" content=\"index, follow, max-snippet:-1, max-image-preview:large, max-video-preview:-1\" \/>\n<link rel=\"canonical\" href=\"https:\/\/tecnourquiza.com.ar\/?product=sika-tex-75-rollo-x-26m\u00b2\" \/>\n<meta property=\"og:locale\" content=\"es_ES\" \/>\n<meta property=\"og:type\" content=\"article\" \/>\n<meta property=\"og:title\" content=\"SIKA TEX - 75 ROLLO x 26m\u00b2 - Tecnourquiza, productos SIKA Argentina\" \/>\n<meta property=\"og:description\" content=\"Malla no tejida de poli\u00e9ster para refuerzo de membranas l\u00edquidas.\" \/>\n<meta property=\"og:url\" content=\"https:\/\/tecnourquiza.com.ar\/?product=sika-tex-75-rollo-x-26m\u00b2\" \/>\n<meta property=\"og:site_name\" content=\"Tecnourquiza, productos SIKA Argentina\" \/>\n<meta property=\"article:modified_time\" content=\"2019-12-19T16:01:09+00:00\" \/>\n<meta property=\"og:image\" content=\"https:\/\/tecnourquiza.com.ar\/wp-content\/uploads\/2019\/12\/sika-tex-75-rollo-x-26m.jpg\" \/>\n\t<meta property=\"og:image:width\" content=\"800\" \/>\n\t<meta property=\"og:image:height\" content=\"800\" \/>\n\t<meta property=\"og:image:type\" content=\"image\/jpeg\" \/>\n<meta name=\"twitter:card\" content=\"summary_large_image\" \/>\n<meta name=\"twitter:label1\" content=\"Tiempo de lectura\" \/>\n\t<meta name=\"twitter:data1\" content=\"1 minuto\" \/>\n<script type=\"application\/ld+json\" class=\"yoast-schema-graph\">{\"@context\":\"https:\/\/schema.org\",\"@graph\":[{\"@type\":\"WebPage\",\"@id\":\"https:\/\/tecnourquiza.com.ar\/?product=sika-tex-75-rollo-x-26m%c2%b2\",\"url\":\"https:\/\/tecnourquiza.com.ar\/?product=sika-tex-75-rollo-x-26m%c2%b2\",\"name\":\"SIKA TEX - 75 ROLLO x 26m\u00b2 - Tecnourquiza, productos SIKA Argentina\",\"isPartOf\":{\"@id\":\"https:\/\/tecnourquiza.com.ar\/#website\"},\"primaryImageOfPage\":{\"@id\":\"https:\/\/tecnourquiza.com.ar\/?product=sika-tex-75-rollo-x-26m%c2%b2#primaryimage\"},\"image\":{\"@id\":\"https:\/\/tecnourquiza.com.ar\/?product=sika-tex-75-rollo-x-26m%c2%b2#primaryimage\"},\"thumbnailUrl\":\"https:\/\/tecnourquiza.com.ar\/wp-content\/uploads\/2019\/12\/sika-tex-75-rollo-x-26m.jpg\",\"datePublished\":\"2019-12-19T15:42:28+00:00\",\"dateModified\":\"2019-12-19T16:01:09+00:00\",\"breadcrumb\":{\"@id\":\"https:\/\/tecnourquiza.com.ar\/?product=sika-tex-75-rollo-x-26m%c2%b2#breadcrumb\"},\"inLanguage\":\"es\",\"potentialAction\":[{\"@type\":\"ReadAction\",\"target\":[\"https:\/\/tecnourquiza.com.ar\/?product=sika-tex-75-rollo-x-26m%c2%b2\"]}]},{\"@type\":\"ImageObject\",\"inLanguage\":\"es\",\"@id\":\"https:\/\/tecnourquiza.com.ar\/?product=sika-tex-75-rollo-x-26m%c2%b2#primaryimage\",\"url\":\"https:\/\/tecnourquiza.com.ar\/wp-content\/uploads\/2019\/12\/sika-tex-75-rollo-x-26m.jpg\",\"contentUrl\":\"https:\/\/tecnourquiza.com.ar\/wp-content\/uploads\/2019\/12\/sika-tex-75-rollo-x-26m.jpg\",\"width\":800,\"height\":800},{\"@type\":\"BreadcrumbList\",\"@id\":\"https:\/\/tecnourquiza.com.ar\/?product=sika-tex-75-rollo-x-26m%c2%b2#breadcrumb\",\"itemListElement\":[{\"@type\":\"ListItem\",\"position\":1,\"name\":\"Portada\",\"item\":\"https:\/\/tecnourquiza.com.ar\/\"},{\"@type\":\"ListItem\",\"position\":2,\"name\":\"Productos\",\"item\":\"https:\/\/tecnourquiza.com.ar\/?post_type=product\"},{\"@type\":\"ListItem\",\"position\":3,\"name\":\"SIKA TEX &#8211; 75 ROLLO x 26m\u00b2\"}]},{\"@type\":\"WebSite\",\"@id\":\"https:\/\/tecnourquiza.com.ar\/#website\",\"url\":\"https:\/\/tecnourquiza.com.ar\/\",\"name\":\"Tecnourquiza, productos SIKA Argentina\",\"description\":\"Comercializamos productos de la marca Sika Argentina\",\"publisher\":{\"@id\":\"https:\/\/tecnourquiza.com.ar\/#organization\"},\"potentialAction\":[{\"@type\":\"SearchAction\",\"target\":{\"@type\":\"EntryPoint\",\"urlTemplate\":\"https:\/\/tecnourquiza.com.ar\/?s={search_term_string}\"},\"query-input\":{\"@type\":\"PropertyValueSpecification\",\"valueRequired\":true,\"valueName\":\"search_term_string\"}}],\"inLanguage\":\"es\"},{\"@type\":\"Organization\",\"@id\":\"https:\/\/tecnourquiza.com.ar\/#organization\",\"name\":\"Tecnourquiza, productos SIKA Argentina\",\"url\":\"https:\/\/tecnourquiza.com.ar\/\",\"logo\":{\"@type\":\"ImageObject\",\"inLanguage\":\"es\",\"@id\":\"https:\/\/tecnourquiza.com.ar\/#\/schema\/logo\/image\/\",\"url\":\"https:\/\/tecnourquiza.com.ar\/wp-content\/uploads\/2025\/05\/logo-tecnourquiza-transparente.png\",\"contentUrl\":\"https:\/\/tecnourquiza.com.ar\/wp-content\/uploads\/2025\/05\/logo-tecnourquiza-transparente.png\",\"width\":360,\"height\":74,\"caption\":\"Tecnourquiza, productos SIKA Argentina\"},\"image\":{\"@id\":\"https:\/\/tecnourquiza.com.ar\/#\/schema\/logo\/image\/\"}}]}<\/script>\n<!-- \/ Yoast SEO plugin. -->","yoast_head_json":{"title":"SIKA TEX - 75 ROLLO x 26m\u00b2 - Tecnourquiza, productos SIKA Argentina","robots":{"index":"index","follow":"follow","max-snippet":"max-snippet:-1","max-image-preview":"max-image-preview:large","max-video-preview":"max-video-preview:-1"},"canonical":"https:\/\/tecnourquiza.com.ar\/?product=sika-tex-75-rollo-x-26m\u00b2","og_locale":"es_ES","og_type":"article","og_title":"SIKA TEX - 75 ROLLO x 26m\u00b2 - Tecnourquiza, productos SIKA Argentina","og_description":"Malla no tejida de poli\u00e9ster para refuerzo de membranas l\u00edquidas.","og_url":"https:\/\/tecnourquiza.com.ar\/?product=sika-tex-75-rollo-x-26m\u00b2","og_site_name":"Tecnourquiza, productos SIKA Argentina","article_modified_time":"2019-12-19T16:01:09+00:00","og_image":[{"width":800,"height":800,"url":"https:\/\/tecnourquiza.com.ar\/wp-content\/uploads\/2019\/12\/sika-tex-75-rollo-x-26m.jpg","type":"image\/jpeg"}],"twitter_card":"summary_large_image","twitter_misc":{"Tiempo de lectura":"1 minuto"},"schema":{"@context":"https:\/\/schema.org","@graph":[{"@type":"WebPage","@id":"https:\/\/tecnourquiza.com.ar\/?product=sika-tex-75-rollo-x-26m%c2%b2","url":"https:\/\/tecnourquiza.com.ar\/?product=sika-tex-75-rollo-x-26m%c2%b2","name":"SIKA TEX - 75 ROLLO x 26m\u00b2 - Tecnourquiza, productos SIKA Argentina","isPartOf":{"@id":"https:\/\/tecnourquiza.com.ar\/#website"},"primaryImageOfPage":{"@id":"https:\/\/tecnourquiza.com.ar\/?product=sika-tex-75-rollo-x-26m%c2%b2#primaryimage"},"image":{"@id":"https:\/\/tecnourquiza.com.ar\/?product=sika-tex-75-rollo-x-26m%c2%b2#primaryimage"},"thumbnailUrl":"https:\/\/tecnourquiza.com.ar\/wp-content\/uploads\/2019\/12\/sika-tex-75-rollo-x-26m.jpg","datePublished":"2019-12-19T15:42:28+00:00","dateModified":"2019-12-19T16:01:09+00:00","breadcrumb":{"@id":"https:\/\/tecnourquiza.com.ar\/?product=sika-tex-75-rollo-x-26m%c2%b2#breadcrumb"},"inLanguage":"es","potentialAction":[{"@type":"ReadAction","target":["https:\/\/tecnourquiza.com.ar\/?product=sika-tex-75-rollo-x-26m%c2%b2"]}]},{"@type":"ImageObject","inLanguage":"es","@id":"https:\/\/tecnourquiza.com.ar\/?product=sika-tex-75-rollo-x-26m%c2%b2#primaryimage","url":"https:\/\/tecnourquiza.com.ar\/wp-content\/uploads\/2019\/12\/sika-tex-75-rollo-x-26m.jpg","contentUrl":"https:\/\/tecnourquiza.com.ar\/wp-content\/uploads\/2019\/12\/sika-tex-75-rollo-x-26m.jpg","width":800,"height":800},{"@type":"BreadcrumbList","@id":"https:\/\/tecnourquiza.com.ar\/?product=sika-tex-75-rollo-x-26m%c2%b2#breadcrumb","itemListElement":[{"@type":"ListItem","position":1,"name":"Portada","item":"https:\/\/tecnourquiza.com.ar\/"},{"@type":"ListItem","position":2,"name":"Productos","item":"https:\/\/tecnourquiza.com.ar\/?post_type=product"},{"@type":"ListItem","position":3,"name":"SIKA TEX &#8211; 75 ROLLO x 26m\u00b2"}]},{"@type":"WebSite","@id":"https:\/\/tecnourquiza.com.ar\/#website","url":"https:\/\/tecnourquiza.com.ar\/","name":"Tecnourquiza, productos SIKA Argentina","description":"Comercializamos productos de la marca Sika Argentina","publisher":{"@id":"https:\/\/tecnourquiza.com.ar\/#organization"},"potentialAction":[{"@type":"SearchAction","target":{"@type":"EntryPoint","urlTemplate":"https:\/\/tecnourquiza.com.ar\/?s={search_term_string}"},"query-input":{"@type":"PropertyValueSpecification","valueRequired":true,"valueName":"search_term_string"}}],"inLanguage":"es"},{"@type":"Organization","@id":"https:\/\/tecnourquiza.com.ar\/#organization","name":"Tecnourquiza, productos SIKA Argentina","url":"https:\/\/tecnourquiza.com.ar\/","logo":{"@type":"ImageObject","inLanguage":"es","@id":"https:\/\/tecnourquiza.com.ar\/#\/schema\/logo\/image\/","url":"https:\/\/tecnourquiza.com.ar\/wp-content\/uploads\/2025\/05\/logo-tecnourquiza-transparente.png","contentUrl":"https:\/\/tecnourquiza.com.ar\/wp-content\/uploads\/2025\/05\/logo-tecnourquiza-transparente.png","width":360,"height":74,"caption":"Tecnourquiza, productos SIKA Argentina"},"image":{"@id":"https:\/\/tecnourquiza.com.ar\/#\/schema\/logo\/image\/"}}]}},"_links":{"self":[{"href":"https:\/\/tecnourquiza.com.ar\/index.php?rest_route=\/wp\/v2\/product\/8159","targetHints":{"allow":["GET"]}}],"collection":[{"href":"https:\/\/tecnourquiza.com.ar\/index.php?rest_route=\/wp\/v2\/product"}],"about":[{"href":"https:\/\/tecnourquiza.com.ar\/index.php?rest_route=\/wp\/v2\/types\/product"}],"replies":[{"embeddable":true,"href":"https:\/\/tecnourquiza.com.ar\/index.php?rest_route=%2Fwp%2Fv2%2Fcomments&post=8159"}],"wp:featuredmedia":[{"embeddable":true,"href":"https:\/\/tecnourquiza.com.ar\/index.php?rest_route=\/wp\/v2\/media\/8160"}],"wp:attachment":[{"href":"https:\/\/tecnourquiza.com.ar\/index.php?rest_route=%2Fwp%2Fv2%2Fmedia&parent=8159"}],"wp:term":[{"taxonomy":"product_brand","embeddable":true,"href":"https:\/\/tecnourquiza.com.ar\/index.php?rest_route=%2Fwp%2Fv2%2Fproduct_brand&post=8159"},{"taxonomy":"product_cat","embeddable":true,"href":"https:\/\/tecnourquiza.com.ar\/index.php?rest_route=%2Fwp%2Fv2%2Fproduct_cat&post=8159"},{"taxonomy":"product_tag","embeddable":true,"href":"https:\/\/tecnourquiza.com.ar\/index.php?rest_route=%2Fwp%2Fv2%2Fproduct_tag&post=8159"}],"curies":[{"name":"wp","href":"https:\/\/api.w.org\/{rel}","templated":true}]}}