{"id":8150,"date":"2019-12-19T15:19:54","date_gmt":"2019-12-19T15:19:54","guid":{"rendered":"http:\/\/tecnourquiza.com.ar\/?post_type=product&#038;p=8150"},"modified":"2019-12-19T16:13:04","modified_gmt":"2019-12-19T16:13:04","slug":"sikamur-injectocream-100-cartucho-x300ml","status":"publish","type":"product","link":"https:\/\/tecnourquiza.com.ar\/?product=sikamur-injectocream-100-cartucho-x300ml","title":{"rendered":"Sikamur Injectocream-100 cartucho x300ml"},"content":{"rendered":"<p><strong>SikaMur\u00ae InjectoCream-100<\/strong> es una sustancia que se inyecta en una serie de\u00a0taladros realizados sobre mortero \u00f3 mamposteria mediante pistola, no es necesaria\u00a0una bomba de inyecci\u00f3n. Una \u00fanica inyecci\u00f3n en el mortero, dispersar\u00e1 al\u00a0<strong>SikaMur\u00ae InjectoCream-100<\/strong> en el muro y crear\u00e1 una barrera repelente al agua\u00a0(DPC-Damp Proof Course) bloqueando la humedad ascendente en el futuro.<\/p>\n<p>&nbsp;<\/p>\n<p><strong>Usos <\/strong><\/p>\n<p>Puede utilizarse para el tratamiento de humedades\u00a0por capilaridad sobre la mayor\u00eda de soportes en muros:<br \/>\n&#8211; Ladrillo.<br \/>\n&#8211; Muros con c\u00e1mara de aire.<br \/>\n&#8211; Paredes de piedra.<\/p>\n<p>&nbsp;<\/p>\n<p><strong>Caracteristicas\/Ventajas<\/strong><\/p>\n<p>&#8211; F\u00e1cil de instalar (bajo riesgo de error, no depende del operario).<br \/>\n&#8211; Monocomponente.<br \/>\n&#8211; R\u00e1pido de instalar (no \u201cdoble taladro\u201d, no hay que esperar a que el l\u00edquido\u00a0penetre por presi\u00f3n \u00f3 gravedad).<br \/>\n&#8211; No es necesario un sellado adicional alrededor de los taladros como sucede\u00a0en los sistemas con presi\u00f3n.<br \/>\n&#8211; R\u00e1pido para inyectar (no hay que esperar tiempos como sucede en las\u00a0inyecciones a presi\u00f3n, ni re-inyectar).<br \/>\n&#8211; C\u00e1lculo f\u00e1cil de consumo.<br \/>\n&#8211; No requiere una bomba especial de expansi\u00f3n.<br \/>\n&#8211; Eliminaci\u00f3n de derrames (no existe problema de derrames en las paredes,\u00a0huecos\u2026).<br \/>\n&#8211; F\u00f3rmula concentrada con un 80% de ingredientes activos (introduce una\u00a0baja cantidad de sustancias inactivas en el muro- gran efectividad comparada con\u00a0materiales menos concentrados).<br \/>\n&#8211; Baja peligrosidad, base agua-no infl amable, no se inyecta bajo presi\u00f3n<br \/>\n&#8211; Baja cantidad de residuos.<br \/>\n&#8211; Baja p\u00e9rdida de material.<br \/>\n&#8211; No hay riesgo de eflorescencias (como con los tratamientos de humedades\u00a0por capilaridad con siliconas).<\/p>\n","protected":false},"excerpt":{"rendered":"<p>Barrera antihumedad basada en silanos para\u00a0tratamiento de humedades por capilaridad.<\/p>\n","protected":false},"featured_media":8151,"comment_status":"open","ping_status":"closed","template":"","meta":[],"product_brand":[],"product_cat":[89,90],"product_tag":[112,100,96],"class_list":{"0":"post-8150","1":"product","2":"type-product","3":"status-publish","4":"has-post-thumbnail","6":"product_cat-impermeabilizantes","7":"product_cat-sika","8":"product_tag-humedad-por-capilaridad","9":"product_tag-incoloro","10":"product_tag-monocomponente","12":"first","13":"instock","14":"shipping-taxable","15":"purchasable","16":"product-type-simple"},"yoast_head":"<!-- This site is optimized with the Yoast SEO plugin v27.2 - https:\/\/yoast.com\/product\/yoast-seo-wordpress\/ -->\n<title>Sikamur Injectocream-100 cartucho x300ml - Tecnourquiza, productos SIKA Argentina<\/title>\n<meta name=\"robots\" content=\"index, follow, max-snippet:-1, max-image-preview:large, max-video-preview:-1\" \/>\n<link rel=\"canonical\" href=\"https:\/\/tecnourquiza.com.ar\/?product=sikamur-injectocream-100-cartucho-x300ml\" \/>\n<meta property=\"og:locale\" content=\"es_ES\" \/>\n<meta property=\"og:type\" content=\"article\" \/>\n<meta property=\"og:title\" content=\"Sikamur Injectocream-100 cartucho x300ml - Tecnourquiza, productos SIKA Argentina\" \/>\n<meta property=\"og:description\" content=\"Barrera antihumedad basada en silanos para\u00a0tratamiento de humedades por capilaridad.\" \/>\n<meta property=\"og:url\" content=\"https:\/\/tecnourquiza.com.ar\/?product=sikamur-injectocream-100-cartucho-x300ml\" \/>\n<meta property=\"og:site_name\" content=\"Tecnourquiza, productos SIKA Argentina\" \/>\n<meta property=\"article:modified_time\" content=\"2019-12-19T16:13:04+00:00\" \/>\n<meta property=\"og:image\" content=\"https:\/\/tecnourquiza.com.ar\/wp-content\/uploads\/2019\/12\/sikamur_4.jpg\" \/>\n\t<meta property=\"og:image:width\" content=\"800\" \/>\n\t<meta property=\"og:image:height\" content=\"800\" \/>\n\t<meta property=\"og:image:type\" content=\"image\/jpeg\" \/>\n<meta name=\"twitter:card\" content=\"summary_large_image\" \/>\n<meta name=\"twitter:label1\" content=\"Tiempo de lectura\" \/>\n\t<meta name=\"twitter:data1\" content=\"1 minuto\" \/>\n<script type=\"application\/ld+json\" class=\"yoast-schema-graph\">{\"@context\":\"https:\/\/schema.org\",\"@graph\":[{\"@type\":\"WebPage\",\"@id\":\"https:\/\/tecnourquiza.com.ar\/?product=sikamur-injectocream-100-cartucho-x300ml\",\"url\":\"https:\/\/tecnourquiza.com.ar\/?product=sikamur-injectocream-100-cartucho-x300ml\",\"name\":\"Sikamur Injectocream-100 cartucho x300ml - Tecnourquiza, productos SIKA Argentina\",\"isPartOf\":{\"@id\":\"https:\/\/tecnourquiza.com.ar\/#website\"},\"primaryImageOfPage\":{\"@id\":\"https:\/\/tecnourquiza.com.ar\/?product=sikamur-injectocream-100-cartucho-x300ml#primaryimage\"},\"image\":{\"@id\":\"https:\/\/tecnourquiza.com.ar\/?product=sikamur-injectocream-100-cartucho-x300ml#primaryimage\"},\"thumbnailUrl\":\"https:\/\/tecnourquiza.com.ar\/wp-content\/uploads\/2019\/12\/sikamur_4.jpg\",\"datePublished\":\"2019-12-19T15:19:54+00:00\",\"dateModified\":\"2019-12-19T16:13:04+00:00\",\"breadcrumb\":{\"@id\":\"https:\/\/tecnourquiza.com.ar\/?product=sikamur-injectocream-100-cartucho-x300ml#breadcrumb\"},\"inLanguage\":\"es\",\"potentialAction\":[{\"@type\":\"ReadAction\",\"target\":[\"https:\/\/tecnourquiza.com.ar\/?product=sikamur-injectocream-100-cartucho-x300ml\"]}]},{\"@type\":\"ImageObject\",\"inLanguage\":\"es\",\"@id\":\"https:\/\/tecnourquiza.com.ar\/?product=sikamur-injectocream-100-cartucho-x300ml#primaryimage\",\"url\":\"https:\/\/tecnourquiza.com.ar\/wp-content\/uploads\/2019\/12\/sikamur_4.jpg\",\"contentUrl\":\"https:\/\/tecnourquiza.com.ar\/wp-content\/uploads\/2019\/12\/sikamur_4.jpg\",\"width\":800,\"height\":800},{\"@type\":\"BreadcrumbList\",\"@id\":\"https:\/\/tecnourquiza.com.ar\/?product=sikamur-injectocream-100-cartucho-x300ml#breadcrumb\",\"itemListElement\":[{\"@type\":\"ListItem\",\"position\":1,\"name\":\"Portada\",\"item\":\"https:\/\/tecnourquiza.com.ar\/\"},{\"@type\":\"ListItem\",\"position\":2,\"name\":\"Productos\",\"item\":\"https:\/\/tecnourquiza.com.ar\/?post_type=product\"},{\"@type\":\"ListItem\",\"position\":3,\"name\":\"Sikamur Injectocream-100 cartucho x300ml\"}]},{\"@type\":\"WebSite\",\"@id\":\"https:\/\/tecnourquiza.com.ar\/#website\",\"url\":\"https:\/\/tecnourquiza.com.ar\/\",\"name\":\"Tecnourquiza, productos SIKA Argentina\",\"description\":\"Comercializamos productos de la marca Sika Argentina\",\"publisher\":{\"@id\":\"https:\/\/tecnourquiza.com.ar\/#organization\"},\"potentialAction\":[{\"@type\":\"SearchAction\",\"target\":{\"@type\":\"EntryPoint\",\"urlTemplate\":\"https:\/\/tecnourquiza.com.ar\/?s={search_term_string}\"},\"query-input\":{\"@type\":\"PropertyValueSpecification\",\"valueRequired\":true,\"valueName\":\"search_term_string\"}}],\"inLanguage\":\"es\"},{\"@type\":\"Organization\",\"@id\":\"https:\/\/tecnourquiza.com.ar\/#organization\",\"name\":\"Tecnourquiza, productos SIKA Argentina\",\"url\":\"https:\/\/tecnourquiza.com.ar\/\",\"logo\":{\"@type\":\"ImageObject\",\"inLanguage\":\"es\",\"@id\":\"https:\/\/tecnourquiza.com.ar\/#\/schema\/logo\/image\/\",\"url\":\"https:\/\/tecnourquiza.com.ar\/wp-content\/uploads\/2025\/05\/logo-tecnourquiza-transparente.png\",\"contentUrl\":\"https:\/\/tecnourquiza.com.ar\/wp-content\/uploads\/2025\/05\/logo-tecnourquiza-transparente.png\",\"width\":360,\"height\":74,\"caption\":\"Tecnourquiza, productos SIKA Argentina\"},\"image\":{\"@id\":\"https:\/\/tecnourquiza.com.ar\/#\/schema\/logo\/image\/\"}}]}<\/script>\n<!-- \/ Yoast SEO plugin. -->","yoast_head_json":{"title":"Sikamur Injectocream-100 cartucho x300ml - Tecnourquiza, productos SIKA Argentina","robots":{"index":"index","follow":"follow","max-snippet":"max-snippet:-1","max-image-preview":"max-image-preview:large","max-video-preview":"max-video-preview:-1"},"canonical":"https:\/\/tecnourquiza.com.ar\/?product=sikamur-injectocream-100-cartucho-x300ml","og_locale":"es_ES","og_type":"article","og_title":"Sikamur Injectocream-100 cartucho x300ml - Tecnourquiza, productos SIKA Argentina","og_description":"Barrera antihumedad basada en silanos para\u00a0tratamiento de humedades por capilaridad.","og_url":"https:\/\/tecnourquiza.com.ar\/?product=sikamur-injectocream-100-cartucho-x300ml","og_site_name":"Tecnourquiza, productos SIKA Argentina","article_modified_time":"2019-12-19T16:13:04+00:00","og_image":[{"width":800,"height":800,"url":"https:\/\/tecnourquiza.com.ar\/wp-content\/uploads\/2019\/12\/sikamur_4.jpg","type":"image\/jpeg"}],"twitter_card":"summary_large_image","twitter_misc":{"Tiempo de lectura":"1 minuto"},"schema":{"@context":"https:\/\/schema.org","@graph":[{"@type":"WebPage","@id":"https:\/\/tecnourquiza.com.ar\/?product=sikamur-injectocream-100-cartucho-x300ml","url":"https:\/\/tecnourquiza.com.ar\/?product=sikamur-injectocream-100-cartucho-x300ml","name":"Sikamur Injectocream-100 cartucho x300ml - Tecnourquiza, productos SIKA Argentina","isPartOf":{"@id":"https:\/\/tecnourquiza.com.ar\/#website"},"primaryImageOfPage":{"@id":"https:\/\/tecnourquiza.com.ar\/?product=sikamur-injectocream-100-cartucho-x300ml#primaryimage"},"image":{"@id":"https:\/\/tecnourquiza.com.ar\/?product=sikamur-injectocream-100-cartucho-x300ml#primaryimage"},"thumbnailUrl":"https:\/\/tecnourquiza.com.ar\/wp-content\/uploads\/2019\/12\/sikamur_4.jpg","datePublished":"2019-12-19T15:19:54+00:00","dateModified":"2019-12-19T16:13:04+00:00","breadcrumb":{"@id":"https:\/\/tecnourquiza.com.ar\/?product=sikamur-injectocream-100-cartucho-x300ml#breadcrumb"},"inLanguage":"es","potentialAction":[{"@type":"ReadAction","target":["https:\/\/tecnourquiza.com.ar\/?product=sikamur-injectocream-100-cartucho-x300ml"]}]},{"@type":"ImageObject","inLanguage":"es","@id":"https:\/\/tecnourquiza.com.ar\/?product=sikamur-injectocream-100-cartucho-x300ml#primaryimage","url":"https:\/\/tecnourquiza.com.ar\/wp-content\/uploads\/2019\/12\/sikamur_4.jpg","contentUrl":"https:\/\/tecnourquiza.com.ar\/wp-content\/uploads\/2019\/12\/sikamur_4.jpg","width":800,"height":800},{"@type":"BreadcrumbList","@id":"https:\/\/tecnourquiza.com.ar\/?product=sikamur-injectocream-100-cartucho-x300ml#breadcrumb","itemListElement":[{"@type":"ListItem","position":1,"name":"Portada","item":"https:\/\/tecnourquiza.com.ar\/"},{"@type":"ListItem","position":2,"name":"Productos","item":"https:\/\/tecnourquiza.com.ar\/?post_type=product"},{"@type":"ListItem","position":3,"name":"Sikamur Injectocream-100 cartucho x300ml"}]},{"@type":"WebSite","@id":"https:\/\/tecnourquiza.com.ar\/#website","url":"https:\/\/tecnourquiza.com.ar\/","name":"Tecnourquiza, productos SIKA Argentina","description":"Comercializamos productos de la marca Sika Argentina","publisher":{"@id":"https:\/\/tecnourquiza.com.ar\/#organization"},"potentialAction":[{"@type":"SearchAction","target":{"@type":"EntryPoint","urlTemplate":"https:\/\/tecnourquiza.com.ar\/?s={search_term_string}"},"query-input":{"@type":"PropertyValueSpecification","valueRequired":true,"valueName":"search_term_string"}}],"inLanguage":"es"},{"@type":"Organization","@id":"https:\/\/tecnourquiza.com.ar\/#organization","name":"Tecnourquiza, productos SIKA Argentina","url":"https:\/\/tecnourquiza.com.ar\/","logo":{"@type":"ImageObject","inLanguage":"es","@id":"https:\/\/tecnourquiza.com.ar\/#\/schema\/logo\/image\/","url":"https:\/\/tecnourquiza.com.ar\/wp-content\/uploads\/2025\/05\/logo-tecnourquiza-transparente.png","contentUrl":"https:\/\/tecnourquiza.com.ar\/wp-content\/uploads\/2025\/05\/logo-tecnourquiza-transparente.png","width":360,"height":74,"caption":"Tecnourquiza, productos SIKA Argentina"},"image":{"@id":"https:\/\/tecnourquiza.com.ar\/#\/schema\/logo\/image\/"}}]}},"_links":{"self":[{"href":"https:\/\/tecnourquiza.com.ar\/index.php?rest_route=\/wp\/v2\/product\/8150","targetHints":{"allow":["GET"]}}],"collection":[{"href":"https:\/\/tecnourquiza.com.ar\/index.php?rest_route=\/wp\/v2\/product"}],"about":[{"href":"https:\/\/tecnourquiza.com.ar\/index.php?rest_route=\/wp\/v2\/types\/product"}],"replies":[{"embeddable":true,"href":"https:\/\/tecnourquiza.com.ar\/index.php?rest_route=%2Fwp%2Fv2%2Fcomments&post=8150"}],"wp:featuredmedia":[{"embeddable":true,"href":"https:\/\/tecnourquiza.com.ar\/index.php?rest_route=\/wp\/v2\/media\/8151"}],"wp:attachment":[{"href":"https:\/\/tecnourquiza.com.ar\/index.php?rest_route=%2Fwp%2Fv2%2Fmedia&parent=8150"}],"wp:term":[{"taxonomy":"product_brand","embeddable":true,"href":"https:\/\/tecnourquiza.com.ar\/index.php?rest_route=%2Fwp%2Fv2%2Fproduct_brand&post=8150"},{"taxonomy":"product_cat","embeddable":true,"href":"https:\/\/tecnourquiza.com.ar\/index.php?rest_route=%2Fwp%2Fv2%2Fproduct_cat&post=8150"},{"taxonomy":"product_tag","embeddable":true,"href":"https:\/\/tecnourquiza.com.ar\/index.php?rest_route=%2Fwp%2Fv2%2Fproduct_tag&post=8150"}],"curies":[{"name":"wp","href":"https:\/\/api.w.org\/{rel}","templated":true}]}}