{"id":8106,"date":"2019-12-17T18:59:51","date_gmt":"2019-12-17T18:59:51","guid":{"rendered":"http:\/\/tecnourquiza.com.ar\/?post_type=product&#038;p=8106"},"modified":"2020-01-07T00:23:37","modified_gmt":"2020-01-07T00:23:37","slug":"sikaguard-700-s-x-4lts","status":"publish","type":"product","link":"https:\/\/tecnourquiza.com.ar\/?product=sikaguard-700-s-x-4lts","title":{"rendered":"Sikaguard 700 S x 4lts"},"content":{"rendered":"<p><strong>Usos<\/strong><\/p>\n<p>Sikaguard\u00ae 700 S se utiliza como hidrorrepelente y como protector incoloro de:<\/p>\n<p>-Superficies absorbentes expuestas como el hormig\u00f3n, terminaciones<\/p>\n<p>cement\u00edcias, bloques de hormig\u00f3n, fibrocemento, mamposter\u00eda, ladrillo, piedra<br \/>\nnatural, revoques, materiales de frente, etc.<br \/>\n-Tambi\u00e9n como recubrimiento antimusgo en tejas cer\u00e1micas sin esmaltar.<\/p>\n<p>&nbsp;<\/p>\n<p><strong>Ventajas<\/strong><\/p>\n<p>-Listo para usar (no se diluye en obra).<br \/>\n-Reduce la absorci\u00f3n de agua por capilaridad por tensi\u00f3n superficial.<br \/>\n-Alto grado de penetraci\u00f3n, por lo tanto mayor durabilidad.<br \/>\n-Mejora la resistencia a los ciclos hielo-deshielo y a las sales de deshielo.<br \/>\n-Reduce la aparici\u00f3n de eflorescencias.<br \/>\n-No cambia la apariencia est\u00e9tica del soporte. No forma pel\u00edcula.<br \/>\n-Reduce la penetraci\u00f3n de suciedad en los poros.<br \/>\n-Mejora el aislamiento t\u00e9rmico.<br \/>\n-Reduce la penetraci\u00f3n y movimiento de iones de cloro.<br \/>\n-Puede pintarse con pinturas de base solvente y dispersi\u00f3n<br \/>\n-No act\u00faa como barrera de vapor.<br \/>\n-No reemplaza a la barrera hidr\u00f3fuga.<br \/>\n-No requiere esperas entre manos sucesivas.<br \/>\n-Mayor durabilidad y resistencia que los tratamientos convencionales en<br \/>\nbase silicona.<\/p>\n<p>&nbsp;<\/p>\n<p>[vc_row][vc_column][vc_btn title=&#8221;Ficha T\u00e9cnica&#8221; color=&#8221;warning&#8221; link=&#8221;url:http%3A%2F%2Ftecnourquiza.com.ar%2Fwp-content%2Fuploads%2F2019%2F12%2F2015-11-Sikaguard-700-S-nueva-.pdf|title:Ficha%20T%C3%A9cnica|target:%20_blank|&#8221;][\/vc_column][\/vc_row]<\/p>\n","protected":false},"excerpt":{"rendered":"<p><strong>Impregnaci\u00f3n hidrorrepelente a base de siloxanos<\/strong><\/p>\n<p><strong>Sikaguard\u00ae 700 S<\/strong> es una impregnaci\u00f3n hidrorrepelente incolora de un solo<br \/>\ncomponente, para usar sobre sustratos absorbentes expuestos al agua de lluvia.<br \/>\nPenetra en los poros abiertos del substrato otorgando una impermeabilizaci\u00f3n de<br \/>\nalta performance y durable, mientras que permite la difusi\u00f3n del vapor en ambas<br \/>\ndirecciones.<\/p>\n","protected":false},"featured_media":8107,"comment_status":"open","ping_status":"closed","template":"","meta":[],"product_brand":[],"product_cat":[89,90],"product_tag":[99,92,100],"class_list":{"0":"post-8106","1":"product","2":"type-product","3":"status-publish","4":"has-post-thumbnail","6":"product_cat-impermeabilizantes","7":"product_cat-sika","8":"product_tag-hidrorrepelente","9":"product_tag-impermeabilizaciones","10":"product_tag-incoloro","12":"first","13":"instock","14":"shipping-taxable","15":"purchasable","16":"product-type-simple"},"yoast_head":"<!-- This site is optimized with the Yoast SEO plugin v27.2 - https:\/\/yoast.com\/product\/yoast-seo-wordpress\/ -->\n<title>Sikaguard 700 S x 4lts - Tecnourquiza, productos SIKA Argentina<\/title>\n<meta name=\"robots\" content=\"index, follow, max-snippet:-1, max-image-preview:large, max-video-preview:-1\" \/>\n<link rel=\"canonical\" href=\"https:\/\/tecnourquiza.com.ar\/?product=sikaguard-700-s-x-4lts\" \/>\n<meta property=\"og:locale\" content=\"es_ES\" \/>\n<meta property=\"og:type\" content=\"article\" \/>\n<meta property=\"og:title\" content=\"Sikaguard 700 S x 4lts - Tecnourquiza, productos SIKA Argentina\" \/>\n<meta property=\"og:description\" content=\"Impregnaci\u00f3n hidrorrepelente a base de siloxanos  Sikaguard\u00ae 700 S es una impregnaci\u00f3n hidrorrepelente incolora de un solo componente, para usar sobre sustratos absorbentes expuestos al agua de lluvia. Penetra en los poros abiertos del substrato otorgando una impermeabilizaci\u00f3n de alta performance y durable, mientras que permite la difusi\u00f3n del vapor en ambas direcciones.\" \/>\n<meta property=\"og:url\" content=\"https:\/\/tecnourquiza.com.ar\/?product=sikaguard-700-s-x-4lts\" \/>\n<meta property=\"og:site_name\" content=\"Tecnourquiza, productos SIKA Argentina\" \/>\n<meta property=\"article:modified_time\" content=\"2020-01-07T00:23:37+00:00\" \/>\n<meta property=\"og:image\" content=\"https:\/\/tecnourquiza.com.ar\/wp-content\/uploads\/2019\/12\/sikaguard-700-s-x-4lts_2.jpg\" \/>\n\t<meta property=\"og:image:width\" content=\"800\" \/>\n\t<meta property=\"og:image:height\" content=\"800\" \/>\n\t<meta property=\"og:image:type\" content=\"image\/jpeg\" \/>\n<meta name=\"twitter:card\" content=\"summary_large_image\" \/>\n<meta name=\"twitter:label1\" content=\"Tiempo de lectura\" \/>\n\t<meta name=\"twitter:data1\" content=\"1 minuto\" \/>\n<script type=\"application\/ld+json\" class=\"yoast-schema-graph\">{\"@context\":\"https:\/\/schema.org\",\"@graph\":[{\"@type\":\"WebPage\",\"@id\":\"https:\/\/tecnourquiza.com.ar\/?product=sikaguard-700-s-x-4lts\",\"url\":\"https:\/\/tecnourquiza.com.ar\/?product=sikaguard-700-s-x-4lts\",\"name\":\"Sikaguard 700 S x 4lts - Tecnourquiza, productos SIKA Argentina\",\"isPartOf\":{\"@id\":\"https:\/\/tecnourquiza.com.ar\/#website\"},\"primaryImageOfPage\":{\"@id\":\"https:\/\/tecnourquiza.com.ar\/?product=sikaguard-700-s-x-4lts#primaryimage\"},\"image\":{\"@id\":\"https:\/\/tecnourquiza.com.ar\/?product=sikaguard-700-s-x-4lts#primaryimage\"},\"thumbnailUrl\":\"https:\/\/tecnourquiza.com.ar\/wp-content\/uploads\/2019\/12\/sikaguard-700-s-x-4lts_2.jpg\",\"datePublished\":\"2019-12-17T18:59:51+00:00\",\"dateModified\":\"2020-01-07T00:23:37+00:00\",\"breadcrumb\":{\"@id\":\"https:\/\/tecnourquiza.com.ar\/?product=sikaguard-700-s-x-4lts#breadcrumb\"},\"inLanguage\":\"es\",\"potentialAction\":[{\"@type\":\"ReadAction\",\"target\":[\"https:\/\/tecnourquiza.com.ar\/?product=sikaguard-700-s-x-4lts\"]}]},{\"@type\":\"ImageObject\",\"inLanguage\":\"es\",\"@id\":\"https:\/\/tecnourquiza.com.ar\/?product=sikaguard-700-s-x-4lts#primaryimage\",\"url\":\"https:\/\/tecnourquiza.com.ar\/wp-content\/uploads\/2019\/12\/sikaguard-700-s-x-4lts_2.jpg\",\"contentUrl\":\"https:\/\/tecnourquiza.com.ar\/wp-content\/uploads\/2019\/12\/sikaguard-700-s-x-4lts_2.jpg\",\"width\":800,\"height\":800},{\"@type\":\"BreadcrumbList\",\"@id\":\"https:\/\/tecnourquiza.com.ar\/?product=sikaguard-700-s-x-4lts#breadcrumb\",\"itemListElement\":[{\"@type\":\"ListItem\",\"position\":1,\"name\":\"Portada\",\"item\":\"https:\/\/tecnourquiza.com.ar\/\"},{\"@type\":\"ListItem\",\"position\":2,\"name\":\"Productos\",\"item\":\"https:\/\/tecnourquiza.com.ar\/?post_type=product\"},{\"@type\":\"ListItem\",\"position\":3,\"name\":\"Sikaguard 700 S x 4lts\"}]},{\"@type\":\"WebSite\",\"@id\":\"https:\/\/tecnourquiza.com.ar\/#website\",\"url\":\"https:\/\/tecnourquiza.com.ar\/\",\"name\":\"Tecnourquiza, productos SIKA Argentina\",\"description\":\"Comercializamos productos de la marca Sika Argentina\",\"publisher\":{\"@id\":\"https:\/\/tecnourquiza.com.ar\/#organization\"},\"potentialAction\":[{\"@type\":\"SearchAction\",\"target\":{\"@type\":\"EntryPoint\",\"urlTemplate\":\"https:\/\/tecnourquiza.com.ar\/?s={search_term_string}\"},\"query-input\":{\"@type\":\"PropertyValueSpecification\",\"valueRequired\":true,\"valueName\":\"search_term_string\"}}],\"inLanguage\":\"es\"},{\"@type\":\"Organization\",\"@id\":\"https:\/\/tecnourquiza.com.ar\/#organization\",\"name\":\"Tecnourquiza, productos SIKA Argentina\",\"url\":\"https:\/\/tecnourquiza.com.ar\/\",\"logo\":{\"@type\":\"ImageObject\",\"inLanguage\":\"es\",\"@id\":\"https:\/\/tecnourquiza.com.ar\/#\/schema\/logo\/image\/\",\"url\":\"https:\/\/tecnourquiza.com.ar\/wp-content\/uploads\/2025\/05\/logo-tecnourquiza-transparente.png\",\"contentUrl\":\"https:\/\/tecnourquiza.com.ar\/wp-content\/uploads\/2025\/05\/logo-tecnourquiza-transparente.png\",\"width\":360,\"height\":74,\"caption\":\"Tecnourquiza, productos SIKA Argentina\"},\"image\":{\"@id\":\"https:\/\/tecnourquiza.com.ar\/#\/schema\/logo\/image\/\"}}]}<\/script>\n<!-- \/ Yoast SEO plugin. -->","yoast_head_json":{"title":"Sikaguard 700 S x 4lts - Tecnourquiza, productos SIKA Argentina","robots":{"index":"index","follow":"follow","max-snippet":"max-snippet:-1","max-image-preview":"max-image-preview:large","max-video-preview":"max-video-preview:-1"},"canonical":"https:\/\/tecnourquiza.com.ar\/?product=sikaguard-700-s-x-4lts","og_locale":"es_ES","og_type":"article","og_title":"Sikaguard 700 S x 4lts - Tecnourquiza, productos SIKA Argentina","og_description":"Impregnaci\u00f3n hidrorrepelente a base de siloxanos  Sikaguard\u00ae 700 S es una impregnaci\u00f3n hidrorrepelente incolora de un solo componente, para usar sobre sustratos absorbentes expuestos al agua de lluvia. Penetra en los poros abiertos del substrato otorgando una impermeabilizaci\u00f3n de alta performance y durable, mientras que permite la difusi\u00f3n del vapor en ambas direcciones.","og_url":"https:\/\/tecnourquiza.com.ar\/?product=sikaguard-700-s-x-4lts","og_site_name":"Tecnourquiza, productos SIKA Argentina","article_modified_time":"2020-01-07T00:23:37+00:00","og_image":[{"width":800,"height":800,"url":"https:\/\/tecnourquiza.com.ar\/wp-content\/uploads\/2019\/12\/sikaguard-700-s-x-4lts_2.jpg","type":"image\/jpeg"}],"twitter_card":"summary_large_image","twitter_misc":{"Tiempo de lectura":"1 minuto"},"schema":{"@context":"https:\/\/schema.org","@graph":[{"@type":"WebPage","@id":"https:\/\/tecnourquiza.com.ar\/?product=sikaguard-700-s-x-4lts","url":"https:\/\/tecnourquiza.com.ar\/?product=sikaguard-700-s-x-4lts","name":"Sikaguard 700 S x 4lts - Tecnourquiza, productos SIKA Argentina","isPartOf":{"@id":"https:\/\/tecnourquiza.com.ar\/#website"},"primaryImageOfPage":{"@id":"https:\/\/tecnourquiza.com.ar\/?product=sikaguard-700-s-x-4lts#primaryimage"},"image":{"@id":"https:\/\/tecnourquiza.com.ar\/?product=sikaguard-700-s-x-4lts#primaryimage"},"thumbnailUrl":"https:\/\/tecnourquiza.com.ar\/wp-content\/uploads\/2019\/12\/sikaguard-700-s-x-4lts_2.jpg","datePublished":"2019-12-17T18:59:51+00:00","dateModified":"2020-01-07T00:23:37+00:00","breadcrumb":{"@id":"https:\/\/tecnourquiza.com.ar\/?product=sikaguard-700-s-x-4lts#breadcrumb"},"inLanguage":"es","potentialAction":[{"@type":"ReadAction","target":["https:\/\/tecnourquiza.com.ar\/?product=sikaguard-700-s-x-4lts"]}]},{"@type":"ImageObject","inLanguage":"es","@id":"https:\/\/tecnourquiza.com.ar\/?product=sikaguard-700-s-x-4lts#primaryimage","url":"https:\/\/tecnourquiza.com.ar\/wp-content\/uploads\/2019\/12\/sikaguard-700-s-x-4lts_2.jpg","contentUrl":"https:\/\/tecnourquiza.com.ar\/wp-content\/uploads\/2019\/12\/sikaguard-700-s-x-4lts_2.jpg","width":800,"height":800},{"@type":"BreadcrumbList","@id":"https:\/\/tecnourquiza.com.ar\/?product=sikaguard-700-s-x-4lts#breadcrumb","itemListElement":[{"@type":"ListItem","position":1,"name":"Portada","item":"https:\/\/tecnourquiza.com.ar\/"},{"@type":"ListItem","position":2,"name":"Productos","item":"https:\/\/tecnourquiza.com.ar\/?post_type=product"},{"@type":"ListItem","position":3,"name":"Sikaguard 700 S x 4lts"}]},{"@type":"WebSite","@id":"https:\/\/tecnourquiza.com.ar\/#website","url":"https:\/\/tecnourquiza.com.ar\/","name":"Tecnourquiza, productos SIKA Argentina","description":"Comercializamos productos de la marca Sika Argentina","publisher":{"@id":"https:\/\/tecnourquiza.com.ar\/#organization"},"potentialAction":[{"@type":"SearchAction","target":{"@type":"EntryPoint","urlTemplate":"https:\/\/tecnourquiza.com.ar\/?s={search_term_string}"},"query-input":{"@type":"PropertyValueSpecification","valueRequired":true,"valueName":"search_term_string"}}],"inLanguage":"es"},{"@type":"Organization","@id":"https:\/\/tecnourquiza.com.ar\/#organization","name":"Tecnourquiza, productos SIKA Argentina","url":"https:\/\/tecnourquiza.com.ar\/","logo":{"@type":"ImageObject","inLanguage":"es","@id":"https:\/\/tecnourquiza.com.ar\/#\/schema\/logo\/image\/","url":"https:\/\/tecnourquiza.com.ar\/wp-content\/uploads\/2025\/05\/logo-tecnourquiza-transparente.png","contentUrl":"https:\/\/tecnourquiza.com.ar\/wp-content\/uploads\/2025\/05\/logo-tecnourquiza-transparente.png","width":360,"height":74,"caption":"Tecnourquiza, productos SIKA Argentina"},"image":{"@id":"https:\/\/tecnourquiza.com.ar\/#\/schema\/logo\/image\/"}}]}},"_links":{"self":[{"href":"https:\/\/tecnourquiza.com.ar\/index.php?rest_route=\/wp\/v2\/product\/8106","targetHints":{"allow":["GET"]}}],"collection":[{"href":"https:\/\/tecnourquiza.com.ar\/index.php?rest_route=\/wp\/v2\/product"}],"about":[{"href":"https:\/\/tecnourquiza.com.ar\/index.php?rest_route=\/wp\/v2\/types\/product"}],"replies":[{"embeddable":true,"href":"https:\/\/tecnourquiza.com.ar\/index.php?rest_route=%2Fwp%2Fv2%2Fcomments&post=8106"}],"wp:featuredmedia":[{"embeddable":true,"href":"https:\/\/tecnourquiza.com.ar\/index.php?rest_route=\/wp\/v2\/media\/8107"}],"wp:attachment":[{"href":"https:\/\/tecnourquiza.com.ar\/index.php?rest_route=%2Fwp%2Fv2%2Fmedia&parent=8106"}],"wp:term":[{"taxonomy":"product_brand","embeddable":true,"href":"https:\/\/tecnourquiza.com.ar\/index.php?rest_route=%2Fwp%2Fv2%2Fproduct_brand&post=8106"},{"taxonomy":"product_cat","embeddable":true,"href":"https:\/\/tecnourquiza.com.ar\/index.php?rest_route=%2Fwp%2Fv2%2Fproduct_cat&post=8106"},{"taxonomy":"product_tag","embeddable":true,"href":"https:\/\/tecnourquiza.com.ar\/index.php?rest_route=%2Fwp%2Fv2%2Fproduct_tag&post=8106"}],"curies":[{"name":"wp","href":"https:\/\/api.w.org\/{rel}","templated":true}]}}