{"id":8836,"date":"2020-01-20T15:55:49","date_gmt":"2020-01-20T15:55:49","guid":{"rendered":"http:\/\/tecnourquiza.com.ar\/?page_id=8836"},"modified":"2020-01-21T20:59:49","modified_gmt":"2020-01-21T20:59:49","slug":"servicios","status":"publish","type":"page","link":"https:\/\/tecnourquiza.com.ar\/?page_id=8836","title":{"rendered":"Servicios"},"content":{"rendered":"<p>[vc_row][vc_column width=&#8221;1\/3&#8243;][vc_single_image image=&#8221;8838&#8243; img_size=&#8221;large&#8221;][vc_column_text]<\/p>\n<h4>Impermeabilizaci\u00f3n de terrazas<\/h4>\n<p>[\/vc_column_text][vc_column_text]<\/p>\n<ul>\n<li>Colocaci\u00f3n de membranas asf\u00e1lticas \u2013con aluminio o geotextil-<\/li>\n<li>Colocaci\u00f3n de membranas con asfalto en caliente.<\/li>\n<li>Colocaci\u00f3n de membranas de PVC.<\/li>\n<li>Impermeabilizaci\u00f3n de terraza de baldosas rojas.<\/li>\n<li>Tomado de juntas de dilataci\u00f3n asf\u00e1lticas.<\/li>\n<li>Tomado de juntas de dilataci\u00f3n con poliuretano.<\/li>\n<li>Correcci\u00f3n de pendientes de escurrimiento.<\/li>\n<li>Demolici\u00f3n y construcci\u00f3n de azoteas y mamposter\u00edas.<\/li>\n<li>Impermeabilizaci\u00f3n de embudos pluviales.<\/li>\n<li>Impermeabilizaci\u00f3n de balcones.<\/li>\n<li>Tratamiento de fisuras.<\/li>\n<\/ul>\n<p>[\/vc_column_text][\/vc_column][vc_column width=&#8221;1\/3&#8243;][vc_single_image image=&#8221;8841&#8243; img_size=&#8221;large&#8221;][vc_column_text]<\/p>\n<h4>Impermeabilizaci\u00f3n de tanques cisterna, bombeo y piscinas<\/h4>\n<p>[\/vc_column_text][vc_column_text]<\/p>\n<ul>\n<li>An\u00e1lisis bacteriol\u00f3gico del agua acumulada certificado de laboratorio.<\/li>\n<li>Limpieza de tanques con hidrolavado de ata presi\u00f3n.<\/li>\n<li>Reparaci\u00f3n estructural \u2013Fisuras externas e internas-<\/li>\n<li>Reparacion de fisuras en piscinas.<\/li>\n<li>Impermeabilizacion de espejos de agua.<\/li>\n<\/ul>\n<p>[\/vc_column_text][\/vc_column][vc_column width=&#8221;1\/3&#8243;][vc_single_image image=&#8221;8846&#8243; img_size=&#8221;large&#8221;][vc_column_text]<\/p>\n<h4>Impermeabilizaci\u00f3n de subsuelos<\/h4>\n<p>[\/vc_column_text][vc_column_text]<\/p>\n<ul>\n<li>Impermeabilizaci\u00f3n de muros de contenci\u00f3n.<\/li>\n<li>Tratamiento de napas ascendentes.<\/li>\n<li>Tratamiento de humedad en cimientos.<\/li>\n<li>Impermeabilizaci\u00f3n de caja bajo ascensor.<\/li>\n<li>Impermeabilizaci\u00f3n de n\u00facleos sanitarios.<\/li>\n<li>Taponamientos.<\/li>\n<\/ul>\n<p>[\/vc_column_text][\/vc_column][\/vc_row][vc_row][vc_column][vc_empty_space][\/vc_column][\/vc_row][vc_row][vc_column width=&#8221;1\/3&#8243;][vc_single_image image=&#8221;8876&#8243; img_size=&#8221;large&#8221;][vc_column_text]<\/p>\n<h4>Impermeabilizaci\u00f3n de frentes<\/h4>\n<p>[\/vc_column_text][vc_column_text]<\/p>\n<ul>\n<li>Impermeabilizaci\u00f3n de muros \u2013Trabajos en altura-<\/li>\n<li>Trabajos de pintura en muros y carpinter\u00edas.<\/li>\n<li>Sellado perimetral de puertas y ventanas con poliuretano.<\/li>\n<li>Hidrolavado.<\/li>\n<\/ul>\n<p>[\/vc_column_text][\/vc_column][vc_column width=&#8221;1\/3&#8243;][vc_single_image image=&#8221;8882&#8243; img_size=&#8221;large&#8221;][vc_column_text]<\/p>\n<h4>Tratamientos estructurales<\/h4>\n<p>[\/vc_column_text][vc_column_text]<\/p>\n<ul>\n<li>Tratamiento de fisuras en losas y en juntas de dilataci\u00f3n.<\/li>\n<li>Reacondicionamiento de armaduras expuestas con material epoxi.<\/li>\n<li>Colocaci\u00f3n de fibras de carbono<\/li>\n<li>Bacheo de carpetas defectuosas.<\/li>\n<li>Proyecto de refuerzos estructurales<\/li>\n<\/ul>\n<p>[\/vc_column_text][\/vc_column][vc_column width=&#8221;1\/3&#8243;][vc_single_image image=&#8221;8887&#8243; img_size=&#8221;large&#8221;][vc_column_text]<\/p>\n<h4>OTROS SERVICIOS<\/h4>\n<p>[\/vc_column_text][vc_column_text]<\/p>\n<ul>\n<li class=\"dearrollonota\">Construcci\u00f3n de pisos epoxi y poliuretanicos.<\/li>\n<li class=\"dearrollonota\">Pisos industriales y tomado de juntas de dilataci\u00f3n.<\/li>\n<li class=\"dearrollonota\">Aplicaci\u00f3n de revestimientos pl\u00e1sticos texturado.<\/li>\n<li class=\"dearrollonota\">Informe diagnostico de las patolog\u00edas del edificio.<\/li>\n<li class=\"dearrollonota\">Capacitaci\u00f3n en la aplicaci\u00f3n de productos.<\/li>\n<li class=\"dearrollonota\">Informe t\u00e9cnico.<\/li>\n<li class=\"dearrollonota\">Pericias.<\/li>\n<\/ul>\n<p>[\/vc_column_text][\/vc_column][\/vc_row][vc_row][vc_column][vc_empty_space][\/vc_column][\/vc_row][vc_row][vc_column][vc_hoverbox image=&#8221;8915&#8243; primary_title=&#8221;Tecnourquiza&#8221; hover_title=&#8221;Contamos con personal capacitado para realizar los siguientes trabajos :&#8221; reverse=&#8221;true&#8221;]Sellado de carpinter\u00eda<br \/>\nSellado de juntas de dilataci\u00f3n.<br \/>\nImpermeabilizaci\u00f3n de terrazas y balcones.<br \/>\nSellado y reparaci\u00f3n de piletas de nataci\u00f3n y tanques de agua.<br \/>\nImpermeabilizaci\u00f3n de s\u00f3tanos y subsuelos.<br \/>\nHumedad ascendentes de cimientos.<br \/>\nTratamientos de fisuras.<br \/>\nImpermeabilizaci\u00f3n de edificios.<br \/>\nColocaci\u00f3n de membranas asf\u00e1ltica y de P.V.C.<br \/>\nReparaci\u00f3n cosm\u00e9tica del hormig\u00f3n y protecci\u00f3n anticorrosiva de armaduras.<br \/>\nReparaci\u00f3n de estructuras de hormig\u00f3n.Sellado de carpinter\u00eda<br \/>\nSellado de juntas de dilataci\u00f3n.<br \/>\nImpermeabilizaci\u00f3n de terrazas y balcones.<br \/>\nSellado y reparaci\u00f3n de piletas de nataci\u00f3n y tanques de agua.<br \/>\nImpermeabilizaci\u00f3n de s\u00f3tanos y subsuelos.<br \/>\nHumedad ascendentes de cimientos.<br \/>\nTratamientos de fisuras.<br \/>\nImpermeabilizaci\u00f3n de edificios.<br \/>\nColocaci\u00f3n de membranas asf\u00e1ltica y de P.V.C.<br \/>\nReparaci\u00f3n cosm\u00e9tica del hormig\u00f3n y protecci\u00f3n anticorrosiva de armaduras.<br \/>\nReparaci\u00f3n de estructuras de hormig\u00f3n.<br \/>\nRefuerzos estructurales. Fibras de carbono<br \/>\nRevestimientos y pisos industriales.<br \/>\nRefuerzos estructurales. Fibras de carbono<br \/>\nRevestimientos y pisos industriales.[\/vc_hoverbox][\/vc_column][\/vc_row]<\/p>\n","protected":false},"excerpt":{"rendered":"<p>[vc_row][vc_column width=&#8221;1\/3&#8243;][vc_single_image image=&#8221;8838&#8243; img_size=&#8221;large&#8221;][vc_column_text] Impermeabilizaci\u00f3n de terrazas [\/vc_column_text][vc_column_text] Colocaci\u00f3n de membranas asf\u00e1lticas \u2013con aluminio o geotextil- Colocaci\u00f3n de membranas con asfalto en caliente. Colocaci\u00f3n de membranas de PVC. Impermeabilizaci\u00f3n de terraza de baldosas rojas. Tomado de juntas de dilataci\u00f3n asf\u00e1lticas. Tomado de juntas de dilataci\u00f3n con poliuretano. Correcci\u00f3n de pendientes de escurrimiento. Demolici\u00f3n y construcci\u00f3n [&hellip;]<\/p>\n","protected":false},"author":1,"featured_media":0,"parent":0,"menu_order":0,"comment_status":"closed","ping_status":"closed","template":"","meta":{"footnotes":""},"class_list":["post-8836","page","type-page","status-publish","hentry"],"blocksy_meta":[],"yoast_head":"<!-- This site is optimized with the Yoast SEO plugin v27.2 - https:\/\/yoast.com\/product\/yoast-seo-wordpress\/ -->\n<title>Servicios - Tecnourquiza, productos SIKA Argentina<\/title>\n<meta name=\"robots\" content=\"index, follow, max-snippet:-1, max-image-preview:large, max-video-preview:-1\" \/>\n<link rel=\"canonical\" href=\"https:\/\/tecnourquiza.com.ar\/?page_id=8836\" \/>\n<meta property=\"og:locale\" content=\"es_ES\" \/>\n<meta property=\"og:type\" content=\"article\" \/>\n<meta property=\"og:title\" content=\"Servicios - Tecnourquiza, productos SIKA Argentina\" \/>\n<meta property=\"og:description\" content=\"[vc_row][vc_column width=&#8221;1\/3&#8243;][vc_single_image image=&#8221;8838&#8243; img_size=&#8221;large&#8221;][vc_column_text] Impermeabilizaci\u00f3n de terrazas [\/vc_column_text][vc_column_text] Colocaci\u00f3n de membranas asf\u00e1lticas \u2013con aluminio o geotextil- Colocaci\u00f3n de membranas con asfalto en caliente. Colocaci\u00f3n de membranas de PVC. Impermeabilizaci\u00f3n de terraza de baldosas rojas. Tomado de juntas de dilataci\u00f3n asf\u00e1lticas. Tomado de juntas de dilataci\u00f3n con poliuretano. Correcci\u00f3n de pendientes de escurrimiento. Demolici\u00f3n y construcci\u00f3n [&hellip;]\" \/>\n<meta property=\"og:url\" content=\"https:\/\/tecnourquiza.com.ar\/?page_id=8836\" \/>\n<meta property=\"og:site_name\" content=\"Tecnourquiza, productos SIKA Argentina\" \/>\n<meta property=\"article:modified_time\" content=\"2020-01-21T20:59:49+00:00\" \/>\n<meta name=\"twitter:card\" content=\"summary_large_image\" \/>\n<meta name=\"twitter:label1\" content=\"Tiempo de lectura\" \/>\n\t<meta name=\"twitter:data1\" content=\"3 minutos\" \/>\n<script type=\"application\/ld+json\" class=\"yoast-schema-graph\">{\"@context\":\"https:\/\/schema.org\",\"@graph\":[{\"@type\":\"WebPage\",\"@id\":\"https:\/\/tecnourquiza.com.ar\/?page_id=8836\",\"url\":\"https:\/\/tecnourquiza.com.ar\/?page_id=8836\",\"name\":\"Servicios - Tecnourquiza, productos SIKA Argentina\",\"isPartOf\":{\"@id\":\"https:\/\/tecnourquiza.com.ar\/#website\"},\"datePublished\":\"2020-01-20T15:55:49+00:00\",\"dateModified\":\"2020-01-21T20:59:49+00:00\",\"breadcrumb\":{\"@id\":\"https:\/\/tecnourquiza.com.ar\/?page_id=8836#breadcrumb\"},\"inLanguage\":\"es\",\"potentialAction\":[{\"@type\":\"ReadAction\",\"target\":[\"https:\/\/tecnourquiza.com.ar\/?page_id=8836\"]}]},{\"@type\":\"BreadcrumbList\",\"@id\":\"https:\/\/tecnourquiza.com.ar\/?page_id=8836#breadcrumb\",\"itemListElement\":[{\"@type\":\"ListItem\",\"position\":1,\"name\":\"Portada\",\"item\":\"https:\/\/tecnourquiza.com.ar\/\"},{\"@type\":\"ListItem\",\"position\":2,\"name\":\"Servicios\"}]},{\"@type\":\"WebSite\",\"@id\":\"https:\/\/tecnourquiza.com.ar\/#website\",\"url\":\"https:\/\/tecnourquiza.com.ar\/\",\"name\":\"Tecnourquiza, productos SIKA Argentina\",\"description\":\"Comercializamos productos de la marca Sika Argentina\",\"publisher\":{\"@id\":\"https:\/\/tecnourquiza.com.ar\/#organization\"},\"potentialAction\":[{\"@type\":\"SearchAction\",\"target\":{\"@type\":\"EntryPoint\",\"urlTemplate\":\"https:\/\/tecnourquiza.com.ar\/?s={search_term_string}\"},\"query-input\":{\"@type\":\"PropertyValueSpecification\",\"valueRequired\":true,\"valueName\":\"search_term_string\"}}],\"inLanguage\":\"es\"},{\"@type\":\"Organization\",\"@id\":\"https:\/\/tecnourquiza.com.ar\/#organization\",\"name\":\"Tecnourquiza, productos SIKA Argentina\",\"url\":\"https:\/\/tecnourquiza.com.ar\/\",\"logo\":{\"@type\":\"ImageObject\",\"inLanguage\":\"es\",\"@id\":\"https:\/\/tecnourquiza.com.ar\/#\/schema\/logo\/image\/\",\"url\":\"https:\/\/tecnourquiza.com.ar\/wp-content\/uploads\/2025\/05\/logo-tecnourquiza-transparente.png\",\"contentUrl\":\"https:\/\/tecnourquiza.com.ar\/wp-content\/uploads\/2025\/05\/logo-tecnourquiza-transparente.png\",\"width\":360,\"height\":74,\"caption\":\"Tecnourquiza, productos SIKA Argentina\"},\"image\":{\"@id\":\"https:\/\/tecnourquiza.com.ar\/#\/schema\/logo\/image\/\"}}]}<\/script>\n<!-- \/ Yoast SEO plugin. -->","yoast_head_json":{"title":"Servicios - Tecnourquiza, productos SIKA Argentina","robots":{"index":"index","follow":"follow","max-snippet":"max-snippet:-1","max-image-preview":"max-image-preview:large","max-video-preview":"max-video-preview:-1"},"canonical":"https:\/\/tecnourquiza.com.ar\/?page_id=8836","og_locale":"es_ES","og_type":"article","og_title":"Servicios - Tecnourquiza, productos SIKA Argentina","og_description":"[vc_row][vc_column width=&#8221;1\/3&#8243;][vc_single_image image=&#8221;8838&#8243; img_size=&#8221;large&#8221;][vc_column_text] Impermeabilizaci\u00f3n de terrazas [\/vc_column_text][vc_column_text] Colocaci\u00f3n de membranas asf\u00e1lticas \u2013con aluminio o geotextil- Colocaci\u00f3n de membranas con asfalto en caliente. Colocaci\u00f3n de membranas de PVC. Impermeabilizaci\u00f3n de terraza de baldosas rojas. Tomado de juntas de dilataci\u00f3n asf\u00e1lticas. Tomado de juntas de dilataci\u00f3n con poliuretano. Correcci\u00f3n de pendientes de escurrimiento. Demolici\u00f3n y construcci\u00f3n [&hellip;]","og_url":"https:\/\/tecnourquiza.com.ar\/?page_id=8836","og_site_name":"Tecnourquiza, productos SIKA Argentina","article_modified_time":"2020-01-21T20:59:49+00:00","twitter_card":"summary_large_image","twitter_misc":{"Tiempo de lectura":"3 minutos"},"schema":{"@context":"https:\/\/schema.org","@graph":[{"@type":"WebPage","@id":"https:\/\/tecnourquiza.com.ar\/?page_id=8836","url":"https:\/\/tecnourquiza.com.ar\/?page_id=8836","name":"Servicios - Tecnourquiza, productos SIKA Argentina","isPartOf":{"@id":"https:\/\/tecnourquiza.com.ar\/#website"},"datePublished":"2020-01-20T15:55:49+00:00","dateModified":"2020-01-21T20:59:49+00:00","breadcrumb":{"@id":"https:\/\/tecnourquiza.com.ar\/?page_id=8836#breadcrumb"},"inLanguage":"es","potentialAction":[{"@type":"ReadAction","target":["https:\/\/tecnourquiza.com.ar\/?page_id=8836"]}]},{"@type":"BreadcrumbList","@id":"https:\/\/tecnourquiza.com.ar\/?page_id=8836#breadcrumb","itemListElement":[{"@type":"ListItem","position":1,"name":"Portada","item":"https:\/\/tecnourquiza.com.ar\/"},{"@type":"ListItem","position":2,"name":"Servicios"}]},{"@type":"WebSite","@id":"https:\/\/tecnourquiza.com.ar\/#website","url":"https:\/\/tecnourquiza.com.ar\/","name":"Tecnourquiza, productos SIKA Argentina","description":"Comercializamos productos de la marca Sika Argentina","publisher":{"@id":"https:\/\/tecnourquiza.com.ar\/#organization"},"potentialAction":[{"@type":"SearchAction","target":{"@type":"EntryPoint","urlTemplate":"https:\/\/tecnourquiza.com.ar\/?s={search_term_string}"},"query-input":{"@type":"PropertyValueSpecification","valueRequired":true,"valueName":"search_term_string"}}],"inLanguage":"es"},{"@type":"Organization","@id":"https:\/\/tecnourquiza.com.ar\/#organization","name":"Tecnourquiza, productos SIKA Argentina","url":"https:\/\/tecnourquiza.com.ar\/","logo":{"@type":"ImageObject","inLanguage":"es","@id":"https:\/\/tecnourquiza.com.ar\/#\/schema\/logo\/image\/","url":"https:\/\/tecnourquiza.com.ar\/wp-content\/uploads\/2025\/05\/logo-tecnourquiza-transparente.png","contentUrl":"https:\/\/tecnourquiza.com.ar\/wp-content\/uploads\/2025\/05\/logo-tecnourquiza-transparente.png","width":360,"height":74,"caption":"Tecnourquiza, productos SIKA Argentina"},"image":{"@id":"https:\/\/tecnourquiza.com.ar\/#\/schema\/logo\/image\/"}}]}},"zion_builder_status":false,"_links":{"self":[{"href":"https:\/\/tecnourquiza.com.ar\/index.php?rest_route=\/wp\/v2\/pages\/8836","targetHints":{"allow":["GET"]}}],"collection":[{"href":"https:\/\/tecnourquiza.com.ar\/index.php?rest_route=\/wp\/v2\/pages"}],"about":[{"href":"https:\/\/tecnourquiza.com.ar\/index.php?rest_route=\/wp\/v2\/types\/page"}],"author":[{"embeddable":true,"href":"https:\/\/tecnourquiza.com.ar\/index.php?rest_route=\/wp\/v2\/users\/1"}],"replies":[{"embeddable":true,"href":"https:\/\/tecnourquiza.com.ar\/index.php?rest_route=%2Fwp%2Fv2%2Fcomments&post=8836"}],"version-history":[{"count":38,"href":"https:\/\/tecnourquiza.com.ar\/index.php?rest_route=\/wp\/v2\/pages\/8836\/revisions"}],"predecessor-version":[{"id":8916,"href":"https:\/\/tecnourquiza.com.ar\/index.php?rest_route=\/wp\/v2\/pages\/8836\/revisions\/8916"}],"wp:attachment":[{"href":"https:\/\/tecnourquiza.com.ar\/index.php?rest_route=%2Fwp%2Fv2%2Fmedia&parent=8836"}],"curies":[{"name":"wp","href":"https:\/\/api.w.org\/{rel}","templated":true}]}}