{"id":531,"date":"2016-06-15T00:24:04","date_gmt":"2016-06-15T00:24:04","guid":{"rendered":"http:\/\/demo.thembay.com\/megabuy2\/?page_id=531"},"modified":"2020-01-28T15:01:10","modified_gmt":"2020-01-28T15:01:10","slug":"about-us","status":"publish","type":"page","link":"https:\/\/tecnourquiza.com.ar\/?page_id=531","title":{"rendered":"Sobre Nosotros"},"content":{"rendered":"<p>[vc_row full_width=&#8221;stretch_row&#8221; css=&#8221;.vc_custom_1580223669516{padding-top: 375px !important;background-image: url(http:\/\/tecnourquiza.com.ar\/wp-content\/uploads\/2020\/01\/fondo_servicios2.jpg?id=9112) !important;}&#8221; el_class=&#8221;content-about&#8221;][vc_column][vc_row_inner][vc_column_inner css=&#8221;.vc_custom_1552883228263{padding-top: 50px !important;padding-right: 85px !important;padding-left: 85px !important;background-color: #ffffff !important;}&#8221;][vc_column_text]<\/p>\n<h2 class=\"title-about\">Sobre Tecnourquiza<\/h2>\n<h3><strong>SIKA TECNO urquiza comercializa productos de la marca Sika Argentina SAIC.<\/strong><\/h3>\n<p>&nbsp;<\/p>\n<blockquote><p>Una empresa con trayectoria que a la\u00a0 vez brinda soluciones integrales a profesionales, empresas, consorcios y particulares; abarcando\u00a0 las etapas de an\u00e1lisis patol\u00f3gico, diagn\u00f3stico y emisi\u00f3n de presupuesto competitivo. Contamos con\u00a0 la mejor tecnolog\u00eda en equipos y herramientas para los servicios y aplicaci\u00f3n de productos, con personal propio de arquitectos, ingenieros\u00a0y mano de obra calificada\u00a0 altamente capacitada que cumple con las normas vigentes, hace que nuestra empresa sea l\u00edder en el mercado de\u00a0 servicios para la construcci\u00f3n.Contamos en nuestro local con showroom tem\u00e1tico,\u00a0 taller de ensayos de materiales, y dep\u00f3sito de equipos y herramientas. Ofrecemos la mejor atenci\u00f3n con el asesoramiento profesional correspondiente, disponemos de un amplio stock en toda la l\u00ednea de productos.<\/p><\/blockquote>\n<p>[\/vc_column_text][vc_empty_space][\/vc_column_inner][\/vc_row_inner][vc_row_inner css=&#8221;.vc_custom_1551840342975{padding-bottom: 70px !important;}&#8221;][vc_column_inner width=&#8221;1\/12&#8243;][\/vc_column_inner][vc_column_inner width=&#8221;5\/6&#8243;][vc_message icon_fontawesome=&#8221;fas fa-check-circle&#8221;]Emitimos garant\u00eda escrita de los trabajos realizados.[\/vc_message][\/vc_column_inner][vc_column_inner width=&#8221;1\/12&#8243;][\/vc_column_inner][\/vc_row_inner][\/vc_column][\/vc_row]<\/p>\n","protected":false},"excerpt":{"rendered":"<p>[vc_row full_width=&#8221;stretch_row&#8221; css=&#8221;.vc_custom_1580223669516{padding-top: 375px !important;background-image: url(http:\/\/tecnourquiza.com.ar\/wp-content\/uploads\/2020\/01\/fondo_servicios2.jpg?id=9112) !important;}&#8221; el_class=&#8221;content-about&#8221;][vc_column][vc_row_inner][vc_column_inner css=&#8221;.vc_custom_1552883228263{padding-top: 50px !important;padding-right: 85px !important;padding-left: 85px !important;background-color: #ffffff !important;}&#8221;][vc_column_text] Sobre Tecnourquiza SIKA TECNO urquiza comercializa productos de la marca Sika Argentina SAIC. &nbsp; Una empresa con trayectoria que a la\u00a0 vez brinda soluciones integrales a profesionales, empresas, consorcios y particulares; abarcando\u00a0 las etapas de an\u00e1lisis patol\u00f3gico, diagn\u00f3stico [&hellip;]<\/p>\n","protected":false},"author":1,"featured_media":0,"parent":0,"menu_order":0,"comment_status":"closed","ping_status":"closed","template":"","meta":{"footnotes":""},"class_list":["post-531","page","type-page","status-publish","hentry"],"blocksy_meta":[],"yoast_head":"<!-- This site is optimized with the Yoast SEO plugin v27.2 - https:\/\/yoast.com\/product\/yoast-seo-wordpress\/ -->\n<title>Sobre Nosotros - Tecnourquiza, productos SIKA Argentina<\/title>\n<meta name=\"robots\" content=\"index, follow, max-snippet:-1, max-image-preview:large, max-video-preview:-1\" \/>\n<link rel=\"canonical\" href=\"https:\/\/tecnourquiza.com.ar\/?page_id=531\" \/>\n<meta property=\"og:locale\" content=\"es_ES\" \/>\n<meta property=\"og:type\" content=\"article\" \/>\n<meta property=\"og:title\" content=\"Sobre Nosotros - Tecnourquiza, productos SIKA Argentina\" \/>\n<meta property=\"og:description\" content=\"[vc_row full_width=&#8221;stretch_row&#8221; css=&#8221;.vc_custom_1580223669516{padding-top: 375px !important;background-image: url(http:\/\/tecnourquiza.com.ar\/wp-content\/uploads\/2020\/01\/fondo_servicios2.jpg?id=9112) !important;}&#8221; el_class=&#8221;content-about&#8221;][vc_column][vc_row_inner][vc_column_inner css=&#8221;.vc_custom_1552883228263{padding-top: 50px !important;padding-right: 85px !important;padding-left: 85px !important;background-color: #ffffff !important;}&#8221;][vc_column_text] Sobre Tecnourquiza SIKA TECNO urquiza comercializa productos de la marca Sika Argentina SAIC. &nbsp; Una empresa con trayectoria que a la\u00a0 vez brinda soluciones integrales a profesionales, empresas, consorcios y particulares; abarcando\u00a0 las etapas de an\u00e1lisis patol\u00f3gico, diagn\u00f3stico [&hellip;]\" \/>\n<meta property=\"og:url\" content=\"https:\/\/tecnourquiza.com.ar\/?page_id=531\" \/>\n<meta property=\"og:site_name\" content=\"Tecnourquiza, productos SIKA Argentina\" \/>\n<meta property=\"article:modified_time\" content=\"2020-01-28T15:01:10+00:00\" \/>\n<meta name=\"twitter:card\" content=\"summary_large_image\" \/>\n<meta name=\"twitter:label1\" content=\"Tiempo de lectura\" \/>\n\t<meta name=\"twitter:data1\" content=\"1 minuto\" \/>\n<script type=\"application\/ld+json\" class=\"yoast-schema-graph\">{\"@context\":\"https:\/\/schema.org\",\"@graph\":[{\"@type\":\"WebPage\",\"@id\":\"https:\/\/tecnourquiza.com.ar\/?page_id=531\",\"url\":\"https:\/\/tecnourquiza.com.ar\/?page_id=531\",\"name\":\"Sobre Nosotros - Tecnourquiza, productos SIKA Argentina\",\"isPartOf\":{\"@id\":\"https:\/\/tecnourquiza.com.ar\/#website\"},\"datePublished\":\"2016-06-15T00:24:04+00:00\",\"dateModified\":\"2020-01-28T15:01:10+00:00\",\"breadcrumb\":{\"@id\":\"https:\/\/tecnourquiza.com.ar\/?page_id=531#breadcrumb\"},\"inLanguage\":\"es\",\"potentialAction\":[{\"@type\":\"ReadAction\",\"target\":[\"https:\/\/tecnourquiza.com.ar\/?page_id=531\"]}]},{\"@type\":\"BreadcrumbList\",\"@id\":\"https:\/\/tecnourquiza.com.ar\/?page_id=531#breadcrumb\",\"itemListElement\":[{\"@type\":\"ListItem\",\"position\":1,\"name\":\"Portada\",\"item\":\"https:\/\/tecnourquiza.com.ar\/\"},{\"@type\":\"ListItem\",\"position\":2,\"name\":\"Sobre Nosotros\"}]},{\"@type\":\"WebSite\",\"@id\":\"https:\/\/tecnourquiza.com.ar\/#website\",\"url\":\"https:\/\/tecnourquiza.com.ar\/\",\"name\":\"Tecnourquiza, productos SIKA Argentina\",\"description\":\"Comercializamos productos de la marca Sika Argentina\",\"publisher\":{\"@id\":\"https:\/\/tecnourquiza.com.ar\/#organization\"},\"potentialAction\":[{\"@type\":\"SearchAction\",\"target\":{\"@type\":\"EntryPoint\",\"urlTemplate\":\"https:\/\/tecnourquiza.com.ar\/?s={search_term_string}\"},\"query-input\":{\"@type\":\"PropertyValueSpecification\",\"valueRequired\":true,\"valueName\":\"search_term_string\"}}],\"inLanguage\":\"es\"},{\"@type\":\"Organization\",\"@id\":\"https:\/\/tecnourquiza.com.ar\/#organization\",\"name\":\"Tecnourquiza, productos SIKA Argentina\",\"url\":\"https:\/\/tecnourquiza.com.ar\/\",\"logo\":{\"@type\":\"ImageObject\",\"inLanguage\":\"es\",\"@id\":\"https:\/\/tecnourquiza.com.ar\/#\/schema\/logo\/image\/\",\"url\":\"https:\/\/tecnourquiza.com.ar\/wp-content\/uploads\/2025\/05\/logo-tecnourquiza-transparente.png\",\"contentUrl\":\"https:\/\/tecnourquiza.com.ar\/wp-content\/uploads\/2025\/05\/logo-tecnourquiza-transparente.png\",\"width\":360,\"height\":74,\"caption\":\"Tecnourquiza, productos SIKA Argentina\"},\"image\":{\"@id\":\"https:\/\/tecnourquiza.com.ar\/#\/schema\/logo\/image\/\"}}]}<\/script>\n<!-- \/ Yoast SEO plugin. -->","yoast_head_json":{"title":"Sobre Nosotros - Tecnourquiza, productos SIKA Argentina","robots":{"index":"index","follow":"follow","max-snippet":"max-snippet:-1","max-image-preview":"max-image-preview:large","max-video-preview":"max-video-preview:-1"},"canonical":"https:\/\/tecnourquiza.com.ar\/?page_id=531","og_locale":"es_ES","og_type":"article","og_title":"Sobre Nosotros - Tecnourquiza, productos SIKA Argentina","og_description":"[vc_row full_width=&#8221;stretch_row&#8221; css=&#8221;.vc_custom_1580223669516{padding-top: 375px !important;background-image: url(http:\/\/tecnourquiza.com.ar\/wp-content\/uploads\/2020\/01\/fondo_servicios2.jpg?id=9112) !important;}&#8221; el_class=&#8221;content-about&#8221;][vc_column][vc_row_inner][vc_column_inner css=&#8221;.vc_custom_1552883228263{padding-top: 50px !important;padding-right: 85px !important;padding-left: 85px !important;background-color: #ffffff !important;}&#8221;][vc_column_text] Sobre Tecnourquiza SIKA TECNO urquiza comercializa productos de la marca Sika Argentina SAIC. &nbsp; Una empresa con trayectoria que a la\u00a0 vez brinda soluciones integrales a profesionales, empresas, consorcios y particulares; abarcando\u00a0 las etapas de an\u00e1lisis patol\u00f3gico, diagn\u00f3stico [&hellip;]","og_url":"https:\/\/tecnourquiza.com.ar\/?page_id=531","og_site_name":"Tecnourquiza, productos SIKA Argentina","article_modified_time":"2020-01-28T15:01:10+00:00","twitter_card":"summary_large_image","twitter_misc":{"Tiempo de lectura":"1 minuto"},"schema":{"@context":"https:\/\/schema.org","@graph":[{"@type":"WebPage","@id":"https:\/\/tecnourquiza.com.ar\/?page_id=531","url":"https:\/\/tecnourquiza.com.ar\/?page_id=531","name":"Sobre Nosotros - Tecnourquiza, productos SIKA Argentina","isPartOf":{"@id":"https:\/\/tecnourquiza.com.ar\/#website"},"datePublished":"2016-06-15T00:24:04+00:00","dateModified":"2020-01-28T15:01:10+00:00","breadcrumb":{"@id":"https:\/\/tecnourquiza.com.ar\/?page_id=531#breadcrumb"},"inLanguage":"es","potentialAction":[{"@type":"ReadAction","target":["https:\/\/tecnourquiza.com.ar\/?page_id=531"]}]},{"@type":"BreadcrumbList","@id":"https:\/\/tecnourquiza.com.ar\/?page_id=531#breadcrumb","itemListElement":[{"@type":"ListItem","position":1,"name":"Portada","item":"https:\/\/tecnourquiza.com.ar\/"},{"@type":"ListItem","position":2,"name":"Sobre Nosotros"}]},{"@type":"WebSite","@id":"https:\/\/tecnourquiza.com.ar\/#website","url":"https:\/\/tecnourquiza.com.ar\/","name":"Tecnourquiza, productos SIKA Argentina","description":"Comercializamos productos de la marca Sika Argentina","publisher":{"@id":"https:\/\/tecnourquiza.com.ar\/#organization"},"potentialAction":[{"@type":"SearchAction","target":{"@type":"EntryPoint","urlTemplate":"https:\/\/tecnourquiza.com.ar\/?s={search_term_string}"},"query-input":{"@type":"PropertyValueSpecification","valueRequired":true,"valueName":"search_term_string"}}],"inLanguage":"es"},{"@type":"Organization","@id":"https:\/\/tecnourquiza.com.ar\/#organization","name":"Tecnourquiza, productos SIKA Argentina","url":"https:\/\/tecnourquiza.com.ar\/","logo":{"@type":"ImageObject","inLanguage":"es","@id":"https:\/\/tecnourquiza.com.ar\/#\/schema\/logo\/image\/","url":"https:\/\/tecnourquiza.com.ar\/wp-content\/uploads\/2025\/05\/logo-tecnourquiza-transparente.png","contentUrl":"https:\/\/tecnourquiza.com.ar\/wp-content\/uploads\/2025\/05\/logo-tecnourquiza-transparente.png","width":360,"height":74,"caption":"Tecnourquiza, productos SIKA Argentina"},"image":{"@id":"https:\/\/tecnourquiza.com.ar\/#\/schema\/logo\/image\/"}}]}},"zion_builder_status":false,"_links":{"self":[{"href":"https:\/\/tecnourquiza.com.ar\/index.php?rest_route=\/wp\/v2\/pages\/531","targetHints":{"allow":["GET"]}}],"collection":[{"href":"https:\/\/tecnourquiza.com.ar\/index.php?rest_route=\/wp\/v2\/pages"}],"about":[{"href":"https:\/\/tecnourquiza.com.ar\/index.php?rest_route=\/wp\/v2\/types\/page"}],"author":[{"embeddable":true,"href":"https:\/\/tecnourquiza.com.ar\/index.php?rest_route=\/wp\/v2\/users\/1"}],"replies":[{"embeddable":true,"href":"https:\/\/tecnourquiza.com.ar\/index.php?rest_route=%2Fwp%2Fv2%2Fcomments&post=531"}],"version-history":[{"count":10,"href":"https:\/\/tecnourquiza.com.ar\/index.php?rest_route=\/wp\/v2\/pages\/531\/revisions"}],"predecessor-version":[{"id":9113,"href":"https:\/\/tecnourquiza.com.ar\/index.php?rest_route=\/wp\/v2\/pages\/531\/revisions\/9113"}],"wp:attachment":[{"href":"https:\/\/tecnourquiza.com.ar\/index.php?rest_route=%2Fwp%2Fv2%2Fmedia&parent=531"}],"curies":[{"name":"wp","href":"https:\/\/api.w.org\/{rel}","templated":true}]}}